{"id":161372,"date":"2026-01-07T15:44:01","date_gmt":"2026-01-07T14:44:01","guid":{"rendered":"https:\/\/secureus.se\/?post_type=product&#038;p=161372"},"modified":"2026-03-16T16:57:50","modified_gmt":"2026-03-16T15:57:50","slug":"stromadapter-12v-2a-5m-svart","status":"publish","type":"product","link":"https:\/\/secureus.se\/fi\/stromadapter-12v-2a-5m-svart\/","title":{"rendered":"Virtasovitin 12V 2A \u2013 5m kaapeli \u2013 musta"},"content":{"rendered":"<h3 data-start=\"581\" data-end=\"638\">Vakaa 12 V:n virtal\u00e4hde turva-asennuksiin<\/h3>\n<p data-start=\"639\" data-end=\"850\">T\u00e4m\u00e4 virtal\u00e4hde sy\u00f6tt\u00e4\u00e4 12 V tasavirtaa 2 A:n virralla ja on tarkoitettu h\u00e4lytyslaitteiden ja muiden pieni- tai keskitehoisten laitteiden jatkuvaan virransy\u00f6tt\u00f6\u00f6n. Pitk\u00e4 5 metrin kaapeli tarjoaa joustavan sijoittelun asennuksen aikana.<\/p>\n<h3 data-start=\"852\" data-end=\"866\">Edut<\/h3>\n<ul data-start=\"867\" data-end=\"1045\">\n<li data-start=\"867\" data-end=\"907\">\n<p data-start=\"869\" data-end=\"907\">Vakaa 12 V DC -l\u00e4ht\u00f6 turvalliseen k\u00e4ytt\u00f6\u00f6n<\/p>\n<\/li>\n<li data-start=\"908\" data-end=\"948\">\n<p data-start=\"910\" data-end=\"948\">5 metrin kaapeli joustavaa asennusta varten<\/p>\n<\/li>\n<li data-start=\"949\" data-end=\"993\">\n<p data-start=\"951\" data-end=\"993\">Valmis DC-pistoke \u2013 ei muokkausta tarvita<\/p>\n<\/li>\n<li data-start=\"994\" data-end=\"1045\">\n<p data-start=\"996\" data-end=\"1045\">EU-pistoke suoraan pistorasiaan kytkemist\u00e4 varten<\/p>\n<\/li>\n<\/ul>\n<h3 data-start=\"1047\" data-end=\"1071\">K\u00e4ytt\u00f6alueet<\/h3>\n<p data-start=\"1072\" data-end=\"1193\">Virtasovitinta k\u00e4ytet\u00e4\u00e4n ensisijaisesti h\u00e4lytyskomponenttien ja -lis\u00e4varusteiden, kuten 12 V tasavirtaa vaativien laitteiden, kuten n\u00e4pp\u00e4imist\u00f6jen ja ohjausmoduulien, kanssa.<\/p>\n<h3 data-start=\"1195\" data-end=\"1215\">Yhteensopivuus<\/h3>\n<ul data-start=\"1216\" data-end=\"1274\">\n<li data-start=\"1216\" data-end=\"1248\">\n<p data-start=\"1218\" data-end=\"1248\">12 V tasavirtaa vaativat laitteet<\/p>\n<\/li>\n<li data-start=\"1249\" data-end=\"1274\">\n<p data-start=\"1251\" data-end=\"1274\">DC-pistoke 5,5 \u00d7 2,1 mm<\/p>\n<\/li>\n<\/ul>\n<hr data-start=\"1276\" data-end=\"1279\" \/>\n<p data-start=\"1281\" data-end=\"1312\"><strong data-start=\"1281\" data-end=\"1310\">TEKNISET TIEDOT:<\/strong><\/p>\n<ul data-start=\"1313\" data-end=\"1583\">\n<li data-start=\"1313\" data-end=\"1353\">\n<p data-start=\"1315\" data-end=\"1353\">Tuloj\u00e4nnite: AC 100\u2013240 V, 0,8 A<\/p>\n<\/li>\n<li data-start=\"1354\" data-end=\"1376\">\n<p data-start=\"1356\" data-end=\"1376\">Taajuus: 50\/60 Hz<\/p>\n<\/li>\n<li data-start=\"1377\" data-end=\"1405\">\n<p data-start=\"1379\" data-end=\"1405\">L\u00e4ht\u00f6j\u00e4nnite: DC 12 V<\/p>\n<\/li>\n<li data-start=\"1406\" data-end=\"1437\">\n<p data-start=\"1408\" data-end=\"1437\">L\u00e4ht\u00f6virta: 2 A (2000 mA)<\/p>\n<\/li>\n<li data-start=\"1438\" data-end=\"1454\">\n<p data-start=\"1440\" data-end=\"1454\">Teho: 24W<\/p>\n<\/li>\n<li data-start=\"1455\" data-end=\"1478\">\n<p data-start=\"1457\" data-end=\"1478\">Yhteyshenkil\u00f6: EU-yhteyshenkil\u00f6<\/p>\n<\/li>\n<li data-start=\"1479\" data-end=\"1524\">\n<p data-start=\"1481\" data-end=\"1524\">DC-pistoke: 5,5 \u00d7 2,1 mm, pituus 10 mm, 180\u00b0<\/p>\n<\/li>\n<li data-start=\"1525\" data-end=\"1546\">\n<p data-start=\"1527\" data-end=\"1546\">Kaapelin pituus: 5,0 m<\/p>\n<\/li>\n<li data-start=\"1547\" data-end=\"1562\">\n<p data-start=\"1549\" data-end=\"1562\">V\u00e4ri: Musta<\/p>\n<\/li>\n<li data-start=\"1563\" data-end=\"1583\">\n<p data-start=\"1565\" data-end=\"1583\">Sertifiointi: CE<\/p>\n<\/li>\n<\/ul>","protected":false},"excerpt":{"rendered":"<p data-start=\"333\" data-end=\"549\">12 V:n virtal\u00e4hde 5 metrin kaapelilla vakaan virransy\u00f6t\u00f6n takaamiseksi. Sopii h\u00e4lyttimille, n\u00e4pp\u00e4imist\u00f6ille ja muille turvalaitteille, jotka vaativat 12 V tasavirtaa. Toimitetaan EU-pistokkeella ja esiasennetulla tasavirtapistokkeella.<\/p>","protected":false},"featured_media":161375,"template":"","meta":{"_acf_changed":false},"product_brand":[],"product_cat":[4959],"product_tag":[4863],"class_list":{"0":"post-161372","1":"product","2":"type-product","3":"status-publish","4":"has-post-thumbnail","6":"product_cat-stromforsorjning","7":"product_tag-pf","8":"product_shipping_class-postnord-varubrev","9":"pa_brands-stonehouse-security","10":"pa_farg-svart","11":"tm-no-options","13":"first","14":"instock","15":"taxable","16":"shipping-taxable","17":"purchasable","18":"product-type-simple"},"acf":[],"_links":{"self":[{"href":"https:\/\/secureus.se\/fi\/wp-json\/wp\/v2\/product\/161372","targetHints":{"allow":["GET"]}}],"collection":[{"href":"https:\/\/secureus.se\/fi\/wp-json\/wp\/v2\/product"}],"about":[{"href":"https:\/\/secureus.se\/fi\/wp-json\/wp\/v2\/types\/product"}],"wp:featuredmedia":[{"embeddable":true,"href":"https:\/\/secureus.se\/fi\/wp-json\/wp\/v2\/media\/161375"}],"wp:attachment":[{"href":"https:\/\/secureus.se\/fi\/wp-json\/wp\/v2\/media?parent=161372"}],"wp:term":[{"taxonomy":"product_brand","embeddable":true,"href":"https:\/\/secureus.se\/fi\/wp-json\/wp\/v2\/product_brand?post=161372"},{"taxonomy":"product_cat","embeddable":true,"href":"https:\/\/secureus.se\/fi\/wp-json\/wp\/v2\/product_cat?post=161372"},{"taxonomy":"product_tag","embeddable":true,"href":"https:\/\/secureus.se\/fi\/wp-json\/wp\/v2\/product_tag?post=161372"}],"curies":[{"name":"wp","href":"https:\/\/api.w.org\/{rel}","templated":true}]}}