{"id":161373,"date":"2026-01-07T15:44:02","date_gmt":"2026-01-07T14:44:02","guid":{"rendered":"https:\/\/secureus.se\/?post_type=product&#038;p=161373"},"modified":"2026-05-07T19:36:47","modified_gmt":"2026-05-07T17:36:47","slug":"stromadapter-12v-2a-5m-vit","status":"publish","type":"product","link":"https:\/\/secureus.se\/fi\/stromadapter-12v-2a-5m-vit\/","title":{"rendered":"Virtasovitin 12V 2A \u2013 AC\/DC-virtasovitin \u2013 5m kaapeli \u2013 Valkoinen"},"content":{"rendered":"<h3 data-start=\"2124\" data-end=\"2173\">Luotettava verkkolaite pitk\u00e4n kantaman virransy\u00f6tt\u00f6\u00f6n<\/h3>\n<p data-start=\"2174\" data-end=\"2366\">T\u00e4m\u00e4 12 V:n virtal\u00e4hde tarjoaa jopa 2 A ja on suunniteltu turvatuotteiden jatkuvaan k\u00e4ytt\u00f6\u00f6n. 5 metrin kaapelin ansiosta asennus on joustavaa, vaikka pistorasia olisi kauempana.<\/p>\n<h3 data-start=\"2368\" data-end=\"2382\">Edut<\/h3>\n<ul data-start=\"2383\" data-end=\"2530\">\n<li data-start=\"2383\" data-end=\"2406\">\n<p data-start=\"2385\" data-end=\"2406\">Vakaa 12 V tasavirta<\/p>\n<\/li>\n<li data-start=\"2407\" data-end=\"2448\">\n<p data-start=\"2409\" data-end=\"2448\">5 metrin kaapeli helppoa asennusta varten<\/p>\n<\/li>\n<li data-start=\"2449\" data-end=\"2476\">\n<p data-start=\"2451\" data-end=\"2476\">Esiasennettu tasavirtapistoke<\/p>\n<\/li>\n<li data-start=\"2477\" data-end=\"2530\">\n<p data-start=\"2479\" data-end=\"2530\">Sopii huomaamattomiin asennuksiin valkoisen v\u00e4rin ansiosta<\/p>\n<\/li>\n<\/ul>\n<h3 data-start=\"2532\" data-end=\"2556\">K\u00e4ytt\u00f6alueet<\/h3>\n<p data-start=\"2557\" data-end=\"2656\">K\u00e4ytet\u00e4\u00e4n h\u00e4lyttimille, n\u00e4pp\u00e4imist\u00f6ille ja muille turvalaitteille, jotka vaativat ulkoisen 12 V:n virtal\u00e4hteen.<\/p>\n<h3 data-start=\"2658\" data-end=\"2678\">Yhteensopivuus<\/h3>\n<ul data-start=\"2679\" data-end=\"2737\">\n<li data-start=\"2679\" data-end=\"2711\">\n<p data-start=\"2681\" data-end=\"2711\">Laitteet, joissa on 12 V DC -tulo<\/p>\n<\/li>\n<li data-start=\"2712\" data-end=\"2737\">\n<p data-start=\"2714\" data-end=\"2737\">DC-pistoke 5,5 \u00d7 2,1 mm<\/p>\n<\/li>\n<\/ul>\n<hr data-start=\"2739\" data-end=\"2742\" \/>\n<p data-start=\"2744\" data-end=\"2775\"><strong data-start=\"2744\" data-end=\"2773\">TEKNISET TIEDOT:<\/strong><\/p>\n<ul data-start=\"2776\" data-end=\"3044\">\n<li data-start=\"2776\" data-end=\"2816\">\n<p data-start=\"2778\" data-end=\"2816\">Tuloj\u00e4nnite: AC 100\u2013240 V, 0,8 A<\/p>\n<\/li>\n<li data-start=\"2817\" data-end=\"2839\">\n<p data-start=\"2819\" data-end=\"2839\">Taajuus: 50\/60 Hz<\/p>\n<\/li>\n<li data-start=\"2840\" data-end=\"2868\">\n<p data-start=\"2842\" data-end=\"2868\">L\u00e4ht\u00f6j\u00e4nnite: DC 12 V<\/p>\n<\/li>\n<li data-start=\"2869\" data-end=\"2900\">\n<p data-start=\"2871\" data-end=\"2900\">L\u00e4ht\u00f6virta: 2 A (2000 mA)<\/p>\n<\/li>\n<li data-start=\"2901\" data-end=\"2917\">\n<p data-start=\"2903\" data-end=\"2917\">Teho: 24W<\/p>\n<\/li>\n<li data-start=\"2918\" data-end=\"2941\">\n<p data-start=\"2920\" data-end=\"2941\">Yhteyshenkil\u00f6: EU-yhteyshenkil\u00f6<\/p>\n<\/li>\n<li data-start=\"2942\" data-end=\"2987\">\n<p data-start=\"2944\" data-end=\"2987\">DC-pistoke: 5,5 \u00d7 2,1 mm, pituus 10 mm, 180\u00b0<\/p>\n<\/li>\n<li data-start=\"2988\" data-end=\"3009\">\n<p data-start=\"2990\" data-end=\"3009\">Kaapelin pituus: 5,0 m<\/p>\n<\/li>\n<li data-start=\"3010\" data-end=\"3023\">\n<p data-start=\"3012\" data-end=\"3023\">V\u00e4ri: Valkoinen<\/p>\n<\/li>\n<li data-start=\"3024\" data-end=\"3044\">\n<p data-start=\"3026\" data-end=\"3044\">Sertifiointi: CE<\/p>\n<\/li>\n<\/ul>","protected":false},"excerpt":{"rendered":"<p>12 V:lle mukautettu virtasovitin 5 metrin kaapelilla vakaan ja turvallisen virransy\u00f6t\u00f6n takaamiseksi. Sopii h\u00e4lytys- ja turvalaitteille, jotka vaativat 12 V tasavirtaa. Mukana toimitetaan EU-pistoke ja tasavirtapistoke.<\/p>","protected":false},"featured_media":161374,"template":"","meta":{"_acf_changed":false},"product_brand":[],"product_cat":[4959],"product_tag":[4863],"class_list":{"0":"post-161373","1":"product","2":"type-product","3":"status-publish","4":"has-post-thumbnail","6":"product_cat-stromforsorjning","7":"product_tag-pf","8":"product_shipping_class-postnord-varubrev","9":"pa_brands-stonehouse-security","10":"pa_farg-vit","11":"tm-no-options","13":"first","14":"instock","15":"taxable","16":"shipping-taxable","17":"purchasable","18":"product-type-simple"},"acf":[],"_links":{"self":[{"href":"https:\/\/secureus.se\/fi\/wp-json\/wp\/v2\/product\/161373","targetHints":{"allow":["GET"]}}],"collection":[{"href":"https:\/\/secureus.se\/fi\/wp-json\/wp\/v2\/product"}],"about":[{"href":"https:\/\/secureus.se\/fi\/wp-json\/wp\/v2\/types\/product"}],"wp:featuredmedia":[{"embeddable":true,"href":"https:\/\/secureus.se\/fi\/wp-json\/wp\/v2\/media\/161374"}],"wp:attachment":[{"href":"https:\/\/secureus.se\/fi\/wp-json\/wp\/v2\/media?parent=161373"}],"wp:term":[{"taxonomy":"product_brand","embeddable":true,"href":"https:\/\/secureus.se\/fi\/wp-json\/wp\/v2\/product_brand?post=161373"},{"taxonomy":"product_cat","embeddable":true,"href":"https:\/\/secureus.se\/fi\/wp-json\/wp\/v2\/product_cat?post=161373"},{"taxonomy":"product_tag","embeddable":true,"href":"https:\/\/secureus.se\/fi\/wp-json\/wp\/v2\/product_tag?post=161373"}],"curies":[{"name":"wp","href":"https:\/\/api.w.org\/{rel}","templated":true}]}}