{"id":161491,"date":"2026-01-12T14:11:32","date_gmt":"2026-01-12T13:11:32","guid":{"rendered":"https:\/\/secureus.se\/safetron-ellas-sl620-rattvand-generations-2\/"},"modified":"2026-01-22T11:06:48","modified_gmt":"2026-01-22T10:06:48","slug":"safetron-ellas-sl620-rattvand-generations-2","status":"publish","type":"product","link":"https:\/\/secureus.se\/fi\/safetron-ellas-sl620-rattvand-generations-2\/","title":{"rendered":"Safetron s\u00e4hk\u00f6lukko SL620 oikeak\u00e4tinen (sukupolvet 2)"},"content":{"rendered":"<p>SAFETRON SL620 Generation 2 on uusi versio monitoimisista s\u00e4hk\u00f6k\u00e4ytt\u00f6isist\u00e4 painonappilukoista, joissa on jaettu toiminto ja patentoitu hybriditekniikka. Hybriditekniikan ansiosta lukitusnuppia voidaan s\u00e4\u00e4t\u00e4\u00e4 ASSA Connectin ja Classic-moduulin v\u00e4lill\u00e4. SL620:ssa on oikealle osoittava toiminto.<\/p>\n<p>Valitse split h\/w ja yksinkertainen toiminto lukon toimintovalitsimella. Split-toiminto tarkoittaa, ett\u00e4 ulkopuolinen paine on s\u00e4hk\u00f6isesti ohjattu, kun taas paine sis\u00e4puolella on aina mekaanisesti kytketty ja mahdollistaa siten aina mekaanisen poistumisen. Yksinkertainen k\u00e4ytt\u00f6 tarkoittaa, ett\u00e4 molemmat painallukset ovat lukittuja ja kulkua tarvitaan oven molemmilta puolilta.<\/p>\n<p>Ilmaisu annetaan lukituksesta, paineliikkeest\u00e4, oven tilasta magneettikoskettimen ja nupin n\u00e4yt\u00f6st\u00e4.<\/p>\n<p>\u2022 Jaettu tai yksi toiminto<\/p>\n<p>\u2022 Hybriditekniikka: S\u00e4\u00e4dett\u00e4v\u00e4 m\u00e4nn\u00e4n sijoitus ASSA connectin\/classicin v\u00e4lill\u00e4<\/p>\n<p>\u2022 Palohyv\u00e4ksytty: 120 min<\/p>\n<p>\u2022 Oikealle suunnattu toiminto<\/p>\n<p>\u2022 Merkkivalot: lukitus, paineliike, nupin ja oven tila<\/p>\n<p>\u2022 Monij\u00e4nnite: 10-30VDC<\/p>\n<p>\u2022 Virrankulutus: 40mA @ 24VDC<\/p>\n<p>\u2022 Hyv\u00e4ksytty h\u00e4t\u00e4evakuointi yhdess\u00e4 h\u00e4t\u00e4varusteiden 793 ja 794 kanssa<\/p>\n<p>\u2022 Hyv\u00e4ksytty kytkinlaitteen s\u00e4\u00e4nt\u00f6tyypin T kanssa<\/p>","protected":false},"excerpt":{"rendered":"<p>SAFETRON SL620 Gneration 2 \u00e4r den nya version av multifunktionella eltryckesl\u00e5s med split funktion och patenterad hybridteknologi. Hybridteknologin ger m\u00f6jlighet att justera kolvplacering mellan ASSA connect och classic modul. SL620<\/p>","protected":false},"featured_media":142864,"template":"","meta":{"_acf_changed":false},"product_brand":[],"product_cat":[2429],"product_tag":[2286,4510,4866,4511],"class_list":{"0":"post-161491","1":"product","2":"type-product","3":"status-publish","4":"has-post-thumbnail","6":"product_cat-ellas","7":"product_tag-ellas-eltryckeslas","8":"product_tag-rel-safetron-eltryckeslas","9":"product_tag-safetron-20","10":"product_tag-safetron-eltryckeslas","11":"product_shipping_class-tunga-paket","12":"pa_brands-7safetron","13":"tm-no-options","15":"first","16":"instock","17":"sale","18":"featured","19":"taxable","20":"shipping-taxable","21":"purchasable","22":"product-type-simple"},"acf":[],"_links":{"self":[{"href":"https:\/\/secureus.se\/fi\/wp-json\/wp\/v2\/product\/161491","targetHints":{"allow":["GET"]}}],"collection":[{"href":"https:\/\/secureus.se\/fi\/wp-json\/wp\/v2\/product"}],"about":[{"href":"https:\/\/secureus.se\/fi\/wp-json\/wp\/v2\/types\/product"}],"wp:featuredmedia":[{"embeddable":true,"href":"https:\/\/secureus.se\/fi\/wp-json\/wp\/v2\/media\/142864"}],"wp:attachment":[{"href":"https:\/\/secureus.se\/fi\/wp-json\/wp\/v2\/media?parent=161491"}],"wp:term":[{"taxonomy":"product_brand","embeddable":true,"href":"https:\/\/secureus.se\/fi\/wp-json\/wp\/v2\/product_brand?post=161491"},{"taxonomy":"product_cat","embeddable":true,"href":"https:\/\/secureus.se\/fi\/wp-json\/wp\/v2\/product_cat?post=161491"},{"taxonomy":"product_tag","embeddable":true,"href":"https:\/\/secureus.se\/fi\/wp-json\/wp\/v2\/product_tag?post=161491"}],"curies":[{"name":"wp","href":"https:\/\/api.w.org\/{rel}","templated":true}]}}