{"id":161791,"date":"2025-11-20T11:47:40","date_gmt":"2025-11-20T10:47:40","guid":{"rendered":"https:\/\/secureus.se\/fjarrindikator-for-sakerhetssystem-5-25-volt\/"},"modified":"2026-03-31T13:29:49","modified_gmt":"2026-03-31T11:29:49","slug":"fjarrindikator-for-sakerhetssystem-5-25-volt","status":"publish","type":"product","link":"https:\/\/secureus.se\/fi\/fjarrindikator-for-sakerhetssystem-5-25-volt\/","title":{"rendered":"Turvaj\u00e4rjestelmien et\u00e4indikaattori 5\u201325 volttia"},"content":{"rendered":"<h2 data-start=\"128\" data-end=\"176\">Kauko-ohjaimen merkkivalo TD-SL37 \u2013 LED-merkkivalo, valkoinen<\/h2>\n<p data-start=\"237\" data-end=\"473\">TD-SL37 on <strong data-start=\"251\" data-end=\"280\">et\u00e4indikaattori (LED\/diodi)<\/strong> joka antaa selke\u00e4n visuaalisen signaalin, kun liitetty h\u00e4lytystulo aktivoituu. Sit\u00e4 k\u00e4ytet\u00e4\u00e4n, kun haluat tapahtuman olevan selv\u00e4sti n\u00e4kyviss\u00e4 eri paikassa kuin miss\u00e4 itse anturi tai ohjauspaneeli sijaitsee.<\/p>\n<p data-start=\"475\" data-end=\"607\">Se on <strong data-start=\"482\" data-end=\"505\">ei sin\u00e4ns\u00e4 h\u00e4lytys<\/strong> ja <strong data-start=\"510\" data-end=\"528\">ei anturi<\/strong> \u2013 ilman yht\u00e4k\u00e4\u00e4n <strong data-start=\"539\" data-end=\"552\">ilmaisin<\/strong> joka n\u00e4ytt\u00e4\u00e4 sen laitoksen tilan, johon se on yhdistetty.<\/p>\n<hr data-start=\"609\" data-end=\"612\" \/>\n<h3 data-start=\"614\" data-end=\"649\">Sopii useisiin h\u00e4lytysj\u00e4rjestelmiin<\/h3>\n<p data-start=\"650\" data-end=\"740\">TD-SL37:\u00e4\u00e4 voidaan k\u00e4ytt\u00e4\u00e4 visuaalisena ilmaisimena useissa erityyppisiss\u00e4 asennuksissa, esimerkiksi:<\/p>\n<ul data-start=\"741\" data-end=\"1035\">\n<li data-start=\"741\" data-end=\"798\">\n<p data-start=\"743\" data-end=\"798\"><strong data-start=\"743\" data-end=\"756\">Paloh\u00e4lytys<\/strong> (ilmaisin paloilmaisimelta\/h\u00e4lytysvy\u00f6hykkeelt\u00e4)<\/p>\n<\/li>\n<li data-start=\"799\" data-end=\"871\">\n<p data-start=\"801\" data-end=\"871\"><strong data-start=\"801\" data-end=\"817\">Murtoh\u00e4lytin<\/strong> (h\u00e4lytysalueen, magneettikontaktin, PIR:n jne. ilmaisu)<\/p>\n<\/li>\n<li data-start=\"872\" data-end=\"963\">\n<p data-start=\"874\" data-end=\"963\"><strong data-start=\"874\" data-end=\"915\">Televiestint\u00e4-\/signaali- ja tekniset laitteet<\/strong> (tilan ilmaisin, h\u00e4lytysl\u00e4ht\u00f6, virheilmaisin)<\/p>\n<\/li>\n<li data-start=\"964\" data-end=\"1035\">\n<p data-start=\"966\" data-end=\"1035\"><strong data-start=\"966\" data-end=\"995\">Muut pienj\u00e4nnitej\u00e4rjestelm\u00e4t<\/strong> miss\u00e4 tarvitset selke\u00e4n LED-ilmaisun<\/p>\n<\/li>\n<\/ul>\n<hr data-start=\"1037\" data-end=\"1040\" \/>\n<h3 data-start=\"1042\" data-end=\"1067\">Edut ja ominaisuudet<\/h3>\n<ul data-start=\"1068\" data-end=\"1327\">\n<li data-start=\"1068\" data-end=\"1123\">\n<p data-start=\"1070\" data-end=\"1123\">Selke\u00e4 visuaalinen ilmaisin h\u00e4lytyksen tai aktivoinnin sattuessa<\/p>\n<\/li>\n<li data-start=\"1124\" data-end=\"1161\">\n<p data-start=\"1126\" data-end=\"1161\">Tehokas LED-valo takaa hyv\u00e4n n\u00e4kyvyyden<\/p>\n<\/li>\n<li data-start=\"1162\" data-end=\"1205\">\n<p data-start=\"1164\" data-end=\"1205\">Laaja j\u00e4nnitealue: <strong data-start=\"1187\" data-end=\"1203\">4,5\u201325,5 VDC<\/strong><\/p>\n<\/li>\n<li data-start=\"1206\" data-end=\"1243\">\n<p data-start=\"1208\" data-end=\"1243\">Pieni virrankulutus: <strong data-start=\"1230\" data-end=\"1241\">6\u201310 mA<\/strong><\/p>\n<\/li>\n<li data-start=\"1244\" data-end=\"1286\">\n<p data-start=\"1246\" data-end=\"1286\">Kest\u00e4v\u00e4 ABS-kotelo pitk\u00e4\u00e4 k\u00e4ytt\u00f6ik\u00e4\u00e4 varten<\/p>\n<\/li>\n<li data-start=\"1287\" data-end=\"1327\">\n<p data-start=\"1289\" data-end=\"1327\">Kompakti koko kiinte\u00e4\u00e4n asennukseen<\/p>\n<\/li>\n<\/ul>\n<hr data-start=\"1329\" data-end=\"1332\" \/>\n<h3 data-start=\"1334\" data-end=\"1359\">Tekniset tiedot<\/h3>\n<ul data-start=\"1360\" data-end=\"1590\">\n<li data-start=\"1360\" data-end=\"1383\">\n<p data-start=\"1362\" data-end=\"1383\"><strong data-start=\"1362\" data-end=\"1373\">Malli:<\/strong> TD-SL37<\/p>\n<\/li>\n<li data-start=\"1384\" data-end=\"1401\">\n<p data-start=\"1386\" data-end=\"1401\"><strong data-start=\"1386\" data-end=\"1395\">Maali:<\/strong> Valkoinen<\/p>\n<\/li>\n<li data-start=\"1402\" data-end=\"1432\">\n<p data-start=\"1404\" data-end=\"1432\"><strong data-start=\"1404\" data-end=\"1417\">J\u00e4nnite:<\/strong> 4,5\u201325,5 VDC<\/p>\n<\/li>\n<li data-start=\"1433\" data-end=\"1466\">\n<p data-start=\"1435\" data-end=\"1466\"><strong data-start=\"1435\" data-end=\"1456\">Virrankulutus:<\/strong> 6\u201310 mA<\/p>\n<\/li>\n<li data-start=\"1467\" data-end=\"1511\">\n<p data-start=\"1469\" data-end=\"1511\"><strong data-start=\"1469\" data-end=\"1490\">L\u00e4mp\u00f6tila-alue:<\/strong> \u221210 \u00b0C - +50 \u00b0C<\/p>\n<\/li>\n<li data-start=\"1512\" data-end=\"1541\">\n<p data-start=\"1514\" data-end=\"1541\"><strong data-start=\"1514\" data-end=\"1532\">Kosteus:<\/strong> 0\u201395 %<\/p>\n<\/li>\n<li data-start=\"1542\" data-end=\"1560\">\n<p data-start=\"1544\" data-end=\"1560\"><strong data-start=\"1544\" data-end=\"1553\">Paino:<\/strong> 50 g<\/p>\n<\/li>\n<li data-start=\"1561\" data-end=\"1590\">\n<p data-start=\"1563\" data-end=\"1590\"><strong data-start=\"1563\" data-end=\"1572\">Mitata:<\/strong> 86 \u00d7 86 \u00d7 33 mm<\/p>\n<\/li>\n<\/ul>\n<hr data-start=\"1592\" data-end=\"1595\" \/>\n<h3 data-start=\"1597\" data-end=\"1613\">Asennus<\/h3>\n<ul data-start=\"1614\" data-end=\"1670\">\n<li data-start=\"1614\" data-end=\"1641\">\n<p data-start=\"1616\" data-end=\"1641\"><strong data-start=\"1616\" data-end=\"1630\">Punainen kaapeli:<\/strong> Plus (+)<\/p>\n<\/li>\n<li data-start=\"1642\" data-end=\"1670\">\n<p data-start=\"1644\" data-end=\"1670\"><strong data-start=\"1644\" data-end=\"1660\">Musta kaapeli:<\/strong> Miinus (\u2212)<\/p>\n<\/li>\n<\/ul>","protected":false},"excerpt":{"rendered":"<p>TD-SL37-paloh\u00e4lyttimen et\u00e4ilmaisin on valkoinen ja luotettava merkkivalo, joka antaa selke\u00e4n visuaalisen merkin paloilmaisimistasi tai h\u00e4lytysyksik\u00f6ist\u00e4si.<\/p>\n<p>Energiatehokkaan LED-teknologian ja laajan j\u00e4nnitemuunnoksen (4,5\u201325,5 VDC) ansiosta se sopii t\u00e4ydellisesti ammattimaisiin paloturvallisuusj\u00e4rjestelmiin.<\/p>\n<p>Huomaamaton valkoinen v\u00e4ri ja helppo asennus tekev\u00e4t siit\u00e4 ihanteellisen valinnan kerrostaloihin, toimistoihin ja teollisuustiloihin.<\/p>","protected":false},"featured_media":161785,"template":"","meta":{"_acf_changed":false},"product_brand":[],"product_cat":[1562,5104],"product_tag":[2263],"class_list":{"0":"post-161791","1":"product","2":"type-product","3":"status-publish","4":"has-post-thumbnail","6":"product_cat-larmdon-blixtljus","7":"product_cat-indikering-summer","8":"product_tag-larmdon-blixtljus-rod","9":"product_shipping_class-postnord-varubrev","10":"pa_brands-stonehouse-security","11":"pa_farg-vit","12":"tm-no-options","14":"first","15":"instock","16":"sale","17":"featured","18":"taxable","19":"shipping-taxable","20":"purchasable","21":"product-type-simple"},"acf":[],"_links":{"self":[{"href":"https:\/\/secureus.se\/fi\/wp-json\/wp\/v2\/product\/161791","targetHints":{"allow":["GET"]}}],"collection":[{"href":"https:\/\/secureus.se\/fi\/wp-json\/wp\/v2\/product"}],"about":[{"href":"https:\/\/secureus.se\/fi\/wp-json\/wp\/v2\/types\/product"}],"wp:featuredmedia":[{"embeddable":true,"href":"https:\/\/secureus.se\/fi\/wp-json\/wp\/v2\/media\/161785"}],"wp:attachment":[{"href":"https:\/\/secureus.se\/fi\/wp-json\/wp\/v2\/media?parent=161791"}],"wp:term":[{"taxonomy":"product_brand","embeddable":true,"href":"https:\/\/secureus.se\/fi\/wp-json\/wp\/v2\/product_brand?post=161791"},{"taxonomy":"product_cat","embeddable":true,"href":"https:\/\/secureus.se\/fi\/wp-json\/wp\/v2\/product_cat?post=161791"},{"taxonomy":"product_tag","embeddable":true,"href":"https:\/\/secureus.se\/fi\/wp-json\/wp\/v2\/product_tag?post=161791"}],"curies":[{"name":"wp","href":"https:\/\/api.w.org\/{rel}","templated":true}]}}