{"id":161942,"date":"2026-02-02T13:33:10","date_gmt":"2026-02-02T12:33:10","guid":{"rendered":"https:\/\/secureus.se\/mifare-desfire-2k-ev3-kort-100-pack-13-56-mhz\/"},"modified":"2026-02-27T14:29:31","modified_gmt":"2026-02-27T13:29:31","slug":"mifare-desfire-2k-ev3-kort-100-pack-13-56-mhz","status":"publish","type":"product","link":"https:\/\/secureus.se\/fi\/mifare-desfire-2k-ev3-kort-100-pack-13-56-mhz\/","title":{"rendered":"Mifare DESFire 2K EV3 -kortti - 100 kpl, 13,56 MHz"},"content":{"rendered":"<p>Tyhj\u00e4t valkoiset 2K EV3 Mifare Desfire -kortit - 100 kpl pakkaus<\/p>\n<p>N\u00e4m\u00e4 MIFARE DESFire EV3 2K -kortit k\u00e4ytt\u00e4v\u00e4t NXP:n uusinta siruteknologiaa nopean, turvallisen ja luotettavan suorituskyvyn takaamiseksi. Kahden kilotavun muistin ansiosta ne voivat tukea useita sovelluksia yhdell\u00e4 kortilla. Ne toimivat 13,56 MHz:n taajuudella ja tarjoavat jopa 848 kbit\/s:n tiedonsiirtonopeuden, mik\u00e4 tekee niist\u00e4 ihanteellisia kulunvalvonta-, liikenne- ja muihin turvallisiin j\u00e4rjestelmiin.<\/p>\n<p>Myyd\u00e4\u00e4n 100 kappaleen pakkauksissa<br \/>\nVakiokokoinen CR80-luottokortti (86 mm x 54 mm)<br \/>\n2 kt:n muistikapasiteetti<br \/>\nIhanteellinen ratkaisu identiteetin, p\u00e4\u00e4synhallinnan ja mikromaksujen sovelluksiin<\/p>\n<p>Tuotteen paino:<br \/>\n0,60 kg<\/p>","protected":false},"excerpt":{"rendered":"<p>Tyhj\u00e4t valkoiset 2K EV3 Mifare Desfire -kortit - 100 kpl pakkaus<\/p>","protected":false},"featured_media":161941,"template":"","meta":{"_acf_changed":false},"product_brand":[],"product_cat":[4233],"product_tag":[],"class_list":{"0":"post-161942","1":"product","2":"type-product","3":"status-publish","4":"has-post-thumbnail","6":"product_cat-rfid-kort-desfire","7":"tm-no-options","9":"first","10":"instock","11":"sale","12":"taxable","13":"shipping-taxable","14":"purchasable","15":"product-type-simple"},"acf":[],"_links":{"self":[{"href":"https:\/\/secureus.se\/fi\/wp-json\/wp\/v2\/product\/161942","targetHints":{"allow":["GET"]}}],"collection":[{"href":"https:\/\/secureus.se\/fi\/wp-json\/wp\/v2\/product"}],"about":[{"href":"https:\/\/secureus.se\/fi\/wp-json\/wp\/v2\/types\/product"}],"wp:featuredmedia":[{"embeddable":true,"href":"https:\/\/secureus.se\/fi\/wp-json\/wp\/v2\/media\/161941"}],"wp:attachment":[{"href":"https:\/\/secureus.se\/fi\/wp-json\/wp\/v2\/media?parent=161942"}],"wp:term":[{"taxonomy":"product_brand","embeddable":true,"href":"https:\/\/secureus.se\/fi\/wp-json\/wp\/v2\/product_brand?post=161942"},{"taxonomy":"product_cat","embeddable":true,"href":"https:\/\/secureus.se\/fi\/wp-json\/wp\/v2\/product_cat?post=161942"},{"taxonomy":"product_tag","embeddable":true,"href":"https:\/\/secureus.se\/fi\/wp-json\/wp\/v2\/product_tag?post=161942"}],"curies":[{"name":"wp","href":"https:\/\/api.w.org\/{rel}","templated":true}]}}