{"id":161944,"date":"2022-04-29T14:31:00","date_gmt":"2022-04-29T12:31:00","guid":{"rendered":"https:\/\/secureus.se\/kombitagg-lika-chip-assa-pro\/"},"modified":"2026-03-27T15:20:09","modified_gmt":"2026-03-27T14:20:09","slug":"kombitagg-lika-chip-assa-pro","status":"publish","type":"product","link":"https:\/\/secureus.se\/fi\/kombitagg-lika-chip-assa-pro\/","title":{"rendered":"Yhdistelm\u00e4tunniste EM + Mifare1k\u00ae ASSA ARX:lle, jossa samat numerot ohjelmoituna \u2013 Pro"},"content":{"rendered":"<h1>Yhdistetty tunniste EM\/Mifare1k<\/h1>\n<h3><strong>H\u00e4lytyspassin valvonta - Varaus - Vierailu<\/strong><\/h3>\n<h3>T\u00e4h\u00e4n olemme kaivertaneet numeron, jolla on sama ohjelmointi Bewatorille.<\/h3>\n<p><strong>T\u00e4m\u00e4 tarkoittaa, ett\u00e4 se toimii sek\u00e4 EM- ett\u00e4 Mifare-j\u00e4rjestelmiss\u00e4, mutta etuna on, ett\u00e4 sinulla on vain yksi numero, jota voit k\u00e4ytt\u00e4\u00e4 ja sy\u00f6tt\u00e4\u00e4 bewator-j\u00e4rjestelm\u00e4\u00e4si. Tavallisissa tapauksissa sinulla on eri numerot EM:lle ja Mifarelle, mik\u00e4 tarkoittaa, ett\u00e4 sinun on sy\u00f6tett\u00e4v\u00e4 kaksi numeroa sen sijaan, ett\u00e4 kopioit yhden numeron p\u00e4\u00e4lle, mik\u00e4 s\u00e4\u00e4st\u00e4\u00e4 aikaa.<\/strong>T\u00e4m\u00e4 tunniste toimii kaikissa j\u00e4rjestelmiss\u00e4, jotka k\u00e4ytt\u00e4v\u00e4t EM- ja Mifare-tekniikkaa, mukaan lukien RCO, Bewator\/Vanderbilt, Aptus, ASSA ARX ja muut j\u00e4rjestelm\u00e4t, kuten vierailijaj\u00e4rjestelm\u00e4t tai kirjautuminen tietokoneisiin\/tulostimiin vastata vaativimpiin turvallisuus- ja tunnistamistarpeisiin. Vankka ABS-materiaalista valmistettu rakenne ja ohut, vain 2,9 mm:n profiili tarjoavat t\u00e4ydellisen tasapainon kest\u00e4vyyden ja eleganssin v\u00e4lill\u00e4. Sen tyylik\u00e4s viimeistely tekee siit\u00e4 ihanteellisen kaiverrukseen vakionumeroilla tai logosi sis\u00e4llytt\u00e4miseen joko kaiverretun tai v\u00e4rillisen viimeistelyn avulla. Tarvitsetpa luotettavan tuotteen kulunvalvontaan, vierailijaj\u00e4rjestelmiin, varausta, h\u00e4lytyksi\u00e4, auton latureita, varastonhallintaa tai muita sovelluksia varten, meid\u00e4n &quot; ABS Pro&quot; on t\u00e4ydellinen valinta. Sit\u00e4 on saatavana useissa versioissa, ja voimme valmistaa sen my\u00f6s valitsemallasi sirulla. Nyky\u00e4\u00e4n vakiona p\u00e4\u00e4sytunnisteisiin ovat: EM4200, Mifare1k, Mifare1k:n ja EM4200:n yhdistelm\u00e4, Mifare4k, yhdistelm\u00e4 Mifare4k:n ja EM4200:n sek\u00e4 DESFiren avulla voit r\u00e4\u00e4t\u00e4l\u00f6id\u00e4 ratkaisusi tarpeisiisi. Ymm\u00e4rr\u00e4mme, kuinka t\u00e4rke\u00e4\u00e4 on toimittaa laadukkaita RFID-tuotteita, jotka t\u00e4ytt\u00e4v\u00e4t nykyp\u00e4iv\u00e4n vaatimukset ja odotukset. Siksi pyrimme tarjoamaan parasta tekniikkaa ja yhteensopivuutta j\u00e4rjestelmienne turvallisuuden ja tehokkuuden parantamiseksi.<\/p>\n<h3><strong>Mukautettu ainutlaatuisiin projekteihin \u2013 yhdistelm\u00e4tunniste ASSA ARX:lle<\/strong><\/h3>\n<p>RFID-tunnisteemme etuja ovat yhteensopivuus eri j\u00e4rjestelmien\/teknologioiden kanssa sek\u00e4 mahdollisuus r\u00e4\u00e4t\u00e4l\u00f6id\u00e4 tunnisteet sopimaan ainutlaatuisiin projekteihin. Voimme ohjelmoida ja integroida erilaisia siruja vastaamaan erityisi\u00e4 sovellusvaatimuksia ja luoda r\u00e4\u00e4t\u00e4l\u00f6ityj\u00e4 ratkaisuja. Ota yhteytt\u00e4 jo t\u00e4n\u00e4\u00e4n keskustellaksesi projekti-ideoistasi ja saadaksesi r\u00e4\u00e4t\u00e4l\u00f6idyn RFID-tunnisteratkaisun tarpeisiisi.<\/p>\n<h5><strong>Nopea toimitus ja aina varastossa<\/strong><\/h5>\n<p>&quot;ABS Pro&quot; RFID-avaimenper\u00e4 on aina varastossa yli 80 000 kappaletta 6 v\u00e4riss\u00e4 (punainen, sininen, valkoinen, musta, vihre\u00e4, keltainen) ja erilaisilla siruilla Laserkoneidemme ja ohjelmistojemme avulla voit valita logon &amp; yksil\u00f6llinen numero kaiverrukseen, toimitus 1-3 p\u00e4iv\u00e4n sis\u00e4ll\u00e4.<\/p>\n<h3>Kuten aina! Rfid passer -tunniste alkuper\u00e4isell\u00e4 sirulla<a href=\"https:\/\/www.nxp.com\/\" rel=\"noopener\"> NXP<\/a> ja <a href=\"https:\/\/www.emmicroelectronic.com\/\" rel=\"noopener\">EM Microelectronics.<\/a><\/h3>\n<p><strong>Sopii kaikkeen ja kaikille!<\/strong><\/p>\n<ul>\n<li>Pass-j\u00e4rjestelm\u00e4<\/li>\n<li>Vierailijaj\u00e4rjestelm\u00e4<\/li>\n<li>Varaus<\/li>\n<li>H\u00e4lytys ja turvaj\u00e4rjestelm\u00e4<\/li>\n<\/ul>\n<p><strong>&quot;ABS Pro&quot; -yhdistelm\u00e4tunnisteen edut ASSA ARX:lle<\/strong><\/p>\n<ul>\n<li>Vankka rakenne ABS-materiaalista<\/li>\n<li>Ohut profiili vain 2,9 mm<\/li>\n<li>Mahdollisuus kaivertaa vakionumero tai sis\u00e4llytt\u00e4\u00e4 logo<\/li>\n<li>Laaja valikoima siruvaihtoehtoja eri tarpeisiin ja aina varastossa.<\/li>\n<\/ul>","protected":false},"excerpt":{"rendered":"<p>Suosituin RFID-tunniste &quot;ABS Pro&quot; \u2013 t\u00e4ydellinen ratkaisu turva- ja tunnistusj\u00e4rjestelmiin. T\u00e4ss\u00e4 tuplasiru yhdistelm\u00e4tunnisteessa: EM4200+Mifare1k siru samalla sirunumerolla k\u00e4sittelyn helpottamiseksi. Tunniste on vain 2,9 mm paksu, valmistettu kovasta ABS-materiaalista, ja siin\u00e4 on tyylik\u00e4s pinta, joka sopii minne tahansa. T\u00e4m\u00e4 tuote on sertifioitu NXP\u00ae:lt\u00e4, maailmanlaajuiselta teknologiayritykselt\u00e4, jonka p\u00e4\u00e4konttori on Hollannissa. NXP\u00ae on erikoistunut RFID:hen ja NFC:hen ja tarjoaa valikoiman tuotteita tietoturvaan, liitett\u00e4vyyteen ja sulautettuihin ratkaisuihin.<\/p>","protected":false},"featured_media":163686,"template":"","meta":{"_acf_changed":false},"product_brand":[],"product_cat":[4786],"product_tag":[4146,2095,2958],"class_list":{"0":"post-161944","1":"product","2":"type-product","3":"status-publish","4":"has-post-thumbnail","6":"product_cat-mifare1kem4200-tagg","7":"product_tag-nxp","8":"product_tag-rfid-500","9":"product_tag-stonehouse-produkt","10":"product_shipping_class-postnord-varubrev","11":"pa_brands-stonehouse-security","12":"pa_chip-teknik-lika-chipnummer-1-nummer-graverat-kombitagg","13":"pa_farg-svart","14":"tm-no-options","16":"first","17":"instock","18":"sale","19":"featured","20":"taxable","21":"shipping-taxable","22":"purchasable","23":"product-type-simple"},"acf":[],"_links":{"self":[{"href":"https:\/\/secureus.se\/fi\/wp-json\/wp\/v2\/product\/161944","targetHints":{"allow":["GET"]}}],"collection":[{"href":"https:\/\/secureus.se\/fi\/wp-json\/wp\/v2\/product"}],"about":[{"href":"https:\/\/secureus.se\/fi\/wp-json\/wp\/v2\/types\/product"}],"wp:featuredmedia":[{"embeddable":true,"href":"https:\/\/secureus.se\/fi\/wp-json\/wp\/v2\/media\/163686"}],"wp:attachment":[{"href":"https:\/\/secureus.se\/fi\/wp-json\/wp\/v2\/media?parent=161944"}],"wp:term":[{"taxonomy":"product_brand","embeddable":true,"href":"https:\/\/secureus.se\/fi\/wp-json\/wp\/v2\/product_brand?post=161944"},{"taxonomy":"product_cat","embeddable":true,"href":"https:\/\/secureus.se\/fi\/wp-json\/wp\/v2\/product_cat?post=161944"},{"taxonomy":"product_tag","embeddable":true,"href":"https:\/\/secureus.se\/fi\/wp-json\/wp\/v2\/product_tag?post=161944"}],"curies":[{"name":"wp","href":"https:\/\/api.w.org\/{rel}","templated":true}]}}