{"id":161946,"date":"2025-10-01T16:44:15","date_gmt":"2025-10-01T14:44:15","guid":{"rendered":"https:\/\/secureus.se\/batteribackup-12v-3a-for-cctv\/"},"modified":"2026-03-11T13:14:13","modified_gmt":"2026-03-11T12:14:13","slug":"batteribackup-12v-3a-for-cctv","status":"publish","type":"product","link":"https:\/\/secureus.se\/fi\/batteribackup-12v-3a-for-cctv\/","title":{"rendered":"Akkuvarmistus 12V 3A 4-kanavaisella UPS-laitteella CCTV:lle"},"content":{"rendered":"<h3 data-start=\"789\" data-end=\"847\">Akkuvarmistus 12V 3A CCTV-kameroille \u2013 SPF-12V-3A<\/h3>\n<p data-start=\"849\" data-end=\"1002\">SPF-12V-3A on <strong data-start=\"866\" data-end=\"916\">12 V:n tasavirtal\u00e4hde, joka on erityisesti suunniteltu CCTV-j\u00e4rjestelmiin<\/strong>, jossa useat kamerat tarvitsevat vakaan ja turvallisen virransy\u00f6t\u00f6n \u2013 my\u00f6s s\u00e4hk\u00f6katkosten aikana.<\/p>\n<p data-start=\"1004\" data-end=\"1204\">UPS-laitteella on <strong data-start=\"1015\" data-end=\"1044\">nelj\u00e4 erillist\u00e4 DC-l\u00e4ht\u00f6\u00e4<\/strong>, jossa jokainen l\u00e4ht\u00f6 on erikseen <strong data-start=\"1079\" data-end=\"1089\">suojattu<\/strong>, joka tarjoaa korkean k\u00e4ytt\u00f6luotettavuuden ja suojaa sek\u00e4 kameroita ett\u00e4 kaapelointia yksitt\u00e4isen kanavan vian tai oikosulun sattuessa.<\/p>\n<p data-start=\"1206\" data-end=\"1378\">S\u00e4hk\u00f6katkoksen sattuessa laite siirtyy automaattisesti paristok\u00e4ytt\u00f6iseen ulkoisen virtal\u00e4hteen kautta <strong data-start=\"1288\" data-end=\"1309\">12 V \/ 7 Ah akku<\/strong>, jotta kamerat ja oheislaitteet toimivat keskeytyksett\u00e4.<\/p>\n<p data-start=\"1567\" data-end=\"1601\">Tyhjenn\u00e4 <strong data-start=\"1575\" data-end=\"1594\">LED-ilmaisimet<\/strong> n\u00e4ytt\u00e4\u00e4:<\/p>\n<ul data-start=\"1602\" data-end=\"1678\">\n<li data-start=\"1602\" data-end=\"1620\">\n<p data-start=\"1604\" data-end=\"1620\">Verkkoj\u00e4nnite<\/p>\n<\/li>\n<li data-start=\"1621\" data-end=\"1634\">\n<p data-start=\"1623\" data-end=\"1634\">DC-l\u00e4ht\u00f6<\/p>\n<\/li>\n<li data-start=\"1635\" data-end=\"1654\">\n<p data-start=\"1637\" data-end=\"1654\">Akun lataus<\/p>\n<\/li>\n<li data-start=\"1655\" data-end=\"1678\">\n<p data-start=\"1657\" data-end=\"1678\">Matala akun j\u00e4nnite<\/p>\n<\/li>\n<\/ul>\n<p data-start=\"789\" data-end=\"847\">Akkuvarmistus 12V 3A CCTV:lle <span style=\"font-size: 16px\">on varustettu suojauksella vastaan <\/span>oikosulku, ylivirta, ylilataus ja syv\u00e4purkaus<span style=\"font-size: 16px\">, automaattisella nollauksella vian poistuessa.<\/span><\/p>\n<hr data-start=\"1828\" data-end=\"1831\" \/>\n<h3 data-start=\"1833\" data-end=\"1860\">Ominaisuudet ja edut<\/h3>\n<ul data-start=\"1862\" data-end=\"2187\">\n<li data-start=\"1862\" data-end=\"1901\">\n<p data-start=\"1864\" data-end=\"1901\">Erityisesti CCTV-kameroille mukautettu<\/p>\n<\/li>\n<li data-start=\"1902\" data-end=\"1943\">\n<p data-start=\"1904\" data-end=\"1943\">4 erikseen sulakkeilla suojattua DC-l\u00e4ht\u00f6\u00e4<\/p>\n<\/li>\n<li data-start=\"1944\" data-end=\"1988\">\n<p data-start=\"1946\" data-end=\"1988\">Automaattinen akkuk\u00e4ytt\u00f6 s\u00e4hk\u00f6katkon sattuessa<\/p>\n<\/li>\n<li data-start=\"2030\" data-end=\"2058\">\n<p data-start=\"2032\" data-end=\"2058\">Kokonaiskuormitus enint\u00e4\u00e4n: 3A<\/p>\n<\/li>\n<li data-start=\"2059\" data-end=\"2095\">\n<p data-start=\"2061\" data-end=\"2095\">LED-tila helppoa seurantaa varten<\/p>\n<\/li>\n<li data-start=\"2096\" data-end=\"2128\">\n<p data-start=\"2098\" data-end=\"2128\">Suojaus s\u00e4hk\u00f6- ja akkuvikoja vastaan<\/p>\n<\/li>\n<li data-start=\"2129\" data-end=\"2187\">\n<p data-start=\"2131\" data-end=\"2187\">Vakaa ratkaisu ammattimaisiin kamera-asennuksiin<\/p>\n<\/li>\n<\/ul>\n<hr data-start=\"2189\" data-end=\"2192\" \/>\n<h3 data-start=\"2194\" data-end=\"2222\">Tekniset tiedot<\/h3>\n<ul data-start=\"2224\" data-end=\"2657\">\n<li data-start=\"2224\" data-end=\"2260\">\n<p data-start=\"2226\" data-end=\"2260\"><strong data-start=\"2226\" data-end=\"2237\">Sis\u00e4\u00e4nk\u00e4ynti:<\/strong> 100\u2013240 V AC, 50\/60 Hz<\/p>\n<\/li>\n<li data-start=\"2349\" data-end=\"2382\">\n<p data-start=\"2351\" data-end=\"2382\"><strong data-start=\"2351\" data-end=\"2367\">Suurin l\u00e4ht\u00f6virta:<\/strong> 3,0 A (yhteens\u00e4)<\/p>\n<\/li>\n<li data-start=\"2383\" data-end=\"2412\">\n<p data-start=\"2385\" data-end=\"2412\"><strong data-start=\"2385\" data-end=\"2405\">Akun lataus:<\/strong> 0,8A<\/p>\n<\/li>\n<li data-start=\"2413\" data-end=\"2459\">\n<p data-start=\"2415\" data-end=\"2459\"><strong data-start=\"2415\" data-end=\"2428\">L\u00e4hd\u00f6t:<\/strong> 4 \u00d7 DC, erikseen sulakkeilla<\/p>\n<\/li>\n<li data-start=\"2460\" data-end=\"2511\">\n<p data-start=\"2462\" data-end=\"2511\"><strong data-start=\"2462\" data-end=\"2488\">Suositeltu akku:<\/strong> 12 V \/ 7 Ah (ei sis\u00e4lly toimitukseen)<\/p>\n<\/li>\n<li data-start=\"2512\" data-end=\"2547\">\n<p data-start=\"2514\" data-end=\"2547\"><strong data-start=\"2514\" data-end=\"2529\">L\u00e4mp\u00f6tila:<\/strong> -20 - +45 \u00b0C<\/p>\n<\/li>\n<li data-start=\"2548\" data-end=\"2599\">\n<p data-start=\"2550\" data-end=\"2599\"><strong data-start=\"2550\" data-end=\"2564\">Kosteus:<\/strong> Jopa 90 % (ei-tiivistyv\u00e4)<\/p>\n<\/li>\n<li data-start=\"2600\" data-end=\"2632\">\n<p data-start=\"2602\" data-end=\"2632\"><strong data-start=\"2602\" data-end=\"2616\">Asennus:<\/strong> Sis\u00e4-, sein\u00e4-<\/p>\n<\/li>\n<li data-start=\"2633\" data-end=\"2657\">\n<p data-start=\"2635\" data-end=\"2657\"><strong data-start=\"2635\" data-end=\"2652\">Sertifiointi:<\/strong> CE<\/p>\n<\/li>\n<\/ul>\n<hr data-start=\"2659\" data-end=\"2662\" \/>\n<h3 data-start=\"2664\" data-end=\"2694\">Tyypillisi\u00e4 k\u00e4ytt\u00f6tarkoituksia<\/h3>\n<ul data-start=\"2696\" data-end=\"2881\">\n<li data-start=\"2696\" data-end=\"2734\">\n<p data-start=\"2698\" data-end=\"2734\">CCTV-kamerat (analogiset ja IP-kamerat 12 V:n kautta)<\/p>\n<\/li>\n<li data-start=\"2735\" data-end=\"2773\">\n<p data-start=\"2737\" data-end=\"2773\">Pienet ja keskikokoiset kameraj\u00e4rjestelm\u00e4t<\/p>\n<\/li>\n<li data-start=\"2774\" data-end=\"2813\">\n<p data-start=\"2776\" data-end=\"2813\">NVR\/DVR ulkoisella virtal\u00e4hteell\u00e4<\/p>\n<\/li>\n<li data-start=\"2814\" data-end=\"2881\">\n<p data-start=\"2816\" data-end=\"2881\">Turva-asennukset, joissa useat kuormat vaativat erilliset sulakkeet<\/p>\n<\/li>\n<\/ul>\n<hr data-start=\"2883\" data-end=\"2886\" \/>\n<h3 data-start=\"2888\" data-end=\"2904\">Asennus<\/h3>\n<p data-start=\"2906\" data-end=\"3104\">Tarkoitettu <strong data-start=\"2917\" data-end=\"2940\">sis\u00e4asennus<\/strong>.<br data-start=\"2941\" data-end=\"2944\" \/>UPS asennetaan sein\u00e4lle ja kytket\u00e4\u00e4n liittimien kautta.<br data-start=\"2998\" data-end=\"3001\" \/>Asennuksen suosittelee teht\u00e4v\u00e4ksi <strong data-start=\"3043\" data-end=\"3063\">valtuutettu teknikko<\/strong>, erityisesti monikanavaisissa kameraj\u00e4rjestelmiss\u00e4.<\/p>\n<p data-start=\"2906\" data-end=\"3104\"><span data-teams=\"true\">Koko: 195 x 225 x 83 mm<\/span><\/p>","protected":false},"excerpt":{"rendered":"<p data-start=\"376\" data-end=\"675\"><strong data-start=\"376\" data-end=\"440\">12 V 3 A UPS CCTV-kameroille, jossa on nelj\u00e4 erillist\u00e4 sulakel\u00e4ht\u00f6\u00e4.<\/strong><br data-start=\"440\" data-end=\"443\" \/>SPF-12V-3A on ammattimainen UPS-laite, joka on erityisesti suunniteltu kameroiden asennuksiin. Automaattinen akkuk\u00e4ytt\u00f6 s\u00e4hk\u00f6katkon sattuessa, s\u00e4\u00e4dett\u00e4v\u00e4 l\u00e4ht\u00f6j\u00e4nnite ja yksil\u00f6llisesti sulakkeilla varustetut l\u00e4hd\u00f6t tekev\u00e4t siit\u00e4 ihanteellisen useiden valvontakameroiden k\u00e4ytt\u00f6\u00f6n.<\/p>\n<p data-start=\"677\" data-end=\"723\"><em data-start=\"677\" data-end=\"723\">Suositeltu akku: 12V \/ 7Ah (ei sis\u00e4lly).<\/em><\/p>","protected":false},"featured_media":161945,"template":"","meta":{"_acf_changed":false},"product_brand":[],"product_cat":[2721],"product_tag":[],"class_list":{"0":"post-161946","1":"product","2":"type-product","3":"status-publish","4":"has-post-thumbnail","6":"product_cat-batteribackuper","7":"pa_brands-stonehouse-security","8":"tm-no-options","10":"first","11":"instock","12":"sale","13":"taxable","14":"shipping-taxable","15":"purchasable","16":"product-type-simple"},"acf":[],"_links":{"self":[{"href":"https:\/\/secureus.se\/fi\/wp-json\/wp\/v2\/product\/161946","targetHints":{"allow":["GET"]}}],"collection":[{"href":"https:\/\/secureus.se\/fi\/wp-json\/wp\/v2\/product"}],"about":[{"href":"https:\/\/secureus.se\/fi\/wp-json\/wp\/v2\/types\/product"}],"wp:featuredmedia":[{"embeddable":true,"href":"https:\/\/secureus.se\/fi\/wp-json\/wp\/v2\/media\/161945"}],"wp:attachment":[{"href":"https:\/\/secureus.se\/fi\/wp-json\/wp\/v2\/media?parent=161946"}],"wp:term":[{"taxonomy":"product_brand","embeddable":true,"href":"https:\/\/secureus.se\/fi\/wp-json\/wp\/v2\/product_brand?post=161946"},{"taxonomy":"product_cat","embeddable":true,"href":"https:\/\/secureus.se\/fi\/wp-json\/wp\/v2\/product_cat?post=161946"},{"taxonomy":"product_tag","embeddable":true,"href":"https:\/\/secureus.se\/fi\/wp-json\/wp\/v2\/product_tag?post=161946"}],"curies":[{"name":"wp","href":"https:\/\/api.w.org\/{rel}","templated":true}]}}