{"id":161952,"date":"2025-10-01T16:44:16","date_gmt":"2025-10-01T14:44:16","guid":{"rendered":"https:\/\/secureus.se\/batteribackup-24v-5a-for-passersystem\/"},"modified":"2026-04-15T13:31:34","modified_gmt":"2026-04-15T11:31:34","slug":"batteribackup-24v-5a-for-passersystem","status":"publish","type":"product","link":"https:\/\/secureus.se\/fi\/batteribackup-24v-5a-for-passersystem\/","title":{"rendered":"Akkuvarmistus 24V 5A UPS-toiminnolla kulunvalvontaj\u00e4rjestelmiin"},"content":{"rendered":"<h3 data-start=\"695\" data-end=\"748\">Akkuvarmistus 24V 5A UPS-toiminnolla - SP-24V-5A<\/h3>\n<p data-start=\"750\" data-end=\"911\">SP-24V-5A on <strong data-start=\"766\" data-end=\"794\">ammattimainen 24 V:n tasavirta-UPS<\/strong> korkealla l\u00e4ht\u00f6teholla <strong data-start=\"815\" data-end=\"830\">jopa 5A<\/strong>, kehitetty asennuksiin, joissa suuri kuormitus ja k\u00e4ytt\u00f6varmuus ovat ratkaisevan t\u00e4rkeit\u00e4.<\/p>\n<p data-start=\"913\" data-end=\"1099\">S\u00e4hk\u00f6katkoksen sattuessa laite siirtyy automaattisesti paristok\u00e4ytt\u00f6iseen virransy\u00f6tt\u00f6\u00f6n <strong data-start=\"983\" data-end=\"1026\">kaksi ulkoista 12 V\/7 Ah akkua sarjaan kytkettyn\u00e4<\/strong>, mik\u00e4 varmistaa kytkettyjen j\u00e4rjestelmien jatkuvan toiminnan keskeytyksett\u00e4.<\/p>\n<p data-start=\"1263\" data-end=\"1308\">Tyhjenn\u00e4 <strong data-start=\"1271\" data-end=\"1290\">LED-ilmaisimet<\/strong> n\u00e4ytt\u00e4\u00e4 tilan:<\/p>\n<ul data-start=\"1309\" data-end=\"1385\">\n<li data-start=\"1309\" data-end=\"1327\">\n<p data-start=\"1311\" data-end=\"1327\">Verkkoj\u00e4nnite<\/p>\n<\/li>\n<li data-start=\"1328\" data-end=\"1341\">\n<p data-start=\"1330\" data-end=\"1341\">DC-l\u00e4ht\u00f6<\/p>\n<\/li>\n<li data-start=\"1342\" data-end=\"1361\">\n<p data-start=\"1344\" data-end=\"1361\">Akun lataus<\/p>\n<\/li>\n<li data-start=\"1362\" data-end=\"1385\">\n<p data-start=\"1364\" data-end=\"1385\">Matala akun j\u00e4nnite<\/p>\n<\/li>\n<\/ul>\n<p data-start=\"1387\" data-end=\"1512\">Laite on varustettu <strong data-start=\"1411\" data-end=\"1439\">itse\u00e4\u00e4n palauttava suojaus<\/strong> oikosulkua, ylivirtaa, ylij\u00e4nnitett\u00e4, ylipurkautumista ja syv\u00e4purkausta vastaan.<\/p>\n<hr data-start=\"1514\" data-end=\"1517\" \/>\n<h3 data-start=\"1519\" data-end=\"1546\">Ominaisuudet ja edut<\/h3>\n<ul data-start=\"1548\" data-end=\"1902\">\n<li data-start=\"1548\" data-end=\"1592\">\n<p data-start=\"1550\" data-end=\"1592\">Automaattinen UPS-toiminto s\u00e4hk\u00f6katkon sattuessa<\/p>\n<\/li>\n<li data-start=\"1634\" data-end=\"1656\">\n<p data-start=\"1636\" data-end=\"1656\">Maksimikuormitus: 5A<\/p>\n<\/li>\n<li data-start=\"1657\" data-end=\"1705\">\n<p data-start=\"1659\" data-end=\"1705\">Tuki 24 V:n akkuj\u00e4rjestelmille (2 \u00d7 12 V sarjassa)<\/p>\n<\/li>\n<li data-start=\"1706\" data-end=\"1754\">\n<p data-start=\"1708\" data-end=\"1754\">Kattava suoja s\u00e4hk\u00f6vikoja ja akkuvaurioita vastaan<\/p>\n<\/li>\n<li data-start=\"1755\" data-end=\"1801\">\n<p data-start=\"1757\" data-end=\"1801\">LED-tilan ilmaisin helppoa seurantaa varten<\/p>\n<\/li>\n<li data-start=\"1802\" data-end=\"1860\">\n<p data-start=\"1804\" data-end=\"1860\">Liittimet turvalliseen ja selke\u00e4\u00e4n asennukseen<\/p>\n<\/li>\n<li data-start=\"1861\" data-end=\"1902\">\n<p data-start=\"1863\" data-end=\"1902\">Tarkoitettu ammattimaiseen sis\u00e4k\u00e4ytt\u00f6\u00f6n<\/p>\n<\/li>\n<\/ul>\n<hr data-start=\"1904\" data-end=\"1907\" \/>\n<h3 data-start=\"1909\" data-end=\"1937\">Tekniset tiedot<\/h3>\n<ul data-start=\"1939\" data-end=\"2328\">\n<li data-start=\"1939\" data-end=\"1975\">\n<p data-start=\"1941\" data-end=\"1975\"><strong data-start=\"1941\" data-end=\"1952\">Sis\u00e4\u00e4nk\u00e4ynti:<\/strong> 190\u2013240 V AC, 50\/60 Hz<\/p>\n<\/li>\n<li data-start=\"1976\" data-end=\"2023\">\n<p data-start=\"1978\" data-end=\"2023\"><strong data-start=\"1978\" data-end=\"1995\">L\u00e4ht\u00f6 (verkkovirta):<\/strong> 24,0\u201328,0 V DC (s\u00e4\u00e4dett\u00e4v\u00e4)<\/p>\n<\/li>\n<li data-start=\"2024\" data-end=\"2063\">\n<p data-start=\"2026\" data-end=\"2063\"><strong data-start=\"2026\" data-end=\"2047\">L\u00e4ht\u00f6teho (akku):<\/strong> 20,6\u201326,0 V tasavirta<\/p>\n<\/li>\n<li data-start=\"2064\" data-end=\"2089\">\n<p data-start=\"2066\" data-end=\"2089\"><strong data-start=\"2066\" data-end=\"2082\">Suurin l\u00e4ht\u00f6virta:<\/strong> 5,0 A<\/p>\n<\/li>\n<li data-start=\"2090\" data-end=\"2119\">\n<p data-start=\"2092\" data-end=\"2119\"><strong data-start=\"2092\" data-end=\"2112\">Akun lataus:<\/strong> 1,0 A<\/p>\n<\/li>\n<li data-start=\"2120\" data-end=\"2182\">\n<p data-start=\"2122\" data-end=\"2182\"><strong data-start=\"2122\" data-end=\"2148\">Suositeltu akku:<\/strong> 2 \u00d7 12V \/ 7Ah (sarja, ei sis\u00e4lly)<\/p>\n<\/li>\n<li data-start=\"2183\" data-end=\"2218\">\n<p data-start=\"2185\" data-end=\"2218\"><strong data-start=\"2185\" data-end=\"2200\">L\u00e4mp\u00f6tila:<\/strong> -20 - +45 \u00b0C<\/p>\n<\/li>\n<li data-start=\"2219\" data-end=\"2270\">\n<p data-start=\"2221\" data-end=\"2270\"><strong data-start=\"2221\" data-end=\"2235\">Kosteus:<\/strong> Jopa 90 % (ei-tiivistyv\u00e4)<\/p>\n<\/li>\n<li data-start=\"2271\" data-end=\"2303\">\n<p data-start=\"2273\" data-end=\"2303\"><strong data-start=\"2273\" data-end=\"2287\">Asennus:<\/strong> Sein\u00e4, sis\u00e4<\/p>\n<\/li>\n<li data-start=\"2304\" data-end=\"2328\">\n<p data-start=\"2306\" data-end=\"2328\"><strong data-start=\"2306\" data-end=\"2323\">Sertifiointi:<\/strong> CE<\/p>\n<\/li>\n<\/ul>\n<hr data-start=\"2330\" data-end=\"2333\" \/>\n<h3 data-start=\"2335\" data-end=\"2365\">Tyypillisi\u00e4 k\u00e4ytt\u00f6tarkoituksia<\/h3>\n<ul data-start=\"2367\" data-end=\"2536\">\n<li data-start=\"2367\" data-end=\"2406\">\n<p data-start=\"2369\" data-end=\"2406\">Kulunvalvontaj\u00e4rjestelm\u00e4t ja suuremmat oviymp\u00e4rist\u00f6t<\/p>\n<\/li>\n<li data-start=\"2407\" data-end=\"2434\">\n<p data-start=\"2409\" data-end=\"2434\">Portti ja portin ohjaus<\/p>\n<\/li>\n<li data-start=\"2435\" data-end=\"2481\">\n<p data-start=\"2437\" data-end=\"2481\">S\u00e4hk\u00f6lukot ja s\u00e4hk\u00f6mekaaniset lukot (24V)<\/p>\n<\/li>\n<li data-start=\"2482\" data-end=\"2511\">\n<p data-start=\"2484\" data-end=\"2511\">Turva- ja h\u00e4lytysj\u00e4rjestelm\u00e4t<\/p>\n<\/li>\n<li data-start=\"2512\" data-end=\"2536\">\n<p data-start=\"2514\" data-end=\"2536\">Palo- ja h\u00e4t\u00e4j\u00e4rjestelm\u00e4t<\/p>\n<\/li>\n<\/ul>\n<hr data-start=\"2538\" data-end=\"2541\" \/>\n<h3 data-start=\"2543\" data-end=\"2559\">Asennus<\/h3>\n<p data-start=\"2561\" data-end=\"2739\">Tuote on tarkoitettu k\u00e4ytett\u00e4v\u00e4ksi <strong data-start=\"2585\" data-end=\"2608\">sis\u00e4asennus<\/strong> ja sen pit\u00e4isi olla asennettuna <strong data-start=\"2632\" data-end=\"2652\">valtuutettu teknikko<\/strong>.<br data-start=\"2653\" data-end=\"2656\" \/>Varmista asianmukainen maadoitus, hyv\u00e4 ilmanvaihto ja oikea akkukokoonpano (sarja).<\/p>\n<p data-start=\"2561\" data-end=\"2739\"><span data-teams=\"true\">Koko: 195 x 225 x 83 mm<\/span><\/p>","protected":false},"excerpt":{"rendered":"<p data-start=\"244\" data-end=\"569\"><strong data-start=\"244\" data-end=\"318\">24 V 5 A UPS-akkuvarmennus kulunvalvontaj\u00e4rjestelmiin ja turva-asennuksiin.<\/strong><br data-start=\"318\" data-end=\"321\" \/>T\u00e4m\u00e4 tehokas 24 V:n tasavirtal\u00e4hde varmistaa toiminnan s\u00e4hk\u00f6katkosten aikana automaattisella akkuk\u00e4ytt\u00f6\u00f6n vaihtamisella. S\u00e4\u00e4dett\u00e4v\u00e4 l\u00e4ht\u00f6j\u00e4nnite, selke\u00e4 LED-merkkivalo ja kattava suojaus tekev\u00e4t siit\u00e4 ihanteellisen ovenohjaimille, portinohjaukselle ja vaativille turvaj\u00e4rjestelmille.<\/p>\n<p data-start=\"571\" data-end=\"629\"><em data-start=\"571\" data-end=\"629\">Suositeltu akku: 2 \u00d7 12V \/ 7Ah sarjassa (eiv\u00e4t sis\u00e4lly toimitukseen).<\/em><\/p>","protected":false},"featured_media":161950,"template":"","meta":{"_acf_changed":false},"product_brand":[],"product_cat":[2721],"product_tag":[],"class_list":{"0":"post-161952","1":"product","2":"type-product","3":"status-publish","4":"has-post-thumbnail","6":"product_cat-batteribackuper","7":"pa_brands-stonehouse-security","8":"tm-no-options","10":"first","11":"instock","12":"sale","13":"taxable","14":"shipping-taxable","15":"purchasable","16":"product-type-simple"},"acf":[],"_links":{"self":[{"href":"https:\/\/secureus.se\/fi\/wp-json\/wp\/v2\/product\/161952","targetHints":{"allow":["GET"]}}],"collection":[{"href":"https:\/\/secureus.se\/fi\/wp-json\/wp\/v2\/product"}],"about":[{"href":"https:\/\/secureus.se\/fi\/wp-json\/wp\/v2\/types\/product"}],"wp:featuredmedia":[{"embeddable":true,"href":"https:\/\/secureus.se\/fi\/wp-json\/wp\/v2\/media\/161950"}],"wp:attachment":[{"href":"https:\/\/secureus.se\/fi\/wp-json\/wp\/v2\/media?parent=161952"}],"wp:term":[{"taxonomy":"product_brand","embeddable":true,"href":"https:\/\/secureus.se\/fi\/wp-json\/wp\/v2\/product_brand?post=161952"},{"taxonomy":"product_cat","embeddable":true,"href":"https:\/\/secureus.se\/fi\/wp-json\/wp\/v2\/product_cat?post=161952"},{"taxonomy":"product_tag","embeddable":true,"href":"https:\/\/secureus.se\/fi\/wp-json\/wp\/v2\/product_tag?post=161952"}],"curies":[{"name":"wp","href":"https:\/\/api.w.org\/{rel}","templated":true}]}}