{"id":162171,"date":"2025-11-21T14:39:45","date_gmt":"2025-11-21T13:39:45","guid":{"rendered":"https:\/\/secureus.se\/provkit-testifire-xtr2-provningshojd-6-m-varme-co-rok\/"},"modified":"2026-04-23T12:43:33","modified_gmt":"2026-04-23T10:43:33","slug":"provkit-testifire-2001-5-6-m-varme-rok","status":"publish","type":"product","link":"https:\/\/secureus.se\/fi\/provkit-testifire-2001-5-6-m-varme-rok\/","title":{"rendered":"Testifire 2001 -testipakkaus 5\u20136 m (l\u00e4mp\u00f6\/savu)"},"content":{"rendered":"<h1 class=\"product_title entry-title\">Testifire 2001 -testipakkaus 5\u20136 m (l\u00e4mp\u00f6\/savu)<\/h1>\n<h3 data-start=\"376\" data-end=\"432\">Palo- ja h\u00e4k\u00e4ilmaisimien luotettava testaus<\/h3>\n<p data-start=\"433\" data-end=\"688\">Testifire 2001 -testisarja on suunniteltu yksinkertaistamaan ja varmistamaan savuilmaisimien, l\u00e4mp\u00f6ilmaisimien ja hiilimonoksidiilmaisimien toiminnallinen testaus.<\/p>\n<p data-start=\"433\" data-end=\"688\">Simuloimalla todellisia h\u00e4lytysolosuhteita varmistetaan, ett\u00e4 ilmaisimet toimivat oikein ja t\u00e4ytt\u00e4v\u00e4t sovellettavat vaatimukset.<\/p>\n<h3 data-start=\"690\" data-end=\"737\">Tehokasta ja turvallista ty\u00f6skentely\u00e4 lattiatasolta<\/h3>\n<p data-start=\"738\" data-end=\"960\">Pakkaus on mukautettu testaamaan jopa noin 6 metrin korkeuksia, joten ilmaisimia voidaan testata ilman tikkaita tai hissej\u00e4.<\/p>\n<p data-start=\"738\" data-end=\"960\">T\u00e4m\u00e4 edist\u00e4\u00e4 turvallisempaa ty\u00f6ymp\u00e4rist\u00f6\u00e4 ja s\u00e4\u00e4st\u00e4\u00e4 aikaa sek\u00e4 asennuksen ett\u00e4 huollon aikana.<\/p>\n<h3 data-start=\"962\" data-end=\"1013\">T\u00e4ydellinen testaussarja ammattik\u00e4ytt\u00f6\u00f6n<\/h3>\n<p data-start=\"1014\" data-end=\"1227\">Testipakkaus sis\u00e4lt\u00e4\u00e4 Testifire 2001 -testauslaitteen savun, l\u00e4mm\u00f6n ja hiilimonoksidin testaamiseen sek\u00e4 Solo 100 -testauslaitteen.<\/p>\n<p data-start=\"1014\" data-end=\"1227\">Yhdistelm\u00e4 tarjoaa joustavan ja luotettavan ratkaisun paloilmoitinj\u00e4rjestelmien huoltoon, kunnossapitoon ja k\u00e4ytt\u00f6\u00f6nottoon.<\/p>\n<p data-start=\"1229\" data-end=\"1244\"><strong data-start=\"1229\" data-end=\"1242\">Edut:<\/strong><\/p>\n<ul data-start=\"1245\" data-end=\"1471\">\n<li data-start=\"1245\" data-end=\"1302\">\n<p data-start=\"1247\" data-end=\"1302\">Testaa savu-, l\u00e4mp\u00f6- ja h\u00e4k\u00e4ilmaisimia samalla laitteella<\/p>\n<\/li>\n<li data-start=\"1303\" data-end=\"1358\">\n<p data-start=\"1305\" data-end=\"1358\">Realistinen testaus, joka varmistaa todellisen toiminnan<\/p>\n<\/li>\n<li data-start=\"1359\" data-end=\"1408\">\n<p data-start=\"1361\" data-end=\"1408\">Ei tarvetta avotulelle tai vaarallisille kaasuille<\/p>\n<\/li>\n<li data-start=\"1409\" data-end=\"1471\">\n<p data-start=\"1411\" data-end=\"1471\">Sopii kiinteist\u00f6ihin, teollisuuteen ja julkisiin tiloihin<\/p>\n<\/li>\n<\/ul>\n<p data-start=\"1473\" data-end=\"1498\"><strong data-start=\"1473\" data-end=\"1496\">K\u00e4ytt\u00f6alueet:<\/strong><\/p>\n<ul data-start=\"1499\" data-end=\"1641\">\n<li data-start=\"1499\" data-end=\"1537\">\n<p data-start=\"1501\" data-end=\"1537\">Palovaroittimien s\u00e4\u00e4nn\u00f6llinen huolto<\/p>\n<\/li>\n<li data-start=\"1538\" data-end=\"1578\">\n<p data-start=\"1540\" data-end=\"1578\">Toiminnan tarkistus uuden asennuksen aikana<\/p>\n<\/li>\n<li data-start=\"1579\" data-end=\"1641\">\n<p data-start=\"1581\" data-end=\"1641\">Huoltoty\u00f6t kaupallisissa ja julkisissa kiinteist\u00f6iss\u00e4<\/p>\n<\/li>\n<li data-start=\"1579\" data-end=\"1641\">\n<p data-start=\"1643\" data-end=\"1674\"><strong data-start=\"1643\" data-end=\"1672\">TEKNISET TIEDOT:<\/strong><\/p>\n<ul data-start=\"1675\" data-end=\"1871\">\n<li data-start=\"1675\" data-end=\"1718\">\n<p data-start=\"1677\" data-end=\"1718\">Tuotetyyppi: Ilmaisimen testipakkaus<\/p>\n<\/li>\n<li data-start=\"1719\" data-end=\"1752\">\n<p data-start=\"1721\" data-end=\"1752\">Ilmaisintyypit: Savu, l\u00e4mp\u00f6, h\u00e4k\u00e4<\/p>\n<\/li>\n<li data-start=\"1753\" data-end=\"1785\">\n<p data-start=\"1755\" data-end=\"1785\">Testauskorkeus: Noin 6 metri\u00e4<\/p>\n<\/li>\n<li data-start=\"1786\" data-end=\"1824\">\n<p data-start=\"1788\" data-end=\"1824\">Sis\u00e4lt\u00f6: Testifire 2001, Solo 100<\/p>\n<\/li>\n<li data-start=\"1825\" data-end=\"1871\">\n<p data-start=\"1827\" data-end=\"1871\">K\u00e4ytt\u00f6: Manuaalinen testaus lattiatasolta<\/p>\n<\/li>\n<\/ul>\n<\/li>\n<\/ul>","protected":false},"excerpt":{"rendered":"<p>Testifire 2001 -testipakkaus on t\u00e4ydellinen testipakkaus savu-, l\u00e4mp\u00f6- ja h\u00e4k\u00e4ilmaisimien turvalliseen ja tehokkaaseen testaukseen.<\/p>\n<p>Pakkaus on mukautettu testaamaan jopa noin 6 metrin korkeuksia ja sopii sek\u00e4 kiinteist\u00f6nomistajille ett\u00e4 ammattiasentajille.<\/p>\n<p>K\u00e4yt\u00e4nn\u00f6llinen ratkaisu palo- ja kaasuantureiden s\u00e4\u00e4nn\u00f6lliseen tarkastukseen.<\/p>","protected":false},"featured_media":162170,"template":"","meta":{"_acf_changed":false},"product_brand":[],"product_cat":[3848,2946],"product_tag":[],"class_list":{"0":"post-162171","1":"product","2":"type-product","3":"status-publish","4":"has-post-thumbnail","6":"product_cat-testifire-kit","7":"product_cat-testifire","8":"tm-no-options","10":"first","11":"instock","12":"taxable","13":"shipping-taxable","14":"purchasable","15":"product-type-simple"},"acf":[],"_links":{"self":[{"href":"https:\/\/secureus.se\/fi\/wp-json\/wp\/v2\/product\/162171","targetHints":{"allow":["GET"]}}],"collection":[{"href":"https:\/\/secureus.se\/fi\/wp-json\/wp\/v2\/product"}],"about":[{"href":"https:\/\/secureus.se\/fi\/wp-json\/wp\/v2\/types\/product"}],"wp:featuredmedia":[{"embeddable":true,"href":"https:\/\/secureus.se\/fi\/wp-json\/wp\/v2\/media\/162170"}],"wp:attachment":[{"href":"https:\/\/secureus.se\/fi\/wp-json\/wp\/v2\/media?parent=162171"}],"wp:term":[{"taxonomy":"product_brand","embeddable":true,"href":"https:\/\/secureus.se\/fi\/wp-json\/wp\/v2\/product_brand?post=162171"},{"taxonomy":"product_cat","embeddable":true,"href":"https:\/\/secureus.se\/fi\/wp-json\/wp\/v2\/product_cat?post=162171"},{"taxonomy":"product_tag","embeddable":true,"href":"https:\/\/secureus.se\/fi\/wp-json\/wp\/v2\/product_tag?post=162171"}],"curies":[{"name":"wp","href":"https:\/\/api.w.org\/{rel}","templated":true}]}}