{"id":162173,"date":"2025-11-21T14:39:41","date_gmt":"2025-11-21T13:39:41","guid":{"rendered":"https:\/\/secureus.se\/provkit-testifire-xtr2-provningshojd-6-m-varme-rok\/"},"modified":"2026-04-23T12:43:40","modified_gmt":"2026-04-23T10:43:40","slug":"provkit-testifire-xtr2-provningshojd-6-m-varme-rok","status":"publish","type":"product","link":"https:\/\/secureus.se\/fi\/provkit-testifire-xtr2-provningshojd-6-m-varme-rok\/","title":{"rendered":"Testifire XTR2 -testipakkaus, testikorkeus 6 m (l\u00e4mp\u00f6 + savu)"},"content":{"rendered":"<h1>Testifire XTR2 -testipakkaus, testikorkeus 6 m (l\u00e4mp\u00f6 + savu)<\/h1>\n<h3 data-start=\"331\" data-end=\"384\">Savu- ja l\u00e4mp\u00f6ilmaisimien turvallinen toiminnan testaus<\/h3>\n<p data-start=\"385\" data-end=\"623\">Testifire XTR2 -testipakkaus on suunniteltu varmistamaan, ett\u00e4 savu- ja l\u00e4mp\u00f6ilmaisimet toimivat oikein todellisissa olosuhteissa. Kontrolloitu testaus varmistaa, ett\u00e4 ilmaisimet reagoivat asianmukaisesti tulipalon sattuessa.<\/p>\n<h3 data-start=\"625\" data-end=\"658\">Ty\u00f6skentele turvallisesti lattiatasolta k\u00e4sin<\/h3>\n<p data-start=\"659\" data-end=\"865\">Pakkaus on mukautettu testauskorkeuksiin jopa noin 6 metriin asti, mik\u00e4 tarkoittaa, ett\u00e4 testit voidaan suorittaa ilman tikkaita tai nostinta. T\u00e4m\u00e4 parantaa ty\u00f6ymp\u00e4rist\u00f6\u00e4 ja lyhent\u00e4\u00e4 sek\u00e4 asennukseen ett\u00e4 huoltoon tarvittavaa aikaa.<\/p>\n<h3 data-start=\"867\" data-end=\"923\">T\u00e4ydellinen testaussarja ammattik\u00e4ytt\u00f6\u00f6n<\/h3>\n<p data-start=\"924\" data-end=\"1146\">Testisarja sis\u00e4lt\u00e4\u00e4 Testifire 1001:n savu- ja l\u00e4mp\u00f6testaukseen sek\u00e4 Solo 100:n sovellustestaukseen. Yhdistelm\u00e4 tarjoaa luotettavan ja joustavan ratkaisun paloilmoitinj\u00e4rjestelmien k\u00e4ytt\u00f6\u00f6nottoon, huoltoon ja s\u00e4\u00e4nn\u00f6lliseen yll\u00e4pitoon.<\/p>\n<p data-start=\"1148\" data-end=\"1163\"><strong data-start=\"1148\" data-end=\"1161\">Edut:<\/strong><\/p>\n<ul data-start=\"1164\" data-end=\"1353\">\n<li data-start=\"1164\" data-end=\"1204\">\n<p data-start=\"1166\" data-end=\"1204\">Testaa sek\u00e4 savu- ett\u00e4 l\u00e4mp\u00f6ilmaisimia<\/p>\n<\/li>\n<li data-start=\"1205\" data-end=\"1260\">\n<p data-start=\"1207\" data-end=\"1260\">Realistinen testaus, joka varmistaa todellisen toiminnan<\/p>\n<\/li>\n<li data-start=\"1261\" data-end=\"1301\">\n<p data-start=\"1263\" data-end=\"1301\">Ei avotulta tai vaarallisia aineita<\/p>\n<\/li>\n<li data-start=\"1302\" data-end=\"1353\">\n<p data-start=\"1304\" data-end=\"1353\">Sopii kaupallisiin ja julkisiin tiloihin<\/p>\n<\/li>\n<\/ul>\n<p data-start=\"1355\" data-end=\"1380\"><strong data-start=\"1355\" data-end=\"1378\">K\u00e4ytt\u00f6alueet:<\/strong><\/p>\n<ul data-start=\"1381\" data-end=\"1509\">\n<li data-start=\"1381\" data-end=\"1414\">\n<p data-start=\"1383\" data-end=\"1414\">Paloilmoitinj\u00e4rjestelm\u00e4n huolto<\/p>\n<\/li>\n<li data-start=\"1415\" data-end=\"1455\">\n<p data-start=\"1417\" data-end=\"1455\">Toiminnan tarkistus uuden asennuksen aikana<\/p>\n<\/li>\n<li data-start=\"1456\" data-end=\"1509\">\n<p data-start=\"1458\" data-end=\"1509\">Palvelu kiinteist\u00f6iss\u00e4, kouluissa ja teollisuustiloissa<\/p>\n<\/li>\n<\/ul>\n<p data-start=\"1511\" data-end=\"1542\"><strong data-start=\"1511\" data-end=\"1540\">TEKNISET TIEDOT:<\/strong><\/p>\n<ul data-start=\"1543\" data-end=\"1735\">\n<li data-start=\"1543\" data-end=\"1586\">\n<p data-start=\"1545\" data-end=\"1586\">Tuotetyyppi: Ilmaisimen testipakkaus<\/p>\n<\/li>\n<li data-start=\"1587\" data-end=\"1616\">\n<p data-start=\"1589\" data-end=\"1616\">Ilmaisintyypit: Savu, l\u00e4mp\u00f6<\/p>\n<\/li>\n<li data-start=\"1617\" data-end=\"1649\">\n<p data-start=\"1619\" data-end=\"1649\">Testauskorkeus: Noin 6 metri\u00e4<\/p>\n<\/li>\n<li data-start=\"1650\" data-end=\"1688\">\n<p data-start=\"1652\" data-end=\"1688\">Sis\u00e4lt\u00f6: Testifire 1001, Solo 100<\/p>\n<\/li>\n<li data-start=\"1689\" data-end=\"1735\">\n<p data-start=\"1691\" data-end=\"1735\">K\u00e4ytt\u00f6: Manuaalinen testaus lattiatasolta<\/p>\n<\/li>\n<\/ul>","protected":false},"excerpt":{"rendered":"<p>Testifire XTR2 -testipakkaus on t\u00e4ydellinen testipakkaus savu- ja l\u00e4mp\u00f6ilmaisimien turvalliseen testaukseen.<\/p>\n<p>Pakkaus on mukautettu testaamaan jopa noin 6 metrin korkeuksia ja sopii sek\u00e4 asentajille ett\u00e4 kiinteist\u00f6nhaltijoille.<\/p>\n<p>Tehokas ratkaisu palovaroittimien s\u00e4\u00e4nn\u00f6lliseen tarkastukseen.<\/p>","protected":false},"featured_media":162172,"template":"","meta":{"_acf_changed":false},"product_brand":[],"product_cat":[2946,3848],"product_tag":[],"class_list":{"0":"post-162173","1":"product","2":"type-product","3":"status-publish","4":"has-post-thumbnail","6":"product_cat-testifire","7":"product_cat-testifire-kit","8":"tm-no-options","10":"first","11":"instock","12":"taxable","13":"shipping-taxable","14":"purchasable","15":"product-type-simple"},"acf":[],"_links":{"self":[{"href":"https:\/\/secureus.se\/fi\/wp-json\/wp\/v2\/product\/162173","targetHints":{"allow":["GET"]}}],"collection":[{"href":"https:\/\/secureus.se\/fi\/wp-json\/wp\/v2\/product"}],"about":[{"href":"https:\/\/secureus.se\/fi\/wp-json\/wp\/v2\/types\/product"}],"wp:featuredmedia":[{"embeddable":true,"href":"https:\/\/secureus.se\/fi\/wp-json\/wp\/v2\/media\/162172"}],"wp:attachment":[{"href":"https:\/\/secureus.se\/fi\/wp-json\/wp\/v2\/media?parent=162173"}],"wp:term":[{"taxonomy":"product_brand","embeddable":true,"href":"https:\/\/secureus.se\/fi\/wp-json\/wp\/v2\/product_brand?post=162173"},{"taxonomy":"product_cat","embeddable":true,"href":"https:\/\/secureus.se\/fi\/wp-json\/wp\/v2\/product_cat?post=162173"},{"taxonomy":"product_tag","embeddable":true,"href":"https:\/\/secureus.se\/fi\/wp-json\/wp\/v2\/product_tag?post=162173"}],"curies":[{"name":"wp","href":"https:\/\/api.w.org\/{rel}","templated":true}]}}