{"id":162175,"date":"2025-11-21T14:39:40","date_gmt":"2025-11-21T13:39:40","guid":{"rendered":"https:\/\/secureus.se\/provkit-testifire-xtr2-provningshojd-4-m-varme-co-rok\/"},"modified":"2026-03-26T12:22:23","modified_gmt":"2026-03-26T11:22:23","slug":"provkit-testifire-2001-provningshojd-4-m-varme-co-rok","status":"publish","type":"product","link":"https:\/\/secureus.se\/fi\/provkit-testifire-2001-provningshojd-4-m-varme-co-rok\/","title":{"rendered":"Testifire 2001 -testipakkaus, testikorkeus 4 m (l\u00e4mp\u00f6 + CO + savu)"},"content":{"rendered":"<h1>Testifire 2001 -testipakkaus, testikorkeus 4 m (l\u00e4mp\u00f6 + CO + savu)<\/h1>\n<h3 data-start=\"347\" data-end=\"409\">Savu-, l\u00e4mp\u00f6- ja h\u00e4k\u00e4ilmaisimien luotettava testaus<\/h3>\n<p data-start=\"410\" data-end=\"671\">Testifire 2001 -testisarjaa k\u00e4ytet\u00e4\u00e4n savunilmaisimien, l\u00e4mp\u00f6ilmaisimien ja hiilimonoksidiilmaisimien toiminnan tarkistamiseen simuloimalla realistisesti h\u00e4lytysolosuhteita.<\/p>\n<p data-start=\"410\" data-end=\"671\">T\u00e4m\u00e4 varmistaa, ett\u00e4 ilmaisimet reagoivat oikein ja t\u00e4ytt\u00e4v\u00e4t sovellettavat turvallisuusvaatimukset.<\/p>\n<h3 data-start=\"673\" data-end=\"716\">Turvallinen testaus jopa 4 metrin korkeudessa<\/h3>\n<p data-start=\"717\" data-end=\"943\">Pakkaus on mukautettu testaamaan jopa noin 4 metrin korkeuksia ja mahdollistaa ilmaisimien testaamisen suoraan lattiatasolta.<\/p>\n<p data-start=\"717\" data-end=\"943\">T\u00e4m\u00e4 v\u00e4hent\u00e4\u00e4 tikkaiden tarvetta ja parantaa ty\u00f6ymp\u00e4rist\u00f6\u00e4 sek\u00e4 asennuksen ett\u00e4 jatkuvan huollon aikana.<\/p>\n<h3 data-start=\"945\" data-end=\"992\">T\u00e4ydellinen sarja ammattimaiseen huoltoon<\/h3>\n<p data-start=\"993\" data-end=\"1225\">Testipakkaus sis\u00e4lt\u00e4\u00e4 Testifire 2001 -testin savun, l\u00e4mm\u00f6n ja hiilimonoksidin testaamiseen sek\u00e4 Solo 108 -testin sovellustestaukseen.<\/p>\n<p data-start=\"993\" data-end=\"1225\">Yhdistelm\u00e4 tarjoaa tehokkaan ja joustavan ratkaisun palo- ja kaasuj\u00e4rjestelmien k\u00e4ytt\u00f6\u00f6nottoon, huoltoon ja s\u00e4\u00e4nn\u00f6llisiin tarkastuksiin.<\/p>\n<p data-start=\"1227\" data-end=\"1242\"><strong data-start=\"1227\" data-end=\"1240\">Edut:<\/strong><\/p>\n<ul data-start=\"1243\" data-end=\"1441\">\n<li data-start=\"1243\" data-end=\"1284\">\n<p data-start=\"1245\" data-end=\"1284\">Testaa savu-, l\u00e4mp\u00f6- ja h\u00e4k\u00e4ilmaisimia<\/p>\n<\/li>\n<li data-start=\"1285\" data-end=\"1317\">\n<p data-start=\"1287\" data-end=\"1317\">Realistinen toiminnallinen testaus<\/p>\n<\/li>\n<li data-start=\"1318\" data-end=\"1354\">\n<p data-start=\"1320\" data-end=\"1354\">Turvallinen k\u00e4ytt\u00f6 ilman avotulta<\/p>\n<\/li>\n<li data-start=\"1355\" data-end=\"1389\">\n<p data-start=\"1357\" data-end=\"1389\">Tehokasta palvelua lattiatasolta<\/p>\n<\/li>\n<li data-start=\"1390\" data-end=\"1441\">\n<p data-start=\"1392\" data-end=\"1441\">Sopii kaupallisiin ja julkisiin tiloihin<\/p>\n<\/li>\n<\/ul>\n<p data-start=\"1443\" data-end=\"1468\"><strong data-start=\"1443\" data-end=\"1466\">K\u00e4ytt\u00f6alueet:<\/strong><\/p>\n<ul data-start=\"1469\" data-end=\"1592\">\n<li data-start=\"1469\" data-end=\"1507\">\n<p data-start=\"1471\" data-end=\"1507\">Palovaroittimen huolto ja kunnossapito<\/p>\n<\/li>\n<li data-start=\"1508\" data-end=\"1548\">\n<p data-start=\"1510\" data-end=\"1548\">Toiminnan tarkistus uuden asennuksen aikana<\/p>\n<\/li>\n<li data-start=\"1549\" data-end=\"1592\">\n<p data-start=\"1551\" data-end=\"1592\">Kiinteist\u00f6jen h\u00e4k\u00e4ilmaisimien tarkistaminen<\/p>\n<\/li>\n<\/ul>\n<p data-start=\"1594\" data-end=\"1625\"><strong data-start=\"1594\" data-end=\"1623\">TEKNISET TIEDOT:<\/strong><\/p>\n<ul data-start=\"1626\" data-end=\"1822\">\n<li data-start=\"1626\" data-end=\"1669\">\n<p data-start=\"1628\" data-end=\"1669\">Tuotetyyppi: Ilmaisimen testipakkaus<\/p>\n<\/li>\n<li data-start=\"1670\" data-end=\"1703\">\n<p data-start=\"1672\" data-end=\"1703\">Ilmaisintyypit: Savu, l\u00e4mp\u00f6, h\u00e4k\u00e4<\/p>\n<\/li>\n<li data-start=\"1704\" data-end=\"1736\">\n<p data-start=\"1706\" data-end=\"1736\">Testauskorkeus: Noin 4 metri\u00e4<\/p>\n<\/li>\n<li data-start=\"1737\" data-end=\"1775\">\n<p data-start=\"1739\" data-end=\"1775\">Sis\u00e4lt\u00f6: Testifire 2001, Solo 108<\/p>\n<\/li>\n<li data-start=\"1776\" data-end=\"1822\">\n<p data-start=\"1778\" data-end=\"1822\">K\u00e4ytt\u00f6: Manuaalinen testaus lattiatasolta<\/p>\n<\/li>\n<\/ul>","protected":false},"excerpt":{"rendered":"<p>Testifire 2001 -testipakkaus on t\u00e4ydellinen testipakkaus savu-, l\u00e4mp\u00f6- ja h\u00e4k\u00e4ilmaisimien turvalliseen testaukseen.<\/p>\n<p>Pakkaus on mukautettu testaamaan jopa noin 4 metrin korkeuksia ja sopii asentajille, kiinteist\u00f6nomistajille ja huoltohenkil\u00f6st\u00f6lle.<\/p>\n<p>K\u00e4tev\u00e4 ratkaisu ilmaisimien s\u00e4\u00e4nn\u00f6llisiin toimintatarkastuksiin.<\/p>","protected":false},"featured_media":162174,"template":"","meta":{"_acf_changed":false},"product_brand":[],"product_cat":[3848,2946],"product_tag":[],"class_list":{"0":"post-162175","1":"product","2":"type-product","3":"status-publish","4":"has-post-thumbnail","6":"product_cat-testifire-kit","7":"product_cat-testifire","8":"tm-no-options","10":"first","11":"onbackorder","12":"taxable","13":"shipping-taxable","14":"purchasable","15":"product-type-simple"},"acf":[],"_links":{"self":[{"href":"https:\/\/secureus.se\/fi\/wp-json\/wp\/v2\/product\/162175","targetHints":{"allow":["GET"]}}],"collection":[{"href":"https:\/\/secureus.se\/fi\/wp-json\/wp\/v2\/product"}],"about":[{"href":"https:\/\/secureus.se\/fi\/wp-json\/wp\/v2\/types\/product"}],"wp:featuredmedia":[{"embeddable":true,"href":"https:\/\/secureus.se\/fi\/wp-json\/wp\/v2\/media\/162174"}],"wp:attachment":[{"href":"https:\/\/secureus.se\/fi\/wp-json\/wp\/v2\/media?parent=162175"}],"wp:term":[{"taxonomy":"product_brand","embeddable":true,"href":"https:\/\/secureus.se\/fi\/wp-json\/wp\/v2\/product_brand?post=162175"},{"taxonomy":"product_cat","embeddable":true,"href":"https:\/\/secureus.se\/fi\/wp-json\/wp\/v2\/product_cat?post=162175"},{"taxonomy":"product_tag","embeddable":true,"href":"https:\/\/secureus.se\/fi\/wp-json\/wp\/v2\/product_tag?post=162175"}],"curies":[{"name":"wp","href":"https:\/\/api.w.org\/{rel}","templated":true}]}}