{"id":162177,"date":"2025-11-21T14:39:40","date_gmt":"2025-11-21T13:39:40","guid":{"rendered":"https:\/\/secureus.se\/provkit-testifire-xtr2-provningshojd-93-m-varme-co-rok-vaskor-nedtagare\/"},"modified":"2026-04-23T12:43:50","modified_gmt":"2026-04-23T10:43:50","slug":"provkit-testifire-2001-provningshojd-93-m-varme-co-rok-vaskor-nedtagare","status":"publish","type":"product","link":"https:\/\/secureus.se\/fi\/provkit-testifire-2001-provningshojd-93-m-varme-co-rok-vaskor-nedtagare\/","title":{"rendered":"Testifire 2001 -testipakkaus, testikorkeus 9,3 m (l\u00e4mp\u00f6 + CO + savu) \u2013 Laukut ja alasviennit"},"content":{"rendered":"<h1>Testifire 2001 -testipakkaus, testikorkeus 9,3 m (l\u00e4mp\u00f6 + CO + savu) \u2013 Laukut ja alasviennit<\/h1>\n<h3 data-start=\"338\" data-end=\"404\">Savu-, l\u00e4mp\u00f6- ja h\u00e4k\u00e4ilmaisimien turvallinen testaus korkeissa korkeuksissa<\/h3>\n<p data-start=\"405\" data-end=\"627\">Testifire 2001 -testipakkaus on suunniteltu testaamaan savuilmaisimia, l\u00e4mp\u00f6ilmaisimia ja hiilimonoksidiilmaisimia realistisilla testausmenetelmill\u00e4.<\/p>\n<p data-start=\"405\" data-end=\"627\">T\u00e4m\u00e4 varmistaa, ett\u00e4 ilmaisimet toimivat oikein ja t\u00e4ytt\u00e4v\u00e4t turvallisuusvaatimukset.<\/p>\n<h3 data-start=\"629\" data-end=\"671\">Tehokas testaus jopa 9,3 metrin et\u00e4isyydelt\u00e4<\/h3>\n<p data-start=\"672\" data-end=\"895\">Pakkaus on mukautettu testauskorkeuksiin, jotka ovat enint\u00e4\u00e4n noin 9,3 metri\u00e4.<\/p>\n<p data-start=\"672\" data-end=\"895\">Mukana toimitettavien laukkujen ja laskeutumislaitteiden avulla testej\u00e4 voidaan suorittaa turvallisesti korkeissa korkeuksissa ilman tikkaita tai nostimia, mik\u00e4 v\u00e4hent\u00e4\u00e4 riskej\u00e4 ja s\u00e4\u00e4st\u00e4\u00e4 aikaa.<\/p>\n<h3 data-start=\"897\" data-end=\"953\">T\u00e4ydellinen testaussarja ammattik\u00e4ytt\u00f6\u00f6n<\/h3>\n<p data-start=\"954\" data-end=\"1197\">Pakkaus sis\u00e4lt\u00e4\u00e4 Testifire 2001:n, Solo 100:n, kolme Solo 101 -ilmaisinta, TS3:n ja Solo 610:n, tarjoten t\u00e4ydellisen ratkaisun palo- ja h\u00e4k\u00e4ilmaisimien huoltoon, yll\u00e4pitoon ja k\u00e4ytt\u00f6\u00f6nottoon.<\/p>\n<p data-start=\"954\" data-end=\"1197\">Kaikki on suunniteltu tarjoamaan joustavaa ja luotettavaa ty\u00f6prosessia.<\/p>\n<p data-start=\"1199\" data-end=\"1214\"><strong data-start=\"1199\" data-end=\"1212\">Edut:<\/strong><\/p>\n<ul data-start=\"1215\" data-end=\"1450\">\n<li data-start=\"1215\" data-end=\"1256\">\n<p data-start=\"1217\" data-end=\"1256\">Testaa savu-, l\u00e4mp\u00f6- ja h\u00e4k\u00e4ilmaisimia<\/p>\n<\/li>\n<li data-start=\"1257\" data-end=\"1297\">\n<p data-start=\"1259\" data-end=\"1297\">Testaus jopa 9,3 metrin korkeudessa<\/p>\n<\/li>\n<li data-start=\"1298\" data-end=\"1343\">\n<p data-start=\"1300\" data-end=\"1343\">Turvallinen k\u00e4ytt\u00f6 laukkujen ja ker\u00e4yslaitteiden kanssa<\/p>\n<\/li>\n<li data-start=\"1344\" data-end=\"1381\">\n<p data-start=\"1346\" data-end=\"1381\">Realistiset testausolosuhteet<\/p>\n<\/li>\n<li data-start=\"1382\" data-end=\"1450\">\n<p data-start=\"1384\" data-end=\"1450\">Sopii asennukseen, huoltoon ja kunnossapitoon korkeissa rakennuksissa<\/p>\n<\/li>\n<\/ul>\n<p data-start=\"1452\" data-end=\"1477\"><strong data-start=\"1452\" data-end=\"1475\">K\u00e4ytt\u00f6alueet:<\/strong><\/p>\n<ul data-start=\"1478\" data-end=\"1617\">\n<li data-start=\"1478\" data-end=\"1525\">\n<p data-start=\"1480\" data-end=\"1525\">Palo- ja h\u00e4k\u00e4varoittimien huolto ja kunnossapito<\/p>\n<\/li>\n<li data-start=\"1526\" data-end=\"1566\">\n<p data-start=\"1528\" data-end=\"1566\">Toiminnan tarkistus uuden asennuksen aikana<\/p>\n<\/li>\n<li data-start=\"1567\" data-end=\"1617\">\n<p data-start=\"1569\" data-end=\"1617\">Testaus kaupallisissa ja julkisissa ymp\u00e4rist\u00f6iss\u00e4<\/p>\n<\/li>\n<\/ul>\n<p data-start=\"1619\" data-end=\"1650\"><strong data-start=\"1619\" data-end=\"1648\">TEKNISET TIEDOT:<\/strong><\/p>\n<ul data-start=\"1651\" data-end=\"2037\">\n<li data-start=\"1651\" data-end=\"1694\">\n<p data-start=\"1653\" data-end=\"1694\">Tuotetyyppi: Ilmaisimen testipakkaus<\/p>\n<\/li>\n<li data-start=\"1695\" data-end=\"1759\">\n<p data-start=\"1697\" data-end=\"1759\">Ilmaisintyypit: Savuilmaisimet, l\u00e4mp\u00f6ilmaisimet, h\u00e4k\u00e4ilmaisimet<\/p>\n<\/li>\n<li data-start=\"1760\" data-end=\"1794\">\n<p data-start=\"1762\" data-end=\"1794\">Testauskorkeus: Noin 9,3 metri\u00e4<\/p>\n<\/li>\n<li data-start=\"1795\" data-end=\"1840\">\n<p data-start=\"1797\" data-end=\"1840\">Testausmenetelm\u00e4t: Savu-, l\u00e4mp\u00f6- ja hiilimonoksiditestaus<\/p>\n<\/li>\n<li data-start=\"1841\" data-end=\"1908\">\n<p data-start=\"1843\" data-end=\"1908\">Sis\u00e4lt\u00f6: Testifire 2001, Solo 100, 3 \u00d7 Solo 101, TS3, Solo 610<\/p>\n<\/li>\n<li data-start=\"1909\" data-end=\"1944\">\n<p data-start=\"1911\" data-end=\"1944\">Lis\u00e4varusteet: Laukut ja purkuv\u00e4lineet<\/p>\n<\/li>\n<li data-start=\"1945\" data-end=\"1989\">\n<p data-start=\"1947\" data-end=\"1989\">K\u00e4ytt\u00f6: Manuaalinen testaus korkealla<\/p>\n<\/li>\n<li data-start=\"1990\" data-end=\"2037\">\n<p data-start=\"1992\" data-end=\"2037\">Kohderyhm\u00e4: Asentajat ja huoltohenkil\u00f6st\u00f6<\/p>\n<\/li>\n<\/ul>","protected":false},"excerpt":{"rendered":"<p>Testifire 2001 -testisarja on t\u00e4ydellinen testisarja savu-, l\u00e4mp\u00f6- ja h\u00e4k\u00e4ilmaisimille, ja se soveltuu testauskorkeuksiin jopa noin 9,3 metri\u00e4.<\/p>\n<p>Sarja sis\u00e4lt\u00e4\u00e4 laukut ja purkulaitteen, ja se sopii asentajille ja huoltohenkil\u00f6st\u00f6lle, jotka tarvitsevat turvallisia ja tehokkaita toimintatarkastuksia korkeissa korkeuksissa.<\/p>","protected":false},"featured_media":162176,"template":"","meta":{"_acf_changed":false},"product_brand":[],"product_cat":[3848,2946],"product_tag":[],"class_list":{"0":"post-162177","1":"product","2":"type-product","3":"status-publish","4":"has-post-thumbnail","6":"product_cat-testifire-kit","7":"product_cat-testifire","8":"tm-no-options","10":"first","11":"instock","12":"taxable","13":"shipping-taxable","14":"purchasable","15":"product-type-simple"},"acf":[],"_links":{"self":[{"href":"https:\/\/secureus.se\/fi\/wp-json\/wp\/v2\/product\/162177","targetHints":{"allow":["GET"]}}],"collection":[{"href":"https:\/\/secureus.se\/fi\/wp-json\/wp\/v2\/product"}],"about":[{"href":"https:\/\/secureus.se\/fi\/wp-json\/wp\/v2\/types\/product"}],"wp:featuredmedia":[{"embeddable":true,"href":"https:\/\/secureus.se\/fi\/wp-json\/wp\/v2\/media\/162176"}],"wp:attachment":[{"href":"https:\/\/secureus.se\/fi\/wp-json\/wp\/v2\/media?parent=162177"}],"wp:term":[{"taxonomy":"product_brand","embeddable":true,"href":"https:\/\/secureus.se\/fi\/wp-json\/wp\/v2\/product_brand?post=162177"},{"taxonomy":"product_cat","embeddable":true,"href":"https:\/\/secureus.se\/fi\/wp-json\/wp\/v2\/product_cat?post=162177"},{"taxonomy":"product_tag","embeddable":true,"href":"https:\/\/secureus.se\/fi\/wp-json\/wp\/v2\/product_tag?post=162177"}],"curies":[{"name":"wp","href":"https:\/\/api.w.org\/{rel}","templated":true}]}}