{"id":162179,"date":"2025-11-21T14:39:36","date_gmt":"2025-11-21T13:39:36","guid":{"rendered":"https:\/\/secureus.se\/provkit-testifire-xtr2-provningshojd-73-m-varme-co-rok-vaskor-nedtagare\/"},"modified":"2026-04-23T12:44:02","modified_gmt":"2026-04-23T10:44:02","slug":"provkit-testifire-2001-provningshojd-73-m-varme-co-rok-vaskor-nedtagare","status":"publish","type":"product","link":"https:\/\/secureus.se\/fi\/provkit-testifire-2001-provningshojd-73-m-varme-co-rok-vaskor-nedtagare\/","title":{"rendered":"Testifire 2001 -testipakkaus, testikorkeus 7,3 m (l\u00e4mp\u00f6 + CO + savu) \u2013 Sy\u00f6ksytorvet ja -pussit"},"content":{"rendered":"<h1>Testifire 2001 -testipakkaus, testikorkeus 7,3 m (l\u00e4mp\u00f6 + CO + savu) \u2013 Sy\u00f6ksytorvet ja -pussit<\/h1>\n<h3 data-start=\"315\" data-end=\"369\">Savu-, l\u00e4mp\u00f6- ja h\u00e4k\u00e4ilmaisimien turvallinen testaus<\/h3>\n<p data-start=\"370\" data-end=\"614\">Testifire 2001 -testipakkaus mahdollistaa savuilmaisimien, l\u00e4mp\u00f6ilmaisimien ja hiilimonoksidiilmaisimien tarkkojen ja realististen toimintatestien suorittamisen.<\/p>\n<p data-start=\"370\" data-end=\"614\">Testit varmistavat, ett\u00e4 ilmaisimet reagoivat oikein ja t\u00e4ytt\u00e4v\u00e4t turvallisuusvaatimukset.<\/p>\n<h3 data-start=\"616\" data-end=\"658\">Tehokas testaus jopa 7,3 metrin et\u00e4isyydelt\u00e4<\/h3>\n<p data-start=\"659\" data-end=\"874\">Pakkaus on suunniteltu testaamaan jopa noin 7,3 metrin korkeuksia.<\/p>\n<p data-start=\"659\" data-end=\"874\">Laukkujen ja purkulaitteiden avulla varusteita voidaan kuljettaa ja k\u00e4ytt\u00e4\u00e4 korkealla turvallisesti ja k\u00e4yt\u00e4nn\u00f6llisesti ilman tikkaita tai nostimia.<\/p>\n<h3 data-start=\"876\" data-end=\"927\">T\u00e4ydellinen testaussarja ammattik\u00e4ytt\u00f6\u00f6n<\/h3>\n<p data-start=\"928\" data-end=\"1151\">Pakkaus sis\u00e4lt\u00e4\u00e4 Testifire 2001:n, Solo 108:n, kolme Solo 101:t\u00e4, TS3:n, Solo 200:n ja Solo 610:n.<\/p>\n<p data-start=\"928\" data-end=\"1151\">T\u00e4m\u00e4 yhdistelm\u00e4 tarjoaa joustavan ja luotettavan ratkaisun palo- ja h\u00e4k\u00e4ilmaisimien asennukseen, huoltoon ja s\u00e4\u00e4nn\u00f6lliseen yll\u00e4pitoon.<\/p>\n<p data-start=\"1153\" data-end=\"1168\"><strong data-start=\"1153\" data-end=\"1166\">Edut:<\/strong><\/p>\n<ul data-start=\"1169\" data-end=\"1394\">\n<li data-start=\"1169\" data-end=\"1210\">\n<p data-start=\"1171\" data-end=\"1210\">Testaa savu-, l\u00e4mp\u00f6- ja h\u00e4k\u00e4ilmaisimia<\/p>\n<\/li>\n<li data-start=\"1211\" data-end=\"1248\">\n<p data-start=\"1213\" data-end=\"1248\">Testaus jopa 7,3 metrin korkeudessa<\/p>\n<\/li>\n<li data-start=\"1249\" data-end=\"1307\">\n<p data-start=\"1251\" data-end=\"1307\">Turvallinen kuljetus ja k\u00e4sittely pussien ja purkulaitteiden avulla<\/p>\n<\/li>\n<li data-start=\"1308\" data-end=\"1340\">\n<p data-start=\"1310\" data-end=\"1340\">Realistinen toiminnallinen testaus<\/p>\n<\/li>\n<li data-start=\"1341\" data-end=\"1394\">\n<p data-start=\"1343\" data-end=\"1394\">Sopii kaupallisiin ja julkisiin rakennuksiin<\/p>\n<\/li>\n<\/ul>\n<p data-start=\"1396\" data-end=\"1421\"><strong data-start=\"1396\" data-end=\"1419\">K\u00e4ytt\u00f6alueet:<\/strong><\/p>\n<ul data-start=\"1422\" data-end=\"1566\">\n<li data-start=\"1422\" data-end=\"1469\">\n<p data-start=\"1424\" data-end=\"1469\">Palo- ja h\u00e4k\u00e4varoittimien huolto ja kunnossapito<\/p>\n<\/li>\n<li data-start=\"1470\" data-end=\"1510\">\n<p data-start=\"1472\" data-end=\"1510\">Toiminnan tarkistus uuden asennuksen aikana<\/p>\n<\/li>\n<li data-start=\"1511\" data-end=\"1566\">\n<p data-start=\"1513\" data-end=\"1566\">Testaus korkeissa rakennuksissa ja teollisuusymp\u00e4rist\u00f6iss\u00e4<\/p>\n<\/li>\n<\/ul>\n<p data-start=\"1568\" data-end=\"1599\"><strong data-start=\"1568\" data-end=\"1597\">TEKNISET TIEDOT:<\/strong><\/p>\n<ul data-start=\"1600\" data-end=\"2001\">\n<li data-start=\"1600\" data-end=\"1643\">\n<p data-start=\"1602\" data-end=\"1643\">Tuotetyyppi: Ilmaisimen testipakkaus<\/p>\n<\/li>\n<li data-start=\"1644\" data-end=\"1708\">\n<p data-start=\"1646\" data-end=\"1708\">Ilmaisintyypit: Savuilmaisimet, l\u00e4mp\u00f6ilmaisimet, h\u00e4k\u00e4ilmaisimet<\/p>\n<\/li>\n<li data-start=\"1709\" data-end=\"1743\">\n<p data-start=\"1711\" data-end=\"1743\">Testauskorkeus: Noin 7,3 metri\u00e4<\/p>\n<\/li>\n<li data-start=\"1744\" data-end=\"1789\">\n<p data-start=\"1746\" data-end=\"1789\">Testausmenetelm\u00e4t: Savu-, l\u00e4mp\u00f6- ja hiilimonoksiditestaus<\/p>\n<\/li>\n<li data-start=\"1790\" data-end=\"1867\">\n<p data-start=\"1792\" data-end=\"1867\">Sis\u00e4lt\u00f6: Testifire 2001, Solo 108, 3 \u00d7 Solo 101, TS3, Solo 200, Solo 610<\/p>\n<\/li>\n<li data-start=\"1868\" data-end=\"1903\">\n<p data-start=\"1870\" data-end=\"1903\">Lis\u00e4varusteet: Laukut ja purkuv\u00e4lineet<\/p>\n<\/li>\n<li data-start=\"1904\" data-end=\"1953\">\n<p data-start=\"1906\" data-end=\"1953\">K\u00e4ytt\u00f6: Manuaalinen testaus keskikorkeudessa<\/p>\n<\/li>\n<li data-start=\"1954\" data-end=\"2001\">\n<p data-start=\"1956\" data-end=\"2001\">Kohderyhm\u00e4: Asentajat ja huoltohenkil\u00f6st\u00f6<\/p>\n<\/li>\n<\/ul>","protected":false},"excerpt":{"rendered":"<p>Testifire 2001 -testisarja on t\u00e4ydellinen testisarja savu-, l\u00e4mp\u00f6- ja h\u00e4k\u00e4ilmaisimille noin 7,3 metriin asti.<\/p>\n<p>Pakkaus sis\u00e4lt\u00e4\u00e4 laukkuja ja laskeutumislaitteen, ja se on suunniteltu asentajille ja huoltohenkil\u00f6st\u00f6lle, jotka tarvitsevat turvallista ja tehokasta testausta keskikorkeilla.<\/p>","protected":false},"featured_media":162178,"template":"","meta":{"_acf_changed":false},"product_brand":[],"product_cat":[3848,2946],"product_tag":[],"class_list":{"0":"post-162179","1":"product","2":"type-product","3":"status-publish","4":"has-post-thumbnail","6":"product_cat-testifire-kit","7":"product_cat-testifire","8":"tm-no-options","10":"first","11":"instock","12":"taxable","13":"shipping-taxable","14":"purchasable","15":"product-type-simple"},"acf":[],"_links":{"self":[{"href":"https:\/\/secureus.se\/fi\/wp-json\/wp\/v2\/product\/162179","targetHints":{"allow":["GET"]}}],"collection":[{"href":"https:\/\/secureus.se\/fi\/wp-json\/wp\/v2\/product"}],"about":[{"href":"https:\/\/secureus.se\/fi\/wp-json\/wp\/v2\/types\/product"}],"wp:featuredmedia":[{"embeddable":true,"href":"https:\/\/secureus.se\/fi\/wp-json\/wp\/v2\/media\/162178"}],"wp:attachment":[{"href":"https:\/\/secureus.se\/fi\/wp-json\/wp\/v2\/media?parent=162179"}],"wp:term":[{"taxonomy":"product_brand","embeddable":true,"href":"https:\/\/secureus.se\/fi\/wp-json\/wp\/v2\/product_brand?post=162179"},{"taxonomy":"product_cat","embeddable":true,"href":"https:\/\/secureus.se\/fi\/wp-json\/wp\/v2\/product_cat?post=162179"},{"taxonomy":"product_tag","embeddable":true,"href":"https:\/\/secureus.se\/fi\/wp-json\/wp\/v2\/product_tag?post=162179"}],"curies":[{"name":"wp","href":"https:\/\/api.w.org\/{rel}","templated":true}]}}