{"id":162181,"date":"2025-11-21T14:39:32","date_gmt":"2025-11-21T13:39:32","guid":{"rendered":"https:\/\/secureus.se\/provkit-testifire-xtr2-provningshojd-93-m-varme-rok-vaskor-nedtagare\/"},"modified":"2026-04-23T12:44:20","modified_gmt":"2026-04-23T10:44:20","slug":"provkit-testifire-xtr2-provningshojd-93-m-varme-rok-vaskor-nedtagare","status":"publish","type":"product","link":"https:\/\/secureus.se\/fi\/provkit-testifire-xtr2-provningshojd-93-m-varme-rok-vaskor-nedtagare\/","title":{"rendered":"Testifire XTR2 -testipakkaus, testikorkeus 9,3 m (l\u00e4mp\u00f6 + savu) \u2013 Laukut ja alasviennit"},"content":{"rendered":"<h1>Testifire XTR2 -testipakkaus, testikorkeus 9,3 m (l\u00e4mp\u00f6 + savu) \u2013 Laukut ja alasviennit<\/h1>\n<h3 data-start=\"307\" data-end=\"355\">Savu- ja l\u00e4mp\u00f6ilmaisimien turvallinen testaus<\/h3>\n<p data-start=\"356\" data-end=\"561\">Testifire XTR2 -testipakkaus mahdollistaa savu- ja l\u00e4mp\u00f6ilmaisimien tarkan testauksen realistisilla testausmenetelmill\u00e4.<\/p>\n<p data-start=\"356\" data-end=\"561\">T\u00e4m\u00e4 varmistaa, ett\u00e4 ilmaisimet toimivat oikein ja t\u00e4ytt\u00e4v\u00e4t sovellettavat turvallisuusvaatimukset.<\/p>\n<h3 data-start=\"563\" data-end=\"596\">Testaus jopa 9,3 metriin asti<\/h3>\n<p data-start=\"597\" data-end=\"812\">Pakkaus on mukautettu testauskorkeuksiin, jotka ovat enint\u00e4\u00e4n noin 9,3 metri\u00e4.<\/p>\n<p data-start=\"597\" data-end=\"812\">Laukkujen ja purkulaitteiden avulla varusteita voidaan kuljettaa ja k\u00e4ytt\u00e4\u00e4 korkealla turvallisesti ja k\u00e4yt\u00e4nn\u00f6llisesti ilman tikkaita tai nostimia.<\/p>\n<h3 data-start=\"814\" data-end=\"856\">T\u00e4ydellinen sarja ammattik\u00e4ytt\u00f6\u00f6n<\/h3>\n<p data-start=\"857\" data-end=\"1076\">Testipakkaus sis\u00e4lt\u00e4\u00e4 Testifire 1001:n, Solo 100:n, kolme Solo 101 -mittaria, TS3:n, Solo 200:n ja Solo 610:n.<\/p>\n<p data-start=\"857\" data-end=\"1076\">Yhdistelm\u00e4 tarjoaa joustavan ja luotettavan ratkaisun palovaroittimien asennukseen, huoltoon ja s\u00e4\u00e4nn\u00f6lliseen yll\u00e4pitoon.<\/p>\n<p data-start=\"1078\" data-end=\"1093\"><strong data-start=\"1078\" data-end=\"1091\">Edut:<\/strong><\/p>\n<ul data-start=\"1094\" data-end=\"1313\">\n<li data-start=\"1094\" data-end=\"1129\">\n<p data-start=\"1096\" data-end=\"1129\">Savu- ja l\u00e4mp\u00f6ilmaisimien testaus<\/p>\n<\/li>\n<li data-start=\"1130\" data-end=\"1167\">\n<p data-start=\"1132\" data-end=\"1167\">Testaus jopa 9,3 metrin korkeudessa<\/p>\n<\/li>\n<li data-start=\"1168\" data-end=\"1226\">\n<p data-start=\"1170\" data-end=\"1226\">Turvallinen kuljetus ja k\u00e4sittely pussien ja purkulaitteiden avulla<\/p>\n<\/li>\n<li data-start=\"1227\" data-end=\"1259\">\n<p data-start=\"1229\" data-end=\"1259\">Realistinen toiminnallinen testaus<\/p>\n<\/li>\n<li data-start=\"1260\" data-end=\"1313\">\n<p data-start=\"1262\" data-end=\"1313\">Sopii kaupallisiin ja julkisiin rakennuksiin<\/p>\n<\/li>\n<\/ul>\n<p data-start=\"1315\" data-end=\"1340\"><strong data-start=\"1315\" data-end=\"1338\">K\u00e4ytt\u00f6alueet:<\/strong><\/p>\n<ul data-start=\"1341\" data-end=\"1476\">\n<li data-start=\"1341\" data-end=\"1379\">\n<p data-start=\"1343\" data-end=\"1379\">Palovaroittimen huolto ja kunnossapito<\/p>\n<\/li>\n<li data-start=\"1380\" data-end=\"1420\">\n<p data-start=\"1382\" data-end=\"1420\">Toiminnan tarkistus uuden asennuksen aikana<\/p>\n<\/li>\n<li data-start=\"1421\" data-end=\"1476\">\n<p data-start=\"1423\" data-end=\"1476\">Testaus korkeissa rakennuksissa ja teollisuusymp\u00e4rist\u00f6iss\u00e4<\/p>\n<\/li>\n<\/ul>\n<p data-start=\"1478\" data-end=\"1509\"><strong data-start=\"1478\" data-end=\"1507\">TEKNISET TIEDOT:<\/strong><\/p>\n<ul data-start=\"1510\" data-end=\"1885\">\n<li data-start=\"1510\" data-end=\"1553\">\n<p data-start=\"1512\" data-end=\"1553\">Tuotetyyppi: Ilmaisimen testipakkaus<\/p>\n<\/li>\n<li data-start=\"1554\" data-end=\"1603\">\n<p data-start=\"1556\" data-end=\"1603\">Ilmaisintyypit: Savuilmaisimet, l\u00e4mp\u00f6ilmaisimet<\/p>\n<\/li>\n<li data-start=\"1604\" data-end=\"1638\">\n<p data-start=\"1606\" data-end=\"1638\">Testauskorkeus: Noin 9,3 metri\u00e4<\/p>\n<\/li>\n<li data-start=\"1639\" data-end=\"1678\">\n<p data-start=\"1641\" data-end=\"1678\">Testausmenetelm\u00e4t: Savu- ja l\u00e4mp\u00f6testaus<\/p>\n<\/li>\n<li data-start=\"1679\" data-end=\"1756\">\n<p data-start=\"1681\" data-end=\"1756\">Sis\u00e4lt\u00f6: Testifire 1001, Solo 100, 3 \u00d7 Solo 101, TS3, Solo 200, Solo 610<\/p>\n<\/li>\n<li data-start=\"1757\" data-end=\"1792\">\n<p data-start=\"1759\" data-end=\"1792\">Lis\u00e4varusteet: Laukut ja purkuv\u00e4lineet<\/p>\n<\/li>\n<li data-start=\"1793\" data-end=\"1837\">\n<p data-start=\"1795\" data-end=\"1837\">K\u00e4ytt\u00f6: Manuaalinen testaus korkealla<\/p>\n<\/li>\n<li data-start=\"1838\" data-end=\"1885\">\n<p data-start=\"1840\" data-end=\"1885\">Kohderyhm\u00e4: Asentajat ja huoltohenkil\u00f6st\u00f6<\/p>\n<\/li>\n<\/ul>","protected":false},"excerpt":{"rendered":"<p>Testifire XTR2 -testisarja on t\u00e4ydellinen testisarja savu- ja l\u00e4mp\u00f6ilmaisimille jopa noin 9,3 metrin p\u00e4\u00e4h\u00e4n.<\/p>\n<p>Pakkaus sis\u00e4lt\u00e4\u00e4 laukut ja downriggerin, ja se on suunniteltu asentajille ja huoltohenkil\u00f6st\u00f6lle, jotka tarvitsevat turvallista ja tehokasta testausta korkealla merenpinnasta.<\/p>","protected":false},"featured_media":162180,"template":"","meta":{"_acf_changed":false},"product_brand":[],"product_cat":[3848,2946],"product_tag":[],"class_list":{"0":"post-162181","1":"product","2":"type-product","3":"status-publish","4":"has-post-thumbnail","6":"product_cat-testifire-kit","7":"product_cat-testifire","8":"tm-no-options","10":"first","11":"instock","12":"taxable","13":"shipping-taxable","14":"purchasable","15":"product-type-simple"},"acf":[],"_links":{"self":[{"href":"https:\/\/secureus.se\/fi\/wp-json\/wp\/v2\/product\/162181","targetHints":{"allow":["GET"]}}],"collection":[{"href":"https:\/\/secureus.se\/fi\/wp-json\/wp\/v2\/product"}],"about":[{"href":"https:\/\/secureus.se\/fi\/wp-json\/wp\/v2\/types\/product"}],"wp:featuredmedia":[{"embeddable":true,"href":"https:\/\/secureus.se\/fi\/wp-json\/wp\/v2\/media\/162180"}],"wp:attachment":[{"href":"https:\/\/secureus.se\/fi\/wp-json\/wp\/v2\/media?parent=162181"}],"wp:term":[{"taxonomy":"product_brand","embeddable":true,"href":"https:\/\/secureus.se\/fi\/wp-json\/wp\/v2\/product_brand?post=162181"},{"taxonomy":"product_cat","embeddable":true,"href":"https:\/\/secureus.se\/fi\/wp-json\/wp\/v2\/product_cat?post=162181"},{"taxonomy":"product_tag","embeddable":true,"href":"https:\/\/secureus.se\/fi\/wp-json\/wp\/v2\/product_tag?post=162181"}],"curies":[{"name":"wp","href":"https:\/\/api.w.org\/{rel}","templated":true}]}}