{"id":162185,"date":"2025-11-21T14:39:31","date_gmt":"2025-11-21T13:39:31","guid":{"rendered":"https:\/\/secureus.se\/provkit-testifire-xtr2-provningshojd-93-m-varme-rok-vaskor\/"},"modified":"2026-03-26T12:23:15","modified_gmt":"2026-03-26T11:23:15","slug":"provkit-testifire-xtr2-provningshojd-93-m-varme-rok-vaskor","status":"publish","type":"product","link":"https:\/\/secureus.se\/fi\/provkit-testifire-xtr2-provningshojd-93-m-varme-rok-vaskor\/","title":{"rendered":"Testifire XTR2 -testipakkaus, testikorkeus 9,3 m (l\u00e4mp\u00f6 + savu) \u2013 Laukut"},"content":{"rendered":"<h1>Testifire XTR2 -testipakkaus, testikorkeus 9,3 m (l\u00e4mp\u00f6 + savu) \u2013 Laukut<\/h1>\n<h3 data-start=\"294\" data-end=\"355\">Savu- ja l\u00e4mp\u00f6ilmaisimien turvallinen ja luotettava testaus<\/h3>\n<p data-start=\"356\" data-end=\"541\">Testifire XTR2 -testipakkaus mahdollistaa savu- ja l\u00e4mp\u00f6ilmaisimien testaamisen realistisilla menetelmill\u00e4 varmistaen, ett\u00e4 ilmaisimet toimivat oikein ja t\u00e4ytt\u00e4v\u00e4t turvallisuusvaatimukset.<\/p>\n<h3 data-start=\"543\" data-end=\"576\">Testaus jopa 9,3 metriin asti<\/h3>\n<p data-start=\"577\" data-end=\"776\">Pakkaus on suunniteltu testaamaan jopa noin 9,3 metrin korkeuksia.<\/p>\n<p data-start=\"577\" data-end=\"776\">Mukana tulevien laukkujen avulla varusteita voidaan kuljettaa ja k\u00e4ytt\u00e4\u00e4 turvallisesti korkealla ilmanalalla ilman tikkaita tai nostimia.<\/p>\n<h3 data-start=\"778\" data-end=\"834\">T\u00e4ydellinen testaussarja ammattik\u00e4ytt\u00f6\u00f6n<\/h3>\n<p data-start=\"835\" data-end=\"1044\">Testipakkaus sis\u00e4lt\u00e4\u00e4 Testifire 1001:n, Solo 100:n, kolme Solo 101:t\u00e4, TS3:n ja Solo 610:n.<\/p>\n<p data-start=\"835\" data-end=\"1044\">Yhdistelm\u00e4 tarjoaa joustavan ja luotettavan ratkaisun palovaroittimien asennukseen, huoltoon ja s\u00e4\u00e4nn\u00f6lliseen yll\u00e4pitoon.<\/p>\n<p data-start=\"1046\" data-end=\"1061\"><strong data-start=\"1046\" data-end=\"1059\">Edut:<\/strong><\/p>\n<ul data-start=\"1062\" data-end=\"1280\">\n<li data-start=\"1062\" data-end=\"1097\">\n<p data-start=\"1064\" data-end=\"1097\">Savu- ja l\u00e4mp\u00f6ilmaisimien testaus<\/p>\n<\/li>\n<li data-start=\"1098\" data-end=\"1135\">\n<p data-start=\"1100\" data-end=\"1135\">Testaus jopa 9,3 metrin korkeudessa<\/p>\n<\/li>\n<li data-start=\"1136\" data-end=\"1180\">\n<p data-start=\"1138\" data-end=\"1180\">Turvallinen kuljetus ja s\u00e4ilytys pussien avulla<\/p>\n<\/li>\n<li data-start=\"1181\" data-end=\"1226\">\n<p data-start=\"1183\" data-end=\"1226\">Realistinen ja luotettava toiminnallinen testaus<\/p>\n<\/li>\n<li data-start=\"1227\" data-end=\"1280\">\n<p data-start=\"1229\" data-end=\"1280\">Sopii kaupallisiin ja julkisiin rakennuksiin<\/p>\n<\/li>\n<\/ul>\n<p data-start=\"1282\" data-end=\"1307\"><strong data-start=\"1282\" data-end=\"1305\">K\u00e4ytt\u00f6alueet:<\/strong><\/p>\n<ul data-start=\"1308\" data-end=\"1443\">\n<li data-start=\"1308\" data-end=\"1346\">\n<p data-start=\"1310\" data-end=\"1346\">Palovaroittimen huolto ja kunnossapito<\/p>\n<\/li>\n<li data-start=\"1347\" data-end=\"1387\">\n<p data-start=\"1349\" data-end=\"1387\">Toiminnan tarkistus uuden asennuksen aikana<\/p>\n<\/li>\n<li data-start=\"1388\" data-end=\"1443\">\n<p data-start=\"1390\" data-end=\"1443\">Testaus korkeissa rakennuksissa ja teollisuusymp\u00e4rist\u00f6iss\u00e4<\/p>\n<\/li>\n<\/ul>\n<p data-start=\"1445\" data-end=\"1476\"><strong data-start=\"1445\" data-end=\"1474\">TEKNISET TIEDOT:<\/strong><\/p>\n<ul data-start=\"1477\" data-end=\"1828\">\n<li data-start=\"1477\" data-end=\"1520\">\n<p data-start=\"1479\" data-end=\"1520\">Tuotetyyppi: Ilmaisimen testipakkaus<\/p>\n<\/li>\n<li data-start=\"1521\" data-end=\"1570\">\n<p data-start=\"1523\" data-end=\"1570\">Ilmaisintyypit: Savuilmaisimet, l\u00e4mp\u00f6ilmaisimet<\/p>\n<\/li>\n<li data-start=\"1571\" data-end=\"1605\">\n<p data-start=\"1573\" data-end=\"1605\">Testauskorkeus: Noin 9,3 metri\u00e4<\/p>\n<\/li>\n<li data-start=\"1606\" data-end=\"1645\">\n<p data-start=\"1608\" data-end=\"1645\">Testausmenetelm\u00e4t: Savu- ja l\u00e4mp\u00f6testaus<\/p>\n<\/li>\n<li data-start=\"1646\" data-end=\"1713\">\n<p data-start=\"1648\" data-end=\"1713\">Sis\u00e4lt\u00f6: Testifire XTR2 lis\u00e4varusteineen, Solo 100, 3 \u00d7 Solo 101, TS3, Solo 610<\/p>\n<\/li>\n<li data-start=\"1714\" data-end=\"1735\">\n<p data-start=\"1716\" data-end=\"1735\">Asusteet: Laukut<\/p>\n<\/li>\n<li data-start=\"1736\" data-end=\"1780\">\n<p data-start=\"1738\" data-end=\"1780\">K\u00e4ytt\u00f6: Manuaalinen testaus korkealla<\/p>\n<\/li>\n<\/ul>","protected":false},"excerpt":{"rendered":"<p>Testifire XTR2 -testisarja on t\u00e4ydellinen testisarja savu- ja l\u00e4mp\u00f6ilmaisimille jopa noin 9,3 metrin p\u00e4\u00e4h\u00e4n.<\/p>\n<p>Pakkaus sis\u00e4lt\u00e4\u00e4 laukut, ja se on ihanteellinen asentajille ja huoltohenkil\u00f6st\u00f6lle, jotka tarvitsevat turvallista ja tehokasta testausta korkeissa korkeuksissa.<\/p>","protected":false},"featured_media":162184,"template":"","meta":{"_acf_changed":false},"product_brand":[],"product_cat":[3848,2946],"product_tag":[],"class_list":{"0":"post-162185","1":"product","2":"type-product","3":"status-publish","4":"has-post-thumbnail","6":"product_cat-testifire-kit","7":"product_cat-testifire","8":"tm-no-options","10":"first","11":"onbackorder","12":"sale","13":"taxable","14":"shipping-taxable","15":"purchasable","16":"product-type-simple"},"acf":[],"_links":{"self":[{"href":"https:\/\/secureus.se\/fi\/wp-json\/wp\/v2\/product\/162185","targetHints":{"allow":["GET"]}}],"collection":[{"href":"https:\/\/secureus.se\/fi\/wp-json\/wp\/v2\/product"}],"about":[{"href":"https:\/\/secureus.se\/fi\/wp-json\/wp\/v2\/types\/product"}],"wp:featuredmedia":[{"embeddable":true,"href":"https:\/\/secureus.se\/fi\/wp-json\/wp\/v2\/media\/162184"}],"wp:attachment":[{"href":"https:\/\/secureus.se\/fi\/wp-json\/wp\/v2\/media?parent=162185"}],"wp:term":[{"taxonomy":"product_brand","embeddable":true,"href":"https:\/\/secureus.se\/fi\/wp-json\/wp\/v2\/product_brand?post=162185"},{"taxonomy":"product_cat","embeddable":true,"href":"https:\/\/secureus.se\/fi\/wp-json\/wp\/v2\/product_cat?post=162185"},{"taxonomy":"product_tag","embeddable":true,"href":"https:\/\/secureus.se\/fi\/wp-json\/wp\/v2\/product_tag?post=162185"}],"curies":[{"name":"wp","href":"https:\/\/api.w.org\/{rel}","templated":true}]}}