{"id":162187,"date":"2025-11-21T14:39:36","date_gmt":"2025-11-21T13:39:36","guid":{"rendered":"https:\/\/secureus.se\/provkit-testifire-xtr2-provningshojd-73-m-varme-co-rok-vaskor\/"},"modified":"2026-04-23T12:44:07","modified_gmt":"2026-04-23T10:44:07","slug":"provkit-testifire-2001-provningshojd-73-m-varme-co-rok-vaskor","status":"publish","type":"product","link":"https:\/\/secureus.se\/fi\/provkit-testifire-2001-provningshojd-73-m-varme-co-rok-vaskor\/","title":{"rendered":"Testifire 2001 -testipakkaus, testikorkeus 7,3 m (l\u00e4mp\u00f6 + CO + savu) \u2013 Laukut"},"content":{"rendered":"<h1>Testifire 2001 -testipakkaus, testikorkeus 7,3 m (l\u00e4mp\u00f6 + CO + savu) \u2013 Laukut<\/h1>\n<h3 data-start=\"304\" data-end=\"366\">Savu-, l\u00e4mp\u00f6- ja h\u00e4k\u00e4ilmaisimien luotettava testaus<\/h3>\n<p data-start=\"367\" data-end=\"597\">Testifire 2001 -testipakkauksen avulla voit tarkistaa savuilmaisimien, l\u00e4mp\u00f6ilmaisimien ja hiilimonoksidiilmaisimien toiminnan realistisilla testimenetelmill\u00e4.<\/p>\n<p data-start=\"367\" data-end=\"597\">T\u00e4m\u00e4 varmistaa, ett\u00e4 ilmaisimet reagoivat oikein ja t\u00e4ytt\u00e4v\u00e4t turvallisuusvaatimukset.<\/p>\n<h3 data-start=\"599\" data-end=\"632\">Testaus jopa 7,3 metriin asti<\/h3>\n<p data-start=\"633\" data-end=\"834\">Pakkaus on suunniteltu testaamaan jopa noin 7,3 metrin korkeuksia.<\/p>\n<p data-start=\"633\" data-end=\"834\">Mukana tulevien laukkujen avulla laitteita voidaan kuljettaa ja k\u00e4ytt\u00e4\u00e4 turvallisesti ja k\u00e4yt\u00e4nn\u00f6llisesti ilman tikkaita tai nostimia.<\/p>\n<h3 data-start=\"836\" data-end=\"887\">T\u00e4ydellinen testaussarja ammattik\u00e4ytt\u00f6\u00f6n<\/h3>\n<p data-start=\"888\" data-end=\"1110\">Testipakkaus sis\u00e4lt\u00e4\u00e4 Testifire 2001:n, Solo 108:n, kolme Solo 101:t\u00e4, TS3:n ja Solo 610:n.<\/p>\n<p data-start=\"888\" data-end=\"1110\">T\u00e4m\u00e4 yhdistelm\u00e4 tarjoaa joustavan ja luotettavan ratkaisun palo- ja h\u00e4k\u00e4ilmaisimien asennukseen, huoltoon ja s\u00e4\u00e4nn\u00f6lliseen yll\u00e4pitoon.<\/p>\n<p data-start=\"1112\" data-end=\"1127\"><strong data-start=\"1112\" data-end=\"1125\">Edut:<\/strong><\/p>\n<ul data-start=\"1128\" data-end=\"1352\">\n<li data-start=\"1128\" data-end=\"1169\">\n<p data-start=\"1130\" data-end=\"1169\">Testaa savu-, l\u00e4mp\u00f6- ja h\u00e4k\u00e4ilmaisimia<\/p>\n<\/li>\n<li data-start=\"1170\" data-end=\"1207\">\n<p data-start=\"1172\" data-end=\"1207\">Testaus jopa 7,3 metrin korkeudessa<\/p>\n<\/li>\n<li data-start=\"1208\" data-end=\"1252\">\n<p data-start=\"1210\" data-end=\"1252\">Turvallinen kuljetus ja s\u00e4ilytys pussien avulla<\/p>\n<\/li>\n<li data-start=\"1253\" data-end=\"1298\">\n<p data-start=\"1255\" data-end=\"1298\">Realistinen ja luotettava toiminnallinen testaus<\/p>\n<\/li>\n<li data-start=\"1299\" data-end=\"1352\">\n<p data-start=\"1301\" data-end=\"1352\">Sopii kaupallisiin ja julkisiin rakennuksiin<\/p>\n<\/li>\n<\/ul>\n<p data-start=\"1354\" data-end=\"1379\"><strong data-start=\"1354\" data-end=\"1377\">K\u00e4ytt\u00f6alueet:<\/strong><\/p>\n<ul data-start=\"1380\" data-end=\"1528\">\n<li data-start=\"1380\" data-end=\"1427\">\n<p data-start=\"1382\" data-end=\"1427\">Palo- ja h\u00e4k\u00e4varoittimien huolto ja kunnossapito<\/p>\n<\/li>\n<li data-start=\"1428\" data-end=\"1468\">\n<p data-start=\"1430\" data-end=\"1468\">Toiminnan tarkistus uuden asennuksen aikana<\/p>\n<\/li>\n<li data-start=\"1469\" data-end=\"1528\">\n<p data-start=\"1471\" data-end=\"1528\">Testaus keskikorkeissa rakennuksissa ja teollisuusymp\u00e4rist\u00f6iss\u00e4<\/p>\n<\/li>\n<\/ul>\n<p data-start=\"1530\" data-end=\"1561\"><strong data-start=\"1530\" data-end=\"1559\">TEKNISET TIEDOT:<\/strong><\/p>\n<ul data-start=\"1562\" data-end=\"1939\">\n<li data-start=\"1562\" data-end=\"1605\">\n<p data-start=\"1564\" data-end=\"1605\">Tuotetyyppi: Ilmaisimen testipakkaus<\/p>\n<\/li>\n<li data-start=\"1606\" data-end=\"1670\">\n<p data-start=\"1608\" data-end=\"1670\">Ilmaisintyypit: Savuilmaisimet, l\u00e4mp\u00f6ilmaisimet, h\u00e4k\u00e4ilmaisimet<\/p>\n<\/li>\n<li data-start=\"1671\" data-end=\"1705\">\n<p data-start=\"1673\" data-end=\"1705\">Testauskorkeus: Noin 7,3 metri\u00e4<\/p>\n<\/li>\n<li data-start=\"1706\" data-end=\"1751\">\n<p data-start=\"1708\" data-end=\"1751\">Testausmenetelm\u00e4t: Savu-, l\u00e4mp\u00f6- ja hiilimonoksiditestaus<\/p>\n<\/li>\n<li data-start=\"1752\" data-end=\"1819\">\n<p data-start=\"1754\" data-end=\"1819\">Sis\u00e4lt\u00f6: Testifire 2001, Solo 108, 3 \u00d7 Solo 101, TS3, Solo 610<\/p>\n<\/li>\n<li data-start=\"1820\" data-end=\"1841\">\n<p data-start=\"1822\" data-end=\"1841\">Asusteet: Laukut<\/p>\n<\/li>\n<li data-start=\"1842\" data-end=\"1891\">\n<p data-start=\"1844\" data-end=\"1891\">K\u00e4ytt\u00f6: Manuaalinen testaus keskikorkeudessa<\/p>\n<\/li>\n<li data-start=\"1892\" data-end=\"1939\">\n<p data-start=\"1894\" data-end=\"1939\">\n<\/li>\n<\/ul>","protected":false},"excerpt":{"rendered":"<p>Testifire 2001 -testisarja on t\u00e4ydellinen testisarja savu-, l\u00e4mp\u00f6- ja h\u00e4k\u00e4ilmaisimille noin 7,3 metriin asti.<\/p>\n<p>Pakkaus sis\u00e4lt\u00e4\u00e4 laukut ja sopii asentajille ja huoltohenkil\u00f6st\u00f6lle, jotka tarvitsevat turvallista ja tehokasta toiminnanohjausta keskikorkeudella.<\/p>","protected":false},"featured_media":162186,"template":"","meta":{"_acf_changed":false},"product_brand":[],"product_cat":[3848,2946],"product_tag":[],"class_list":{"0":"post-162187","1":"product","2":"type-product","3":"status-publish","4":"has-post-thumbnail","6":"product_cat-testifire-kit","7":"product_cat-testifire","8":"tm-no-options","10":"first","11":"instock","12":"taxable","13":"shipping-taxable","14":"purchasable","15":"product-type-simple"},"acf":[],"_links":{"self":[{"href":"https:\/\/secureus.se\/fi\/wp-json\/wp\/v2\/product\/162187","targetHints":{"allow":["GET"]}}],"collection":[{"href":"https:\/\/secureus.se\/fi\/wp-json\/wp\/v2\/product"}],"about":[{"href":"https:\/\/secureus.se\/fi\/wp-json\/wp\/v2\/types\/product"}],"wp:featuredmedia":[{"embeddable":true,"href":"https:\/\/secureus.se\/fi\/wp-json\/wp\/v2\/media\/162186"}],"wp:attachment":[{"href":"https:\/\/secureus.se\/fi\/wp-json\/wp\/v2\/media?parent=162187"}],"wp:term":[{"taxonomy":"product_brand","embeddable":true,"href":"https:\/\/secureus.se\/fi\/wp-json\/wp\/v2\/product_brand?post=162187"},{"taxonomy":"product_cat","embeddable":true,"href":"https:\/\/secureus.se\/fi\/wp-json\/wp\/v2\/product_cat?post=162187"},{"taxonomy":"product_tag","embeddable":true,"href":"https:\/\/secureus.se\/fi\/wp-json\/wp\/v2\/product_tag?post=162187"}],"curies":[{"name":"wp","href":"https:\/\/api.w.org\/{rel}","templated":true}]}}