{"id":162189,"date":"2025-11-21T14:39:32","date_gmt":"2025-11-21T13:39:32","guid":{"rendered":"https:\/\/secureus.se\/provkit-testifire-xtr2-provningshojd-27-m-varme-co-rok\/"},"modified":"2026-04-08T15:59:31","modified_gmt":"2026-04-08T13:59:31","slug":"provkit-testifire-2001-provningshojd-27-m-varme-co-rok","status":"publish","type":"product","link":"https:\/\/secureus.se\/fi\/provkit-testifire-2001-provningshojd-27-m-varme-co-rok\/","title":{"rendered":"Testifire 2001 -testipakkaus, testikorkeus 2,7 m (l\u00e4mp\u00f6 + CO + savu)"},"content":{"rendered":"<h1>Testifire 2001 -testipakkaus, testikorkeus 2,7 m (l\u00e4mp\u00f6 + CO + savu)<\/h1>\n<h3 data-start=\"317\" data-end=\"381\">Savu-, l\u00e4mp\u00f6- ja h\u00e4k\u00e4ilmaisimien helppo ja turvallinen testaus<\/h3>\n<p data-start=\"382\" data-end=\"644\">Testifire 2001 -testipakkauksella voidaan tarkistaa, ett\u00e4 savuilmaisimet, l\u00e4mp\u00f6ilmaisimet ja hiilimonoksidiilmaisimet toimivat oikein.<\/p>\n<p data-start=\"382\" data-end=\"644\">Realistiset testausmenetelm\u00e4t varmistavat, ett\u00e4 ilmaisimet reagoivat asianmukaisesti tulipaloon tai kaasuun liittyviss\u00e4 tilanteissa.<\/p>\n<h3 data-start=\"646\" data-end=\"672\">Matalalla testaaminen<\/h3>\n<p data-start=\"673\" data-end=\"889\">Pakkaus on mukautettu testaamaan jopa noin 2,7 metrin korkeuksia, joten ilmaisimien testaaminen suoraan lattiatasolta ilman tikkaita on helppoa.<\/p>\n<p data-start=\"673\" data-end=\"889\">T\u00e4m\u00e4 s\u00e4\u00e4st\u00e4\u00e4 aikaa ja minimoi riskit huollon ja kunnossapidon aikana.<\/p>\n<h3 data-start=\"891\" data-end=\"942\">T\u00e4ydellinen testaussarja ammattik\u00e4ytt\u00f6\u00f6n<\/h3>\n<p data-start=\"943\" data-end=\"1102\">Pakkaus sis\u00e4lt\u00e4\u00e4 Testifire 2001:n ja Solo 101:n, jotka tarjoavat luotettavan ratkaisun palo- ja h\u00e4k\u00e4ilmaisimien asennukseen, huoltoon ja m\u00e4\u00e4r\u00e4aikaistestaukseen.<\/p>\n<p data-start=\"1104\" data-end=\"1119\"><strong data-start=\"1104\" data-end=\"1117\">Edut:<\/strong><\/p>\n<ul data-start=\"1120\" data-end=\"1339\">\n<li data-start=\"1120\" data-end=\"1161\">\n<p data-start=\"1122\" data-end=\"1161\">Testaa savu-, l\u00e4mp\u00f6- ja h\u00e4k\u00e4ilmaisimia<\/p>\n<\/li>\n<li data-start=\"1162\" data-end=\"1199\">\n<p data-start=\"1164\" data-end=\"1199\">Testaus jopa 2,7 metrin korkeudessa<\/p>\n<\/li>\n<li data-start=\"1200\" data-end=\"1244\">\n<p data-start=\"1202\" data-end=\"1244\">Helppo ja turvallinen k\u00e4ytt\u00e4\u00e4 lattiatasolta<\/p>\n<\/li>\n<li data-start=\"1245\" data-end=\"1277\">\n<p data-start=\"1247\" data-end=\"1277\">Realistinen toiminnallinen testaus<\/p>\n<\/li>\n<li data-start=\"1278\" data-end=\"1339\">\n<p data-start=\"1280\" data-end=\"1339\">Sopii sek\u00e4 asuin- ett\u00e4 pieniin liiketiloihin<\/p>\n<\/li>\n<\/ul>\n<p data-start=\"1341\" data-end=\"1366\"><strong data-start=\"1341\" data-end=\"1364\">K\u00e4ytt\u00f6alueet:<\/strong><\/p>\n<ul data-start=\"1367\" data-end=\"1503\">\n<li data-start=\"1367\" data-end=\"1414\">\n<p data-start=\"1369\" data-end=\"1414\">Palo- ja h\u00e4k\u00e4varoittimien huolto ja yll\u00e4pito<\/p>\n<\/li>\n<li data-start=\"1415\" data-end=\"1455\">\n<p data-start=\"1417\" data-end=\"1455\">Toiminnan tarkistus uuden asennuksen aikana<\/p>\n<\/li>\n<li data-start=\"1456\" data-end=\"1503\">\n<p data-start=\"1458\" data-end=\"1503\">Testaus kodeissa, toimistoissa ja pienemmiss\u00e4 rakennuksissa<\/p>\n<\/li>\n<\/ul>\n<p data-start=\"1505\" data-end=\"1536\"><strong data-start=\"1505\" data-end=\"1534\">TEKNISET TIEDOT:<\/strong><\/p>\n<ul data-start=\"1537\" data-end=\"1864\">\n<li data-start=\"1537\" data-end=\"1580\">\n<p data-start=\"1539\" data-end=\"1580\">Tuotetyyppi: Ilmaisimen testipakkaus<\/p>\n<\/li>\n<li data-start=\"1581\" data-end=\"1645\">\n<p data-start=\"1583\" data-end=\"1645\">Ilmaisintyypit: Savuilmaisimet, l\u00e4mp\u00f6ilmaisimet, h\u00e4k\u00e4ilmaisimet<\/p>\n<\/li>\n<li data-start=\"1646\" data-end=\"1680\">\n<p data-start=\"1648\" data-end=\"1680\">Testauskorkeus: Noin 2,7 metri\u00e4<\/p>\n<\/li>\n<li data-start=\"1681\" data-end=\"1726\">\n<p data-start=\"1683\" data-end=\"1726\">Testausmenetelm\u00e4t: Savu-, l\u00e4mp\u00f6- ja hiilimonoksiditestaus<\/p>\n<\/li>\n<li data-start=\"1727\" data-end=\"1765\">\n<p data-start=\"1729\" data-end=\"1765\">Sis\u00e4lt\u00f6: Testifire 2001, Solo 101<\/p>\n<\/li>\n<li data-start=\"1766\" data-end=\"1812\">\n<p data-start=\"1768\" data-end=\"1812\">K\u00e4ytt\u00f6: Manuaalinen testaus lattiatasolta<\/p>\n<\/li>\n<li data-start=\"1813\" data-end=\"1864\">\n<p data-start=\"1815\" data-end=\"1864\">Kohderyhm\u00e4: Asentajat ja kiinteist\u00f6nhaltijat<\/p>\n<\/li>\n<\/ul>","protected":false},"excerpt":{"rendered":"<p>Testifire 2001 -testipakkaus on kompakti testipakkaus savu-, l\u00e4mp\u00f6- ja h\u00e4k\u00e4ilmaisimille jopa noin 2,7 metrin p\u00e4\u00e4h\u00e4n.<\/p>\n<p>Pakkaus sis\u00e4lt\u00e4\u00e4 Testifire 2001:n ja Solo 101:n, ja se sopii asentajille ja kiinteist\u00f6nhaltijoille, jotka tarvitsevat turvallista ja helppoa toimintojen ohjausta matalalla ilmanalalla.<\/p>","protected":false},"featured_media":162188,"template":"","meta":{"_acf_changed":false},"product_brand":[],"product_cat":[3848,2946],"product_tag":[],"class_list":{"0":"post-162189","1":"product","2":"type-product","3":"status-publish","4":"has-post-thumbnail","6":"product_cat-testifire-kit","7":"product_cat-testifire","8":"tm-no-options","10":"first","11":"instock","12":"taxable","13":"shipping-taxable","14":"purchasable","15":"product-type-simple"},"acf":[],"_links":{"self":[{"href":"https:\/\/secureus.se\/fi\/wp-json\/wp\/v2\/product\/162189","targetHints":{"allow":["GET"]}}],"collection":[{"href":"https:\/\/secureus.se\/fi\/wp-json\/wp\/v2\/product"}],"about":[{"href":"https:\/\/secureus.se\/fi\/wp-json\/wp\/v2\/types\/product"}],"wp:featuredmedia":[{"embeddable":true,"href":"https:\/\/secureus.se\/fi\/wp-json\/wp\/v2\/media\/162188"}],"wp:attachment":[{"href":"https:\/\/secureus.se\/fi\/wp-json\/wp\/v2\/media?parent=162189"}],"wp:term":[{"taxonomy":"product_brand","embeddable":true,"href":"https:\/\/secureus.se\/fi\/wp-json\/wp\/v2\/product_brand?post=162189"},{"taxonomy":"product_cat","embeddable":true,"href":"https:\/\/secureus.se\/fi\/wp-json\/wp\/v2\/product_cat?post=162189"},{"taxonomy":"product_tag","embeddable":true,"href":"https:\/\/secureus.se\/fi\/wp-json\/wp\/v2\/product_tag?post=162189"}],"curies":[{"name":"wp","href":"https:\/\/api.w.org\/{rel}","templated":true}]}}