{"id":162193,"date":"2025-11-21T14:39:28","date_gmt":"2025-11-21T13:39:28","guid":{"rendered":"https:\/\/secureus.se\/provkit-testifire-xtr2-provningshojd-73-m-varme-rok-vaskor\/"},"modified":"2026-04-08T15:59:36","modified_gmt":"2026-04-08T13:59:36","slug":"provkit-testifire-xtr2-provningshojd-73-m-varme-rok-vaskor","status":"publish","type":"product","link":"https:\/\/secureus.se\/fi\/provkit-testifire-xtr2-provningshojd-73-m-varme-rok-vaskor\/","title":{"rendered":"Testifire XTR2 -testipakkaus, testikorkeus 7,3 m (l\u00e4mp\u00f6 + savu) \u2013 Laukut"},"content":{"rendered":"<h1>Testifire XTR2 -testipakkaus, testikorkeus 7,3 m (l\u00e4mp\u00f6 + savu) \u2013 Laukut<\/h1>\n<h3 data-start=\"488\" data-end=\"544\">Savu- ja l\u00e4mp\u00f6ilmaisimien ammattimainen testaus<\/h3>\n<p data-start=\"545\" data-end=\"806\">Testifire XTR2 -testisarja on kehitetty savu- ja l\u00e4mp\u00f6ilmaisimien turvalliseen ja tehokkaaseen toiminnan testaamiseen rakennuksissa, joissa vaaditaan ty\u00f6skentely\u00e4 korkealla.<\/p>\n<p data-start=\"545\" data-end=\"806\">Lattialta testaaminen v\u00e4hent\u00e4\u00e4 tikkaiden ja nostimien tarvetta, mik\u00e4 parantaa sek\u00e4 turvallisuutta ett\u00e4 ty\u00f6nkulkua.<\/p>\n<h3 data-start=\"808\" data-end=\"848\">Palovaroittimien realistinen testaus<\/h3>\n<p data-start=\"849\" data-end=\"1094\">Testifire 1001 -laitetta k\u00e4ytet\u00e4\u00e4n tuottamaan hallittua savua ja l\u00e4mp\u00f6\u00e4, jotka aktivoivat ilmaisimen realistisella tavalla.<\/p>\n<p data-start=\"849\" data-end=\"1094\">T\u00e4m\u00e4 varmistaa, ett\u00e4 ilmaisimet reagoivat oikein ja t\u00e4ytt\u00e4v\u00e4t paloh\u00e4lytysj\u00e4rjestelmien huoltoa, tarkastusta ja kunnossapitoa koskevat vaatimukset.<\/p>\n<h3 data-start=\"1096\" data-end=\"1139\">Joustava ja helppok\u00e4ytt\u00f6inen testipakkaus<\/h3>\n<p data-start=\"1140\" data-end=\"1351\">Teleskooppitankojen avulla testausta voidaan suorittaa jopa noin 7,3 metrin korkeuteen asti.<\/p>\n<p data-start=\"1140\" data-end=\"1351\">Pakkaus on mukautettu p\u00e4ivitt\u00e4iseen ammattik\u00e4ytt\u00f6\u00f6n ja toimitetaan k\u00e4yt\u00e4nn\u00f6llisiss\u00e4 pusseissa, jotka suojaavat laitteita kuljetuksen ja varastoinnin aikana.<\/p>\n<p data-start=\"1353\" data-end=\"1522\">T\u00e4m\u00e4 testipakkaus sopii erityisesti palveluyrityksille, palontorjuntateknikoille ja kiinteist\u00f6nhaltijoille, jotka tarvitsevat luotettavan ratkaisun ilmaisimien s\u00e4\u00e4nn\u00f6lliseen testaukseen.<\/p>\n<h3 data-start=\"1524\" data-end=\"1556\">Tyypillisi\u00e4 k\u00e4ytt\u00f6tarkoituksia<\/h3>\n<ul data-start=\"1557\" data-end=\"1661\">\n<li data-start=\"1557\" data-end=\"1591\">\n<p data-start=\"1559\" data-end=\"1591\">Toimisto- ja liiketilat<\/p>\n<\/li>\n<li data-start=\"1592\" data-end=\"1618\">\n<p data-start=\"1594\" data-end=\"1618\">Koulut ja terveydenhuollon ymp\u00e4rist\u00f6t<\/p>\n<\/li>\n<li data-start=\"1619\" data-end=\"1661\">\n<p data-start=\"1621\" data-end=\"1661\">Varastot, teollisuus ja julkiset tilat<\/p>\n<\/li>\n<\/ul>\n<p data-start=\"1668\" data-end=\"1699\"><strong data-start=\"1668\" data-end=\"1697\">TEKNISET TIEDOT:<\/strong><\/p>\n<ul data-start=\"1700\" data-end=\"1903\">\n<li data-start=\"1700\" data-end=\"1730\">\n<p data-start=\"1702\" data-end=\"1730\">Testauskorkeus: noin 7,3 m<\/p>\n<\/li>\n<li data-start=\"1731\" data-end=\"1774\">\n<p data-start=\"1733\" data-end=\"1774\">Ilmaisintyypit: Savu- ja l\u00e4mp\u00f6ilmaisimet<\/p>\n<\/li>\n<li data-start=\"1775\" data-end=\"1809\">\n<p data-start=\"1777\" data-end=\"1809\">Testilaitteisto: Testifire 1001<\/p>\n<\/li>\n<li data-start=\"1810\" data-end=\"1846\">\n<p data-start=\"1812\" data-end=\"1846\">Vavat: Solo 108 + 3 x Solo 101<\/p>\n<\/li>\n<li data-start=\"1847\" data-end=\"1875\">\n<p data-start=\"1849\" data-end=\"1875\">Lis\u00e4varusteet: TS3, Solo 610<\/p>\n<\/li>\n<li data-start=\"1876\" data-end=\"1903\">\n<p data-start=\"1878\" data-end=\"1903\">S\u00e4ilytys: Laukut sis\u00e4ltyv\u00e4t hintaan<\/p>\n<\/li>\n<\/ul>","protected":false},"excerpt":{"rendered":"<p data-start=\"131\" data-end=\"457\">Testifire XTR2 -testisarja on t\u00e4ydellinen testisarja savu- ja l\u00e4mp\u00f6ilmaisimien testaamiseen noin 7,3 metrin korkuisiin asti.<\/p>\n<p data-start=\"131\" data-end=\"457\">Pakkaus on tarkoitettu ammattitaitoisille asentajille ja huoltohenkil\u00f6st\u00f6lle, jotka suorittavat palovaroittimien s\u00e4\u00e4nn\u00f6llisi\u00e4 tarkastuksia.<\/p>\n<p data-start=\"131\" data-end=\"457\">Toimitetaan testauslaitteiden, teleskooppitangon ja kuljetuslaukkujen kanssa.<\/p>","protected":false},"featured_media":162192,"template":"","meta":{"_acf_changed":false},"product_brand":[],"product_cat":[3848,2946],"product_tag":[],"class_list":{"0":"post-162193","1":"product","2":"type-product","3":"status-publish","4":"has-post-thumbnail","6":"product_cat-testifire-kit","7":"product_cat-testifire","8":"tm-no-options","10":"first","11":"instock","12":"taxable","13":"shipping-taxable","14":"purchasable","15":"product-type-simple"},"acf":[],"_links":{"self":[{"href":"https:\/\/secureus.se\/fi\/wp-json\/wp\/v2\/product\/162193","targetHints":{"allow":["GET"]}}],"collection":[{"href":"https:\/\/secureus.se\/fi\/wp-json\/wp\/v2\/product"}],"about":[{"href":"https:\/\/secureus.se\/fi\/wp-json\/wp\/v2\/types\/product"}],"wp:featuredmedia":[{"embeddable":true,"href":"https:\/\/secureus.se\/fi\/wp-json\/wp\/v2\/media\/162192"}],"wp:attachment":[{"href":"https:\/\/secureus.se\/fi\/wp-json\/wp\/v2\/media?parent=162193"}],"wp:term":[{"taxonomy":"product_brand","embeddable":true,"href":"https:\/\/secureus.se\/fi\/wp-json\/wp\/v2\/product_brand?post=162193"},{"taxonomy":"product_cat","embeddable":true,"href":"https:\/\/secureus.se\/fi\/wp-json\/wp\/v2\/product_cat?post=162193"},{"taxonomy":"product_tag","embeddable":true,"href":"https:\/\/secureus.se\/fi\/wp-json\/wp\/v2\/product_tag?post=162193"}],"curies":[{"name":"wp","href":"https:\/\/api.w.org\/{rel}","templated":true}]}}