{"id":162197,"date":"2025-11-21T14:39:28","date_gmt":"2025-11-21T13:39:28","guid":{"rendered":"https:\/\/secureus.se\/provkit-testifire-xtr2-provningshojd-27-m-varme-rok\/"},"modified":"2026-04-08T15:59:42","modified_gmt":"2026-04-08T13:59:42","slug":"provkit-testifire-xtr2-provningshojd-27-m-varme-rok","status":"publish","type":"product","link":"https:\/\/secureus.se\/fi\/provkit-testifire-xtr2-provningshojd-27-m-varme-rok\/","title":{"rendered":"Testifire XTR2 -testipakkaus, testikorkeus 2,7 m (l\u00e4mp\u00f6 + savu)"},"content":{"rendered":"<h1>Testifire XTR2 -testipakkaus, testikorkeus 2,7 m (l\u00e4mp\u00f6 + savu)<\/h1>\n<h3 data-start=\"453\" data-end=\"502\">Kompakti ratkaisu palovaroittimien testaamiseen<\/h3>\n<p data-start=\"503\" data-end=\"766\">Testifire XTR2 -testipakkaus on suunniteltu savu- ja l\u00e4mp\u00f6ilmaisimien turvalliseen ja luotettavaan toiminnan testaamiseen matalakattoisissa ymp\u00e4rist\u00f6iss\u00e4.<\/p>\n<p data-start=\"503\" data-end=\"766\">Pakkaus mahdollistaa testaamisen lattiatasolta eik\u00e4 tarvitse tikkaita, mik\u00e4 yksinkertaistaa ty\u00f6t\u00e4 ja v\u00e4hent\u00e4\u00e4 onnettomuusriski\u00e4.<\/p>\n<h3 data-start=\"768\" data-end=\"809\">Savun ja l\u00e4mm\u00f6n testaus ty\u00f6kalulla<\/h3>\n<p data-start=\"810\" data-end=\"1024\">Testifire 1001 tuottaa hallitusti savua ja l\u00e4mp\u00f6\u00e4 varmistaakseen, ett\u00e4 ilmaisin reagoi h\u00e4lytykseen oikein.<\/p>\n<p data-start=\"810\" data-end=\"1024\">T\u00e4m\u00e4 varmistaa, ett\u00e4 palovaroitin toimii sovellettavien vaatimusten mukaisesti huollon ja m\u00e4\u00e4r\u00e4aikaistarkastusten aikana.<\/p>\n<h3 data-start=\"1026\" data-end=\"1066\">Helppo k\u00e4sitell\u00e4 p\u00e4ivitt\u00e4isess\u00e4 ty\u00f6ss\u00e4<\/h3>\n<p data-start=\"1067\" data-end=\"1282\">Solo 101 -tangolla ylt\u00e4t helposti jopa noin 2,7 metrin korkeuteen asti oleviin ilmaisimiin.<\/p>\n<p data-start=\"1067\" data-end=\"1282\">Sarja on kevyt, helppok\u00e4ytt\u00f6inen ja sopii erityisesti toimistoihin, hotellihuoneisiin, asuinrakennuksiin ja muihin normaalikorkeisiin tiloihin.<\/p>\n<p data-start=\"1284\" data-end=\"1450\">Testisarja on erinomainen valinta asentajille, huoltohenkil\u00f6st\u00f6lle ja kiinteist\u00f6nomistajille, jotka tarvitsevat tehokkaan ja luotettavan ratkaisun ilmaisimien s\u00e4\u00e4nn\u00f6lliseen testaukseen.<\/p>\n<p data-start=\"1457\" data-end=\"1488\"><strong data-start=\"1457\" data-end=\"1486\">TEKNISET TIEDOT:<\/strong><\/p>\n<ul data-start=\"1489\" data-end=\"1657\">\n<li data-start=\"1489\" data-end=\"1519\">\n<p data-start=\"1491\" data-end=\"1519\">Testauskorkeus: noin 2,7 m<\/p>\n<\/li>\n<li data-start=\"1520\" data-end=\"1563\">\n<p data-start=\"1522\" data-end=\"1563\">Ilmaisintyypit: Savu- ja l\u00e4mp\u00f6ilmaisimet<\/p>\n<\/li>\n<li data-start=\"1564\" data-end=\"1598\">\n<p data-start=\"1566\" data-end=\"1598\">Testilaitteisto: Testifire 1001<\/p>\n<\/li>\n<li data-start=\"1599\" data-end=\"1618\">\n<p data-start=\"1601\" data-end=\"1618\">Vapa: Solo 101<\/p>\n<\/li>\n<li data-start=\"1619\" data-end=\"1657\">\n<p data-start=\"1621\" data-end=\"1657\">Sovellus: Testaus lattiatasolta<\/p>\n<\/li>\n<\/ul>","protected":false},"excerpt":{"rendered":"<p>Testifire XTR2 -testipakkaus on kompakti testipakkaus savu- ja l\u00e4mp\u00f6ilmaisimien testaamiseen noin 2,7 metrin korkuisiin asti.<\/p>\n<p>Ratkaisu sopii erinomaisesti pienempiin tiloihin, joissa turvallinen testaus voidaan suorittaa suoraan lattiatasolta.<\/p>\n<p>Soveltuu paloilmoitinj\u00e4rjestelmien ammattimaiseen huoltoon.<\/p>","protected":false},"featured_media":162196,"template":"","meta":{"_acf_changed":false},"product_brand":[],"product_cat":[3848,2946],"product_tag":[],"class_list":{"0":"post-162197","1":"product","2":"type-product","3":"status-publish","4":"has-post-thumbnail","6":"product_cat-testifire-kit","7":"product_cat-testifire","8":"tm-no-options","10":"first","11":"instock","12":"taxable","13":"shipping-taxable","14":"purchasable","15":"product-type-simple"},"acf":[],"_links":{"self":[{"href":"https:\/\/secureus.se\/fi\/wp-json\/wp\/v2\/product\/162197","targetHints":{"allow":["GET"]}}],"collection":[{"href":"https:\/\/secureus.se\/fi\/wp-json\/wp\/v2\/product"}],"about":[{"href":"https:\/\/secureus.se\/fi\/wp-json\/wp\/v2\/types\/product"}],"wp:featuredmedia":[{"embeddable":true,"href":"https:\/\/secureus.se\/fi\/wp-json\/wp\/v2\/media\/162196"}],"wp:attachment":[{"href":"https:\/\/secureus.se\/fi\/wp-json\/wp\/v2\/media?parent=162197"}],"wp:term":[{"taxonomy":"product_brand","embeddable":true,"href":"https:\/\/secureus.se\/fi\/wp-json\/wp\/v2\/product_brand?post=162197"},{"taxonomy":"product_cat","embeddable":true,"href":"https:\/\/secureus.se\/fi\/wp-json\/wp\/v2\/product_cat?post=162197"},{"taxonomy":"product_tag","embeddable":true,"href":"https:\/\/secureus.se\/fi\/wp-json\/wp\/v2\/product_tag?post=162197"}],"curies":[{"name":"wp","href":"https:\/\/api.w.org\/{rel}","templated":true}]}}