{"id":162199,"date":"2025-11-21T14:39:25","date_gmt":"2025-11-21T13:39:25","guid":{"rendered":"https:\/\/secureus.se\/provkit-testifire-xtr2-provningshojd-4-m-varme-rok\/"},"modified":"2026-04-08T15:59:50","modified_gmt":"2026-04-08T13:59:50","slug":"provkit-testifire-xtr2-provningshojd-4-m-varme-rok","status":"publish","type":"product","link":"https:\/\/secureus.se\/fi\/provkit-testifire-xtr2-provningshojd-4-m-varme-rok\/","title":{"rendered":"Testifire XTR2 -testipakkaus, testikorkeus 4 m (l\u00e4mp\u00f6 + savu)"},"content":{"rendered":"<h1>Testifire XTR2 -testipakkaus, testikorkeus 4 m (l\u00e4mp\u00f6 + savu)<\/h1>\n<h3 data-start=\"510\" data-end=\"571\">Savu- ja l\u00e4mp\u00f6ilmaisimien turvallinen testaus jopa 4 metrin et\u00e4isyydelt\u00e4<\/h3>\n<p data-start=\"572\" data-end=\"833\">Testifire XTR2 -testisarja on kehitetty savu- ja l\u00e4mp\u00f6ilmaisimien tehokkaaseen toiminnan testaamiseen rakennuksissa, joiden kattokorkeus ylitt\u00e4\u00e4 standarditasot.<\/p>\n<p data-start=\"572\" data-end=\"833\">Lattialta suoritettava testaus v\u00e4hent\u00e4\u00e4 tikkaiden tarvetta, mik\u00e4 parantaa sek\u00e4 turvallisuutta ett\u00e4 ty\u00f6ymp\u00e4rist\u00f6\u00e4.<\/p>\n<h3 data-start=\"835\" data-end=\"874\">Realistinen testi savulla ja l\u00e4mm\u00f6ll\u00e4<\/h3>\n<p data-start=\"875\" data-end=\"1119\">Testifire 1001 tuottaa hallitusti savua ja l\u00e4mp\u00f6\u00e4 aktivoidakseen ilmaisimen realistisella tavalla.<\/p>\n<p data-start=\"875\" data-end=\"1119\">T\u00e4m\u00e4 varmistaa, ett\u00e4 ilmaisimet reagoivat oikein tulipalon sattuessa ja t\u00e4ytt\u00e4v\u00e4t huollon, tarkastuksen ja s\u00e4\u00e4nn\u00f6llisten tarkastusten vaatimukset.<\/p>\n<h3 data-start=\"1121\" data-end=\"1164\">Yksinkertainen ja ammattimainen ty\u00f6skentelyratkaisu<\/h3>\n<p data-start=\"1165\" data-end=\"1401\">Solo 108 -tangolla voit tavoittaa jopa noin 4 metrin korkuiset ilmaisimet vakaalla ja hallitusti.<\/p>\n<p data-start=\"1165\" data-end=\"1401\">Pakkaus on helppok\u00e4ytt\u00f6inen ja sopii hyvin p\u00e4ivitt\u00e4iseen ty\u00f6skentelyyn esimerkiksi toimistoissa, kouluissa, terveydenhuollon laitoksissa ja julkisissa rakennuksissa.<\/p>\n<p data-start=\"1403\" data-end=\"1561\">Testisarja on erinomainen valinta asentajille, huoltoyrityksille ja kiinteist\u00f6nhaltijoille, jotka tarvitsevat luotettavan ratkaisun ilmaisimien s\u00e4\u00e4nn\u00f6lliseen testaukseen.<\/p>\n<p data-start=\"1568\" data-end=\"1599\"><strong data-start=\"1568\" data-end=\"1597\">TEKNISET TIEDOT:<\/strong><\/p>\n<ul data-start=\"1600\" data-end=\"1766\">\n<li data-start=\"1600\" data-end=\"1628\">\n<p data-start=\"1602\" data-end=\"1628\">Testauskorkeus: noin 4 m<\/p>\n<\/li>\n<li data-start=\"1629\" data-end=\"1672\">\n<p data-start=\"1631\" data-end=\"1672\">Ilmaisintyypit: Savu- ja l\u00e4mp\u00f6ilmaisimet<\/p>\n<\/li>\n<li data-start=\"1673\" data-end=\"1707\">\n<p data-start=\"1675\" data-end=\"1707\">Testilaitteisto: Testifire 1001<\/p>\n<\/li>\n<li data-start=\"1708\" data-end=\"1727\">\n<p data-start=\"1710\" data-end=\"1727\">Vapa: Solo 108<\/p>\n<\/li>\n<li data-start=\"1728\" data-end=\"1766\">\n<p data-start=\"1730\" data-end=\"1766\">Sovellus: Testaus lattiatasolta<\/p>\n<\/li>\n<\/ul>","protected":false},"excerpt":{"rendered":"<p>Testifire XTR2 -testisarja on k\u00e4tev\u00e4 testisarja savu- ja l\u00e4mp\u00f6ilmaisimien testaamiseen noin 4 metrin korkuisina.<\/p>\n<p>Pakkaus on tarkoitettu turvalliseen testaamiseen lattiatasolta k\u00e4sin keskikorkeissa kattokorkeuksissa.<\/p>\n<p>Soveltuu paloilmoitinj\u00e4rjestelmien ammattimaiseen huoltoon ja kunnossapitoon.<\/p>","protected":false},"featured_media":162198,"template":"","meta":{"_acf_changed":false},"product_brand":[],"product_cat":[3848,2946],"product_tag":[],"class_list":{"0":"post-162199","1":"product","2":"type-product","3":"status-publish","4":"has-post-thumbnail","6":"product_cat-testifire-kit","7":"product_cat-testifire","8":"tm-no-options","10":"first","11":"instock","12":"taxable","13":"shipping-taxable","14":"purchasable","15":"product-type-simple"},"acf":[],"_links":{"self":[{"href":"https:\/\/secureus.se\/fi\/wp-json\/wp\/v2\/product\/162199","targetHints":{"allow":["GET"]}}],"collection":[{"href":"https:\/\/secureus.se\/fi\/wp-json\/wp\/v2\/product"}],"about":[{"href":"https:\/\/secureus.se\/fi\/wp-json\/wp\/v2\/types\/product"}],"wp:featuredmedia":[{"embeddable":true,"href":"https:\/\/secureus.se\/fi\/wp-json\/wp\/v2\/media\/162198"}],"wp:attachment":[{"href":"https:\/\/secureus.se\/fi\/wp-json\/wp\/v2\/media?parent=162199"}],"wp:term":[{"taxonomy":"product_brand","embeddable":true,"href":"https:\/\/secureus.se\/fi\/wp-json\/wp\/v2\/product_brand?post=162199"},{"taxonomy":"product_cat","embeddable":true,"href":"https:\/\/secureus.se\/fi\/wp-json\/wp\/v2\/product_cat?post=162199"},{"taxonomy":"product_tag","embeddable":true,"href":"https:\/\/secureus.se\/fi\/wp-json\/wp\/v2\/product_tag?post=162199"}],"curies":[{"name":"wp","href":"https:\/\/api.w.org\/{rel}","templated":true}]}}