{"id":162207,"date":"2025-11-21T14:05:01","date_gmt":"2025-11-21T13:05:01","guid":{"rendered":"https:\/\/secureus.se\/solo-303-solo-365-kit-provningshojd-4-m-provning-rok\/"},"modified":"2026-04-08T15:59:39","modified_gmt":"2026-04-08T13:59:39","slug":"solo-303-solo-365-kit-provningshojd-4-m-provning-rok","status":"publish","type":"product","link":"https:\/\/secureus.se\/fi\/solo-303-solo-365-kit-provningshojd-4-m-provning-rok\/","title":{"rendered":"Solo 303 \u2013 Solo 365 -sarjan testauskorkeus 4 m \u2013 Testattu savu"},"content":{"rendered":"<h1>Solo 303 \u2013 Solo 365 -sarjan testauskorkeus 4 m \u2013 Testattu savu<\/h1>\n<h3 data-start=\"451\" data-end=\"501\">Savuilmaisimien turvallinen ja tehokas testaus<\/h3>\n<p data-start=\"502\" data-end=\"743\">Solo 303\u2013Solo 365 -sarja on suunniteltu savunilmaisimien luotettavaan toiminnan testaamiseen keskikorkeissa rakennuksissa. Testaaminen suoraan lattiatasolta parantaa sek\u00e4 turvallisuutta ett\u00e4 ty\u00f6nkulkua huollon ja s\u00e4\u00e4nn\u00f6llisten tarkastusten aikana.<\/p>\n<h3 data-start=\"745\" data-end=\"773\">Realistinen savutestaus<\/h3>\n<p data-start=\"774\" data-end=\"988\">Solo 365 -savuilmaisimen testauslaite tuottaa kontrolloidun testiaerosolin, joka aktivoi savuilmaisimen j\u00e4tt\u00e4m\u00e4tt\u00e4 j\u00e4\u00e4mi\u00e4. T\u00e4m\u00e4 varmistaa, ett\u00e4 ilmaisin reagoi oikein ja t\u00e4ytt\u00e4\u00e4 tarkastus- ja huoltovaatimukset.<\/p>\n<h3 data-start=\"990\" data-end=\"1028\">Vakaa kantama jopa 4 metri\u00e4<\/h3>\n<p data-start=\"1029\" data-end=\"1200\">Solo 108 -teleskooppitangolla yletyt helposti ilmaisimiin jopa noin nelj\u00e4n metrin korkeuteen. Testip\u00e4\u00e4n ja -tangon yhdistelm\u00e4 tarjoaa hyv\u00e4n hallinnan ja tarkan asemoinnin testauksen aikana.<\/p>\n<h3 data-start=\"1202\" data-end=\"1242\">Sopii ammattimaisiin ymp\u00e4rist\u00f6ihin<\/h3>\n<p data-start=\"1243\" data-end=\"1380\">Testisarjaa k\u00e4ytet\u00e4\u00e4n edullisesti toimistoissa, kouluissa, terveydenhuollon laitoksissa ja julkisissa rakennuksissa, joissa savuilmaisimien s\u00e4\u00e4nn\u00f6llinen tarkastus on tarpeen.<\/p>\n<p data-start=\"1387\" data-end=\"1418\"><strong data-start=\"1387\" data-end=\"1416\">TEKNISET TIEDOT:<\/strong><\/p>\n<ul data-start=\"1419\" data-end=\"1599\">\n<li data-start=\"1419\" data-end=\"1447\">\n<p data-start=\"1421\" data-end=\"1447\">Testauskorkeus: noin 4 m<\/p>\n<\/li>\n<li data-start=\"1448\" data-end=\"1478\">\n<p data-start=\"1450\" data-end=\"1478\">Ilmaisimen tyyppi: Savuilmaisimet<\/p>\n<\/li>\n<li data-start=\"1479\" data-end=\"1526\">\n<p data-start=\"1481\" data-end=\"1526\">Testauslaitteisto: Solo 365 -savuilmaisimen testaaja<\/p>\n<\/li>\n<li data-start=\"1527\" data-end=\"1560\">\n<p data-start=\"1529\" data-end=\"1560\">Sauva: Teleskooppisauva Solo 108<\/p>\n<\/li>\n<li data-start=\"1561\" data-end=\"1599\">\n<p data-start=\"1563\" data-end=\"1599\">Sovellus: Testaus lattiatasolta<\/p>\n<\/li>\n<\/ul>","protected":false},"excerpt":{"rendered":"<p>Solo 303 \u2013 Solo 365 -sarja on t\u00e4ydellinen testisarja noin 4 metrin korkuisten savuilmaisimien testaamiseen.<\/p>\n<p>Pakkaus mahdollistaa turvallisen testaamisen lattiatasolta ilman tikkaita.<\/p>\n<p>Soveltuu paloilmoitinj\u00e4rjestelmien ammattimaiseen huoltoon.<\/p>","protected":false},"featured_media":162206,"template":"","meta":{"_acf_changed":false},"product_brand":[],"product_cat":[5072,5073],"product_tag":[],"class_list":{"0":"post-162207","1":"product","2":"type-product","3":"status-publish","4":"has-post-thumbnail","6":"product_cat-solo-365","7":"product_cat-solo-365-kit","8":"tm-no-options","10":"first","11":"instock","12":"taxable","13":"shipping-taxable","14":"purchasable","15":"product-type-simple"},"acf":[],"_links":{"self":[{"href":"https:\/\/secureus.se\/fi\/wp-json\/wp\/v2\/product\/162207","targetHints":{"allow":["GET"]}}],"collection":[{"href":"https:\/\/secureus.se\/fi\/wp-json\/wp\/v2\/product"}],"about":[{"href":"https:\/\/secureus.se\/fi\/wp-json\/wp\/v2\/types\/product"}],"wp:featuredmedia":[{"embeddable":true,"href":"https:\/\/secureus.se\/fi\/wp-json\/wp\/v2\/media\/162206"}],"wp:attachment":[{"href":"https:\/\/secureus.se\/fi\/wp-json\/wp\/v2\/media?parent=162207"}],"wp:term":[{"taxonomy":"product_brand","embeddable":true,"href":"https:\/\/secureus.se\/fi\/wp-json\/wp\/v2\/product_brand?post=162207"},{"taxonomy":"product_cat","embeddable":true,"href":"https:\/\/secureus.se\/fi\/wp-json\/wp\/v2\/product_cat?post=162207"},{"taxonomy":"product_tag","embeddable":true,"href":"https:\/\/secureus.se\/fi\/wp-json\/wp\/v2\/product_tag?post=162207"}],"curies":[{"name":"wp","href":"https:\/\/api.w.org\/{rel}","templated":true}]}}