{"id":162213,"date":"2025-11-21T14:04:53","date_gmt":"2025-11-21T13:04:53","guid":{"rendered":"https:\/\/secureus.se\/solo-323-provningshojd-93-m-rok-extra-es3-nedtagare-vaskor\/"},"modified":"2026-04-08T15:59:45","modified_gmt":"2026-04-08T13:59:45","slug":"solo-323-provningshojd-93-m-rok-extra-es3-nedtagare-vaskor","status":"publish","type":"product","link":"https:\/\/secureus.se\/fi\/solo-323-provningshojd-93-m-rok-extra-es3-nedtagare-vaskor\/","title":{"rendered":"Solo 323 -testikorkeus 9,3 m \u2013 Savua \u2013 Lis\u00e4-ES3, sy\u00f6ksytorvet ja pussit"},"content":{"rendered":"<h1>Solo 323 -testikorkeus 9,3 m \u2013 Savua \u2013 Lis\u00e4-ES3, sy\u00f6ksytorvet ja pussit<\/h1>\n<h3 data-start=\"470\" data-end=\"520\">Savuilmaisimien turvallinen ja tehokas testaus<\/h3>\n<p data-start=\"521\" data-end=\"794\">Solo 323 on suunniteltu savunilmaisimien luotettavaan toiminnan testaamiseen korkeissa rakennuksissa, kuten varastoissa, teollisuustiloissa ja urheiluhalleissa.<\/p>\n<p data-start=\"521\" data-end=\"794\">Testaus suoritetaan lattiatasolta teleskooppitangoilla, mik\u00e4 minimoi tikkaiden ja nostimien tarpeen ja lis\u00e4\u00e4 turvallisuutta k\u00e4yt\u00f6n aikana.<\/p>\n<h3 data-start=\"796\" data-end=\"838\">Realistinen savutestaus ylim\u00e4\u00e4r\u00e4isell\u00e4 ES3:lla<\/h3>\n<p data-start=\"839\" data-end=\"1078\">Solo 365 -savuilmaisimen testauslaite tuottaa yhdess\u00e4 ES3-savupatruunan kanssa kontrolloitua testiaerosolia, joka aktivoi ilmaisimet realistisella tavalla.<\/p>\n<p data-start=\"839\" data-end=\"1078\">Lis\u00e4n\u00e4 oleva ES3-patruuna pident\u00e4\u00e4 k\u00e4ytt\u00f6aikaa ja v\u00e4hent\u00e4\u00e4 keskeytyksi\u00e4 laajojen testien aikana.<\/p>\n<h3 data-start=\"1080\" data-end=\"1113\">Kantama jopa 9,3 metri\u00e4<\/h3>\n<p data-start=\"1114\" data-end=\"1353\">Solo 108 -teleskooppitanko yhdess\u00e4 kolmen Solo 101 -testitangon jatkopalan kanssa mahdollistaa testaamisen jopa noin 9,3 metrin korkeuteen.<\/p>\n<p data-start=\"1114\" data-end=\"1353\">Mukana on Solo 200 -purkuty\u00f6kalu, jolla ilmaisimet on helppo purkaa tarvittaessa, mik\u00e4 helpottaa huoltoa ja yll\u00e4pitoa.<\/p>\n<h3 data-start=\"1355\" data-end=\"1399\">Ammattimainen kuljetus ja k\u00e4ytt\u00f6<\/h3>\n<p data-start=\"1400\" data-end=\"1611\">Solo 610 -kantolaukut sis\u00e4ltyv\u00e4t laitteen turvalliseen kuljetukseen ja s\u00e4ilytykseen.<\/p>\n<p data-start=\"1400\" data-end=\"1611\">Pakkaus sopii erinomaisesti asentajille, paloturvallisuusinsin\u00f6\u00f6reille ja kiinteist\u00f6nhaltijoille, jotka tarvitsevat kokonaisvaltaisen ratkaisun korkeampiin tiloihin.<\/p>\n<p data-start=\"1618\" data-end=\"1649\"><strong data-start=\"1618\" data-end=\"1647\">TEKNISET TIEDOT:<\/strong><\/p>\n<ul data-start=\"1650\" data-end=\"1864\">\n<li data-start=\"1650\" data-end=\"1680\">\n<p data-start=\"1652\" data-end=\"1680\">Testauskorkeus: noin 9,3 m<\/p>\n<\/li>\n<li data-start=\"1681\" data-end=\"1711\">\n<p data-start=\"1683\" data-end=\"1711\">Ilmaisimen tyyppi: Savuilmaisimet<\/p>\n<\/li>\n<li data-start=\"1712\" data-end=\"1736\">\n<p data-start=\"1714\" data-end=\"1736\">Savumittari: Solo 365<\/p>\n<\/li>\n<li data-start=\"1737\" data-end=\"1773\">\n<p data-start=\"1739\" data-end=\"1773\">Vavat: Solo 108 + 3 \u00d7 Solo 101<\/p>\n<\/li>\n<li data-start=\"1774\" data-end=\"1797\">\n<p data-start=\"1776\" data-end=\"1797\">Masentava: Solo 200<\/p>\n<\/li>\n<li data-start=\"1798\" data-end=\"1830\">\n<p data-start=\"1800\" data-end=\"1830\">Savupatruuna: ES3 (mukana lis\u00e4varusteena)<\/p>\n<\/li>\n<li data-start=\"1831\" data-end=\"1864\">\n<p data-start=\"1833\" data-end=\"1864\">S\u00e4ilytys: Kantolaukut Solo 610<\/p>\n<\/li>\n<\/ul>","protected":false},"excerpt":{"rendered":"<p>Solo 323 \u2013 Solo 365 -sarja on t\u00e4ydellinen testaussarja jopa noin 9,3 metri\u00e4 korkeille savuilmaisimille.<\/p>\n<p>Pakkaus on tarkoitettu ammattimaiseen testaukseen korkealla ja se sis\u00e4lt\u00e4\u00e4 teleskooppitangot, testaussauvan jatkopalat, downriggerit, kantolaukut ja ylim\u00e4\u00e4r\u00e4isen ES3-savupatruunan.<\/p>","protected":false},"featured_media":162212,"template":"","meta":{"_acf_changed":false},"product_brand":[],"product_cat":[5072,5073],"product_tag":[],"class_list":{"0":"post-162213","1":"product","2":"type-product","3":"status-publish","4":"has-post-thumbnail","6":"product_cat-solo-365","7":"product_cat-solo-365-kit","8":"tm-no-options","10":"first","11":"instock","12":"taxable","13":"shipping-taxable","14":"purchasable","15":"product-type-simple"},"acf":[],"_links":{"self":[{"href":"https:\/\/secureus.se\/fi\/wp-json\/wp\/v2\/product\/162213","targetHints":{"allow":["GET"]}}],"collection":[{"href":"https:\/\/secureus.se\/fi\/wp-json\/wp\/v2\/product"}],"about":[{"href":"https:\/\/secureus.se\/fi\/wp-json\/wp\/v2\/types\/product"}],"wp:featuredmedia":[{"embeddable":true,"href":"https:\/\/secureus.se\/fi\/wp-json\/wp\/v2\/media\/162212"}],"wp:attachment":[{"href":"https:\/\/secureus.se\/fi\/wp-json\/wp\/v2\/media?parent=162213"}],"wp:term":[{"taxonomy":"product_brand","embeddable":true,"href":"https:\/\/secureus.se\/fi\/wp-json\/wp\/v2\/product_brand?post=162213"},{"taxonomy":"product_cat","embeddable":true,"href":"https:\/\/secureus.se\/fi\/wp-json\/wp\/v2\/product_cat?post=162213"},{"taxonomy":"product_tag","embeddable":true,"href":"https:\/\/secureus.se\/fi\/wp-json\/wp\/v2\/product_tag?post=162213"}],"curies":[{"name":"wp","href":"https:\/\/api.w.org\/{rel}","templated":true}]}}