{"id":162217,"date":"2025-11-21T14:04:53","date_gmt":"2025-11-21T13:04:53","guid":{"rendered":"https:\/\/secureus.se\/solo-305-solo-365-kit-provningshojd-6-m-provning-rok\/"},"modified":"2026-04-08T15:59:56","modified_gmt":"2026-04-08T13:59:56","slug":"solo-305-solo-365-kit-provningshojd-6-m-provning-rok","status":"publish","type":"product","link":"https:\/\/secureus.se\/fi\/solo-305-solo-365-kit-provningshojd-6-m-provning-rok\/","title":{"rendered":"Solo 305 \u2013 Solo 365 -sarjan testauskorkeus 6 m \u2013 Testattu savu"},"content":{"rendered":"<h1>Solo 305 \u2013 Solo 365 -sarjan testauskorkeus 6 m \u2013 Testattu savu<\/h1>\n<h3 data-start=\"429\" data-end=\"479\">Savuilmaisimien turvallinen ja tehokas testaus<\/h3>\n<p data-start=\"480\" data-end=\"732\">Solo 305 \u2013 Solo 365 -sarja on kehitetty savunilmaisimien luotettavaan toiminnan testaamiseen keskikorkeissa rakennuksissa.<\/p>\n<p data-start=\"480\" data-end=\"732\">Lattialta testaaminen v\u00e4hent\u00e4\u00e4 tikkaiden ja nostimien tarvetta, mik\u00e4 parantaa turvallisuutta huollon ja kunnossapidon aikana.<\/p>\n<h3 data-start=\"734\" data-end=\"762\">Realistinen savutestaus<\/h3>\n<p data-start=\"763\" data-end=\"980\">Solo 365 -savuilmaisimen testauslaite tuottaa kontrolloitua testiaerosolia, joka aktivoi ilmaisimet realistisella tavalla.<\/p>\n<p data-start=\"763\" data-end=\"980\">T\u00e4m\u00e4 varmistaa, ett\u00e4 savunilmaisimet reagoivat oikein s\u00e4\u00e4nn\u00f6llisten testien ja tarkastusten aikana.<\/p>\n<h3 data-start=\"982\" data-end=\"1013\">Kantama jopa 6 metri\u00e4<\/h3>\n<p data-start=\"1014\" data-end=\"1229\">Solo 100 -jatke mahdollistaa jopa noin 6 metrin korkuisten savuilmaisimien testaamisen.<\/p>\n<p data-start=\"1014\" data-end=\"1229\">Pakkaus on kevyt ja helppo k\u00e4sitell\u00e4, joten se sopii toimistoihin, kouluihin, varastoihin ja muihin julkisiin rakennuksiin.<\/p>\n<p data-start=\"1236\" data-end=\"1267\"><strong data-start=\"1236\" data-end=\"1265\">TEKNISET TIEDOT:<\/strong><\/p>\n<ul data-start=\"1268\" data-end=\"1416\">\n<li data-start=\"1268\" data-end=\"1296\">\n<p data-start=\"1270\" data-end=\"1296\">Testauskorkeus: noin 6 m<\/p>\n<\/li>\n<li data-start=\"1297\" data-end=\"1327\">\n<p data-start=\"1299\" data-end=\"1327\">Ilmaisimen tyyppi: Savuilmaisimet<\/p>\n<\/li>\n<li data-start=\"1328\" data-end=\"1352\">\n<p data-start=\"1330\" data-end=\"1352\">Savumittari: Solo 365<\/p>\n<\/li>\n<li data-start=\"1353\" data-end=\"1377\">\n<p data-start=\"1355\" data-end=\"1377\">Jatke: Solo 100<\/p>\n<\/li>\n<\/ul>","protected":false},"excerpt":{"rendered":"<p>Solo 305 \u2013 Solo 365 -sarja on testisarja noin 6 metrin korkuisille savuilmaisimille.<\/p>\n<p>Pakkausta k\u00e4ytet\u00e4\u00e4n lattiatasolta, ja se sis\u00e4lt\u00e4\u00e4 Solo 365 -savuilmaisimen testerin ja Solo 100 -jatkeen.<\/p>\n<p>T\u00e4ydellinen savuilmaisimien huoltoon keskikorkeissa tiloissa.<\/p>","protected":false},"featured_media":162216,"template":"","meta":{"_acf_changed":false},"product_brand":[],"product_cat":[5072,5073],"product_tag":[],"class_list":{"0":"post-162217","1":"product","2":"type-product","3":"status-publish","4":"has-post-thumbnail","6":"product_cat-solo-365","7":"product_cat-solo-365-kit","8":"tm-no-options","10":"first","11":"instock","12":"taxable","13":"shipping-taxable","14":"purchasable","15":"product-type-simple"},"acf":[],"_links":{"self":[{"href":"https:\/\/secureus.se\/fi\/wp-json\/wp\/v2\/product\/162217","targetHints":{"allow":["GET"]}}],"collection":[{"href":"https:\/\/secureus.se\/fi\/wp-json\/wp\/v2\/product"}],"about":[{"href":"https:\/\/secureus.se\/fi\/wp-json\/wp\/v2\/types\/product"}],"wp:featuredmedia":[{"embeddable":true,"href":"https:\/\/secureus.se\/fi\/wp-json\/wp\/v2\/media\/162216"}],"wp:attachment":[{"href":"https:\/\/secureus.se\/fi\/wp-json\/wp\/v2\/media?parent=162217"}],"wp:term":[{"taxonomy":"product_brand","embeddable":true,"href":"https:\/\/secureus.se\/fi\/wp-json\/wp\/v2\/product_brand?post=162217"},{"taxonomy":"product_cat","embeddable":true,"href":"https:\/\/secureus.se\/fi\/wp-json\/wp\/v2\/product_cat?post=162217"},{"taxonomy":"product_tag","embeddable":true,"href":"https:\/\/secureus.se\/fi\/wp-json\/wp\/v2\/product_tag?post=162217"}],"curies":[{"name":"wp","href":"https:\/\/api.w.org\/{rel}","templated":true}]}}