{"id":162219,"date":"2025-11-21T14:03:13","date_gmt":"2025-11-21T13:03:13","guid":{"rendered":"https:\/\/secureus.se\/solo-304-solo-365-kit-provningshojd-4-m-provning-rok-extra-es3\/"},"modified":"2026-04-23T12:57:05","modified_gmt":"2026-04-23T10:57:05","slug":"solo-304-solo-365-kit-provningshojd-4-m-provning-rok-extra-es3","status":"publish","type":"product","link":"https:\/\/secureus.se\/fi\/solo-304-solo-365-kit-provningshojd-4-m-provning-rok-extra-es3\/","title":{"rendered":"Solo 304 \u2013 Solo 365 -testipakkaus, korkeus 4 m \u2013 Savutesti \u2013 Extra ES3"},"content":{"rendered":"<h1>Solo 304 \u2013 Solo 365 -testipakkaus, korkeus 4 m \u2013 Savutesti \u2013 Extra ES3<\/h1>\n<h3 data-start=\"448\" data-end=\"498\">Savuilmaisimien turvallinen ja luotettava testaus<\/h3>\n<p data-start=\"499\" data-end=\"737\">Solo 304 \u2013 Solo 365 -sarja on kehitetty varmistamaan savuilmaisimien oikea toiminta keskikorkeissa rakennuksissa.<\/p>\n<p data-start=\"499\" data-end=\"737\">Lattialta testaaminen v\u00e4hent\u00e4\u00e4 tikkaiden ja nostimien tarvetta, mik\u00e4 lis\u00e4\u00e4 turvallisuutta huollon ja kunnossapidon aikana.<\/p>\n<h3 data-start=\"739\" data-end=\"781\">Realistinen savutestaus ylim\u00e4\u00e4r\u00e4isell\u00e4 ES3:lla<\/h3>\n<p data-start=\"782\" data-end=\"1046\">Solo 365 -savuilmaisimen testauslaite tuottaa yhdess\u00e4 ES3-savupatruunan kanssa kontrolloidun testiaerosolin, joka aktivoi savuilmaisimet realistisella tavalla.<\/p>\n<p data-start=\"782\" data-end=\"1046\">Ylim\u00e4\u00e4r\u00e4inen savupatruuna pident\u00e4\u00e4 k\u00e4ytt\u00f6aikaa ja v\u00e4hent\u00e4\u00e4 patruunoiden vaihtotarvetta pidempien testausjaksojen aikana.<\/p>\n<h3 data-start=\"1048\" data-end=\"1079\">Kantama jopa 4 metri\u00e4<\/h3>\n<p data-start=\"1080\" data-end=\"1288\">Solo 108 -jatke mahdollistaa jopa noin 4 metrin korkuisten savuilmaisimien testaamisen.<\/p>\n<p data-start=\"1080\" data-end=\"1288\">Pakkaus on kevyt ja helppo k\u00e4sitell\u00e4, joten se sopii erinomaisesti toimistoihin, kouluihin, hotelleihin ja muihin julkisiin tiloihin.<\/p>\n<p data-start=\"1295\" data-end=\"1326\"><strong data-start=\"1295\" data-end=\"1324\">TEKNISET TIEDOT:<\/strong><\/p>\n<ul data-start=\"1327\" data-end=\"1508\">\n<li data-start=\"1327\" data-end=\"1355\">\n<p data-start=\"1329\" data-end=\"1355\">Testauskorkeus: noin 4 m<\/p>\n<\/li>\n<li data-start=\"1356\" data-end=\"1386\">\n<p data-start=\"1358\" data-end=\"1386\">Ilmaisimen tyyppi: Savuilmaisimet<\/p>\n<\/li>\n<li data-start=\"1387\" data-end=\"1411\">\n<p data-start=\"1389\" data-end=\"1411\">Savumittari: Solo 365<\/p>\n<\/li>\n<li data-start=\"1412\" data-end=\"1436\">\n<p data-start=\"1414\" data-end=\"1436\">Jatke: Solo 108<\/p>\n<\/li>\n<li data-start=\"1437\" data-end=\"1469\">\n<p data-start=\"1439\" data-end=\"1469\">Savupatruuna: ES3 (mukana lis\u00e4varusteena)<\/p>\n<\/li>\n<li data-start=\"1470\" data-end=\"1508\">\n<p data-start=\"1472\" data-end=\"1508\">Sovellus: Testaus lattiatasolta<\/p>\n<\/li>\n<\/ul>","protected":false},"excerpt":{"rendered":"<p>Solo 304 \u2013 Solo 365 -sarja on testisarja noin 4 metri\u00e4 korkeille savuilmaisimille.<\/p>\n<p>Pakkaus sis\u00e4lt\u00e4\u00e4 Solo 365 -savuilmaisimen testerin, Solo 108 -jatkeen ja ylim\u00e4\u00e4r\u00e4isen ES3-savukasetin, joiden avulla savuilmaisimien testaaminen lattiatasolta on helppoa ja turvallista.<\/p>","protected":false},"featured_media":162218,"template":"","meta":{"_acf_changed":false},"product_brand":[],"product_cat":[5072,5073],"product_tag":[],"class_list":{"0":"post-162219","1":"product","2":"type-product","3":"status-publish","4":"has-post-thumbnail","6":"product_cat-solo-365","7":"product_cat-solo-365-kit","8":"tm-no-options","10":"first","11":"instock","12":"taxable","13":"shipping-taxable","14":"purchasable","15":"product-type-simple"},"acf":[],"_links":{"self":[{"href":"https:\/\/secureus.se\/fi\/wp-json\/wp\/v2\/product\/162219","targetHints":{"allow":["GET"]}}],"collection":[{"href":"https:\/\/secureus.se\/fi\/wp-json\/wp\/v2\/product"}],"about":[{"href":"https:\/\/secureus.se\/fi\/wp-json\/wp\/v2\/types\/product"}],"wp:featuredmedia":[{"embeddable":true,"href":"https:\/\/secureus.se\/fi\/wp-json\/wp\/v2\/media\/162218"}],"wp:attachment":[{"href":"https:\/\/secureus.se\/fi\/wp-json\/wp\/v2\/media?parent=162219"}],"wp:term":[{"taxonomy":"product_brand","embeddable":true,"href":"https:\/\/secureus.se\/fi\/wp-json\/wp\/v2\/product_brand?post=162219"},{"taxonomy":"product_cat","embeddable":true,"href":"https:\/\/secureus.se\/fi\/wp-json\/wp\/v2\/product_cat?post=162219"},{"taxonomy":"product_tag","embeddable":true,"href":"https:\/\/secureus.se\/fi\/wp-json\/wp\/v2\/product_tag?post=162219"}],"curies":[{"name":"wp","href":"https:\/\/api.w.org\/{rel}","templated":true}]}}