{"id":162222,"date":"2025-11-21T12:45:42","date_gmt":"2025-11-21T11:45:42","guid":{"rendered":"https:\/\/secureus.se\/testifire-cha-laddningsvagga-till-xtr2\/"},"modified":"2026-04-08T16:05:39","modified_gmt":"2026-04-08T14:05:39","slug":"testifire-cha-laddningsvagga-till-xtr2","status":"publish","type":"product","link":"https:\/\/secureus.se\/fi\/testifire-cha-laddningsvagga-till-xtr2\/","title":{"rendered":"Testifire-CHA-latausteline XTR2:lle"},"content":{"rendered":"<h1>Testifire-CHA-latausteline XTR2:lle<\/h1>\n<h3 data-start=\"342\" data-end=\"381\">Latausteline Testifire XTR2:lle<\/h3>\n<p data-start=\"382\" data-end=\"594\">Testifire-CHA-latausteline varmistaa, ett\u00e4 Testifire XTR2:n savugeneraattori on aina ladattu ja valmis testaukseen.<\/p>\n<p data-start=\"382\" data-end=\"594\">Telineen ansiosta testerin voi helposti asettaa lataustilaan ilman monimutkaisia kytkent\u00f6j\u00e4.<\/p>\n<h3 data-start=\"596\" data-end=\"630\">Helppo ja nopea asennus<\/h3>\n<p data-start=\"631\" data-end=\"817\">Asennus on yht\u00e4 helppoa kuin savupatruunan tai pariston vaihtaminen.<\/p>\n<p data-start=\"631\" data-end=\"817\">Testifire-CHA kytket\u00e4\u00e4n suoraan Testifire XTR2:een ja se lataa savugeneraattorin akun turvallisesti ja tehokkaasti.<\/p>\n<h3 data-start=\"819\" data-end=\"856\">T\u00e4ydellinen ammattik\u00e4ytt\u00f6\u00f6n<\/h3>\n<p data-start=\"857\" data-end=\"1056\">Latausteline sopii erinomaisesti asentajille ja huoltohenkil\u00f6st\u00f6lle, jotka suorittavat s\u00e4\u00e4nn\u00f6llisesti savutestej\u00e4.<\/p>\n<p data-start=\"857\" data-end=\"1056\">Se on erityisen hy\u00f6dyllinen p\u00e4ivitt\u00e4isess\u00e4 huollossa toimistoissa, varastoissa, kouluissa tai julkisissa rakennuksissa.<\/p>\n<p data-start=\"1063\" data-end=\"1094\"><strong data-start=\"1063\" data-end=\"1092\">TEKNISET TIEDOT:<\/strong><\/p>\n<ul data-start=\"1095\" data-end=\"1268\">\n<li data-start=\"1095\" data-end=\"1120\">\n<p data-start=\"1097\" data-end=\"1120\">Malli: Testifire-CHA<\/p>\n<\/li>\n<li data-start=\"1121\" data-end=\"1162\">\n<p data-start=\"1123\" data-end=\"1162\">K\u00e4ytt\u00f6: Testifire XTR2 -savutesteri<\/p>\n<\/li>\n<li data-start=\"1163\" data-end=\"1208\">\n<p data-start=\"1165\" data-end=\"1208\">Toiminto: Savugeneraattorin akun lataaminen<\/p>\n<\/li>\n<li data-start=\"1163\" data-end=\"1208\">Helppo asennus: Vaihdettavissa savupatruunaksi tai paristoksi<\/li>\n<\/ul>","protected":false},"excerpt":{"rendered":"<p>Testifire-CHA on Testifire XTR2:n latausteline, joka helpottaa savugeneraattorin lataamista.<\/p>\n<p>Pakkaus korvaa paristok\u00e4ytt\u00f6isen ja tekee testaamisesta sujuvaa ja luotettavaa.<\/p>","protected":false},"featured_media":162220,"template":"","meta":{"_acf_changed":false},"product_brand":[],"product_cat":[2946,4757],"product_tag":[],"class_list":{"0":"post-162222","1":"product","2":"type-product","3":"status-publish","4":"has-post-thumbnail","6":"product_cat-testifire","7":"product_cat-xtr2","8":"tm-no-options","10":"first","11":"instock","12":"taxable","13":"shipping-taxable","14":"purchasable","15":"product-type-simple"},"acf":[],"_links":{"self":[{"href":"https:\/\/secureus.se\/fi\/wp-json\/wp\/v2\/product\/162222","targetHints":{"allow":["GET"]}}],"collection":[{"href":"https:\/\/secureus.se\/fi\/wp-json\/wp\/v2\/product"}],"about":[{"href":"https:\/\/secureus.se\/fi\/wp-json\/wp\/v2\/types\/product"}],"wp:featuredmedia":[{"embeddable":true,"href":"https:\/\/secureus.se\/fi\/wp-json\/wp\/v2\/media\/162220"}],"wp:attachment":[{"href":"https:\/\/secureus.se\/fi\/wp-json\/wp\/v2\/media?parent=162222"}],"wp:term":[{"taxonomy":"product_brand","embeddable":true,"href":"https:\/\/secureus.se\/fi\/wp-json\/wp\/v2\/product_brand?post=162222"},{"taxonomy":"product_cat","embeddable":true,"href":"https:\/\/secureus.se\/fi\/wp-json\/wp\/v2\/product_cat?post=162222"},{"taxonomy":"product_tag","embeddable":true,"href":"https:\/\/secureus.se\/fi\/wp-json\/wp\/v2\/product_tag?post=162222"}],"curies":[{"name":"wp","href":"https:\/\/api.w.org\/{rel}","templated":true}]}}