{"id":162223,"date":"2025-11-21T12:45:45","date_gmt":"2025-11-21T11:45:45","guid":{"rendered":"https:\/\/secureus.se\/testifire-wpsu-natadapter-230-v-till-testifire-xtr2\/"},"modified":"2026-04-08T16:00:07","modified_gmt":"2026-04-08T14:00:07","slug":"testifire-wpsu-natadapter-230-v-till-testifire-xtr2","status":"publish","type":"product","link":"https:\/\/secureus.se\/fi\/testifire-wpsu-natadapter-230-v-till-testifire-xtr2\/","title":{"rendered":"Testifire-WPSU-verkkolaite 230 V Testifire XTR2:lle"},"content":{"rendered":"<h1>Testifire-WPSU-verkkolaite 230 V Testifire XTR2:lle<\/h1>\n<h3 data-start=\"360\" data-end=\"404\">Yksinkertainen verkkoyhteys Testifire XTR2:lle<\/h3>\n<p data-start=\"405\" data-end=\"645\">Testifire-WPSU-virtal\u00e4hde tarjoaa Testifire XTR2:lle jatkuvaa virtaa, joten akkua ei tarvita testauksen aikana.<\/p>\n<p data-start=\"405\" data-end=\"645\">Adapteri mahdollistaa pidempien ty\u00f6vuorojen keskeytym\u00e4tt\u00f6m\u00e4n k\u00e4yt\u00f6n ja varmistaa savugeneraattorin vakaan toiminnan.<\/p>\n<h3 data-start=\"647\" data-end=\"678\">Helppo vaihtaa ja k\u00e4ytt\u00e4\u00e4<\/h3>\n<p data-start=\"679\" data-end=\"872\">Virtasovittimen asentaminen on yht\u00e4 helppoa kuin savupatruunan tai pariston vaihtaminen Testifire XTR2:ssa.<\/p>\n<p data-start=\"679\" data-end=\"872\">Sovitin kytket\u00e4\u00e4n suoraan tavalliseen 230 V:n pistorasiaan ja tekee testaamisesta sujuvaa ja luotettavaa.<\/p>\n<h3 data-start=\"874\" data-end=\"903\">Ammattik\u00e4ytt\u00f6\u00f6n<\/h3>\n<p data-start=\"904\" data-end=\"1091\">T\u00e4m\u00e4 virtal\u00e4hde on ihanteellinen asentajille ja huoltohenkil\u00f6st\u00f6lle, jotka haluavat yksinkertaisen ratkaisun savuilmaisimien pitk\u00e4aikaiseen testaukseen toimistoissa, kouluissa, varastoissa ja julkisissa rakennuksissa.<\/p>\n<p data-start=\"1098\" data-end=\"1129\"><strong data-start=\"1098\" data-end=\"1127\">TEKNISET TIEDOT:<\/strong><\/p>\n<ul data-start=\"1130\" data-end=\"1336\">\n<li data-start=\"1130\" data-end=\"1156\">\n<p data-start=\"1132\" data-end=\"1156\">Malli: Testifire-WPSU<\/p>\n<\/li>\n<li data-start=\"1157\" data-end=\"1176\">\n<p data-start=\"1159\" data-end=\"1176\">J\u00e4nnite: 230 V<\/p>\n<\/li>\n<li data-start=\"1177\" data-end=\"1218\">\n<p data-start=\"1179\" data-end=\"1218\">K\u00e4ytt\u00f6: Testifire XTR2 -savutesteri<\/p>\n<\/li>\n<li data-start=\"1219\" data-end=\"1276\">\n<p data-start=\"1221\" data-end=\"1276\">Toiminto: Jatkuva virransy\u00f6tt\u00f6, korvaa akun<\/p>\n<\/li>\n<li data-start=\"1277\" data-end=\"1336\">\n<p data-start=\"1279\" data-end=\"1336\">Helppo asennus: Vaihdettavissa paristoksi tai savupatruunaksi<\/p>\n<\/li>\n<\/ul>","protected":false},"excerpt":{"rendered":"<p>Testifire-WPSU on Testifire XTR2:lle tarkoitettu 230 V:n virtal\u00e4hde, joka korvaa paristok\u00e4yt\u00f6n ja tekee savugeneraattorista helppok\u00e4ytt\u00f6isen.<\/p>\n<p>Sopii sek\u00e4 savuilmaisimien huoltoon ett\u00e4 p\u00e4ivitt\u00e4iseen testaukseen.<\/p>","protected":false},"featured_media":162221,"template":"","meta":{"_acf_changed":false},"product_brand":[],"product_cat":[4757,2946],"product_tag":[],"class_list":{"0":"post-162223","1":"product","2":"type-product","3":"status-publish","4":"has-post-thumbnail","6":"product_cat-xtr2","7":"product_cat-testifire","8":"tm-no-options","10":"first","11":"instock","12":"taxable","13":"shipping-taxable","14":"purchasable","15":"product-type-simple"},"acf":[],"_links":{"self":[{"href":"https:\/\/secureus.se\/fi\/wp-json\/wp\/v2\/product\/162223","targetHints":{"allow":["GET"]}}],"collection":[{"href":"https:\/\/secureus.se\/fi\/wp-json\/wp\/v2\/product"}],"about":[{"href":"https:\/\/secureus.se\/fi\/wp-json\/wp\/v2\/types\/product"}],"wp:featuredmedia":[{"embeddable":true,"href":"https:\/\/secureus.se\/fi\/wp-json\/wp\/v2\/media\/162221"}],"wp:attachment":[{"href":"https:\/\/secureus.se\/fi\/wp-json\/wp\/v2\/media?parent=162223"}],"wp:term":[{"taxonomy":"product_brand","embeddable":true,"href":"https:\/\/secureus.se\/fi\/wp-json\/wp\/v2\/product_brand?post=162223"},{"taxonomy":"product_cat","embeddable":true,"href":"https:\/\/secureus.se\/fi\/wp-json\/wp\/v2\/product_cat?post=162223"},{"taxonomy":"product_tag","embeddable":true,"href":"https:\/\/secureus.se\/fi\/wp-json\/wp\/v2\/product_tag?post=162223"}],"curies":[{"name":"wp","href":"https:\/\/api.w.org\/{rel}","templated":true}]}}