{"id":162225,"date":"2025-11-21T12:45:44","date_gmt":"2025-11-21T11:45:44","guid":{"rendered":"https:\/\/secureus.se\/testifire-chak-laddningskit-till-xtr2\/"},"modified":"2026-04-08T16:05:35","modified_gmt":"2026-04-08T14:05:35","slug":"testifire-chak-laddningskit-till-xtr2","status":"publish","type":"product","link":"https:\/\/secureus.se\/fi\/testifire-chak-laddningskit-till-xtr2\/","title":{"rendered":"Testifire-CHAK-lataussarja XTR2:lle"},"content":{"rendered":"<h1>Testifire-CHAK-lataussarja XTR2:lle<\/h1>\n<h3 data-start=\"374\" data-end=\"411\">Testifire XTR2:n lataussarja<\/h3>\n<p data-start=\"412\" data-end=\"628\">Testifire-CHAK-lataussarja tarjoaa luotettavan virransy\u00f6t\u00f6n Testifire XTR2:lle ja mahdollistaa pidemm\u00e4t ty\u00f6vuorot ilman keskeytyksi\u00e4.<\/p>\n<p data-start=\"412\" data-end=\"628\">Pakkaus varmistaa, ett\u00e4 savugeneraattori on aina t\u00e4yteen ladattu ja valmis testaukseen.<\/p>\n<h3 data-start=\"630\" data-end=\"654\">Yksinkertainen asennus<\/h3>\n<p data-start=\"655\" data-end=\"837\">Asennus on yht\u00e4 helppoa kuin savupatruunan tai pariston vaihtaminen.<\/p>\n<p data-start=\"655\" data-end=\"837\">Lataussarja kytket\u00e4\u00e4n suoraan Testifire XTR2 -laitteeseen ja se lataa akun nopeasti ja turvallisesti testeriss\u00e4.<\/p>\n<h3 data-start=\"839\" data-end=\"868\">Ammattik\u00e4ytt\u00f6\u00f6n<\/h3>\n<p data-start=\"869\" data-end=\"1060\">T\u00e4m\u00e4 lataussarja sopii erinomaisesti huoltohenkil\u00f6st\u00f6lle, asentajille ja kiinteist\u00f6nhaltijoille, jotka testaavat s\u00e4\u00e4nn\u00f6llisesti savuilmaisimia.<\/p>\n<p data-start=\"869\" data-end=\"1060\">T\u00e4ydellinen toimistoihin, kouluihin, varastoihin ja julkisiin rakennuksiin.<\/p>\n<p data-start=\"1067\" data-end=\"1098\"><strong data-start=\"1067\" data-end=\"1096\">TEKNISET TIEDOT:<\/strong><\/p>\n<ul data-start=\"1099\" data-end=\"1273\">\n<li data-start=\"1099\" data-end=\"1125\">\n<p data-start=\"1101\" data-end=\"1125\">Malli: Testifire-CHAK<\/p>\n<\/li>\n<li data-start=\"1126\" data-end=\"1167\">\n<p data-start=\"1128\" data-end=\"1167\">K\u00e4ytt\u00f6: Testifire XTR2 -savutesteri<\/p>\n<\/li>\n<li data-start=\"1168\" data-end=\"1213\">\n<p data-start=\"1170\" data-end=\"1213\">Toiminto: Savugeneraattorin akun lataaminen<\/p>\n<\/li>\n<li data-start=\"1214\" data-end=\"1273\">\n<p data-start=\"1216\" data-end=\"1273\">Helppo asennus: Vaihdettavissa savupatruunaksi tai paristoksi<\/p>\n<\/li>\n<\/ul>","protected":false},"excerpt":{"rendered":"<p data-start=\"118\" data-end=\"343\">Testifire-CHAK on Testifire XTR2:n lataussarja, joka varmistaa, ett\u00e4 savugeneraattori on aina valmis testaukseen.<\/p>\n<p data-start=\"118\" data-end=\"343\">Pakkaus on helppok\u00e4ytt\u00f6inen ja korvaa pariston pidempi\u00e4 ty\u00f6skentelyjaksoja varten.<\/p>","protected":false},"featured_media":162224,"template":"","meta":{"_acf_changed":false},"product_brand":[],"product_cat":[4757,2946],"product_tag":[],"class_list":{"0":"post-162225","1":"product","2":"type-product","3":"status-publish","4":"has-post-thumbnail","6":"product_cat-xtr2","7":"product_cat-testifire","8":"tm-no-options","10":"first","11":"instock","12":"taxable","13":"shipping-taxable","14":"purchasable","15":"product-type-simple"},"acf":[],"_links":{"self":[{"href":"https:\/\/secureus.se\/fi\/wp-json\/wp\/v2\/product\/162225","targetHints":{"allow":["GET"]}}],"collection":[{"href":"https:\/\/secureus.se\/fi\/wp-json\/wp\/v2\/product"}],"about":[{"href":"https:\/\/secureus.se\/fi\/wp-json\/wp\/v2\/types\/product"}],"wp:featuredmedia":[{"embeddable":true,"href":"https:\/\/secureus.se\/fi\/wp-json\/wp\/v2\/media\/162224"}],"wp:attachment":[{"href":"https:\/\/secureus.se\/fi\/wp-json\/wp\/v2\/media?parent=162225"}],"wp:term":[{"taxonomy":"product_brand","embeddable":true,"href":"https:\/\/secureus.se\/fi\/wp-json\/wp\/v2\/product_brand?post=162225"},{"taxonomy":"product_cat","embeddable":true,"href":"https:\/\/secureus.se\/fi\/wp-json\/wp\/v2\/product_cat?post=162225"},{"taxonomy":"product_tag","embeddable":true,"href":"https:\/\/secureus.se\/fi\/wp-json\/wp\/v2\/product_tag?post=162225"}],"curies":[{"name":"wp","href":"https:\/\/api.w.org\/{rel}","templated":true}]}}