{"id":162227,"date":"2025-11-21T12:45:37","date_gmt":"2025-11-21T11:45:37","guid":{"rendered":"https:\/\/secureus.se\/flerkriterie-detektorprovare-testifire-xtr2-rok-varme\/"},"modified":"2026-04-08T16:00:22","modified_gmt":"2026-04-08T14:00:22","slug":"flerkriterie-detektorprovare-testifire-xtr2-rok-varme","status":"publish","type":"product","link":"https:\/\/secureus.se\/fi\/flerkriterie-detektorprovare-testifire-xtr2-rok-varme\/","title":{"rendered":"Testifire-XTR2 -monikriteeri-ilmaisimen testauslaitteen aloituspakkaus (savu\/l\u00e4mp\u00f6)"},"content":{"rendered":"<h1>Monikriteerinen savu-\/l\u00e4mp\u00f6ilmaisintesteri Testifire-XTR2<\/h1>\n<h3 data-start=\"335\" data-end=\"381\">Testity\u00f6kalut ilmaisimien asianmukaiseen testaukseen<\/h3>\n<p data-start=\"382\" data-end=\"654\">Testifire-XTR2 on monikriteerinen ilmaisintesteri paloilmoitinj\u00e4rjestelmien savu- ja l\u00e4mp\u00f6ilmaisimien toiminnan testaamiseen.<\/p>\n<p data-start=\"382\" data-end=\"654\">Se on suunniteltu ammattik\u00e4ytt\u00f6\u00f6n asennuksen, huollon ja s\u00e4\u00e4nn\u00f6llisen yll\u00e4pidon aikana varmistamaan ilmaisimien moitteeton toiminta.<\/p>\n<h3 data-start=\"656\" data-end=\"695\">Kaikki mit\u00e4 tarvitset paikan p\u00e4\u00e4ll\u00e4 tapahtuvaan testaukseen<\/h3>\n<p data-start=\"696\" data-end=\"925\">Ty\u00f6kalu toimitetaan t\u00e4ydellisen\u00e4 ladattavan akun, laturin ja savupatruunan (TES3) kanssa savuilmaisimien realistiseen testaukseen.<\/p>\n<p data-start=\"696\" data-end=\"925\">Testit voidaan suorittaa nopeasti ja tehokkaasti ilman tulipalon syntymist\u00e4 tai laitteiden vaarantamista.<\/p>\n<h3 data-start=\"927\" data-end=\"971\">Reaaliaikainen raportointi ja dokumentointi<\/h3>\n<p data-start=\"972\" data-end=\"1177\">Testifire-XTR2 tukee sovellus- ja pilviportaalia, joissa testitulokset kirjataan automaattisesti ja voidaan tallentaa dokumentointia ja auditointia varten.<\/p>\n<p data-start=\"972\" data-end=\"1177\">T\u00e4m\u00e4 helpottaa m\u00e4\u00e4r\u00e4ystenmukaisuutta ja omavalvontaa paloturvallisuusvaatimusten mukaisesti.<\/p>\n<h3 data-start=\"1179\" data-end=\"1212\">Testifire-XTR2:n edut<\/h3>\n<ul data-start=\"1213\" data-end=\"1496\">\n<li data-start=\"1213\" data-end=\"1272\">\n<p data-start=\"1215\" data-end=\"1272\">Monikriteeritestaus sek\u00e4 savu- ett\u00e4 l\u00e4mp\u00f6ilmaisimille<\/p>\n<\/li>\n<li data-start=\"1273\" data-end=\"1329\">\n<p data-start=\"1275\" data-end=\"1329\">Mukana akku ja laturi mobiilik\u00e4ytt\u00f6\u00f6n<\/p>\n<\/li>\n<li data-start=\"1330\" data-end=\"1386\">\n<p data-start=\"1332\" data-end=\"1386\">Sis\u00e4lt\u00e4\u00e4 TES3-savupatruunan realistista savutestausta varten<\/p>\n<\/li>\n<li data-start=\"1387\" data-end=\"1447\">\n<p data-start=\"1389\" data-end=\"1447\">Automaattinen lokikirjaus ja raporttien luonti sovelluksen\/portaalin kautta<\/p>\n<\/li>\n<li data-start=\"1448\" data-end=\"1496\">\n<p data-start=\"1450\" data-end=\"1496\">Selke\u00e4 dokumentaatio huoltoa ja tarkastusta varten<\/p>\n<\/li>\n<\/ul>\n<p data-start=\"1498\" data-end=\"1525\">TEKNISET TIEDOT:<\/p>\n<ul data-start=\"1526\" data-end=\"1886\">\n<li data-start=\"1526\" data-end=\"1568\">\n<p data-start=\"1528\" data-end=\"1568\">Tuote: Monikriteerinen ilmaisintesteri<\/p>\n<\/li>\n<li data-start=\"1569\" data-end=\"1595\">\n<p data-start=\"1571\" data-end=\"1595\">Malli: Testifire-XTR2<\/p>\n<\/li>\n<li data-start=\"1596\" data-end=\"1642\">\n<p data-start=\"1598\" data-end=\"1642\">Ominaisuudet: Savu- ja l\u00e4mp\u00f6ilmaisimien testaus<\/p>\n<\/li>\n<li data-start=\"1643\" data-end=\"1694\">\n<p data-start=\"1645\" data-end=\"1694\">Toimitus sis\u00e4lt\u00e4\u00e4: Akun, laturin, TES3-savupatruunan<\/p>\n<\/li>\n<li data-start=\"1695\" data-end=\"1773\">\n<p data-start=\"1697\" data-end=\"1773\">Yhteensopivuus: Optiset ja ionisaatioon perustuvat savuilmaisimet sek\u00e4 l\u00e4mp\u00f6ilmaisimet<\/p>\n<\/li>\n<li data-start=\"1774\" data-end=\"1839\">\n<p data-start=\"1776\" data-end=\"1839\">Dokumentaatio: Automaattinen raportointi sovelluksen ja pilviportaalin kautta<\/p>\n<\/li>\n<li data-start=\"1840\" data-end=\"1886\">\n<p data-start=\"1842\" data-end=\"1886\">Virtal\u00e4hde: Ladattava akku<\/p>\n<\/li>\n<\/ul>\n<ul class=\"mainfeatureslist\">\n<li>Toimii DT Connect -sovelluksen kanssa<\/li>\n<li>Sis\u00e4lt\u00e4\u00e4 6 kuukauden DT Connect -kokeilujakson<\/li>\n<li>Automaattinen testiraportin luonti<\/li>\n<\/ul>\n<p><strong>Sis\u00e4lt\u00e4\u00e4<\/strong>:<\/p>\n<p>1 x Testifire-XTR2-HEAD-001<br \/>\n1 x Testifire-BP-001 litiumioniakku<br \/>\n1 x Testifire-GEN-001 savugeneraattori<br \/>\n1 x Testifire-CHAK-001 lataussarja<br \/>\n1 x TES3-savupatruuna<\/p>","protected":false},"excerpt":{"rendered":"<p>Monikriteerinen Testifire-XTR2 -ilmaisintesteri on edistynyt ty\u00f6kalu savu- ja l\u00e4mp\u00f6ilmaisimien toiminnan testaamiseen.<\/p>\n<p>Se toimitetaan akun, laturin ja TES3-savupatruunan kanssa, ja se helpottaa testaamista ja tulosten dokumentointia.<\/p>\n<p>Sopii asentajille, huoltohenkil\u00f6st\u00f6lle ja kiinteist\u00f6nomistajille.<\/p>","protected":false},"featured_media":162226,"template":"","meta":{"_acf_changed":false},"product_brand":[],"product_cat":[2946,4757],"product_tag":[],"class_list":{"0":"post-162227","1":"product","2":"type-product","3":"status-publish","4":"has-post-thumbnail","6":"product_cat-testifire","7":"product_cat-xtr2","8":"tm-no-options","10":"first","11":"instock","12":"taxable","13":"shipping-taxable","14":"purchasable","15":"product-type-simple"},"acf":[],"_links":{"self":[{"href":"https:\/\/secureus.se\/fi\/wp-json\/wp\/v2\/product\/162227","targetHints":{"allow":["GET"]}}],"collection":[{"href":"https:\/\/secureus.se\/fi\/wp-json\/wp\/v2\/product"}],"about":[{"href":"https:\/\/secureus.se\/fi\/wp-json\/wp\/v2\/types\/product"}],"wp:featuredmedia":[{"embeddable":true,"href":"https:\/\/secureus.se\/fi\/wp-json\/wp\/v2\/media\/162226"}],"wp:attachment":[{"href":"https:\/\/secureus.se\/fi\/wp-json\/wp\/v2\/media?parent=162227"}],"wp:term":[{"taxonomy":"product_brand","embeddable":true,"href":"https:\/\/secureus.se\/fi\/wp-json\/wp\/v2\/product_brand?post=162227"},{"taxonomy":"product_cat","embeddable":true,"href":"https:\/\/secureus.se\/fi\/wp-json\/wp\/v2\/product_cat?post=162227"},{"taxonomy":"product_tag","embeddable":true,"href":"https:\/\/secureus.se\/fi\/wp-json\/wp\/v2\/product_tag?post=162227"}],"curies":[{"name":"wp","href":"https:\/\/api.w.org\/{rel}","templated":true}]}}