{"id":162229,"date":"2025-11-21T12:34:02","date_gmt":"2025-11-21T11:34:02","guid":{"rendered":"https:\/\/secureus.se\/ir-fjarrkontroll-testifire-25-till-testifire-1001-2001\/"},"modified":"2026-03-26T12:25:26","modified_gmt":"2026-03-26T11:25:26","slug":"ir-fjarrkontroll-testifire-25-till-testifire-1001-2001","status":"publish","type":"product","link":"https:\/\/secureus.se\/fi\/ir-fjarrkontroll-testifire-25-till-testifire-1001-2001\/","title":{"rendered":"IR-kaukos\u00e4\u00e4din Testifire 25 Testifire 1001\/2001 -laitteelle"},"content":{"rendered":"<h1>IR-kaukos\u00e4\u00e4din Testifire 25 Testifire 1001\/2001 -laitteelle<\/h1>\n<h3 data-start=\"291\" data-end=\"340\">K\u00e4tev\u00e4 kaukos\u00e4\u00e4din Testifire-sarjalle<\/h3>\n<p data-start=\"341\" data-end=\"650\">Testifire 25 IR -kaukos\u00e4\u00e4din on lis\u00e4varuste, joka on kehitetty helpottamaan toiminnallista testausta Testifire-testauslaitteilla (kuten Testifire 1001 ja 2001).<\/p>\n<p data-start=\"341\" data-end=\"650\">Kun ilmaisin sijaitsee kupolissa, jossa testaaja ei voi rikkoa valokennoa suoraan linssill\u00e4\u00e4n, t\u00e4m\u00e4 kaukos\u00e4\u00e4din mahdollistaa testin ohjaamisen et\u00e4\u00e4lt\u00e4.<\/p>\n<h3 data-start=\"652\" data-end=\"689\">Helppo hallita vaikeasti saavutettavissa paikoissa<\/h3>\n<p data-start=\"690\" data-end=\"991\">Joissakin asennuksissa ilmaisimet on asennettu kupuihin tai korkeille korkeuksille, joissa testilaitteen optinen n\u00e4kym\u00e4n esto ei toimi tehokkaasti.<\/p>\n<p data-start=\"690\" data-end=\"991\">Testifire 25:n avulla voit aktivoida tai deaktivoida testerin infrapunasignaalin avulla ilman fyysist\u00e4 n\u00e4k\u00f6yhteytt\u00e4, mik\u00e4 s\u00e4\u00e4st\u00e4\u00e4 aikaa ja yksinkertaistaa ty\u00f6nkulkua.<\/p>\n<h3 data-start=\"993\" data-end=\"1024\">Testifire 25:n edut<\/h3>\n<ul data-start=\"1025\" data-end=\"1255\">\n<li data-start=\"1025\" data-end=\"1084\">\n<p data-start=\"1027\" data-end=\"1084\">Helppok\u00e4ytt\u00f6inen infrapunakaukos\u00e4\u00e4din Testifire-testereille<\/p>\n<\/li>\n<li data-start=\"1085\" data-end=\"1137\">\n<p data-start=\"1087\" data-end=\"1137\">Ottaa k\u00e4ytt\u00f6\u00f6n\/poistaa k\u00e4yt\u00f6st\u00e4 rajoitetun n\u00e4kyvyyden testauksen<\/p>\n<\/li>\n<li data-start=\"1138\" data-end=\"1202\">\n<p data-start=\"1140\" data-end=\"1202\">Parantaa tehokkuutta vaikeasti tavoitettavien ilmaisimien testauksessa<\/p>\n<\/li>\n<li data-start=\"1203\" data-end=\"1255\">\n<p data-start=\"1205\" data-end=\"1255\">Yhteensopiva Testifire 1001:n ja Testifire 2001:n kanssa<\/p>\n<\/li>\n<\/ul>\n<p data-start=\"1257\" data-end=\"1284\">TEKNISET TIEDOT:<\/p>\n<ul data-start=\"1285\" data-end=\"1508\">\n<li data-start=\"1285\" data-end=\"1314\">\n<p data-start=\"1287\" data-end=\"1314\">Tuote: IR-kaukos\u00e4\u00e4din<\/p>\n<\/li>\n<li data-start=\"1315\" data-end=\"1339\">\n<p data-start=\"1317\" data-end=\"1339\">Malli: Testifire 25<\/p>\n<\/li>\n<li data-start=\"1340\" data-end=\"1397\">\n<p data-start=\"1342\" data-end=\"1397\">Toiminto: Testifire-testerin aktivointi\/deaktivointi infrapunayhteyden kautta<\/p>\n<\/li>\n<li data-start=\"1398\" data-end=\"1448\">\n<p data-start=\"1400\" data-end=\"1448\">Yhteensopivuus: Testifire 1001, Testifire 2001<\/p>\n<\/li>\n<li data-start=\"1449\" data-end=\"1508\">\n<p data-start=\"1451\" data-end=\"1508\">K\u00e4ytt\u00f6: Testaukseen, jossa suora n\u00e4kyvyys ei ole mahdollista<\/p>\n<\/li>\n<\/ul>","protected":false},"excerpt":{"rendered":"<p>Testifire 25 IR -kaukos\u00e4\u00e4din on yksinkertainen kaukos\u00e4\u00e4din Testifire-testaajien aktivoimiseen tai deaktivointiin, kun valokennoon on vaikea p\u00e4\u00e4st\u00e4.<\/p>\n<p>Se yksinkertaistaa ilmaisimien testausta tilanteissa, joissa suora n\u00e4k\u00f6yhteys ei ole mahdollinen. Sopii asentajille ja huoltohenkil\u00f6st\u00f6lle.<\/p>","protected":false},"featured_media":162228,"template":"","meta":{"_acf_changed":false},"product_brand":[],"product_cat":[2946],"product_tag":[],"class_list":{"0":"post-162229","1":"product","2":"type-product","3":"status-publish","4":"has-post-thumbnail","6":"product_cat-testifire","7":"tm-no-options","9":"first","10":"instock","11":"taxable","12":"shipping-taxable","13":"purchasable","14":"product-type-simple"},"acf":[],"_links":{"self":[{"href":"https:\/\/secureus.se\/fi\/wp-json\/wp\/v2\/product\/162229","targetHints":{"allow":["GET"]}}],"collection":[{"href":"https:\/\/secureus.se\/fi\/wp-json\/wp\/v2\/product"}],"about":[{"href":"https:\/\/secureus.se\/fi\/wp-json\/wp\/v2\/types\/product"}],"wp:featuredmedia":[{"embeddable":true,"href":"https:\/\/secureus.se\/fi\/wp-json\/wp\/v2\/media\/162228"}],"wp:attachment":[{"href":"https:\/\/secureus.se\/fi\/wp-json\/wp\/v2\/media?parent=162229"}],"wp:term":[{"taxonomy":"product_brand","embeddable":true,"href":"https:\/\/secureus.se\/fi\/wp-json\/wp\/v2\/product_brand?post=162229"},{"taxonomy":"product_cat","embeddable":true,"href":"https:\/\/secureus.se\/fi\/wp-json\/wp\/v2\/product_cat?post=162229"},{"taxonomy":"product_tag","embeddable":true,"href":"https:\/\/secureus.se\/fi\/wp-json\/wp\/v2\/product_tag?post=162229"}],"curies":[{"name":"wp","href":"https:\/\/api.w.org\/{rel}","templated":true}]}}