{"id":162235,"date":"2025-11-21T12:27:45","date_gmt":"2025-11-21T11:27:45","guid":{"rendered":"https:\/\/secureus.se\/es3-rokkassett-for-solo-365-provare-for-rokdetektorer\/"},"modified":"2026-04-23T12:58:12","modified_gmt":"2026-04-23T10:58:12","slug":"es3-rokkassett-for-solo-365-provare-for-rokdetektorer","status":"publish","type":"product","link":"https:\/\/secureus.se\/fi\/es3-rokkassett-for-solo-365-provare-for-rokdetektorer\/","title":{"rendered":"ES3-savukasetti Solo 365 -savuilmaisimen testeriin"},"content":{"rendered":"<h1>ES3-savukasetti Solo 365 -savuilmaisimen testeriin<\/h1>\n<h3 data-start=\"296\" data-end=\"336\">Savuilmaisimien testaaminen Solo 365:ll\u00e4<\/h3>\n<p data-start=\"337\" data-end=\"611\">ES3-savukasetti on suunniteltu k\u00e4ytett\u00e4v\u00e4ksi Solo 365 -savuilmaisimien testeriss\u00e4, joka on tarkoitettu paloilmaisimien toiminnan testaamiseen.<\/p>\n<p data-start=\"337\" data-end=\"611\">M\u00e4\u00e4ritellyn testisavun avulla voit varmistaa, ett\u00e4 savunilmaisimet toimivat asianmukaisesti, mik\u00e4 on t\u00e4rke\u00e4\u00e4 rakennusten paloturvallisuuden yll\u00e4pit\u00e4miseksi.<\/p>\n<h3 data-start=\"613\" data-end=\"655\">Hallittu ja turvallinen savuntuotanto<\/h3>\n<p data-start=\"656\" data-end=\"926\">Solo 365:ss\u00e4 k\u00e4ytettyn\u00e4 ES3-patruuna tuottaa hallitusti savua, joka aktivoi savuilmaisimet tehokkaasti aiheuttamatta todellista tulipaloa tai vaarallisia olosuhteita.<\/p>\n<p data-start=\"656\" data-end=\"926\">Savu h\u00e4vi\u00e4\u00e4 testin j\u00e4lkeen eik\u00e4 j\u00e4t\u00e4 ilmaisimeen haitallisia j\u00e4\u00e4mi\u00e4, mik\u00e4 v\u00e4hent\u00e4\u00e4 j\u00e4lkitestin tarvetta.<\/p>\n<h3 data-start=\"928\" data-end=\"958\">Sujuvaa testausta paikan p\u00e4\u00e4ll\u00e4<\/h3>\n<p data-start=\"959\" data-end=\"1211\">T\u00e4m\u00e4 savukasetti mahdollistaa toimintatestien suorittamisen nopeasti ja turvallisesti niin asennuksen, huollon kuin s\u00e4\u00e4nn\u00f6llisen kunnossapidonkin aikana.<\/p>\n<p data-start=\"959\" data-end=\"1211\">Solo 365:n ja ES3-kasetin avulla saat kustannustehokkaan ja luotettavan ratkaisun savuilmaisimien testaukseen.<\/p>\n<h3 data-start=\"1213\" data-end=\"1246\">ES3-savupatruunan edut<\/h3>\n<ul data-start=\"1247\" data-end=\"1489\">\n<li data-start=\"1247\" data-end=\"1291\">\n<p data-start=\"1249\" data-end=\"1291\">Suunniteltu Solo 365 -savuilmaisimen testeriin<\/p>\n<\/li>\n<li data-start=\"1292\" data-end=\"1342\">\n<p data-start=\"1294\" data-end=\"1342\">Tuottaa kontrolloitua ja realistista testisavua<\/p>\n<\/li>\n<li data-start=\"1343\" data-end=\"1379\">\n<p data-start=\"1345\" data-end=\"1379\">Turvallinen k\u00e4ytt\u00e4\u00e4 ilman tulipaloriski\u00e4<\/p>\n<\/li>\n<li data-start=\"1380\" data-end=\"1434\">\n<p data-start=\"1382\" data-end=\"1434\">Ei iskuja tai j\u00e4\u00e4mi\u00e4 ilmaisimessa testauksen j\u00e4lkeen<\/p>\n<\/li>\n<li data-start=\"1435\" data-end=\"1489\">\n<p data-start=\"1437\" data-end=\"1489\">Sopii asennukseen, huoltoon ja itsetarkastukseen<\/p>\n<\/li>\n<\/ul>\n<p data-start=\"1491\" data-end=\"1518\">TEKNISET TIEDOT:<\/p>\n<ul data-start=\"1519\" data-end=\"1745\">\n<li data-start=\"1519\" data-end=\"1554\">\n<p data-start=\"1521\" data-end=\"1554\">Tuote: Tupakkakasetti \/ tupakkapatruuna<\/p>\n<\/li>\n<li data-start=\"1555\" data-end=\"1570\">\n<p data-start=\"1557\" data-end=\"1570\">Malli: ES3<\/p>\n<\/li>\n<li data-start=\"1571\" data-end=\"1611\">\n<p data-start=\"1573\" data-end=\"1611\">K\u00e4ytt\u00f6\u00f6n seuraavien kanssa: Solo 365 -testeri<\/p>\n<\/li>\n<li data-start=\"1612\" data-end=\"1666\">\n<p data-start=\"1614\" data-end=\"1666\">Toiminto: Testisavun generointi savuilmaisimille<\/p>\n<\/li>\n<li data-start=\"1667\" data-end=\"1694\">\n<p data-start=\"1669\" data-end=\"1694\">J\u00e4\u00e4m\u00e4t testauksen j\u00e4lkeen: Ei mit\u00e4\u00e4n<\/p>\n<\/li>\n<li data-start=\"1695\" data-end=\"1745\">\n<p data-start=\"1697\" data-end=\"1745\">Turvallisuus: Hallittu ja turvallinen savuntuotanto<\/p>\n<\/li>\n<\/ul>","protected":false},"excerpt":{"rendered":"<p>ES3-savupatruuna on Solo 365 -testerien savupatruuna, joka tuottaa kontrolloitua testisavua savuilmaisimien toiminnan testaamiseksi.<\/p>\n<p>Se varmistaa, ett\u00e4 palovaroitin reagoi oikein ilman varsinaista tulipaloa.<\/p>\n<p>Sopii asentajille, huoltohenkil\u00f6st\u00f6lle ja kiinteist\u00f6nomistajille.<\/p>","protected":false},"featured_media":162234,"template":"","meta":{"_acf_changed":false},"product_brand":[],"product_cat":[5072,5069,5089],"product_tag":[],"class_list":{"0":"post-162235","1":"product","2":"type-product","3":"status-publish","4":"has-post-thumbnail","6":"product_cat-solo-365","7":"product_cat-kassetter-rok-co","8":"product_cat-solo-365-solo-365","9":"tm-no-options","11":"first","12":"instock","13":"taxable","14":"shipping-taxable","15":"purchasable","16":"product-type-simple"},"acf":[],"_links":{"self":[{"href":"https:\/\/secureus.se\/fi\/wp-json\/wp\/v2\/product\/162235","targetHints":{"allow":["GET"]}}],"collection":[{"href":"https:\/\/secureus.se\/fi\/wp-json\/wp\/v2\/product"}],"about":[{"href":"https:\/\/secureus.se\/fi\/wp-json\/wp\/v2\/types\/product"}],"wp:featuredmedia":[{"embeddable":true,"href":"https:\/\/secureus.se\/fi\/wp-json\/wp\/v2\/media\/162234"}],"wp:attachment":[{"href":"https:\/\/secureus.se\/fi\/wp-json\/wp\/v2\/media?parent=162235"}],"wp:term":[{"taxonomy":"product_brand","embeddable":true,"href":"https:\/\/secureus.se\/fi\/wp-json\/wp\/v2\/product_brand?post=162235"},{"taxonomy":"product_cat","embeddable":true,"href":"https:\/\/secureus.se\/fi\/wp-json\/wp\/v2\/product_cat?post=162235"},{"taxonomy":"product_tag","embeddable":true,"href":"https:\/\/secureus.se\/fi\/wp-json\/wp\/v2\/product_tag?post=162235"}],"curies":[{"name":"wp","href":"https:\/\/api.w.org\/{rel}","templated":true}]}}