{"id":162237,"date":"2025-11-21T12:45:40","date_gmt":"2025-11-21T11:45:40","guid":{"rendered":"https:\/\/secureus.se\/batteri-testifire-bp-till-xtr2\/"},"modified":"2026-03-26T12:25:00","modified_gmt":"2026-03-26T11:25:00","slug":"batteri-testifire-bp-till-xtr2","status":"publish","type":"product","link":"https:\/\/secureus.se\/fi\/batteri-testifire-bp-till-xtr2\/","title":{"rendered":"Testifire-BP -akku XTR2:lle"},"content":{"rendered":"<h1>Testifire-BP -akku XTR2:lle<\/h1>\n<h3 data-start=\"352\" data-end=\"405\">Ladattava akku Testifire XTR2:lle<\/h3>\n<p data-start=\"406\" data-end=\"653\">Testifire-BP on tehokas ja kompakti akkupaketti, joka tarjoaa luotettavan virransy\u00f6t\u00f6n Testifire XTR2:lle.<\/p>\n<p data-start=\"406\" data-end=\"653\">Ladattava akku mahdollistaa pidemm\u00e4t ty\u00f6skentelyjaksot ilman keskeytyksi\u00e4 ja varmistaa savugeneraattorin vakaan toiminnan.<\/p>\n<h3 data-start=\"655\" data-end=\"685\">Nopea ja helppo lataus<\/h3>\n<p data-start=\"686\" data-end=\"894\">Akku ladataan USB-C:n kautta lyhyell\u00e4 60\u201390 minuutin latausajalla.<\/p>\n<p data-start=\"686\" data-end=\"894\">T\u00e4m\u00e4 mahdollistaa akun nopean palauttamisen testauskertojen v\u00e4lill\u00e4, mik\u00e4 v\u00e4hent\u00e4\u00e4 seisokkiaikoja ja parantaa palvelun tehokkuutta.<\/p>\n<h3 data-start=\"896\" data-end=\"920\">Yksinkertainen asennus<\/h3>\n<p data-start=\"921\" data-end=\"1088\">Asennus on nopeaa ja helppoa. Akku kytket\u00e4\u00e4n suoraan Testifire XTR2:een ja se voidaan helposti vaihtaa tarvittaessa, samalla tavalla kuin savupatruunat ja virtal\u00e4hde.<\/p>\n<h3 data-start=\"1090\" data-end=\"1127\">T\u00e4ydellinen ammattik\u00e4ytt\u00f6\u00f6n<\/h3>\n<p data-start=\"1128\" data-end=\"1312\">Paristo sopii erinomaisesti asentajille, huoltohenkil\u00f6st\u00f6lle ja kiinteist\u00f6nhaltijoille, jotka testaavat s\u00e4\u00e4nn\u00f6llisesti savuilmaisimia toimistoissa, kouluissa, varastoissa tai julkisissa rakennuksissa.<\/p>\n<p data-start=\"1319\" data-end=\"1350\"><strong data-start=\"1319\" data-end=\"1348\">TEKNISET TIEDOT:<\/strong><\/p>\n<ul data-start=\"1351\" data-end=\"1573\">\n<li data-start=\"1351\" data-end=\"1375\">\n<p data-start=\"1353\" data-end=\"1375\">Malli: Testifire-BP<\/p>\n<\/li>\n<li data-start=\"1376\" data-end=\"1397\">\n<p data-start=\"1378\" data-end=\"1397\">Liit\u00e4nt\u00e4: USB-C<\/p>\n<\/li>\n<li data-start=\"1398\" data-end=\"1429\">\n<p data-start=\"1400\" data-end=\"1429\">Latausaika: 60\u201390 minuuttia<\/p>\n<\/li>\n<li data-start=\"1430\" data-end=\"1471\">\n<p data-start=\"1432\" data-end=\"1471\">K\u00e4ytt\u00f6: Testifire XTR2 -savutesteri<\/p>\n<\/li>\n<li data-start=\"1472\" data-end=\"1513\">\n<p data-start=\"1474\" data-end=\"1513\">Tyyppi: Ladattava akku<\/p>\n<\/li>\n<\/ul>","protected":false},"excerpt":{"rendered":"<p>Testifire-BP on ladattava akkupaketti USB-C-liit\u00e4nn\u00e4ll\u00e4 Testifire XTR2:lle.<\/p>\n<p>Pikalataus 60\u201390 minuutissa varmistaa, ett\u00e4 savugeneraattori on aina valmis testaukseen.<\/p>","protected":false},"featured_media":162236,"template":"","meta":{"_acf_changed":false},"product_brand":[],"product_cat":[2946,4757],"product_tag":[],"class_list":{"0":"post-162237","1":"product","2":"type-product","3":"status-publish","4":"has-post-thumbnail","6":"product_cat-testifire","7":"product_cat-xtr2","8":"tm-no-options","10":"first","11":"onbackorder","12":"taxable","13":"shipping-taxable","14":"purchasable","15":"product-type-simple"},"acf":[],"_links":{"self":[{"href":"https:\/\/secureus.se\/fi\/wp-json\/wp\/v2\/product\/162237","targetHints":{"allow":["GET"]}}],"collection":[{"href":"https:\/\/secureus.se\/fi\/wp-json\/wp\/v2\/product"}],"about":[{"href":"https:\/\/secureus.se\/fi\/wp-json\/wp\/v2\/types\/product"}],"wp:featuredmedia":[{"embeddable":true,"href":"https:\/\/secureus.se\/fi\/wp-json\/wp\/v2\/media\/162236"}],"wp:attachment":[{"href":"https:\/\/secureus.se\/fi\/wp-json\/wp\/v2\/media?parent=162237"}],"wp:term":[{"taxonomy":"product_brand","embeddable":true,"href":"https:\/\/secureus.se\/fi\/wp-json\/wp\/v2\/product_brand?post=162237"},{"taxonomy":"product_cat","embeddable":true,"href":"https:\/\/secureus.se\/fi\/wp-json\/wp\/v2\/product_cat?post=162237"},{"taxonomy":"product_tag","embeddable":true,"href":"https:\/\/secureus.se\/fi\/wp-json\/wp\/v2\/product_tag?post=162237"}],"curies":[{"name":"wp","href":"https:\/\/api.w.org\/{rel}","templated":true}]}}