{"id":162239,"date":"2025-11-21T12:45:38","date_gmt":"2025-11-21T11:45:38","guid":{"rendered":"https:\/\/secureus.se\/asd-adapter-till-testifire-xtr2\/"},"modified":"2026-04-23T12:57:39","modified_gmt":"2026-04-23T10:57:39","slug":"asd-adapter-till-testifire-xtr2","status":"publish","type":"product","link":"https:\/\/secureus.se\/fi\/asd-adapter-till-testifire-xtr2\/","title":{"rendered":"ASD-sovitin Testifire-XTR2:lle"},"content":{"rendered":"<h1>ASD-sovitin Testifire-XTR2:lle<\/h1>\n<h3 data-start=\"339\" data-end=\"383\">Adapteri ASD- ja tasoilmaisimille<\/h3>\n<p data-start=\"384\" data-end=\"578\">ASD-sovitin on suunniteltu takaamaan yhteensopivuuden Testifire-XTR2:n ja ASD:n sek\u00e4 tasomaisten ilmaisimien v\u00e4lill\u00e4.<\/p>\n<p data-start=\"384\" data-end=\"578\">Se helpottaa erityyppisten ilmaisimien testaamista samalla testilaitteistolla.<\/p>\n<h3 data-start=\"580\" data-end=\"602\">Helppok\u00e4ytt\u00f6inen<\/h3>\n<p data-start=\"603\" data-end=\"817\">Sovitin kiinnittyy nopeasti Testifire-XTR2:een ja mahdollistaa ASD- ja tasoilmaisimien tehokkaan ja turvallisen testauksen.<\/p>\n<p data-start=\"603\" data-end=\"817\">T\u00e4ydellinen huoltohenkil\u00f6st\u00f6lle ja asentajille, jotka haluavat joustavan testausty\u00f6kalun.<\/p>\n<h3 data-start=\"819\" data-end=\"848\">Ammattik\u00e4ytt\u00f6\u00f6n<\/h3>\n<p data-start=\"849\" data-end=\"1029\">ASD-sovitin sopii erinomaisesti toimistoihin, kouluihin, varastoihin ja julkisiin rakennuksiin, joissa k\u00e4ytet\u00e4\u00e4n sek\u00e4 vakio- ett\u00e4 tasomaisia ilmaisimia.<\/p>\n<p data-start=\"849\" data-end=\"1029\">Se s\u00e4\u00e4st\u00e4\u00e4 aikaa ja v\u00e4hent\u00e4\u00e4 useiden testaajien tarvetta.<\/p>\n<p data-start=\"1036\" data-end=\"1067\"><strong data-start=\"1036\" data-end=\"1065\">TEKNISET TIEDOT:<\/strong><\/p>\n<ul data-start=\"1068\" data-end=\"1271\">\n<li data-start=\"1068\" data-end=\"1091\">\n<p data-start=\"1070\" data-end=\"1091\">Malli: ASD-sovitin<\/p>\n<\/li>\n<li data-start=\"1092\" data-end=\"1152\">\n<p data-start=\"1094\" data-end=\"1152\">Sovellus: Testifire-XTR2 savu- ja l\u00e4mp\u00f6ilmaisimen testauslaite<\/p>\n<\/li>\n<li data-start=\"1153\" data-end=\"1219\">\n<p data-start=\"1155\" data-end=\"1219\">Toiminto: Mahdollistaa ASD- ja tasoilmaisimien testaamisen<\/p>\n<\/li>\n<li data-start=\"1220\" data-end=\"1271\">\n<p data-start=\"1222\" data-end=\"1271\">Helppo asennus: Nopea asennus testeriin<\/p>\n<\/li>\n<\/ul>","protected":false},"excerpt":{"rendered":"<p data-start=\"122\" data-end=\"308\">ASD-sovittimen avulla voit testata ASD- ja tasoilmaisimia Testifire-XTR2:lla.<\/p>\n<p data-start=\"122\" data-end=\"308\">Helppok\u00e4ytt\u00f6inen ja yhteensopiva sek\u00e4 savu- ett\u00e4 l\u00e4mp\u00f6ilmaisintesterin kanssa.<\/p>","protected":false},"featured_media":162238,"template":"","meta":{"_acf_changed":false},"product_brand":[],"product_cat":[4757,2946],"product_tag":[],"class_list":{"0":"post-162239","1":"product","2":"type-product","3":"status-publish","4":"has-post-thumbnail","6":"product_cat-xtr2","7":"product_cat-testifire","8":"tm-no-options","10":"first","11":"instock","12":"taxable","13":"shipping-taxable","14":"purchasable","15":"product-type-simple"},"acf":[],"_links":{"self":[{"href":"https:\/\/secureus.se\/fi\/wp-json\/wp\/v2\/product\/162239","targetHints":{"allow":["GET"]}}],"collection":[{"href":"https:\/\/secureus.se\/fi\/wp-json\/wp\/v2\/product"}],"about":[{"href":"https:\/\/secureus.se\/fi\/wp-json\/wp\/v2\/types\/product"}],"wp:featuredmedia":[{"embeddable":true,"href":"https:\/\/secureus.se\/fi\/wp-json\/wp\/v2\/media\/162238"}],"wp:attachment":[{"href":"https:\/\/secureus.se\/fi\/wp-json\/wp\/v2\/media?parent=162239"}],"wp:term":[{"taxonomy":"product_brand","embeddable":true,"href":"https:\/\/secureus.se\/fi\/wp-json\/wp\/v2\/product_brand?post=162239"},{"taxonomy":"product_cat","embeddable":true,"href":"https:\/\/secureus.se\/fi\/wp-json\/wp\/v2\/product_cat?post=162239"},{"taxonomy":"product_tag","embeddable":true,"href":"https:\/\/secureus.se\/fi\/wp-json\/wp\/v2\/product_tag?post=162239"}],"curies":[{"name":"wp","href":"https:\/\/api.w.org\/{rel}","templated":true}]}}