{"id":162241,"date":"2025-11-21T12:34:00","date_gmt":"2025-11-21T11:34:00","guid":{"rendered":"https:\/\/secureus.se\/rokkassett-testifire-ts3\/"},"modified":"2026-03-26T12:25:34","modified_gmt":"2026-03-26T11:25:34","slug":"rokkassett-testifire-ts3","status":"publish","type":"product","link":"https:\/\/secureus.se\/fi\/rokkassett-testifire-ts3\/","title":{"rendered":"Savupatruuna Testifire TS3"},"content":{"rendered":"<h1>Savupatruuna Testifire TS3<\/h1>\n<h3 data-start=\"296\" data-end=\"332\">Savuilmaisimien toiminnallinen testaus<\/h3>\n<p data-start=\"333\" data-end=\"613\">Testifire TS3 -savukasetti on tarkoitettu savuilmaisimien testaamiseen yhdess\u00e4 Testifire 1001- ja Testifire 2001 -testilaitteiden kanssa.<\/p>\n<p data-start=\"333\" data-end=\"613\">M\u00e4\u00e4ritellyn testisavun luomisen avulla voit varmistaa, ett\u00e4 savuilmaisin reagoi oikein, mik\u00e4 on ratkaisevan t\u00e4rke\u00e4\u00e4 rakennusten paloturvallisuuden kannalta.<\/p>\n<h3 data-start=\"615\" data-end=\"645\">Yksinkertainen ja turvallinen testaus<\/h3>\n<p data-start=\"646\" data-end=\"974\">TS3-patruuna tuottaa savua, joka aktivoi tehokkaasti sek\u00e4 optiset ett\u00e4 muuntyyppiset savuilmaisimet, kun sit\u00e4 k\u00e4ytet\u00e4\u00e4n yhteensopivissa testereiss\u00e4.<\/p>\n<p data-start=\"646\" data-end=\"974\">Tuote on suunniteltu k\u00e4ytt\u00e4j\u00e4lle ja laitteille turvalliseksi, v\u00e4ltt\u00e4en samalla todellisen tulipalon vaaran.<\/p>\n<p data-start=\"646\" data-end=\"974\">Testin j\u00e4lkeen savu poistetaan j\u00e4tt\u00e4m\u00e4tt\u00e4 haitallisia j\u00e4\u00e4mi\u00e4 ilmaisimeen.<\/p>\n<h3 data-start=\"976\" data-end=\"1008\">Testifire TS3:n edut<\/h3>\n<ul data-start=\"1009\" data-end=\"1211\">\n<li data-start=\"1009\" data-end=\"1059\">\n<p data-start=\"1011\" data-end=\"1059\">Suunniteltu Testifire 1001- ja Testifire 2001 -laitteille<\/p>\n<\/li>\n<li data-start=\"1060\" data-end=\"1122\">\n<p data-start=\"1062\" data-end=\"1122\">Tarjoaa hallittua, realistista savua luotettavaa testausta varten<\/p>\n<\/li>\n<li data-start=\"1123\" data-end=\"1164\">\n<p data-start=\"1125\" data-end=\"1164\">Turvallinen k\u00e4ytt\u00e4\u00e4 ilman tulipaloriski\u00e4<\/p>\n<\/li>\n<li data-start=\"1165\" data-end=\"1211\">\n<p data-start=\"1167\" data-end=\"1211\">Ei vaikutusta ilmaisimeen testauksen j\u00e4lkeen<\/p>\n<\/li>\n<\/ul>\n<h3 data-start=\"1213\" data-end=\"1237\">K\u00e4ytt\u00f6alueet<\/h3>\n<ul data-start=\"1238\" data-end=\"1400\">\n<li data-start=\"1238\" data-end=\"1293\">\n<p data-start=\"1240\" data-end=\"1293\">Toiminnallinen testaus savuilmaisimien asennuksen yhteydess\u00e4<\/p>\n<\/li>\n<li data-start=\"1294\" data-end=\"1331\">\n<p data-start=\"1296\" data-end=\"1331\">S\u00e4\u00e4nn\u00f6llinen huolto ja kunnossapito<\/p>\n<\/li>\n<li data-start=\"1332\" data-end=\"1400\">\n<p data-start=\"1334\" data-end=\"1400\">Omavalvonta kodeissa, toimistoissa, teollisuudessa ja julkisissa tiloissa<\/p>\n<\/li>\n<\/ul>\n<p data-start=\"1402\" data-end=\"1429\">TEKNISET TIEDOT:<\/p>\n<ul data-start=\"1430\" data-end=\"1721\">\n<li data-start=\"1430\" data-end=\"1465\">\n<p data-start=\"1432\" data-end=\"1465\">Tuote: Tupakkakasetti \/ tupakkapatruuna<\/p>\n<\/li>\n<li data-start=\"1466\" data-end=\"1485\">\n<p data-start=\"1468\" data-end=\"1485\">Malli: TS3-001<\/p>\n<\/li>\n<li data-start=\"1486\" data-end=\"1533\">\n<p data-start=\"1488\" data-end=\"1533\">K\u00e4ytet\u00e4\u00e4n yhdess\u00e4: Testifire 1001, Testifire 2001<\/p>\n<\/li>\n<li data-start=\"1534\" data-end=\"1590\">\n<p data-start=\"1536\" data-end=\"1590\">Toiminto: Testisavun generointi savuilmaisimen testausta varten<\/p>\n<\/li>\n<li data-start=\"1591\" data-end=\"1642\">\n<p data-start=\"1593\" data-end=\"1642\">Yhteensopivuus: Optiset ja muut savunilmaisimet<\/p>\n<\/li>\n<li data-start=\"1643\" data-end=\"1670\">\n<p data-start=\"1645\" data-end=\"1670\">J\u00e4\u00e4m\u00e4t testauksen j\u00e4lkeen: Ei mit\u00e4\u00e4n<\/p>\n<\/li>\n<li data-start=\"1671\" data-end=\"1721\">\n<p data-start=\"1673\" data-end=\"1721\">Turvallisuus: Hallittu ja turvallinen savuntuotanto<\/p>\n<\/li>\n<\/ul>","protected":false},"excerpt":{"rendered":"<p>Testifire TS3 -savupatruuna on tarkoitettu savuilmaisimien toiminnan testaamiseen Testifire 1001- ja Testifire 2001 -laitteilla.<\/p>\n<p>Se tuottaa kontrolloidusti testisavua, joka aktivoi savuilmaisimet ilman varsinaista tulipaloa.<\/p>\n<p>Sopii asentajille, huoltohenkil\u00f6st\u00f6lle ja kiinteist\u00f6nomistajille.<\/p>","protected":false},"featured_media":162240,"template":"","meta":{"_acf_changed":false},"product_brand":[],"product_cat":[2946,5069],"product_tag":[],"class_list":{"0":"post-162241","1":"product","2":"type-product","3":"status-publish","4":"has-post-thumbnail","6":"product_cat-testifire","7":"product_cat-kassetter-rok-co","8":"tm-no-options","10":"first","11":"instock","12":"taxable","13":"shipping-taxable","14":"purchasable","15":"product-type-simple"},"acf":[],"_links":{"self":[{"href":"https:\/\/secureus.se\/fi\/wp-json\/wp\/v2\/product\/162241","targetHints":{"allow":["GET"]}}],"collection":[{"href":"https:\/\/secureus.se\/fi\/wp-json\/wp\/v2\/product"}],"about":[{"href":"https:\/\/secureus.se\/fi\/wp-json\/wp\/v2\/types\/product"}],"wp:featuredmedia":[{"embeddable":true,"href":"https:\/\/secureus.se\/fi\/wp-json\/wp\/v2\/media\/162240"}],"wp:attachment":[{"href":"https:\/\/secureus.se\/fi\/wp-json\/wp\/v2\/media?parent=162241"}],"wp:term":[{"taxonomy":"product_brand","embeddable":true,"href":"https:\/\/secureus.se\/fi\/wp-json\/wp\/v2\/product_brand?post=162241"},{"taxonomy":"product_cat","embeddable":true,"href":"https:\/\/secureus.se\/fi\/wp-json\/wp\/v2\/product_cat?post=162241"},{"taxonomy":"product_tag","embeddable":true,"href":"https:\/\/secureus.se\/fi\/wp-json\/wp\/v2\/product_tag?post=162241"}],"curies":[{"name":"wp","href":"https:\/\/api.w.org\/{rel}","templated":true}]}}