{"id":162243,"date":"2025-11-21T12:27:42","date_gmt":"2025-11-21T11:27:42","guid":{"rendered":"https:\/\/secureus.se\/solo-370-batteri-for-solo-365-roka-webbutik\/"},"modified":"2026-04-23T12:58:29","modified_gmt":"2026-04-23T10:58:29","slug":"solo-370-batteri-for-solo-365-roka-webbutik","status":"publish","type":"product","link":"https:\/\/secureus.se\/fi\/solo-370-batteri-for-solo-365-roka-webbutik\/","title":{"rendered":"Solo 370 akku Solo 365:lle \u2013 ROKA Verkkokauppa"},"content":{"rendered":"<h1>Solo 370 akku Solo 365:lle \u2013 ROKA Verkkokauppa<\/h1>\n<h3 data-start=\"232\" data-end=\"269\">Vaihtoakku Solo 365:lle<\/h3>\n<p data-start=\"270\" data-end=\"500\">Solo 370 -akku on Solo 365 -savuilmaisimen testerin erillinen virtal\u00e4hde.<\/p>\n<p data-start=\"270\" data-end=\"500\">Toimiva akku on v\u00e4ltt\u00e4m\u00e4t\u00f6n, jotta testaaja voi tuottaa testisavua ja suorittaa luotettavia toiminnallisia testej\u00e4 paloilmoitinj\u00e4rjestelmien savuilmaisimille.<\/p>\n<h3 data-start=\"502\" data-end=\"548\">Pitk\u00e4 k\u00e4ytt\u00f6ik\u00e4 jatkuvaan testaukseen<\/h3>\n<p data-start=\"549\" data-end=\"827\">T\u00e4m\u00e4 akku on suunniteltu tarjoamaan Solo 365:n vakaa ja pitk\u00e4aikainen toiminta, mik\u00e4 v\u00e4hent\u00e4\u00e4 keskeytysten riski\u00e4 testausty\u00f6n aikana.<\/p>\n<p data-start=\"549\" data-end=\"827\">Vaihtamalla pariston s\u00e4\u00e4nn\u00f6llisesti varmistat, ett\u00e4 mittauslaite on aina k\u00e4ytt\u00f6valmis asennuksen, huollon tai yll\u00e4pidon aikana.<\/p>\n<h3 data-start=\"829\" data-end=\"853\">Yksinkertainen asennus<\/h3>\n<p data-start=\"854\" data-end=\"991\">Solo 370 on helppo asentaa ja vaihtaa Solo 365:een ilman erikoisty\u00f6kaluja.<\/p>\n<p data-start=\"854\" data-end=\"991\">T\u00e4m\u00e4 tekee akun vaihtamisesta helppoa jopa paikan p\u00e4\u00e4ll\u00e4 asiakkaan tiloissa.<\/p>\n<h3 data-start=\"993\" data-end=\"1020\">Solo 370:n edut<\/h3>\n<ul data-start=\"1021\" data-end=\"1144\">\n<li data-start=\"1021\" data-end=\"1059\">\n<p data-start=\"1023\" data-end=\"1059\">Varaparisto Solo 365 -testeriin<\/p>\n<\/li>\n<li data-start=\"1060\" data-end=\"1103\">\n<p data-start=\"1062\" data-end=\"1103\">Varmistaa luotettavan toiminnallisen testauksen<\/p>\n<\/li>\n<li data-start=\"1104\" data-end=\"1125\">\n<p data-start=\"1106\" data-end=\"1125\">Helppo vaihtaa<\/p>\n<\/li>\n<li data-start=\"1126\" data-end=\"1144\">\n<p data-start=\"1128\" data-end=\"1144\">Pitk\u00e4 k\u00e4ytt\u00f6aika<\/p>\n<\/li>\n<\/ul>\n<p data-start=\"1146\" data-end=\"1173\">TEKNISET TIEDOT:<\/p>\n<ul data-start=\"1174\" data-end=\"1337\">\n<li data-start=\"1174\" data-end=\"1194\">\n<p data-start=\"1176\" data-end=\"1194\">Tuote: Akku<\/p>\n<\/li>\n<li data-start=\"1195\" data-end=\"1215\">\n<p data-start=\"1197\" data-end=\"1215\">Malli: Solo 370<\/p>\n<\/li>\n<li data-start=\"1216\" data-end=\"1267\">\n<p data-start=\"1218\" data-end=\"1267\">K\u00e4ytt\u00f6\u00f6n seuraavien kanssa: Solo 365 -savuilmaisimen testeri<\/p>\n<\/li>\n<li data-start=\"1268\" data-end=\"1308\">\n<p data-start=\"1270\" data-end=\"1308\">Toiminto: Testilaitteiden virtal\u00e4hde<\/p>\n<\/li>\n<li data-start=\"1309\" data-end=\"1337\">\n<p data-start=\"1311\" data-end=\"1337\">Yhteensopivuus: Solo 365<\/p>\n<\/li>\n<\/ul>","protected":false},"excerpt":{"rendered":"<p>Solo 370 on Solo 365 -savuilmaisimen testerin vaihtoakku.<\/p>\n<p>T\u00e4m\u00e4 varmistaa testerin toiminnan luotettavia toiminnallisia testej\u00e4 varten.<\/p>\n<p>Sopii huoltoteknikoille, asentajille ja kunnossapitohenkil\u00f6st\u00f6lle.<\/p>","protected":false},"featured_media":162242,"template":"","meta":{"_acf_changed":false},"product_brand":[],"product_cat":[5072,5089,5074],"product_tag":[],"class_list":{"0":"post-162243","1":"product","2":"type-product","3":"status-publish","4":"has-post-thumbnail","6":"product_cat-solo-365","7":"product_cat-solo-365-solo-365","8":"product_cat-stromforsorjning-professionella-verktyg-for-prov-och-underhall","9":"tm-no-options","11":"first","12":"instock","13":"taxable","14":"shipping-taxable","15":"purchasable","16":"product-type-simple"},"acf":[],"_links":{"self":[{"href":"https:\/\/secureus.se\/fi\/wp-json\/wp\/v2\/product\/162243","targetHints":{"allow":["GET"]}}],"collection":[{"href":"https:\/\/secureus.se\/fi\/wp-json\/wp\/v2\/product"}],"about":[{"href":"https:\/\/secureus.se\/fi\/wp-json\/wp\/v2\/types\/product"}],"wp:featuredmedia":[{"embeddable":true,"href":"https:\/\/secureus.se\/fi\/wp-json\/wp\/v2\/media\/162242"}],"wp:attachment":[{"href":"https:\/\/secureus.se\/fi\/wp-json\/wp\/v2\/media?parent=162243"}],"wp:term":[{"taxonomy":"product_brand","embeddable":true,"href":"https:\/\/secureus.se\/fi\/wp-json\/wp\/v2\/product_brand?post=162243"},{"taxonomy":"product_cat","embeddable":true,"href":"https:\/\/secureus.se\/fi\/wp-json\/wp\/v2\/product_cat?post=162243"},{"taxonomy":"product_tag","embeddable":true,"href":"https:\/\/secureus.se\/fi\/wp-json\/wp\/v2\/product_tag?post=162243"}],"curies":[{"name":"wp","href":"https:\/\/api.w.org\/{rel}","templated":true}]}}