{"id":162247,"date":"2025-11-21T12:27:37","date_gmt":"2025-11-21T11:27:37","guid":{"rendered":"https:\/\/secureus.se\/solo-365-provning-rokdetektor-punkt-samplande\/"},"modified":"2026-04-08T16:01:05","modified_gmt":"2026-04-08T14:01:05","slug":"solo-365-provning-rokdetektor-punkt-samplande","status":"publish","type":"product","link":"https:\/\/secureus.se\/fi\/solo-365-provning-rokdetektor-punkt-samplande\/","title":{"rendered":"Solo 365 \u2013 Savuilmaisimien testaus (piste- ja n\u00e4ytteenotto)"},"content":{"rendered":"<h1>Solo 365 \u2013 Savuilmaisimien testaus (piste- ja n\u00e4ytteenotto)<\/h1>\n<h3 data-start=\"272\" data-end=\"312\">Savuilmaisimien tehokas testaus<\/h3>\n<p data-start=\"313\" data-end=\"577\">Solo 365 on ammattimainen testausty\u00f6kalu sek\u00e4 piste- ett\u00e4 n\u00e4ytteenottosavuilmaisimien toiminnan testaamiseen.<\/p>\n<p data-start=\"313\" data-end=\"577\">K\u00e4ytt\u00e4m\u00e4ll\u00e4 paineettomia savupatruunoita luodaan realistista testisavua, joka aktivoi ilmaisimet turvallisesti ja hallitusti ilman todellista tulipaloriski\u00e4.<\/p>\n<h3 data-start=\"579\" data-end=\"605\">T\u00e4ydellinen testausratkaisu<\/h3>\n<p data-start=\"606\" data-end=\"818\">Testaus on nopeaa ja helppoa Solo 365:ll\u00e4 sen k\u00e4ytt\u00e4j\u00e4yst\u00e4v\u00e4llisen suunnittelun ansiosta.<\/p>\n<p data-start=\"606\" data-end=\"818\">Se on yhteensopiva laajan valikoiman savuilmaisimien kanssa ja sopii asennukseen, huoltoon ja s\u00e4\u00e4nn\u00f6lliseen yll\u00e4pitoon.<\/p>\n<h3 data-start=\"820\" data-end=\"839\">Mukana tulee<\/h3>\n<ul data-start=\"840\" data-end=\"1017\">\n<li data-start=\"840\" data-end=\"895\">\n<p data-start=\"842\" data-end=\"895\">Testaa savun oikea jakautuminen kupin kanssa<\/p>\n<\/li>\n<li data-start=\"896\" data-end=\"932\">\n<p data-start=\"898\" data-end=\"932\">Solo 370 -akku turvalliseen k\u00e4ytt\u00f6\u00f6n<\/p>\n<\/li>\n<li data-start=\"933\" data-end=\"977\">\n<p data-start=\"935\" data-end=\"977\">ES3-savukasetti kontrolloitua testisavua varten<\/p>\n<\/li>\n<li data-start=\"978\" data-end=\"1005\">\n<p data-start=\"980\" data-end=\"1005\">Savugeneraattori (Solo 371)<\/p>\n<\/li>\n<li data-start=\"1006\" data-end=\"1017\">\n<p data-start=\"1008\" data-end=\"1017\">Laturi<\/p>\n<\/li>\n<\/ul>\n<h3 data-start=\"1019\" data-end=\"1046\">Solo 365:n edut<\/h3>\n<ul data-start=\"1047\" data-end=\"1290\">\n<li data-start=\"1047\" data-end=\"1088\">\n<p data-start=\"1049\" data-end=\"1088\">Turvallinen ja luotettava savuilmaisimen testaaja<\/p>\n<\/li>\n<li data-start=\"1089\" data-end=\"1136\">\n<p data-start=\"1091\" data-end=\"1136\">Sopii sek\u00e4 piste- ett\u00e4 n\u00e4ytteenottoilmaisimiin<\/p>\n<\/li>\n<li data-start=\"1137\" data-end=\"1194\">\n<p data-start=\"1139\" data-end=\"1194\">Nopeammat ja helpommat testit verrattuna vanhempiin menetelmiin<\/p>\n<\/li>\n<li data-start=\"1195\" data-end=\"1238\">\n<p data-start=\"1197\" data-end=\"1238\">T\u00e4ydellinen sarja paikan p\u00e4\u00e4ll\u00e4 tapahtuvaa toiminnallista testausta varten<\/p>\n<\/li>\n<li data-start=\"1239\" data-end=\"1290\">\n<p data-start=\"1241\" data-end=\"1290\">Ei vaaraa ilmaisimille tai ymp\u00e4rist\u00f6lle<\/p>\n<\/li>\n<\/ul>\n<p data-start=\"1292\" data-end=\"1319\">TEKNISET TIEDOT:<\/p>\n<ul data-start=\"1320\" data-end=\"1668\">\n<li data-start=\"1320\" data-end=\"1351\">\n<p data-start=\"1322\" data-end=\"1351\">Tuote: Savuilmaisimen testaaja<\/p>\n<\/li>\n<li data-start=\"1352\" data-end=\"1372\">\n<p data-start=\"1354\" data-end=\"1372\">Malli: Solo 365<\/p>\n<\/li>\n<li data-start=\"1373\" data-end=\"1429\">\n<p data-start=\"1375\" data-end=\"1429\">Toiminto: Piste- ja n\u00e4ytteenottoilmaisimien testaus<\/p>\n<\/li>\n<li data-start=\"1430\" data-end=\"1476\">\n<p data-start=\"1432\" data-end=\"1476\">Testimateriaali: Paineistettu savupatruuna (ES3)<\/p>\n<\/li>\n<li data-start=\"1477\" data-end=\"1532\">\n<p data-start=\"1479\" data-end=\"1532\">Virtal\u00e4hde: Solo 370 ladattava akku<\/p>\n<\/li>\n<li data-start=\"1533\" data-end=\"1611\">\n<p data-start=\"1535\" data-end=\"1611\">Mukana: Testip\u00e4\u00e4 kupilla, savupatruuna, savugeneraattori, akku, laturi<\/p>\n<\/li>\n<li data-start=\"1612\" data-end=\"1668\">\n<p data-start=\"1614\" data-end=\"1668\">Turvallisuus: Kontrolloitua testisavua, ei todellista tulta<\/p>\n<\/li>\n<\/ul>\n<p>&nbsp;<\/p>\n<p>&nbsp;<\/p>","protected":false},"excerpt":{"rendered":"<p>Solo 365 on savuilmaisimien testauslaite sek\u00e4 piste- ett\u00e4 n\u00e4ytteenottoilmaisimille.<\/p>\n<p>Se k\u00e4ytt\u00e4\u00e4 paineistamattomia savupatruunoita turvalliseen ja tehokkaaseen testaukseen.<\/p>\n<p>Mukana testip\u00e4\u00e4, akku, ES3-savupatruuna, savugeneraattori ja laturi.<\/p>","protected":false},"featured_media":162246,"template":"","meta":{"_acf_changed":false},"product_brand":[],"product_cat":[5072,5089],"product_tag":[],"class_list":{"0":"post-162247","1":"product","2":"type-product","3":"status-publish","4":"has-post-thumbnail","6":"product_cat-solo-365","7":"product_cat-solo-365-solo-365","8":"tm-no-options","10":"first","11":"instock","12":"taxable","13":"shipping-taxable","14":"purchasable","15":"product-type-simple"},"acf":[],"_links":{"self":[{"href":"https:\/\/secureus.se\/fi\/wp-json\/wp\/v2\/product\/162247","targetHints":{"allow":["GET"]}}],"collection":[{"href":"https:\/\/secureus.se\/fi\/wp-json\/wp\/v2\/product"}],"about":[{"href":"https:\/\/secureus.se\/fi\/wp-json\/wp\/v2\/types\/product"}],"wp:featuredmedia":[{"embeddable":true,"href":"https:\/\/secureus.se\/fi\/wp-json\/wp\/v2\/media\/162246"}],"wp:attachment":[{"href":"https:\/\/secureus.se\/fi\/wp-json\/wp\/v2\/media?parent=162247"}],"wp:term":[{"taxonomy":"product_brand","embeddable":true,"href":"https:\/\/secureus.se\/fi\/wp-json\/wp\/v2\/product_brand?post=162247"},{"taxonomy":"product_cat","embeddable":true,"href":"https:\/\/secureus.se\/fi\/wp-json\/wp\/v2\/product_cat?post=162247"},{"taxonomy":"product_tag","embeddable":true,"href":"https:\/\/secureus.se\/fi\/wp-json\/wp\/v2\/product_tag?post=162247"}],"curies":[{"name":"wp","href":"https:\/\/api.w.org\/{rel}","templated":true}]}}