{"id":162249,"date":"2025-11-21T12:27:37","date_gmt":"2025-11-21T11:27:37","guid":{"rendered":"https:\/\/secureus.se\/solo-372-asd-samplings-adapter-for-solo-365\/"},"modified":"2026-04-23T12:46:27","modified_gmt":"2026-04-23T10:46:27","slug":"solo-372-asd-samplings-adapter-for-solo-365","status":"publish","type":"product","link":"https:\/\/secureus.se\/fi\/solo-372-asd-samplings-adapter-for-solo-365\/","title":{"rendered":"Solo 372 ASD\/n\u00e4ytteenottoadapteri Solo 365:lle"},"content":{"rendered":"<h1>Solo 372 ASD\/n\u00e4ytteenottoadapteri Solo 365:lle<\/h1>\n<h3 data-start=\"308\" data-end=\"354\">N\u00e4ytteenotto-\/imuj\u00e4rjestelm\u00e4n sovitin<\/h3>\n<p data-start=\"355\" data-end=\"675\">Solo 372 ASD\/n\u00e4ytteenottoadapteri on Solo 365 -savuilmaisimien testeriin tarkoitettu erikoisadapteri, jolla voidaan testata n\u00e4ytteenotto-\/imusavuilmaisinj\u00e4rjestelmien (ASD\/ASSD) toimintaa.<\/p>\n<p data-start=\"355\" data-end=\"675\">Vaihtamalla vakiokupin Solo 372 -malliin saat oikean liit\u00e4nn\u00e4n ja tiivisteen testisavun ohjaamiseksi j\u00e4rjestelm\u00e4n n\u00e4ytteenottokanavaan.<\/p>\n<h3 data-start=\"677\" data-end=\"702\">K\u00e4yt\u00e4 Solo 365:n kanssa<\/h3>\n<p data-start=\"703\" data-end=\"1026\">Kun sovitin on asennettu, Solo 365 -laitetta k\u00e4ytet\u00e4\u00e4n yhdess\u00e4 ES3-savupatruunan ja -savugeneraattorin kanssa kontrolloidun testisavun tuottamiseen, joka kuljetetaan n\u00e4ytteenottoj\u00e4rjestelm\u00e4\u00e4n.<\/p>\n<p data-start=\"703\" data-end=\"1026\">T\u00e4m\u00e4 tarjoaa realistisen testin ilmaisimen vasteelle ilman todellisen tulipalon riski\u00e4, mik\u00e4 on t\u00e4rke\u00e4\u00e4 turvallisuustarkastusten ja s\u00e4\u00e4nn\u00f6llisen huollon kannalta.<\/p>\n<h3 data-start=\"1028\" data-end=\"1055\">Solo 372:n edut<\/h3>\n<ul data-start=\"1056\" data-end=\"1270\">\n<li data-start=\"1056\" data-end=\"1116\">\n<p data-start=\"1058\" data-end=\"1116\">Tekee Solo 365:st\u00e4 yhteensopivan n\u00e4ytteenotto-\/imuj\u00e4rjestelmien kanssa<\/p>\n<\/li>\n<li data-start=\"1117\" data-end=\"1166\">\n<p data-start=\"1119\" data-end=\"1166\">Helppo asentaa tavallisen kupin sijaan<\/p>\n<\/li>\n<li data-start=\"1167\" data-end=\"1223\">\n<p data-start=\"1169\" data-end=\"1223\">Tarjoaa asianmukaisen tiivistyksen ja savun jakautumisen ASD\/ASSD-laitteille<\/p>\n<\/li>\n<li data-start=\"1224\" data-end=\"1270\">\n<p data-start=\"1226\" data-end=\"1270\">Turvallinen toiminnallinen testaus ilman todellista tulipaloa<\/p>\n<\/li>\n<\/ul>\n<h3 data-start=\"1272\" data-end=\"1296\">K\u00e4ytt\u00f6alueet<\/h3>\n<ul data-start=\"1297\" data-end=\"1435\">\n<li data-start=\"1297\" data-end=\"1350\">\n<p data-start=\"1299\" data-end=\"1350\">N\u00e4ytteenotto-\/imuj\u00e4rjestelmien asennustestaus<\/p>\n<\/li>\n<li data-start=\"1351\" data-end=\"1389\">\n<p data-start=\"1353\" data-end=\"1389\">Huolto ja ennakoiva kunnossapito<\/p>\n<\/li>\n<li data-start=\"1390\" data-end=\"1435\">\n<p data-start=\"1392\" data-end=\"1435\">ASD\/ASSD-kiinteist\u00f6jen omavalvonta<\/p>\n<\/li>\n<\/ul>\n<p data-start=\"1437\" data-end=\"1464\">TEKNISET TIEDOT:<\/p>\n<ul data-start=\"1465\" data-end=\"1714\">\n<li data-start=\"1465\" data-end=\"1499\">\n<p data-start=\"1467\" data-end=\"1499\">Tuote: ASD\/n\u00e4ytteenottoadapteri<\/p>\n<\/li>\n<li data-start=\"1500\" data-end=\"1520\">\n<p data-start=\"1502\" data-end=\"1520\">Malli: Solo 372<\/p>\n<\/li>\n<li data-start=\"1521\" data-end=\"1561\">\n<p data-start=\"1523\" data-end=\"1561\">K\u00e4ytt\u00f6\u00f6n seuraavien kanssa: Solo 365 -testeri<\/p>\n<\/li>\n<li data-start=\"1562\" data-end=\"1639\">\n<p data-start=\"1564\" data-end=\"1639\">Toiminto: Sovitin n\u00e4ytteenotto-\/imuilmaisinj\u00e4rjestelmien testaamiseen<\/p>\n<\/li>\n<li data-start=\"1640\" data-end=\"1678\">\n<p data-start=\"1642\" data-end=\"1678\">Korvaa: Solo 365:n vakiokupin<\/p>\n<\/li>\n<li data-start=\"1679\" data-end=\"1714\">\n<p data-start=\"1681\" data-end=\"1714\">Yhteensopivuus: ASD\/ASSD-j\u00e4rjestelm\u00e4<\/p>\n<\/li>\n<\/ul>","protected":false},"excerpt":{"rendered":"<p>Solo 372 ASD\/n\u00e4ytteenottoadapteri on Solo 365:n lis\u00e4varuste, joka mahdollistaa n\u00e4ytteenotto-\/imuuntavien savuilmaisinj\u00e4rjestelmien (ASD\/ASSD) toiminnan testaamisen.<\/p>\n<p>Se korvaa standardikupin n\u00e4iss\u00e4 j\u00e4rjestelmiss\u00e4 ja helpottaa testausta.<\/p>\n<p>Sopii asentajille ja huoltohenkil\u00f6st\u00f6lle.<\/p>","protected":false},"featured_media":162248,"template":"","meta":{"_acf_changed":false},"product_brand":[],"product_cat":[5072,5089],"product_tag":[],"class_list":{"0":"post-162249","1":"product","2":"type-product","3":"status-publish","4":"has-post-thumbnail","6":"product_cat-solo-365","7":"product_cat-solo-365-solo-365","8":"tm-no-options","10":"first","11":"instock","12":"taxable","13":"shipping-taxable","14":"purchasable","15":"product-type-simple"},"acf":[],"_links":{"self":[{"href":"https:\/\/secureus.se\/fi\/wp-json\/wp\/v2\/product\/162249","targetHints":{"allow":["GET"]}}],"collection":[{"href":"https:\/\/secureus.se\/fi\/wp-json\/wp\/v2\/product"}],"about":[{"href":"https:\/\/secureus.se\/fi\/wp-json\/wp\/v2\/types\/product"}],"wp:featuredmedia":[{"embeddable":true,"href":"https:\/\/secureus.se\/fi\/wp-json\/wp\/v2\/media\/162248"}],"wp:attachment":[{"href":"https:\/\/secureus.se\/fi\/wp-json\/wp\/v2\/media?parent=162249"}],"wp:term":[{"taxonomy":"product_brand","embeddable":true,"href":"https:\/\/secureus.se\/fi\/wp-json\/wp\/v2\/product_brand?post=162249"},{"taxonomy":"product_cat","embeddable":true,"href":"https:\/\/secureus.se\/fi\/wp-json\/wp\/v2\/product_cat?post=162249"},{"taxonomy":"product_tag","embeddable":true,"href":"https:\/\/secureus.se\/fi\/wp-json\/wp\/v2\/product_tag?post=162249"}],"curies":[{"name":"wp","href":"https:\/\/api.w.org\/{rel}","templated":true}]}}