{"id":162251,"date":"2025-11-21T12:21:25","date_gmt":"2025-11-21T11:21:25","guid":{"rendered":"https:\/\/secureus.se\/vd-provare-solo-424-natdriven-230-volt\/"},"modified":"2026-03-26T12:26:28","modified_gmt":"2026-03-26T11:26:28","slug":"vd-provare-solo-424-natdriven-230-volt","status":"publish","type":"product","link":"https:\/\/secureus.se\/fi\/vd-provare-solo-424-natdriven-230-volt\/","title":{"rendered":"VD-testeri Solo 424, verkkovirtak\u00e4ytt\u00f6inen 230 volttia"},"content":{"rendered":"<h1>VD-testeri Solo 424, verkkovirtak\u00e4ytt\u00f6inen 230 volttia<\/h1>\n<h3 data-start=\"317\" data-end=\"360\">L\u00e4mp\u00f6ilmaisimien testaus verkkovirralla<\/h3>\n<p data-start=\"361\" data-end=\"634\">VD-testeri Solo 424 on ammattimainen testilaite paloilmoitinj\u00e4rjestelmien l\u00e4mp\u00f6ilmaisimien toiminnan testaamiseen.<\/p>\n<p data-start=\"361\" data-end=\"634\">Liitt\u00e4m\u00e4ll\u00e4 suoraan 230 V:n verkkovirtaan saat vakaan ja jatkuvan l\u00e4mm\u00f6nl\u00e4hteen testauksen aikana, mik\u00e4 poistaa paristojen ja latauksen tarpeen.<\/p>\n<h3 data-start=\"636\" data-end=\"666\">Yksinkertainen ja tarkka testaus<\/h3>\n<p data-start=\"667\" data-end=\"1123\">Ty\u00f6kalua k\u00e4ytet\u00e4\u00e4n yhdess\u00e4 Solo 101-, Solo 108- ja\/tai Solo 100 -p\u00e4\u00e4syvarsien kanssa ilmaisimien saavuttamiseksi jopa noin 9,3 metrin korkeudella katosta.<\/p>\n<p data-start=\"667\" data-end=\"1123\">L\u00e4pin\u00e4kyv\u00e4 testikuppi asetetaan ilmaisimen p\u00e4\u00e4lle ja se l\u00e4mpenee hallitusti, jolloin voit n\u00e4hd\u00e4 merkkivalon ja varmistaa, ett\u00e4 ilmaisin reagoi oikein.<\/p>\n<p data-start=\"667\" data-end=\"1123\">T\u00e4m\u00e4 on t\u00e4rke\u00e4\u00e4 toimivan palosuojauksen varmistamiseksi asennuksen, huollon ja m\u00e4\u00e4r\u00e4aikaistarkastusten aikana.<\/p>\n<h3 data-start=\"1125\" data-end=\"1152\">Solo 424:n edut<\/h3>\n<ul data-start=\"1153\" data-end=\"1512\">\n<li data-start=\"1153\" data-end=\"1202\">\n<p data-start=\"1155\" data-end=\"1202\">Verkkovirtak\u00e4ytt\u00f6inen yksikk\u00f6, joka pystyy toimimaan jatkuvasti<\/p>\n<\/li>\n<li data-start=\"1203\" data-end=\"1296\">\n<p data-start=\"1205\" data-end=\"1296\">Testaa kiinte\u00e4n l\u00e4mp\u00f6tilan, l\u00e4mp\u00f6tilannousunopeuden ja yhdistettyj\u00e4 l\u00e4mp\u00f6ilmaisimia noin 90 \u00b0C:seen asti<\/p>\n<\/li>\n<li data-start=\"1297\" data-end=\"1353\">\n<p data-start=\"1299\" data-end=\"1353\">Mukana toimitetaan 5 metrin johto (voidaan pident\u00e4\u00e4 Solo 425:ll\u00e4)<\/p>\n<\/li>\n<li data-start=\"1354\" data-end=\"1415\">\n<p data-start=\"1356\" data-end=\"1415\">Helppok\u00e4ytt\u00f6inen Solo-ty\u00f6varsien kanssa korkealla ty\u00f6skentelyyn<\/p>\n<\/li>\n<li data-start=\"1416\" data-end=\"1512\">\n<p data-start=\"1418\" data-end=\"1512\">Selke\u00e4t ja turvalliset testitulokset LED-n\u00e4kyvyyden ansiosta kupissa<\/p>\n<\/li>\n<\/ul>\n<h3 data-start=\"1514\" data-end=\"1538\">K\u00e4ytt\u00f6alueet<\/h3>\n<p data-start=\"1539\" data-end=\"1754\">Solo 424 sopii erinomaisesti teknikoille, jotka suorittavat l\u00e4mp\u00f6ilmaisimien toiminnallisia testej\u00e4 asennuksen, s\u00e4\u00e4nn\u00f6llisen huollon tai huoltoteht\u00e4vien aikana rakennuksissa, joissa on vaihtelevat kattokorkeudet.<\/p>\n<p data-start=\"1756\" data-end=\"1783\">TEKNISET TIEDOT:<\/p>\n<ul data-start=\"1784\" data-end=\"2219\">\n<li data-start=\"1784\" data-end=\"1827\">\n<p data-start=\"1786\" data-end=\"1827\">Tuote: Verkkovirtak\u00e4ytt\u00f6inen l\u00e4mp\u00f6ilmaisimen testauslaite<\/p>\n<\/li>\n<li data-start=\"1828\" data-end=\"1848\">\n<p data-start=\"1830\" data-end=\"1848\">Malli: Solo 424<\/p>\n<\/li>\n<li data-start=\"1849\" data-end=\"1888\">\n<p data-start=\"1851\" data-end=\"1888\">Virtal\u00e4hde: 230 V AC verkkovirta<\/p>\n<\/li>\n<li data-start=\"1889\" data-end=\"1939\">\n<p data-start=\"1891\" data-end=\"1939\">Toiminto: L\u00e4mp\u00f6ilmaisimien toiminnallinen testaus<\/p>\n<\/li>\n<li data-start=\"1940\" data-end=\"2018\">\n<p data-start=\"1942\" data-end=\"2018\">Ilmaisintyypit: Kiinte\u00e4n l\u00e4mp\u00f6tilan, l\u00e4mp\u00f6tilannousunopeuden ja yhdistelm\u00e4ilmaisimet<\/p>\n<\/li>\n<li data-start=\"2019\" data-end=\"2060\">\n<p data-start=\"2021\" data-end=\"2060\">N\u00e4ytteen maksimil\u00e4mp\u00f6tila: Jopa noin 90 \u00b0C<\/p>\n<\/li>\n<li data-start=\"2061\" data-end=\"2122\">\n<p data-start=\"2063\" data-end=\"2122\">Kaapeli: 5 m verkkovirtaliit\u00e4nt\u00e4\u00e4n (voidaan pident\u00e4\u00e4 Solo 425:ll\u00e4)<\/p>\n<\/li>\n<li data-start=\"2123\" data-end=\"2219\">\n<p data-start=\"2125\" data-end=\"2219\">Yhteensopiva seuraavien kanssa: Solo 101, Solo 108, Solo 100 -k\u00e4ytt\u00f6pylv\u00e4\u00e4t<\/p>\n<\/li>\n<\/ul>","protected":false},"excerpt":{"rendered":"<p>VD-testeri Solo 424 on verkkovirralla toimiva testilaite l\u00e4mp\u00f6ilmaisimien toiminnan testaamiseen paloilmoitinj\u00e4rjestelmiss\u00e4, joiden kattokorkeus on enint\u00e4\u00e4n noin 9 metri\u00e4.<\/p>\n<p>Se kytket\u00e4\u00e4n suoraan 230 V:iin ja tarjoaa nopean ja luotettavan testauksen selke\u00e4n LED-n\u00e4yt\u00f6n avulla.<\/p>\n<p>Sopii asentajille, huoltohenkil\u00f6st\u00f6lle ja kunnossapidolle.<\/p>","protected":false},"featured_media":162250,"template":"","meta":{"_acf_changed":false},"product_brand":[],"product_cat":[2945,5088],"product_tag":[],"class_list":{"0":"post-162251","1":"product","2":"type-product","3":"status-publish","4":"has-post-thumbnail","6":"product_cat-solo","7":"product_cat-solo-solo","8":"tm-no-options","10":"first","11":"instock","12":"taxable","13":"shipping-taxable","14":"purchasable","15":"product-type-simple"},"acf":[],"_links":{"self":[{"href":"https:\/\/secureus.se\/fi\/wp-json\/wp\/v2\/product\/162251","targetHints":{"allow":["GET"]}}],"collection":[{"href":"https:\/\/secureus.se\/fi\/wp-json\/wp\/v2\/product"}],"about":[{"href":"https:\/\/secureus.se\/fi\/wp-json\/wp\/v2\/types\/product"}],"wp:featuredmedia":[{"embeddable":true,"href":"https:\/\/secureus.se\/fi\/wp-json\/wp\/v2\/media\/162250"}],"wp:attachment":[{"href":"https:\/\/secureus.se\/fi\/wp-json\/wp\/v2\/media?parent=162251"}],"wp:term":[{"taxonomy":"product_brand","embeddable":true,"href":"https:\/\/secureus.se\/fi\/wp-json\/wp\/v2\/product_brand?post=162251"},{"taxonomy":"product_cat","embeddable":true,"href":"https:\/\/secureus.se\/fi\/wp-json\/wp\/v2\/product_cat?post=162251"},{"taxonomy":"product_tag","embeddable":true,"href":"https:\/\/secureus.se\/fi\/wp-json\/wp\/v2\/product_tag?post=162251"}],"curies":[{"name":"wp","href":"https:\/\/api.w.org\/{rel}","templated":true}]}}