{"id":162253,"date":"2025-11-21T12:21:23","date_gmt":"2025-11-21T11:21:23","guid":{"rendered":"https:\/\/secureus.se\/vd-provare-solo-461-batteridriven\/"},"modified":"2026-05-05T17:39:40","modified_gmt":"2026-05-05T15:39:40","slug":"vd-provare-solo-461-batteridriven","status":"publish","type":"product","link":"https:\/\/secureus.se\/fi\/vd-provare-solo-461-batteridriven\/","title":{"rendered":"VD-testeri Solo 461 paristok\u00e4ytt\u00f6inen"},"content":{"rendered":"<h1>VD-testeri Solo 461 paristok\u00e4ytt\u00f6inen<\/h1>\n<h3 data-start=\"335\" data-end=\"404\">Paristok\u00e4ytt\u00f6inen l\u00e4mp\u00f6ilmaisimen testauslaite ammattik\u00e4ytt\u00f6\u00f6n<\/h3>\n<p data-start=\"405\" data-end=\"704\">Solo 461 on langaton ja paristok\u00e4ytt\u00f6inen VD-testeri, jota k\u00e4ytet\u00e4\u00e4n paloilmoitinj\u00e4rjestelmien l\u00e4mp\u00f6ilmaisimien toiminnan testaamiseen.<\/p>\n<p data-start=\"405\" data-end=\"704\">Se sopii erityisesti teknikoille, jotka tarvitsevat liikkuvan ja joustavan testausratkaisun ilman, ett\u00e4 he ovat riippuvaisia verkkovirrasta ty\u00f6skennelless\u00e4\u00e4n.<\/p>\n<h3 data-start=\"706\" data-end=\"739\">Tehokas ja turvallinen testaus<\/h3>\n<p data-start=\"740\" data-end=\"1104\">Solo 461 tuottaa kuumaa ilmaa, joka aktivoi l\u00e4mp\u00f6ilmaisimia, joiden laukaisul\u00e4mp\u00f6tila on jopa noin 90 \u00b0C.<\/p>\n<p data-start=\"740\" data-end=\"1104\">Patentoitu rakenne varmistaa, ett\u00e4 l\u00e4mp\u00f6 kohdistuu tehokkaasti ilmaisimen anturiin, mik\u00e4 mahdollistaa nopean ja luotettavan aktivoinnin.<\/p>\n<p data-start=\"740\" data-end=\"1104\">Testi alkaa automaattisesti, kun ilmaisin rikkoo testikannen infrapuna-anturin.<\/p>\n<h3 data-start=\"1106\" data-end=\"1144\">Kompakti, joustava ja helppok\u00e4ytt\u00f6inen<\/h3>\n<p data-start=\"1145\" data-end=\"1438\">Solo 461 -laitetta on helppo k\u00e4ytt\u00e4\u00e4 yhdell\u00e4 k\u00e4dell\u00e4 tai yhdess\u00e4 tukipylv\u00e4iden (kuten Solo 101, Solo 108 tai Solo 100) kanssa, jolloin sill\u00e4 ylt\u00e4\u00e4 ilmaisimiin jopa noin 9,3 metrin korkeudessa olevissa katoissa.<\/p>\n<p data-start=\"1145\" data-end=\"1438\">Paristok\u00e4ytt\u00f6isyys helpottaa testien suorittamista useissa paikoissa ilman verkkovirtaliit\u00e4nt\u00e4\u00e4.<\/p>\n<h3 data-start=\"1440\" data-end=\"1472\">Sis\u00e4ltyy hintaan ja edut<\/h3>\n<ul data-start=\"1473\" data-end=\"1905\">\n<li data-start=\"1473\" data-end=\"1537\">\n<p data-start=\"1475\" data-end=\"1537\">Kaksi ladattavaa akkua (Solo 770) pitk\u00e4\u00e4 k\u00e4ytt\u00f6aikaa varten<\/p>\n<\/li>\n<li data-start=\"1538\" data-end=\"1617\">\n<p data-start=\"1540\" data-end=\"1617\">Pikalaturi (Solo 727), joka voidaan liitt\u00e4\u00e4 verkkovirtaan tai auton 12 V:n pistorasiaan<\/p>\n<\/li>\n<li data-start=\"1618\" data-end=\"1690\">\n<p data-start=\"1620\" data-end=\"1690\">L\u00e4pin\u00e4kyv\u00e4 testikuppi tarjoaa selke\u00e4n n\u00e4kym\u00e4n ilmaisimen LED-merkkivaloon<\/p>\n<\/li>\n<li data-start=\"1691\" data-end=\"1770\">\n<p data-start=\"1693\" data-end=\"1770\">Johdoton muotoilu takaa joustavuuden ty\u00f6skennelt\u00e4ess\u00e4 korkealla tai ahtaissa tiloissa<\/p>\n<\/li>\n<li data-start=\"1771\" data-end=\"1905\">\n<p data-start=\"1773\" data-end=\"1905\">Sopii sek\u00e4 kiinte\u00e4n l\u00e4mp\u00f6tilan, differentiaali- ett\u00e4 yhdistelm\u00e4l\u00e4mp\u00f6ilmaisimille noin 90 \u00b0C:een asti<\/p>\n<\/li>\n<\/ul>\n<p data-start=\"1907\" data-end=\"1934\">TEKNISET TIEDOT:<\/p>\n<ul data-start=\"1935\" data-end=\"2394\">\n<li data-start=\"1935\" data-end=\"1982\">\n<p data-start=\"1937\" data-end=\"1982\">Tuote: Paristok\u00e4ytt\u00f6inen l\u00e4mp\u00f6ilmaisimen testauslaite<\/p>\n<\/li>\n<li data-start=\"1983\" data-end=\"2023\">\n<p data-start=\"1985\" data-end=\"2023\">Malli: Solo 461 (entinen Solo 460)<\/p>\n<\/li>\n<li data-start=\"2024\" data-end=\"2117\">\n<p data-start=\"2026\" data-end=\"2117\">Virtal\u00e4hde: Paristok\u00e4ytt\u00f6inen, sis\u00e4lt\u00e4\u00e4 kaksi Solo 770 -akkua ja Solo 727 -pikalaturilla varustetun laitteen<\/p>\n<\/li>\n<li data-start=\"2118\" data-end=\"2168\">\n<p data-start=\"2120\" data-end=\"2168\">Toiminto: L\u00e4mp\u00f6ilmaisimien toiminnallinen testaus<\/p>\n<\/li>\n<li data-start=\"2169\" data-end=\"2212\">\n<p data-start=\"2171\" data-end=\"2212\">L\u00e4mp\u00f6tila: Laukaisu noin 90 \u00b0C:een asti<\/p>\n<\/li>\n<li data-start=\"2213\" data-end=\"2294\">\n<p data-start=\"2215\" data-end=\"2294\">Yhteensopivuus: Piste-\/l\u00e4mp\u00f6ilmaisimet, joissa on rikottava valokenno, useita eri merkkej\u00e4<\/p>\n<\/li>\n<li data-start=\"2295\" data-end=\"2394\">\n<p data-start=\"2297\" data-end=\"2394\">K\u00e4ytt\u00f6: Solo-k\u00e4ytt\u00f6pylv\u00e4iden kanssa, joiden korkeus on enint\u00e4\u00e4n noin 9,3 m<\/p>\n<\/li>\n<\/ul>","protected":false},"excerpt":{"rendered":"<p>Solo 461 on paristok\u00e4ytt\u00f6inen VD-testeri l\u00e4mp\u00f6ilmaisimien toiminnan testaamiseen noin 90 \u00b0C:seen asti.<\/p>\n<p>Se on johdoton ja mukana tulee kaksi akkua ja pikalaturi helppoa ja luotettavaa k\u00e4ytt\u00f6\u00e4 varten.<\/p>\n<p>Sopii asentajille, teknikoille ja huoltohenkil\u00f6st\u00f6lle.<\/p>","protected":false},"featured_media":162252,"template":"","meta":{"_acf_changed":false},"product_brand":[],"product_cat":[2945,5088],"product_tag":[],"class_list":{"0":"post-162253","1":"product","2":"type-product","3":"status-publish","4":"has-post-thumbnail","6":"product_cat-solo","7":"product_cat-solo-solo","8":"tm-no-options","10":"first","11":"instock","12":"sale","13":"taxable","14":"shipping-taxable","15":"purchasable","16":"product-type-simple"},"acf":[],"_links":{"self":[{"href":"https:\/\/secureus.se\/fi\/wp-json\/wp\/v2\/product\/162253","targetHints":{"allow":["GET"]}}],"collection":[{"href":"https:\/\/secureus.se\/fi\/wp-json\/wp\/v2\/product"}],"about":[{"href":"https:\/\/secureus.se\/fi\/wp-json\/wp\/v2\/types\/product"}],"wp:featuredmedia":[{"embeddable":true,"href":"https:\/\/secureus.se\/fi\/wp-json\/wp\/v2\/media\/162252"}],"wp:attachment":[{"href":"https:\/\/secureus.se\/fi\/wp-json\/wp\/v2\/media?parent=162253"}],"wp:term":[{"taxonomy":"product_brand","embeddable":true,"href":"https:\/\/secureus.se\/fi\/wp-json\/wp\/v2\/product_brand?post=162253"},{"taxonomy":"product_cat","embeddable":true,"href":"https:\/\/secureus.se\/fi\/wp-json\/wp\/v2\/product_cat?post=162253"},{"taxonomy":"product_tag","embeddable":true,"href":"https:\/\/secureus.se\/fi\/wp-json\/wp\/v2\/product_tag?post=162253"}],"curies":[{"name":"wp","href":"https:\/\/api.w.org\/{rel}","templated":true}]}}