{"id":162255,"date":"2025-11-21T12:21:21","date_gmt":"2025-11-21T11:21:21","guid":{"rendered":"https:\/\/secureus.se\/detektorprovare-solo-332-rok-co-for-solo-a5-och-solo-c3\/"},"modified":"2026-03-26T12:26:44","modified_gmt":"2026-03-26T11:26:44","slug":"detektorprovare-solo-332-rok-co-for-solo-a5-och-solo-c3","status":"publish","type":"product","link":"https:\/\/secureus.se\/fi\/detektorprovare-solo-332-rok-co-for-solo-a5-och-solo-c3\/","title":{"rendered":"Ilmaisimen testeri Solo 332 (savu\/h\u00e4k\u00e4) Solo A5:lle ja Solo C3:lle"},"content":{"rendered":"<h1>Ilmaisimen testeri Solo 332 (savu\/h\u00e4k\u00e4) Solo A5:lle ja Solo C3:lle<\/h1>\n<h3 data-start=\"375\" data-end=\"426\">Ilmaisimien ammattimainen toiminnan testaus<\/h3>\n<p data-start=\"427\" data-end=\"772\">Solo 332 -ilmaisintesteri on k\u00e4yt\u00e4nn\u00f6llinen testausty\u00f6kalu savu- ja h\u00e4k\u00e4ilmaisimien oikean toiminnan tarkistamiseen.<\/p>\n<p data-start=\"427\" data-end=\"772\">Se on suunniteltu sy\u00f6tt\u00e4m\u00e4\u00e4n kontrolloitua n\u00e4ytekaasua suoraan ilmaisimen anturille, mik\u00e4 on t\u00e4rke\u00e4 osa kuukausittaista\/nelj\u00e4nnesvuosittaista tai s\u00e4\u00e4nn\u00f6llist\u00e4 toimintatestausta paloturvallisuusm\u00e4\u00e4r\u00e4ysten mukaisesti.<\/p>\n<h3 data-start=\"774\" data-end=\"814\">K\u00e4yt\u00e4 Solo A5:n ja Solo C3:n kanssa<\/h3>\n<p data-start=\"815\" data-end=\"1098\">Solo 332:ta k\u00e4ytet\u00e4\u00e4n yhdess\u00e4 Solo A5:n (savuilmaisimille) ja Solo C3:n (h\u00e4k\u00e4ilmaisimille) testikaasujen kanssa.<\/p>\n<p data-start=\"815\" data-end=\"1098\">Kun testikaasupullo asennetaan testeriin, kaasua suihkutetaan testikuppiin ja ilmaisimen ymp\u00e4rille, mik\u00e4 mahdollistaa nopean ja luotettavan testauksen.<\/p>\n<h3 data-start=\"1100\" data-end=\"1131\">Joustava testaus korkealla<\/h3>\n<p data-start=\"1132\" data-end=\"1407\">Testeri\u00e4 voidaan k\u00e4ytt\u00e4\u00e4 k\u00e4dess\u00e4 pidett\u00e4v\u00e4n\u00e4 tai kiinnitt\u00e4\u00e4 Solo-teleskooppivarsiin (Solo 101, Solo 108 ja\/tai Solo 100) testaukseen jopa noin 9,3 metrin kattokorkeudessa.<\/p>\n<p data-start=\"1132\" data-end=\"1407\">L\u00e4pin\u00e4kyv\u00e4 kuppi tarjoaa hyv\u00e4n n\u00e4kyvyyden ilmaisimen LED-merkkivaloille testauksen aikana.<\/p>\n<h3 data-start=\"1409\" data-end=\"1436\">Solo 332:n edut<\/h3>\n<ul data-start=\"1437\" data-end=\"1838\">\n<li data-start=\"1437\" data-end=\"1543\">\n<p data-start=\"1439\" data-end=\"1543\">Suunniteltu sek\u00e4 savu- ett\u00e4 h\u00e4k\u00e4ilmaisimille, laaja yhteensopivuus<\/p>\n<\/li>\n<li data-start=\"1544\" data-end=\"1656\">\n<p data-start=\"1546\" data-end=\"1656\">Suurempi kuppi sopii ilmaisimille, joiden halkaisija on enint\u00e4\u00e4n noin 133 mm<\/p>\n<\/li>\n<li data-start=\"1657\" data-end=\"1751\">\n<p data-start=\"1659\" data-end=\"1751\">Voidaan asentaa jatkotankoihin korkeusmittauksia varten<\/p>\n<\/li>\n<li data-start=\"1752\" data-end=\"1838\">\n<p data-start=\"1754\" data-end=\"1838\">L\u00e4pin\u00e4kyv\u00e4 kuppi tarjoaa selke\u00e4n yleiskuvan testauksen aikana<\/p>\n<\/li>\n<\/ul>\n<h3 data-start=\"1840\" data-end=\"1864\">K\u00e4ytt\u00f6alueet<\/h3>\n<p data-start=\"1865\" data-end=\"2089\">Solo 332 sopii erinomaisesti paloilmoitinj\u00e4rjestelmien asennustestaukseen, huoltoon ja rutiinikuntoon toimistoissa, teollisuudessa, julkisissa rakennuksissa ja asuinalueilla, joissa tarvitaan tarkkaa ilmaisimien testausta.<\/p>\n<p data-start=\"2091\" data-end=\"2118\">TEKNISET TIEDOT:<\/p>\n<ul data-start=\"2119\" data-end=\"2700\">\n<li data-start=\"2119\" data-end=\"2156\">\n<p data-start=\"2121\" data-end=\"2156\">Tuote: Ilmaisimen testauslaite (savu\/CO)<\/p>\n<\/li>\n<li data-start=\"2157\" data-end=\"2177\">\n<p data-start=\"2159\" data-end=\"2177\">Malli: Solo 332<\/p>\n<\/li>\n<li data-start=\"2178\" data-end=\"2273\">\n<p data-start=\"2180\" data-end=\"2273\">Toiminto: Savu- ja h\u00e4k\u00e4ilmaisimien toiminnan testaus<\/p>\n<\/li>\n<li data-start=\"2274\" data-end=\"2371\">\n<p data-start=\"2276\" data-end=\"2371\">Yhteensopiva n\u00e4ytekaasujen kanssa: Solo A5 (savu), Solo C3 (CO)<\/p>\n<\/li>\n<li data-start=\"2372\" data-end=\"2456\">\n<p data-start=\"2374\" data-end=\"2456\">Ilmaisimen enimm\u00e4ishalkaisija: Jopa noin 133 mm<\/p>\n<\/li>\n<li data-start=\"2457\" data-end=\"2595\">\n<p data-start=\"2459\" data-end=\"2595\">K\u00e4ytt\u00f6: Solo-teleskooppitangot Solo 101, Solo 108, Solo 100 testaukseen jopa ~9,3 m syvyyteen asti<\/p>\n<\/li>\n<li data-start=\"2596\" data-end=\"2700\">\n<p data-start=\"2598\" data-end=\"2700\">Kuppi: L\u00e4pin\u00e4kyv\u00e4, k\u00e4\u00e4ntyv\u00e4ll\u00e4 ripustuksella testausta varten eri kulmista<\/p>\n<\/li>\n<\/ul>","protected":false},"excerpt":{"rendered":"<p>Solo 332 -ilmaisintesteri on tehokas ty\u00f6kalu paloilmoitinj\u00e4rjestelmien savu- ja h\u00e4k\u00e4ilmaisimien toiminnan testaamiseen.<\/p>\n<p>Sit\u00e4 k\u00e4ytet\u00e4\u00e4n Solo A5 (savu) ja Solo C3 (CO) -testikaasujen kanssa, ja se voidaan asentaa teleskooppivarsiin testausta varten jopa noin 9,3 metrin kattokorkeuteen.<\/p>\n<p>Sopii asentajille, teknikoille ja huoltohenkil\u00f6st\u00f6lle.<\/p>","protected":false},"featured_media":162254,"template":"","meta":{"_acf_changed":false},"product_brand":[],"product_cat":[2945,5088],"product_tag":[],"class_list":{"0":"post-162255","1":"product","2":"type-product","3":"status-publish","4":"has-post-thumbnail","6":"product_cat-solo","7":"product_cat-solo-solo","8":"tm-no-options","10":"first","11":"instock","12":"taxable","13":"shipping-taxable","14":"purchasable","15":"product-type-simple"},"acf":[],"_links":{"self":[{"href":"https:\/\/secureus.se\/fi\/wp-json\/wp\/v2\/product\/162255","targetHints":{"allow":["GET"]}}],"collection":[{"href":"https:\/\/secureus.se\/fi\/wp-json\/wp\/v2\/product"}],"about":[{"href":"https:\/\/secureus.se\/fi\/wp-json\/wp\/v2\/types\/product"}],"wp:featuredmedia":[{"embeddable":true,"href":"https:\/\/secureus.se\/fi\/wp-json\/wp\/v2\/media\/162254"}],"wp:attachment":[{"href":"https:\/\/secureus.se\/fi\/wp-json\/wp\/v2\/media?parent=162255"}],"wp:term":[{"taxonomy":"product_brand","embeddable":true,"href":"https:\/\/secureus.se\/fi\/wp-json\/wp\/v2\/product_brand?post=162255"},{"taxonomy":"product_cat","embeddable":true,"href":"https:\/\/secureus.se\/fi\/wp-json\/wp\/v2\/product_cat?post=162255"},{"taxonomy":"product_tag","embeddable":true,"href":"https:\/\/secureus.se\/fi\/wp-json\/wp\/v2\/product_tag?post=162255"}],"curies":[{"name":"wp","href":"https:\/\/api.w.org\/{rel}","templated":true}]}}