{"id":162263,"date":"2025-11-21T12:27:41","date_gmt":"2025-11-21T11:27:41","guid":{"rendered":"https:\/\/secureus.se\/membran-for-kopp-till-solo-365-spare-1059-001\/"},"modified":"2026-04-08T16:06:02","modified_gmt":"2026-04-08T14:06:02","slug":"membran-for-kopp-till-solo-365-spare-1059-001","status":"publish","type":"product","link":"https:\/\/secureus.se\/fi\/membran-for-kopp-till-solo-365-spare-1059-001\/","title":{"rendered":"Kalvo Solo 365 -mallin kupille \u2013 Varaosa 1059-001"},"content":{"rendered":"<h1>Kalvo Solo 365 -mallin kupille \u2013 Varaosa 1059-001<\/h1>\n<h3 data-start=\"262\" data-end=\"298\">Varaosa Solo 365 -testeriin<\/h3>\n<p data-start=\"299\" data-end=\"535\">Kupin kalvo (varaosa 1059-001) on Solo 365 -savuilmaisimen testerin erityinen varaosa.<\/p>\n<p data-start=\"299\" data-end=\"535\">Kalvo toimii yhdess\u00e4 kupin kanssa ja varmistaa, ett\u00e4 savua muodostuu hallitusti ja se suuntautuu oikein ilmaisimeen toimintatestin aikana.<\/p>\n<h3 data-start=\"537\" data-end=\"566\">Parantaa testituloksia<\/h3>\n<p data-start=\"567\" data-end=\"840\">Kun kalvo kuluu tai likaantuu, se voi vaikuttaa testin tarkkuuteen.<\/p>\n<p data-start=\"567\" data-end=\"840\">Vaihtamalla uuteen kalvoon testilaitteen kyky luoda luotettavia savuilmaisintestej\u00e4 palautuu.<\/p>\n<p data-start=\"567\" data-end=\"840\">Se on t\u00e4rke\u00e4 osa tarkan ja turvallisen testauksen yll\u00e4pit\u00e4mist\u00e4.<\/p>\n<h3 data-start=\"842\" data-end=\"868\">Helppo asentaa<\/h3>\n<p data-start=\"869\" data-end=\"1049\">T\u00e4m\u00e4 kalvo on helppo asentaa Solo 365 -testeriin, eik\u00e4 se vaadi erikoisty\u00f6kaluja.<\/p>\n<p data-start=\"869\" data-end=\"1049\">T\u00e4m\u00e4 helpottaa ty\u00f6kalun huoltoa ja pit\u00e4\u00e4 sen hyv\u00e4ss\u00e4 kunnossa jatkuvaa testausta varten.<\/p>\n<h3 data-start=\"1051\" data-end=\"1084\">Varaosan 1059-001 edut<\/h3>\n<ul data-start=\"1085\" data-end=\"1253\">\n<li data-start=\"1085\" data-end=\"1129\">\n<p data-start=\"1087\" data-end=\"1129\">Varaosa erityisesti Solo 365 -testeriin<\/p>\n<\/li>\n<li data-start=\"1130\" data-end=\"1182\">\n<p data-start=\"1132\" data-end=\"1182\">Varmistaa asianmukaisen tiivistyksen ja savun jakautumisen<\/p>\n<\/li>\n<li data-start=\"1183\" data-end=\"1211\">\n<p data-start=\"1185\" data-end=\"1211\">Helppo vaihtaa tarvittaessa<\/p>\n<\/li>\n<li data-start=\"1212\" data-end=\"1253\">\n<p data-start=\"1214\" data-end=\"1253\">Parantaa toiminnallisen testin tarkkuutta<\/p>\n<\/li>\n<\/ul>\n<p data-start=\"1255\" data-end=\"1282\">TEKNISET TIEDOT:<\/p>\n<ul data-start=\"1283\" data-end=\"1435\">\n<li data-start=\"1283\" data-end=\"1312\">\n<p data-start=\"1285\" data-end=\"1312\">Tuote: Kalvo kupille<\/p>\n<\/li>\n<li data-start=\"1313\" data-end=\"1339\">\n<p data-start=\"1315\" data-end=\"1339\">Malli: Varaosa 1059-001<\/p>\n<\/li>\n<li data-start=\"1340\" data-end=\"1380\">\n<p data-start=\"1342\" data-end=\"1380\">K\u00e4ytt\u00f6\u00f6n seuraavien kanssa: Solo 365 -testeri<\/p>\n<\/li>\n<li data-start=\"1381\" data-end=\"1435\">\n<p data-start=\"1383\" data-end=\"1435\">Toiminto: Varmista asianmukainen tiivistys testauksen aikana<\/p>\n<\/li>\n<\/ul>","protected":false},"excerpt":{"rendered":"<p>Solo 365 -savuilmaisimen kupin kalvo (varaosa 1059-001) on Solo 365 -savuilmaisimen testerin varaosa, joka varmistaa asianmukaisen tiiviyden toimintatestin aikana.<\/p>\n<p>Se on helppo vaihtaa ja parantaa savuilmaisimien testaustarkkuutta.<\/p>","protected":false},"featured_media":162262,"template":"","meta":{"_acf_changed":false},"product_brand":[],"product_cat":[5072,5089],"product_tag":[],"class_list":{"0":"post-162263","1":"product","2":"type-product","3":"status-publish","4":"has-post-thumbnail","6":"product_cat-solo-365","7":"product_cat-solo-365-solo-365","8":"tm-no-options","10":"first","11":"instock","12":"taxable","13":"shipping-taxable","14":"purchasable","15":"product-type-simple"},"acf":[],"_links":{"self":[{"href":"https:\/\/secureus.se\/fi\/wp-json\/wp\/v2\/product\/162263","targetHints":{"allow":["GET"]}}],"collection":[{"href":"https:\/\/secureus.se\/fi\/wp-json\/wp\/v2\/product"}],"about":[{"href":"https:\/\/secureus.se\/fi\/wp-json\/wp\/v2\/types\/product"}],"wp:featuredmedia":[{"embeddable":true,"href":"https:\/\/secureus.se\/fi\/wp-json\/wp\/v2\/media\/162262"}],"wp:attachment":[{"href":"https:\/\/secureus.se\/fi\/wp-json\/wp\/v2\/media?parent=162263"}],"wp:term":[{"taxonomy":"product_brand","embeddable":true,"href":"https:\/\/secureus.se\/fi\/wp-json\/wp\/v2\/product_brand?post=162263"},{"taxonomy":"product_cat","embeddable":true,"href":"https:\/\/secureus.se\/fi\/wp-json\/wp\/v2\/product_cat?post=162263"},{"taxonomy":"product_tag","embeddable":true,"href":"https:\/\/secureus.se\/fi\/wp-json\/wp\/v2\/product_tag?post=162263"}],"curies":[{"name":"wp","href":"https:\/\/api.w.org\/{rel}","templated":true}]}}