{"id":162265,"date":"2025-11-21T12:27:42","date_gmt":"2025-11-21T11:27:42","guid":{"rendered":"https:\/\/secureus.se\/genomskinlig-kopp-memban-for-solo-365-spare-1058-001\/"},"modified":"2026-04-08T16:00:46","modified_gmt":"2026-04-08T14:00:46","slug":"genomskinlig-kopp-memban-for-solo-365-spare-1058-001","status":"publish","type":"product","link":"https:\/\/secureus.se\/fi\/genomskinlig-kopp-memban-for-solo-365-spare-1058-001\/","title":{"rendered":"L\u00e4pin\u00e4kyv\u00e4 kuppi ja kalvo Solo 365:lle \u2013 Varaosa 1058-001"},"content":{"rendered":"<h1>L\u00e4pin\u00e4kyv\u00e4 kuppi ja kalvo Solo 365:lle \u2013 Varaosa 1058-001<\/h1>\n<h3 data-start=\"282\" data-end=\"329\">Varaosa Solo 365 -savuilmaisimen testeriin<\/h3>\n<p data-start=\"330\" data-end=\"584\">L\u00e4pin\u00e4kyv\u00e4 kuppi ja kalvo, varaosa 1058-001, on t\u00e4rke\u00e4 varaosa Solo 365 -testeriin.<\/p>\n<p data-start=\"330\" data-end=\"584\">Toiminnallinen suunnittelu varmistaa, ett\u00e4 testi suoritetaan oikein kapseloimalla savua ja luomalla oikean kosketuspisteen savuilmaisimeen toiminnallisen testauksen aikana.<\/p>\n<h3 data-start=\"586\" data-end=\"627\">Parempaan ja tehokkaampaan testaukseen<\/h3>\n<p data-start=\"628\" data-end=\"952\">Solo 365 -laitteen s\u00e4\u00e4nn\u00f6llisess\u00e4 k\u00e4yt\u00f6ss\u00e4 kuppi ja kalvo voivat kulua tai likaantua, mik\u00e4 voi vaikuttaa testin tarkkuuteen.<\/p>\n<p data-start=\"628\" data-end=\"952\">Korvaamalla sen l\u00e4pin\u00e4kyv\u00e4ll\u00e4 kupilla ja kalvolla saat optimaalisen n\u00e4kyvyyden ja toiminnan jokaisen testin aikana, mik\u00e4 on ratkaisevan t\u00e4rke\u00e4\u00e4 savuilmaisimien moitteettoman toiminnan varmistamiseksi.<\/p>\n<h3 data-start=\"954\" data-end=\"978\">Yksinkertainen asennus<\/h3>\n<p data-start=\"979\" data-end=\"1185\">T\u00e4m\u00e4 varaosa on helppo asentaa Solo 365 -testeriin, eik\u00e4 se vaadi erikoisty\u00f6kaluja.<\/p>\n<p data-start=\"979\" data-end=\"1185\">L\u00e4pin\u00e4kyv\u00e4 muotoilu tarjoaa my\u00f6s hyv\u00e4n n\u00e4kyvyyden testauksen aikana ja helpottaa yhdenmukaisten testien suorittamista.<\/p>\n<h3 data-start=\"1187\" data-end=\"1220\">Varaosan 1058-001 edut<\/h3>\n<ul data-start=\"1221\" data-end=\"1399\">\n<li data-start=\"1221\" data-end=\"1256\">\n<p data-start=\"1223\" data-end=\"1256\">Varaosa Solo 365 -testeriin<\/p>\n<\/li>\n<li data-start=\"1257\" data-end=\"1306\">\n<p data-start=\"1259\" data-end=\"1306\">L\u00e4pin\u00e4kyv\u00e4 kuppi ja kalvo paremman n\u00e4kyvyyden takaamiseksi<\/p>\n<\/li>\n<li data-start=\"1307\" data-end=\"1348\">\n<p data-start=\"1309\" data-end=\"1348\">Varmistaa oikeat toiminnalliset testit<\/p>\n<\/li>\n<li data-start=\"1349\" data-end=\"1399\">\n<p data-start=\"1351\" data-end=\"1399\">Helppo vaihtaa kulumisen tai likaantumisen sattuessa<\/p>\n<\/li>\n<\/ul>\n<p data-start=\"1401\" data-end=\"1428\">TEKNISET TIEDOT:<\/p>\n<ul data-start=\"1429\" data-end=\"1621\">\n<li data-start=\"1429\" data-end=\"1456\">\n<p data-start=\"1431\" data-end=\"1456\">Tuote: Kuppi ja kalvo<\/p>\n<\/li>\n<li data-start=\"1457\" data-end=\"1483\">\n<p data-start=\"1459\" data-end=\"1483\">Malli: Varaosa 1058-001<\/p>\n<\/li>\n<li data-start=\"1484\" data-end=\"1512\">\n<p data-start=\"1486\" data-end=\"1512\">Sopii: Solo 365 -kokeilukappaleeseen<\/p>\n<\/li>\n<li data-start=\"1513\" data-end=\"1566\">\n<p data-start=\"1515\" data-end=\"1566\">Materiaali: L\u00e4pin\u00e4kyv\u00e4 muovi (kuppi) ja kalvo<\/p>\n<\/li>\n<li data-start=\"1567\" data-end=\"1621\">\n<p data-start=\"1569\" data-end=\"1621\">Toiminto: Varmista asianmukainen tiivistys testauksen aikana<\/p>\n<\/li>\n<\/ul>","protected":false},"excerpt":{"rendered":"<p>L\u00e4pin\u00e4kyv\u00e4 kuppi ja kalvo (varaosa 1058-001) on Solo 365 -savuilmaisimen testerin varaosa.<\/p>\n<p>Sit\u00e4 k\u00e4ytet\u00e4\u00e4n testisavun pid\u00e4tt\u00e4miseen ja asianmukaisen kosketuksen varmistamiseen ilmaisimeen testin aikana.<\/p>\n<p>Sopii asentajille ja huoltohenkil\u00f6st\u00f6lle.<\/p>","protected":false},"featured_media":162264,"template":"","meta":{"_acf_changed":false},"product_brand":[],"product_cat":[5072,5089],"product_tag":[],"class_list":{"0":"post-162265","1":"product","2":"type-product","3":"status-publish","4":"has-post-thumbnail","6":"product_cat-solo-365","7":"product_cat-solo-365-solo-365","8":"tm-no-options","10":"first","11":"instock","12":"taxable","13":"shipping-taxable","14":"purchasable","15":"product-type-simple"},"acf":[],"_links":{"self":[{"href":"https:\/\/secureus.se\/fi\/wp-json\/wp\/v2\/product\/162265","targetHints":{"allow":["GET"]}}],"collection":[{"href":"https:\/\/secureus.se\/fi\/wp-json\/wp\/v2\/product"}],"about":[{"href":"https:\/\/secureus.se\/fi\/wp-json\/wp\/v2\/types\/product"}],"wp:featuredmedia":[{"embeddable":true,"href":"https:\/\/secureus.se\/fi\/wp-json\/wp\/v2\/media\/162264"}],"wp:attachment":[{"href":"https:\/\/secureus.se\/fi\/wp-json\/wp\/v2\/media?parent=162265"}],"wp:term":[{"taxonomy":"product_brand","embeddable":true,"href":"https:\/\/secureus.se\/fi\/wp-json\/wp\/v2\/product_brand?post=162265"},{"taxonomy":"product_cat","embeddable":true,"href":"https:\/\/secureus.se\/fi\/wp-json\/wp\/v2\/product_cat?post=162265"},{"taxonomy":"product_tag","embeddable":true,"href":"https:\/\/secureus.se\/fi\/wp-json\/wp\/v2\/product_tag?post=162265"}],"curies":[{"name":"wp","href":"https:\/\/api.w.org\/{rel}","templated":true}]}}