{"id":162267,"date":"2025-11-21T12:16:48","date_gmt":"2025-11-21T11:16:48","guid":{"rendered":"https:\/\/secureus.se\/forlangningskabel-5-m-solo-425\/"},"modified":"2026-03-26T12:27:05","modified_gmt":"2026-03-26T11:27:05","slug":"forlangningskabel-5-m-solo-425","status":"publish","type":"product","link":"https:\/\/secureus.se\/fi\/forlangningskabel-5-m-solo-425\/","title":{"rendered":"Jatkojohto 5 m Solo 425"},"content":{"rendered":"<h1>Jatkojohto 5 m Solo 425<\/h1>\n<h3 data-start=\"277\" data-end=\"313\">Jatkojohto Solo 424:lle<\/h3>\n<p data-start=\"314\" data-end=\"560\">Solo 425 on 5 metrin jatkokaapeli, joka on tarkoitettu verkkovirtak\u00e4ytt\u00f6isille Solo 424 -j\u00e4nnitetesterien ominaisuuksille.<\/p>\n<p data-start=\"314\" data-end=\"560\">Kun tarvitset lis\u00e4ulottuvuutta l\u00e4mp\u00f6ilmaisimien testauksessa, t\u00e4m\u00e4 kaapeli helpottaa useiden testipisteiden saavuttamista ilman, ett\u00e4 virtaliit\u00e4nt\u00e4\u00e4 pit\u00e4\u00e4 jatkuvasti siirt\u00e4\u00e4.<\/p>\n<h3 data-start=\"562\" data-end=\"596\">Joustava k\u00e4ytt\u00f6 paikan p\u00e4\u00e4ll\u00e4<\/h3>\n<p data-start=\"597\" data-end=\"826\">Jatkojohto antaa sinulle enemm\u00e4n vapautta ty\u00f6skennelless\u00e4si suuremmissa huoneissa tai rakennuksissa, joissa on v\u00e4h\u00e4n pistorasioita.<\/p>\n<p data-start=\"597\" data-end=\"826\">Se toimii yhdess\u00e4 Solo 424:n kanssa ja mahdollistaa testerin sijoittamisen sinne, miss\u00e4 sit\u00e4 tarvitaan, vaikka pistorasia olisi jonkin matkan p\u00e4\u00e4ss\u00e4.<\/p>\n<h3 data-start=\"828\" data-end=\"855\">Solo 425:n edut<\/h3>\n<ul data-start=\"856\" data-end=\"999\">\n<li data-start=\"856\" data-end=\"893\">\n<p data-start=\"858\" data-end=\"893\">5 metrin lis\u00e4kaapeli pidemm\u00e4n kantaman saavuttamiseksi<\/p>\n<\/li>\n<li data-start=\"894\" data-end=\"924\">\n<p data-start=\"896\" data-end=\"924\">Sopii Solo 424 VD -testeriin<\/p>\n<\/li>\n<li data-start=\"925\" data-end=\"958\">\n<p data-start=\"927\" data-end=\"958\">Helppo k\u00e4ytt\u00e4\u00e4 ja kytke\u00e4<\/p>\n<\/li>\n<li data-start=\"959\" data-end=\"999\">\n<p data-start=\"961\" data-end=\"999\">Parantaa testauksen tehokkuutta<\/p>\n<\/li>\n<\/ul>\n<p data-start=\"1001\" data-end=\"1028\"><strong>TEKNISET TIEDOT:<\/strong><\/p>\n<ul data-start=\"1029\" data-end=\"1178\">\n<li data-start=\"1029\" data-end=\"1059\">\n<p data-start=\"1031\" data-end=\"1059\">Tuote: Jatkokaapeli<\/p>\n<\/li>\n<li data-start=\"1060\" data-end=\"1080\">\n<p data-start=\"1062\" data-end=\"1080\">Malli: Solo 425<\/p>\n<\/li>\n<li data-start=\"1081\" data-end=\"1095\">\n<p data-start=\"1083\" data-end=\"1095\">Pituus: 5 metri\u00e4<\/p>\n<\/li>\n<li data-start=\"1096\" data-end=\"1132\">\n<p data-start=\"1098\" data-end=\"1132\">K\u00e4ytet\u00e4\u00e4n yhdess\u00e4: Solo 424 VD -testerin kanssa<\/p>\n<\/li>\n<li data-start=\"1133\" data-end=\"1178\">\n<p data-start=\"1135\" data-end=\"1178\">Toiminto: Lis\u00e4\u00e4 verkkoyhteyden kantamaa<\/p>\n<\/li>\n<\/ul>","protected":false},"excerpt":{"rendered":"<p>Jatkojohto Solo 425 on 5 metri\u00e4 pitk\u00e4 verkkojohto, joka pident\u00e4\u00e4 VD-testerin Solo 424 kantamaa l\u00e4mp\u00f6ilmaisimien toimintaa testattaessa.<\/p>\n<p>Se tarjoaa lis\u00e4\u00e4 joustavuutta ty\u00f6skennelt\u00e4ess\u00e4 suurempien pintojen kanssa. Sopii asentajille ja huoltohenkil\u00f6st\u00f6lle.<\/p>","protected":false},"featured_media":162266,"template":"","meta":{"_acf_changed":false},"product_brand":[],"product_cat":[2945,5088,5074],"product_tag":[],"class_list":{"0":"post-162267","1":"product","2":"type-product","3":"status-publish","4":"has-post-thumbnail","6":"product_cat-solo","7":"product_cat-solo-solo","8":"product_cat-stromforsorjning-professionella-verktyg-for-prov-och-underhall","9":"tm-no-options","11":"first","12":"instock","13":"taxable","14":"shipping-taxable","15":"purchasable","16":"product-type-simple"},"acf":[],"_links":{"self":[{"href":"https:\/\/secureus.se\/fi\/wp-json\/wp\/v2\/product\/162267","targetHints":{"allow":["GET"]}}],"collection":[{"href":"https:\/\/secureus.se\/fi\/wp-json\/wp\/v2\/product"}],"about":[{"href":"https:\/\/secureus.se\/fi\/wp-json\/wp\/v2\/types\/product"}],"wp:featuredmedia":[{"embeddable":true,"href":"https:\/\/secureus.se\/fi\/wp-json\/wp\/v2\/media\/162266"}],"wp:attachment":[{"href":"https:\/\/secureus.se\/fi\/wp-json\/wp\/v2\/media?parent=162267"}],"wp:term":[{"taxonomy":"product_brand","embeddable":true,"href":"https:\/\/secureus.se\/fi\/wp-json\/wp\/v2\/product_brand?post=162267"},{"taxonomy":"product_cat","embeddable":true,"href":"https:\/\/secureus.se\/fi\/wp-json\/wp\/v2\/product_cat?post=162267"},{"taxonomy":"product_tag","embeddable":true,"href":"https:\/\/secureus.se\/fi\/wp-json\/wp\/v2\/product_tag?post=162267"}],"curies":[{"name":"wp","href":"https:\/\/api.w.org\/{rel}","templated":true}]}}