{"id":162269,"date":"2025-11-21T12:16:48","date_gmt":"2025-11-21T11:16:48","guid":{"rendered":"https:\/\/secureus.se\/snabbladdare-solo-727-for-batteri-solo-770\/"},"modified":"2026-03-26T12:27:16","modified_gmt":"2026-03-26T11:27:16","slug":"snabbladdare-solo-727-for-batteri-solo-770","status":"publish","type":"product","link":"https:\/\/secureus.se\/fi\/snabbladdare-solo-727-for-batteri-solo-770\/","title":{"rendered":"Solo 727 -pikalaturi Solo 770 -akulle"},"content":{"rendered":"<h1>Solo 727 -pikalaturi Solo 770 -akulle<\/h1>\n<h3 data-start=\"360\" data-end=\"403\">Pikalaturi Solo 770 -akkuvarrelle<\/h3>\n<p data-start=\"404\" data-end=\"802\">Solo 727 on pikalaturi, joka on kehitetty erityisesti Solo 770 -ladattaville akkusauvoille.<\/p>\n<p data-start=\"404\" data-end=\"802\">N\u00e4it\u00e4 paristoja k\u00e4ytet\u00e4\u00e4n kannettavissa ilmaisintestereiss\u00e4, kuten Solo 461:ss\u00e4 (l\u00e4mp\u00f6ilmaisintesteri) ja monikriteeritestereiss\u00e4. <strong data-start=\"610\" data-end=\"633\">Testifire 1000\/1001<\/strong> ja <strong data-start=\"638\" data-end=\"661\">Testipalo 2000\/2001<\/strong>, mik\u00e4 tekee Solo 727:st\u00e4 v\u00e4ltt\u00e4m\u00e4tt\u00f6m\u00e4n lis\u00e4varusteen testauslaitteistosi ty\u00f6valmiuteen.<\/p>\n<h3 data-start=\"804\" data-end=\"837\">Nopea ja joustava lataus<\/h3>\n<p data-start=\"838\" data-end=\"1183\">Laturi voidaan kytke\u00e4 suoraan tavalliseen 230 V:n pistorasiaan tai 12 V:n ajoneuvon pistorasiaan, mik\u00e4 tarjoaa joustavuutta ty\u00f6paikalla.<\/p>\n<p data-start=\"838\" data-end=\"1183\">Se on suunniteltu tarjoamaan Solo 770:n nopea ja turvallinen lataus, ja kaapelin punainen merkint\u00e4 helpottaa akun oikean liit\u00e4nn\u00e4n tunnistamista.<\/p>\n<h3 data-start=\"1185\" data-end=\"1237\">Helppok\u00e4ytt\u00f6inen ja luotettava virtal\u00e4hde<\/h3>\n<p data-start=\"1238\" data-end=\"1525\">Solo 727:n avulla saat vakaan latausratkaisun, joka minimoi seisokkiajat ja varmistaa, ett\u00e4 akkusi ovat valmiita tarvittaessa.<\/p>\n<p data-start=\"1238\" data-end=\"1525\">T\u00e4m\u00e4 helpottaa savu-, l\u00e4mp\u00f6- ja h\u00e4k\u00e4ilmaisimien testaamista asennuksen, huollon tai kunnossapidon aikana.<\/p>\n<p data-start=\"1527\" data-end=\"1554\">TEKNISET TIEDOT:<\/p>\n<ul data-start=\"1555\" data-end=\"1946\">\n<li data-start=\"1555\" data-end=\"1596\">\n<p data-start=\"1557\" data-end=\"1596\">Tuote: Akun laturi\/pikalaturi<\/p>\n<\/li>\n<li data-start=\"1597\" data-end=\"1621\">\n<p data-start=\"1599\" data-end=\"1621\">Malli: Solo 727\u2011001<\/p>\n<\/li>\n<li data-start=\"1622\" data-end=\"1686\">\n<p data-start=\"1624\" data-end=\"1686\">Paketti sis\u00e4lt\u00e4\u00e4: Solo 727 -pikalaturi Solo 770:lle<\/p>\n<\/li>\n<li data-start=\"1687\" data-end=\"1727\">\n<p data-start=\"1689\" data-end=\"1727\">Yhteensopivuus: Solo 770 -akkupuikko<\/p>\n<\/li>\n<li data-start=\"1728\" data-end=\"1792\">\n<p data-start=\"1730\" data-end=\"1792\">Virtal\u00e4hde: 230 V:n sein\u00e4liit\u00e4nt\u00e4 ja 12 V:n ajoneuvopistoke<\/p>\n<\/li>\n<li data-start=\"1793\" data-end=\"1859\">\n<p data-start=\"1795\" data-end=\"1859\">Toiminto: Solo 770 -akun lataaminen testilaitteita varten<\/p>\n<\/li>\n<li data-start=\"1860\" data-end=\"1946\">\n<p data-start=\"1862\" data-end=\"1946\">K\u00e4ytt\u00f6: Lataa vain Solo 770 -akkuvarren<\/p>\n<\/li>\n<\/ul>","protected":false},"excerpt":{"rendered":"<p data-start=\"0\" data-end=\"338\">Solo 727 -pikalaturi on akkulaturi, joka on suunniteltu Solo 770 -akkuvarrelle, jota k\u00e4ytet\u00e4\u00e4n testauslaitteissa, kuten Solo 461- ja Testifire-sarjoissa.<\/p>\n<p data-start=\"0\" data-end=\"338\">Se lataa akun nopeasti 230 V:n tai 12 V:n j\u00e4nnitteell\u00e4.<\/p>\n<p data-start=\"0\" data-end=\"338\">Sopii teknikoille ja huoltohenkil\u00f6st\u00f6lle, jotka tarvitsevat nopeaa ja luotettavaa virtal\u00e4hdett\u00e4.<\/p>\n<p data-start=\"340\" data-end=\"359\">","protected":false},"featured_media":162268,"template":"","meta":{"_acf_changed":false},"product_brand":[],"product_cat":[2945,5088,5074,2946],"product_tag":[],"class_list":{"0":"post-162269","1":"product","2":"type-product","3":"status-publish","4":"has-post-thumbnail","6":"product_cat-solo","7":"product_cat-solo-solo","8":"product_cat-stromforsorjning-professionella-verktyg-for-prov-och-underhall","9":"product_cat-testifire","10":"tm-no-options","12":"first","13":"instock","14":"taxable","15":"shipping-taxable","16":"purchasable","17":"product-type-simple"},"acf":[],"_links":{"self":[{"href":"https:\/\/secureus.se\/fi\/wp-json\/wp\/v2\/product\/162269","targetHints":{"allow":["GET"]}}],"collection":[{"href":"https:\/\/secureus.se\/fi\/wp-json\/wp\/v2\/product"}],"about":[{"href":"https:\/\/secureus.se\/fi\/wp-json\/wp\/v2\/types\/product"}],"wp:featuredmedia":[{"embeddable":true,"href":"https:\/\/secureus.se\/fi\/wp-json\/wp\/v2\/media\/162268"}],"wp:attachment":[{"href":"https:\/\/secureus.se\/fi\/wp-json\/wp\/v2\/media?parent=162269"}],"wp:term":[{"taxonomy":"product_brand","embeddable":true,"href":"https:\/\/secureus.se\/fi\/wp-json\/wp\/v2\/product_brand?post=162269"},{"taxonomy":"product_cat","embeddable":true,"href":"https:\/\/secureus.se\/fi\/wp-json\/wp\/v2\/product_cat?post=162269"},{"taxonomy":"product_tag","embeddable":true,"href":"https:\/\/secureus.se\/fi\/wp-json\/wp\/v2\/product_tag?post=162269"}],"curies":[{"name":"wp","href":"https:\/\/api.w.org\/{rel}","templated":true}]}}