{"id":162271,"date":"2025-11-21T12:10:22","date_gmt":"2025-11-21T11:10:22","guid":{"rendered":"https:\/\/secureus.se\/teleskopstang-4-segment-175-m-roka-webbutik\/"},"modified":"2026-04-23T12:47:12","modified_gmt":"2026-04-23T10:47:12","slug":"teleskopstang-4-segment-175-m-roka-webbutik","status":"publish","type":"product","link":"https:\/\/secureus.se\/fi\/teleskopstang-4-segment-175-m-roka-webbutik\/","title":{"rendered":"Teleskooppivarsi, 4 segmentti\u00e4, 1,75 m"},"content":{"rendered":"<h1>Teleskooppivarsi, 4 segmentti\u00e4, 1,75 m | Roka-verkkokauppa<\/h1>\n<h3 data-start=\"257\" data-end=\"301\">Helppok\u00e4ytt\u00f6inen teleskooppivarsi testausta varten<\/h3>\n<p data-start=\"302\" data-end=\"551\">Solo 110 -teleskooppivarsi on k\u00e4tev\u00e4 ja kevyt ty\u00f6kalu katossa olevien ilmaisimien luokse p\u00e4\u00e4semiseen ilman tikkaita.<\/p>\n<p data-start=\"302\" data-end=\"551\">Se on suunniteltu testattavaksi Solo-laitteilla ja helpottaa savu-, l\u00e4mp\u00f6- ja h\u00e4k\u00e4ilmaisimien testaamista normaaleissa kattokorkeuksissa.<\/p>\n<h3 data-start=\"553\" data-end=\"591\">Joustava ja kest\u00e4v\u00e4 rakenne<\/h3>\n<p data-start=\"592\" data-end=\"828\">Teleskooppitangossa on nelj\u00e4 s\u00e4\u00e4dett\u00e4v\u00e4\u00e4 segmentti\u00e4, jotka voidaan helposti pident\u00e4\u00e4 ja lukita haluttuun asentoon.<\/p>\n<p data-start=\"592\" data-end=\"828\">Pienimm\u00e4ss\u00e4 asennossaan tanko on kompakti ja helppo k\u00e4sitell\u00e4, ja se tarjoaa riitt\u00e4v\u00e4n ulottuvuuden useimpiin asennusymp\u00e4rist\u00f6ihin.<\/p>\n<h3 data-start=\"830\" data-end=\"861\">Yhdist\u00e4 saadaksesi suuremman korkeuden<\/h3>\n<p data-start=\"862\" data-end=\"1048\">Solo 110:n kantama on testattaessa jopa noin 3,25 metrin kattokorkeuteen asti.<\/p>\n<p data-start=\"862\" data-end=\"1048\">Jos sinun t\u00e4ytyy kurottaa viel\u00e4 korkeammalle, voit k\u00e4ytt\u00e4\u00e4 sit\u00e4 yhdess\u00e4 kiinte\u00e4n tangon kanssa, kuten <strong data-start=\"1006\" data-end=\"1018\">Yksin 111<\/strong> ulottua jopa noin 4,7 metriin.<\/p>\n<h3 data-start=\"1050\" data-end=\"1077\">Solo 110:n edut<\/h3>\n<ul data-start=\"1078\" data-end=\"1259\">\n<li data-start=\"1078\" data-end=\"1125\">\n<p data-start=\"1080\" data-end=\"1125\">Kevyt ja joustava teleskooppivarsi, jossa on 4 segmentti\u00e4<\/p>\n<\/li>\n<li data-start=\"1126\" data-end=\"1165\">\n<p data-start=\"1128\" data-end=\"1165\">Kantama jopa noin 3,25 metrin kattokorkeuteen<\/p>\n<\/li>\n<li data-start=\"1166\" data-end=\"1211\">\n<p data-start=\"1168\" data-end=\"1211\">Helppo s\u00e4\u00e4t\u00e4\u00e4 ja lukita haluttuun pituuteen<\/p>\n<\/li>\n<li data-start=\"1212\" data-end=\"1259\">\n<p data-start=\"1214\" data-end=\"1259\">Sopii Solo-ilmaisimen testauslaitteeseen<\/p>\n<\/li>\n<\/ul>\n<p data-start=\"1261\" data-end=\"1288\">TEKNISET TIEDOT:<\/p>\n<ul data-start=\"1289\" data-end=\"1459\">\n<li data-start=\"1289\" data-end=\"1315\">\n<p data-start=\"1291\" data-end=\"1315\">Tuote: Teleskooppivarsi<\/p>\n<\/li>\n<li data-start=\"1316\" data-end=\"1336\">\n<p data-start=\"1318\" data-end=\"1336\">Malli: Solo 110<\/p>\n<\/li>\n<li data-start=\"1337\" data-end=\"1359\">\n<p data-start=\"1339\" data-end=\"1359\">Segmentit: 4 kappaletta<\/p>\n<\/li>\n<li data-start=\"1360\" data-end=\"1404\">\n<p data-start=\"1362\" data-end=\"1404\">Suurin kantama: Jopa noin 3,25 m kattokorkeuteen asti<\/p>\n<\/li>\n<li data-start=\"1405\" data-end=\"1459\">\n<p data-start=\"1407\" data-end=\"1459\">Sopii: Yksitt\u00e4ismittauslaite (savu, l\u00e4mp\u00f6, hiilimonoksidi)<\/p>\n<\/li>\n<\/ul>","protected":false},"excerpt":{"rendered":"<p>Teleskooppivarsi Solo 110 on lyhyt ja kevyt teleskooppivarsi, jossa on nelj\u00e4 segmentti\u00e4, joiden avulla sill\u00e4 voi ulottua jopa noin 3,25 metrin kattokorkeuteen testin aikana.<\/p>\n<p>Se on helppok\u00e4ytt\u00f6inen ja sopii palovaroittimien ty\u00f6kalujen testaamiseen.<\/p>","protected":false},"featured_media":162270,"template":"","meta":{"_acf_changed":false},"product_brand":[],"product_cat":[2945,5070,5088,5072,5089,2946],"product_tag":[],"class_list":{"0":"post-162271","1":"product","2":"type-product","3":"status-publish","4":"has-post-thumbnail","6":"product_cat-solo","7":"product_cat-provstanger","8":"product_cat-solo-solo","9":"product_cat-solo-365","10":"product_cat-solo-365-solo-365","11":"product_cat-testifire","12":"tm-no-options","14":"first","15":"onbackorder","16":"taxable","17":"shipping-taxable","18":"purchasable","19":"product-type-simple"},"acf":[],"_links":{"self":[{"href":"https:\/\/secureus.se\/fi\/wp-json\/wp\/v2\/product\/162271","targetHints":{"allow":["GET"]}}],"collection":[{"href":"https:\/\/secureus.se\/fi\/wp-json\/wp\/v2\/product"}],"about":[{"href":"https:\/\/secureus.se\/fi\/wp-json\/wp\/v2\/types\/product"}],"wp:featuredmedia":[{"embeddable":true,"href":"https:\/\/secureus.se\/fi\/wp-json\/wp\/v2\/media\/162270"}],"wp:attachment":[{"href":"https:\/\/secureus.se\/fi\/wp-json\/wp\/v2\/media?parent=162271"}],"wp:term":[{"taxonomy":"product_brand","embeddable":true,"href":"https:\/\/secureus.se\/fi\/wp-json\/wp\/v2\/product_brand?post=162271"},{"taxonomy":"product_cat","embeddable":true,"href":"https:\/\/secureus.se\/fi\/wp-json\/wp\/v2\/product_cat?post=162271"},{"taxonomy":"product_tag","embeddable":true,"href":"https:\/\/secureus.se\/fi\/wp-json\/wp\/v2\/product_tag?post=162271"}],"curies":[{"name":"wp","href":"https:\/\/api.w.org\/{rel}","templated":true}]}}