{"id":162273,"date":"2025-11-21T12:10:21","date_gmt":"2025-11-21T11:10:21","guid":{"rendered":"https:\/\/secureus.se\/teleskopstang-45-m-solo-100-for-solo-och-testifire-produkterna\/"},"modified":"2026-04-08T16:00:23","modified_gmt":"2026-04-08T14:00:23","slug":"teleskopstang-45-m-solo-100-for-solo-och-testifire-produkterna","status":"publish","type":"product","link":"https:\/\/secureus.se\/fi\/teleskopstang-45-m-solo-100-for-solo-och-testifire-produkterna\/","title":{"rendered":"Teleskooppivarsi 4,5 m Solo 100 Solo- ja Testifire-tuotteille"},"content":{"rendered":"<h1>Teleskooppivarsi 4,5 m Solo 100 Solo- ja Testifire-tuotteille<\/h1>\n<h3 data-start=\"357\" data-end=\"406\">Joustava teleskooppivarsi korkealla teht\u00e4v\u00e4\u00e4n testaukseen<\/h3>\n<p data-start=\"407\" data-end=\"656\">Teleskooppivarsi Solo 100 on ammattimainen ja helppok\u00e4ytt\u00f6inen lasikuituinen varsi paloilmoitinj\u00e4rjestelmien ilmaisimien toiminnan testaukseen ja huoltoon.<\/p>\n<p data-start=\"407\" data-end=\"656\">Se tarjoaa vakaan ulottuvuuden ilman tikkaita ja helpottaa kattoon asennettujen ilmaisimien testaamista.<\/p>\n<h3 data-start=\"658\" data-end=\"689\">Suunnittelu ja k\u00e4ytt\u00f6<\/h3>\n<p data-start=\"690\" data-end=\"1085\">Solo 100 koostuu nelj\u00e4st\u00e4 teleskooppiosasta, joita voidaan pident\u00e4\u00e4 4,5 metriin asti. T\u00e4m\u00e4 kantama ylt\u00e4\u00e4 tyypillisesti noin 6 metrin korkeuteen lattiasta asennettuihin ilmaisimiin.<\/p>\n<p data-start=\"690\" data-end=\"1085\">Kiinnit\u00e4 Solo- tai Testifire-ty\u00f6kalu pylv\u00e4\u00e4n p\u00e4\u00e4h\u00e4n suorittaaksesi savu-, l\u00e4mp\u00f6- tai h\u00e4k\u00e4ilmaisimien testej\u00e4 ilman tikkaita kiipe\u00e4mist\u00e4.<\/p>\n<h3 data-start=\"1087\" data-end=\"1121\">Yhdist\u00e4 viel\u00e4 korkeampiin kattoihin<\/h3>\n<p data-start=\"1122\" data-end=\"1402\">Jos sinun on ulotuttava korkeammalle, Solo 100 -laitteeseen voidaan yhdist\u00e4\u00e4 jopa kolme Solo 101 -jatkotankoa, jolloin saavutetaan jopa noin 9,3 metrin kokonaistestauskorkeus.<\/p>\n<p data-start=\"1122\" data-end=\"1402\">T\u00e4m\u00e4 tekee siit\u00e4 ihanteellisen suuriin tiloihin, toimistoihin ja muihin korkeisiin rakennuksiin.<\/p>\n<h3 data-start=\"1404\" data-end=\"1431\">Solo 100:n edut<\/h3>\n<ul data-start=\"1432\" data-end=\"1718\">\n<li data-start=\"1432\" data-end=\"1487\">\n<p data-start=\"1434\" data-end=\"1487\">Nelj\u00e4osainen teleskooppivarsi joustavaa pituutta varten<\/p>\n<\/li>\n<li data-start=\"1488\" data-end=\"1529\">\n<p data-start=\"1490\" data-end=\"1529\">Kantama jopa noin 6 m yksin\u00e4\u00e4n<\/p>\n<\/li>\n<li data-start=\"1530\" data-end=\"1597\">\n<p data-start=\"1532\" data-end=\"1597\">Voidaan pident\u00e4\u00e4 noin 9,3 metriin Solo 101 -jatkovarsilla<\/p>\n<\/li>\n<li data-start=\"1598\" data-end=\"1662\">\n<p data-start=\"1600\" data-end=\"1662\">Kevyt ja johtamaton lasikuiturakenne turvalliseen k\u00e4ytt\u00f6\u00f6n<\/p>\n<\/li>\n<li data-start=\"1663\" data-end=\"1718\">\n<p data-start=\"1665\" data-end=\"1718\">Yhteensopiva Solo- ja Testifire-testausty\u00f6kalujen kanssa<\/p>\n<\/li>\n<\/ul>\n<p data-start=\"1720\" data-end=\"1747\">TEKNISET TIEDOT:<\/p>\n<ul data-start=\"1748\" data-end=\"2212\">\n<li data-start=\"1748\" data-end=\"1774\">\n<p data-start=\"1750\" data-end=\"1774\">Tuote: Teleskooppivarsi<\/p>\n<\/li>\n<li data-start=\"1775\" data-end=\"1795\">\n<p data-start=\"1777\" data-end=\"1795\">Malli: Solo 100<\/p>\n<\/li>\n<li data-start=\"1796\" data-end=\"1820\">\n<p data-start=\"1798\" data-end=\"1820\">Osat: 4 kappaletta<\/p>\n<\/li>\n<li data-start=\"1821\" data-end=\"1846\">\n<p data-start=\"1823\" data-end=\"1846\">Pituus ulosvedettyn\u00e4: 4,5 m<\/p>\n<\/li>\n<li data-start=\"1847\" data-end=\"1939\">\n<p data-start=\"1849\" data-end=\"1939\">Kantama: Jopa noin 6 metrin kattokorkeuteen ilman jatkopalaa<\/p>\n<\/li>\n<li data-start=\"1940\" data-end=\"2033\">\n<p data-start=\"1942\" data-end=\"2033\">Yhteensopiva: Solo- ja Testifire-testausty\u00f6kalujen kanssa<\/p>\n<\/li>\n<li data-start=\"2034\" data-end=\"2134\">\n<p data-start=\"2036\" data-end=\"2134\">Voidaan laajentaa: Jopa 3 \u00d7 Solo 101 -vaunulla, kokonaiskorkeus ~9,3 m<\/p>\n<\/li>\n<li data-start=\"2135\" data-end=\"2212\">\n<p data-start=\"2137\" data-end=\"2212\">Materiaali: Lasikuitu, ei-johtava<\/p>\n<\/li>\n<\/ul>","protected":false},"excerpt":{"rendered":"<p>Solo 100 -teleskooppivarsi on kest\u00e4v\u00e4 4,5 metrin pituinen neliosainen varsi, joka mahdollistaa ilmaisimien k\u00e4yt\u00f6n jopa noin 6 metrin kattokorkeuteen asti.<\/p>\n<p>Se on yhteensopiva Solo- ja Testifire-testausty\u00f6kalujen kanssa ja sit\u00e4 voidaan laajentaa jatkotangoilla suuremman korkeuden saavuttamiseksi.<\/p>\n<p>Sopii asentajille ja huoltohenkil\u00f6st\u00f6lle.<\/p>","protected":false},"featured_media":162272,"template":"","meta":{"_acf_changed":false},"product_brand":[],"product_cat":[2945,5070,5088,5072,5089,2946],"product_tag":[],"class_list":{"0":"post-162273","1":"product","2":"type-product","3":"status-publish","4":"has-post-thumbnail","6":"product_cat-solo","7":"product_cat-provstanger","8":"product_cat-solo-solo","9":"product_cat-solo-365","10":"product_cat-solo-365-solo-365","11":"product_cat-testifire","12":"tm-no-options","14":"first","15":"instock","16":"taxable","17":"shipping-taxable","18":"purchasable","19":"product-type-simple"},"acf":[],"_links":{"self":[{"href":"https:\/\/secureus.se\/fi\/wp-json\/wp\/v2\/product\/162273","targetHints":{"allow":["GET"]}}],"collection":[{"href":"https:\/\/secureus.se\/fi\/wp-json\/wp\/v2\/product"}],"about":[{"href":"https:\/\/secureus.se\/fi\/wp-json\/wp\/v2\/types\/product"}],"wp:featuredmedia":[{"embeddable":true,"href":"https:\/\/secureus.se\/fi\/wp-json\/wp\/v2\/media\/162272"}],"wp:attachment":[{"href":"https:\/\/secureus.se\/fi\/wp-json\/wp\/v2\/media?parent=162273"}],"wp:term":[{"taxonomy":"product_brand","embeddable":true,"href":"https:\/\/secureus.se\/fi\/wp-json\/wp\/v2\/product_brand?post=162273"},{"taxonomy":"product_cat","embeddable":true,"href":"https:\/\/secureus.se\/fi\/wp-json\/wp\/v2\/product_cat?post=162273"},{"taxonomy":"product_tag","embeddable":true,"href":"https:\/\/secureus.se\/fi\/wp-json\/wp\/v2\/product_tag?post=162273"}],"curies":[{"name":"wp","href":"https:\/\/api.w.org\/{rel}","templated":true}]}}