{"id":162275,"date":"2025-11-21T12:10:19","date_gmt":"2025-11-21T11:10:19","guid":{"rendered":"https:\/\/secureus.se\/teleskopstang-25-m-solo-108\/"},"modified":"2026-04-08T16:01:58","modified_gmt":"2026-04-08T14:01:58","slug":"teleskopstang-25-m-solo-108","status":"publish","type":"product","link":"https:\/\/secureus.se\/fi\/teleskopstang-25-m-solo-108\/","title":{"rendered":"Teleskooppivarsi 2,5 m \u2013 Solo 108"},"content":{"rendered":"<h1>Teleskooppivarsi 2,5 m \u2013 Solo 108<\/h1>\n<h3 data-start=\"270\" data-end=\"321\">S\u00e4\u00e4dett\u00e4v\u00e4 teleskooppivarsi tehokasta testausta varten<\/h3>\n<p data-start=\"322\" data-end=\"568\">Solo 108 -teleskooppivarsi on suunniteltu savu-, l\u00e4mp\u00f6- ja h\u00e4k\u00e4ilmaisimien helppoon ja turvalliseen testaamiseen keskikorkeilla.<\/p>\n<p data-start=\"322\" data-end=\"568\">Kaksiosainen rakenne tekee siit\u00e4 nopean s\u00e4\u00e4t\u00e4\u00e4 ja helpon k\u00e4sitell\u00e4, mik\u00e4 helpottaa huoltoa ja asennusta ty\u00f6maalla.<\/p>\n<h3 data-start=\"570\" data-end=\"611\">Joustava pituus ja helppok\u00e4ytt\u00f6isyys<\/h3>\n<p data-start=\"612\" data-end=\"869\">Solo 108:n avulla voit s\u00e4\u00e4t\u00e4\u00e4 tangon pituutta 1,27 metrist\u00e4 2,5 metriin. Se on kompakti kuljetusta ja s\u00e4ilytyst\u00e4 varten, ja se tarjoaa riitt\u00e4v\u00e4n ulottuvuuden testaukseen ilman tikkaita.<\/p>\n<p data-start=\"612\" data-end=\"869\">Sauva on yhteensopiva Solo- ja Testifire-testauslaitteiden kanssa.<\/p>\n<h3 data-start=\"871\" data-end=\"898\">Solo 108:n edut<\/h3>\n<ul data-start=\"899\" data-end=\"1059\">\n<li data-start=\"899\" data-end=\"945\">\n<p data-start=\"901\" data-end=\"945\">Kaksi segmentti\u00e4 s\u00e4\u00e4dett\u00e4v\u00e4lle pituudelle 1,27\u20132,5 m<\/p>\n<\/li>\n<li data-start=\"946\" data-end=\"972\">\n<p data-start=\"948\" data-end=\"972\">Kevyt ja ketter\u00e4 muotoilu<\/p>\n<\/li>\n<li data-start=\"973\" data-end=\"1011\">\n<p data-start=\"975\" data-end=\"1011\">Sopii Solo- ja Testifire-testereihin<\/p>\n<\/li>\n<li data-start=\"1012\" data-end=\"1059\">\n<p data-start=\"1014\" data-end=\"1059\">Lis\u00e4\u00e4 turvallisuutta ja tehokkuutta testauksen aikana<\/p>\n<\/li>\n<\/ul>\n<p data-start=\"1061\" data-end=\"1088\">TEKNISET TIEDOT:<\/p>\n<ul data-start=\"1089\" data-end=\"1303\">\n<li data-start=\"1089\" data-end=\"1115\">\n<p data-start=\"1091\" data-end=\"1115\">Tuote: Teleskooppivarsi<\/p>\n<\/li>\n<li data-start=\"1116\" data-end=\"1136\">\n<p data-start=\"1118\" data-end=\"1136\">Malli: Solo 108<\/p>\n<\/li>\n<li data-start=\"1137\" data-end=\"1159\">\n<p data-start=\"1139\" data-end=\"1159\">Segmentit: 2 kappaletta<\/p>\n<\/li>\n<li data-start=\"1160\" data-end=\"1191\">\n<p data-start=\"1162\" data-end=\"1191\">S\u00e4\u00e4dett\u00e4v\u00e4 pituus: 1,27\u20132,5 m<\/p>\n<\/li>\n<li data-start=\"1192\" data-end=\"1247\">\n<p data-start=\"1194\" data-end=\"1247\">Yhteensopiva: Solo- ja Testifire-testausty\u00f6kalujen kanssa<\/p>\n<\/li>\n<li data-start=\"1248\" data-end=\"1303\">\n<p data-start=\"1250\" data-end=\"1303\">K\u00e4ytt\u00f6: Ilmaisimien testaamiseen keskikorkealla<\/p>\n<\/li>\n<\/ul>","protected":false},"excerpt":{"rendered":"<p>Solo 108 -teleskooppivarsi on kompakti varsi, jossa on kaksi segmentti\u00e4, joiden pituutta voidaan s\u00e4\u00e4t\u00e4\u00e4 1,27 metrist\u00e4 2,5 metriin.<\/p>\n<p>Sit\u00e4 k\u00e4ytet\u00e4\u00e4n Solo- ja Testifire-testerien kanssa ilmaisimien luokse p\u00e4\u00e4semiseksi keskikorkeilla sijaitseviin tiloihin ilman tikkaita.<\/p>\n<p>Sopii teknikoille ja huoltohenkil\u00f6st\u00f6lle.<\/p>","protected":false},"featured_media":162274,"template":"","meta":{"_acf_changed":false},"product_brand":[],"product_cat":[2945,5070,5088,5072,5089,2946],"product_tag":[],"class_list":{"0":"post-162275","1":"product","2":"type-product","3":"status-publish","4":"has-post-thumbnail","6":"product_cat-solo","7":"product_cat-provstanger","8":"product_cat-solo-solo","9":"product_cat-solo-365","10":"product_cat-solo-365-solo-365","11":"product_cat-testifire","12":"tm-no-options","14":"first","15":"instock","16":"taxable","17":"shipping-taxable","18":"purchasable","19":"product-type-simple"},"acf":[],"_links":{"self":[{"href":"https:\/\/secureus.se\/fi\/wp-json\/wp\/v2\/product\/162275","targetHints":{"allow":["GET"]}}],"collection":[{"href":"https:\/\/secureus.se\/fi\/wp-json\/wp\/v2\/product"}],"about":[{"href":"https:\/\/secureus.se\/fi\/wp-json\/wp\/v2\/types\/product"}],"wp:featuredmedia":[{"embeddable":true,"href":"https:\/\/secureus.se\/fi\/wp-json\/wp\/v2\/media\/162274"}],"wp:attachment":[{"href":"https:\/\/secureus.se\/fi\/wp-json\/wp\/v2\/media?parent=162275"}],"wp:term":[{"taxonomy":"product_brand","embeddable":true,"href":"https:\/\/secureus.se\/fi\/wp-json\/wp\/v2\/product_brand?post=162275"},{"taxonomy":"product_cat","embeddable":true,"href":"https:\/\/secureus.se\/fi\/wp-json\/wp\/v2\/product_cat?post=162275"},{"taxonomy":"product_tag","embeddable":true,"href":"https:\/\/secureus.se\/fi\/wp-json\/wp\/v2\/product_tag?post=162275"}],"curies":[{"name":"wp","href":"https:\/\/api.w.org\/{rel}","templated":true}]}}