{"id":162277,"date":"2025-11-21T12:10:19","date_gmt":"2025-11-21T11:10:19","guid":{"rendered":"https:\/\/secureus.se\/provstangsforlangare-113-m-solo-101-for-solo-och-testifire-produkterna\/"},"modified":"2026-04-08T16:02:05","modified_gmt":"2026-04-08T14:02:05","slug":"provstangsforlangare-113-m-solo-101-for-solo-och-testifire-produkterna","status":"publish","type":"product","link":"https:\/\/secureus.se\/fi\/provstangsforlangare-113-m-solo-101-for-solo-och-testifire-produkterna\/","title":{"rendered":"Testitangon jatkopala 1,13 m \u2013 Solo 101 Solo- ja Testifire-tuotteille"},"content":{"rendered":"<h1>Testitangon jatkopala 1,13 m \u2013 Solo 101 Solo- ja Testifire-tuotteille<\/h1>\n<h3 data-start=\"262\" data-end=\"312\">Pidenn\u00e4 teleskooppivarttasi saadaksesi paremman ulottuvuuden<\/h3>\n<p data-start=\"313\" data-end=\"507\">Solo 101 -testitangon jatke on suunniteltu lis\u00e4\u00e4m\u00e4\u00e4n ulottuvuutta savu-, l\u00e4mp\u00f6- ja h\u00e4k\u00e4ilmaisimien testaukseen.<\/p>\n<p data-start=\"313\" data-end=\"507\">Se sopii ensisijaisesti Solo 110:een, mutta sit\u00e4 voidaan k\u00e4ytt\u00e4\u00e4 my\u00f6s Solo 108:n ja Solo 100:n kanssa.<\/p>\n<h3 data-start=\"509\" data-end=\"534\">Joustava k\u00e4ytt\u00f6<\/h3>\n<p data-start=\"535\" data-end=\"782\">Jokainen jatkopala on 0,5 m pitk\u00e4 ja ne voidaan yhdist\u00e4\u00e4 jopa kolmella osalla, jolloin kokonaiskorkeus kasvaa 1,5 metriin.<\/p>\n<p data-start=\"535\" data-end=\"782\">T\u00e4m\u00e4 helpottaa korkealla sijaitsevien ilmaisimien saavuttamista ilman tikkaita ja lis\u00e4\u00e4 tehokkuutta huollon ja asennuksen aikana.<\/p>\n<h3 data-start=\"784\" data-end=\"811\">Solo 101:n edut<\/h3>\n<ul data-start=\"812\" data-end=\"1030\">\n<li data-start=\"812\" data-end=\"861\">\n<p data-start=\"814\" data-end=\"861\">Pident\u00e4\u00e4 teleskooppivarsia 0,5 m yksikk\u00f6\u00e4 kohden<\/p>\n<\/li>\n<li data-start=\"862\" data-end=\"912\">\n<p data-start=\"864\" data-end=\"912\">Yhteensopiva Solo 110:n, Solo 108:n ja Solo 100:n kanssa<\/p>\n<\/li>\n<li data-start=\"913\" data-end=\"981\">\n<p data-start=\"915\" data-end=\"981\">Voidaan liitt\u00e4\u00e4 jopa 3 osaa, jolloin ulottuvuus kasvaa yhteens\u00e4 1,5 m<\/p>\n<\/li>\n<li data-start=\"982\" data-end=\"1030\">\n<p data-start=\"984\" data-end=\"1030\">Helppo ja k\u00e4tev\u00e4 k\u00e4ytt\u00e4\u00e4 ty\u00f6paikalla<\/p>\n<\/li>\n<\/ul>\n<p data-start=\"1032\" data-end=\"1059\">TEKNISET TIEDOT:<\/p>\n<ul data-start=\"1060\" data-end=\"1309\">\n<li data-start=\"1060\" data-end=\"1093\">\n<p data-start=\"1062\" data-end=\"1093\">Tuote: Testisauvan jatke<\/p>\n<\/li>\n<li data-start=\"1094\" data-end=\"1114\">\n<p data-start=\"1096\" data-end=\"1114\">Malli: Solo 101<\/p>\n<\/li>\n<li data-start=\"1115\" data-end=\"1141\">\n<p data-start=\"1117\" data-end=\"1141\">Pituus per yksikk\u00f6: 0,5 m<\/p>\n<\/li>\n<li data-start=\"1142\" data-end=\"1190\">\n<p data-start=\"1144\" data-end=\"1190\">Yhteensopiva seuraavien kanssa: Solo 110, Solo 108, Solo 100<\/p>\n<\/li>\n<li data-start=\"1191\" data-end=\"1240\">\n<p data-start=\"1193\" data-end=\"1240\">Liitettyjen laitteiden enimm\u00e4ism\u00e4\u00e4r\u00e4: 3 kpl (yhteens\u00e4 1,5 m)<\/p>\n<\/li>\n<li data-start=\"1241\" data-end=\"1309\">\n<p data-start=\"1243\" data-end=\"1309\">K\u00e4ytt\u00f6: Pident\u00e4\u00e4 teleskooppitankoja ilmaisimia testattaessa<\/p>\n<\/li>\n<\/ul>","protected":false},"excerpt":{"rendered":"<p>Solo 101 -n\u00e4ytetangon jatkopala on 0,5 metrin jatkopala teleskooppitangoille, kuten Solo 110, Solo 108 ja Solo 100.<\/p>\n<p>Sen avulla on mahdollista saavuttaa korkeammat katot ilmaisimien testauksessa, ja siihen voidaan liitt\u00e4\u00e4 jopa kolme.<\/p>","protected":false},"featured_media":162276,"template":"","meta":{"_acf_changed":false},"product_brand":[],"product_cat":[2945,5070,5088,5072,5089,2946],"product_tag":[],"class_list":{"0":"post-162277","1":"product","2":"type-product","3":"status-publish","4":"has-post-thumbnail","6":"product_cat-solo","7":"product_cat-provstanger","8":"product_cat-solo-solo","9":"product_cat-solo-365","10":"product_cat-solo-365-solo-365","11":"product_cat-testifire","12":"tm-no-options","14":"first","15":"instock","16":"taxable","17":"shipping-taxable","18":"purchasable","19":"product-type-simple"},"acf":[],"_links":{"self":[{"href":"https:\/\/secureus.se\/fi\/wp-json\/wp\/v2\/product\/162277","targetHints":{"allow":["GET"]}}],"collection":[{"href":"https:\/\/secureus.se\/fi\/wp-json\/wp\/v2\/product"}],"about":[{"href":"https:\/\/secureus.se\/fi\/wp-json\/wp\/v2\/types\/product"}],"wp:featuredmedia":[{"embeddable":true,"href":"https:\/\/secureus.se\/fi\/wp-json\/wp\/v2\/media\/162276"}],"wp:attachment":[{"href":"https:\/\/secureus.se\/fi\/wp-json\/wp\/v2\/media?parent=162277"}],"wp:term":[{"taxonomy":"product_brand","embeddable":true,"href":"https:\/\/secureus.se\/fi\/wp-json\/wp\/v2\/product_brand?post=162277"},{"taxonomy":"product_cat","embeddable":true,"href":"https:\/\/secureus.se\/fi\/wp-json\/wp\/v2\/product_cat?post=162277"},{"taxonomy":"product_tag","embeddable":true,"href":"https:\/\/secureus.se\/fi\/wp-json\/wp\/v2\/product_tag?post=162277"}],"curies":[{"name":"wp","href":"https:\/\/api.w.org\/{rel}","templated":true}]}}