{"id":162406,"date":"2026-02-16T12:44:28","date_gmt":"2026-02-16T11:44:28","guid":{"rendered":"https:\/\/secureus.se\/?post_type=product&#038;p=162406"},"modified":"2026-04-09T11:18:23","modified_gmt":"2026-04-09T09:18:23","slug":"smd-976-powerg-plus-tradlos-rok-varmedetektor","status":"publish","type":"product","link":"https:\/\/secureus.se\/fi\/smd-976-powerg-plus-tradlos-rok-varmedetektor\/","title":{"rendered":"Visonicin savu- ja l\u00e4mp\u00f6ilmaisin SMD-976 PG2+ PowerG langaton \u2013 korvaa SMD-429:n"},"content":{"rendered":"<h2>Visonic SMD-976 PGP \u2013 PowerG savu- ja l\u00e4mp\u00f6ilmaisin<\/h2>\n<p><strong>Visonic SMD-976 PGP<\/strong> on Visonic PowerMaster -j\u00e4rjestelmiin tarkoitettu langaton paloilmaisin, joka yhdist\u00e4\u00e4 useita anturityyppej\u00e4 tulipalon havaitsemiseksi mahdollisimman varhaisessa vaiheessa. Se sis\u00e4lt\u00e4\u00e4 molemmat <strong>optinen savuilmaisin, kiinte\u00e4 l\u00e4mp\u00f6tila-anturi ja nopean l\u00e4mp\u00f6tilan nousun havaitseminen<\/strong>.<\/p>\n<p>Ilmaisin k\u00e4ytt\u00e4\u00e4 <strong>PowerG langaton tekniikka<\/strong> joka tarjoaa vakaan ja turvallisen yhteyden h\u00e4lytysj\u00e4rjestelm\u00e4\u00e4n.<\/p>\n<hr \/>\n<h2>Korvaa aiemmat mallit<\/h2>\n<p>SMD-976 PGP on seuraavan sukupolven PowerG-paloilmaisin, ja se voi korvata aiemmat mallit monissa asennuksissa, kuten <strong>Visonic SMD-429<\/strong>.<\/p>\n<p>Uusi malli tarjoaa parannetun diagnostiikan, pidemm\u00e4n akunkeston ja modernin PowerG-tiedonsiirron.<\/p>\n<hr \/>\n<h2>Edistynyt diagnostiikka<\/h2>\n<p>Ilmaisimessa on useita huoltoa ja yll\u00e4pitoa yksinkertaistavia ominaisuuksia:<\/p>\n<ul>\n<li>reaaliaikainen akun varaustason raportointi h\u00e4lytyspaneelin kautta<\/li>\n<li>savukammion p\u00f6lynvalvonta (yhteensopivilla PowerG+-paneeleilla)<\/li>\n<li>helppo p\u00e4\u00e4sy savukammioon puhdistusta varten<\/li>\n<\/ul>\n<p>N\u00e4m\u00e4 ominaisuudet auttavat yll\u00e4pit\u00e4m\u00e4\u00e4n optimaalista suorituskyky\u00e4 ajan kuluessa.<\/p>\n<hr \/>\n<h2>PowerG-tekniikkaa<\/h2>\n<p>PowerG on Visonicsin edistynyt langaton teknologia turvallisuustuotteille ja tarjoaa:<\/p>\n<ul>\n<li>korkea k\u00e4ytt\u00f6varmuus<\/li>\n<li>vakaa viestint\u00e4<\/li>\n<li>pitk\u00e4n kantaman<\/li>\n<li>kaksisuuntainen tiedonsiirto anturin ja keskusyksik\u00f6n v\u00e4lill\u00e4<\/li>\n<\/ul>\n<hr \/>\n<h2>Yhteensopivuus<\/h2>\n<p>SMD-976 PGP on yhteensopiva <strong>Visonic PowerMaster -paneelit laiteohjelmistoversiosta 20.xxx alkaen<\/strong>.<\/p>\n<p>T\u00e4ll\u00e4 hetkell\u00e4 on raportteja, joiden mukaan vanhemmissa PowerMaster-paneeleissa, joissa on vanhempi laiteohjelmisto, saattaa olla ongelmia yhteyden muodostamisessa t\u00e4h\u00e4n malliin. Valmistajan mukaan tuotteesta on saatavilla p\u00e4ivitetty versio. <strong>Johnson Controls (JCI)<\/strong> kehitteill\u00e4 paremman yhteensopivuuden takaamiseksi vanhempien j\u00e4rjestelmien kanssa.<\/p>\n<p>Jos et ole varma, mit\u00e4 laiteohjelmistoa ohjauspaneelisi k\u00e4ytt\u00e4\u00e4, suosittelemme ottamaan meihin yhteytt\u00e4 ennen ostamista.<\/p>\n<hr \/>\n<h2>Asennus<\/h2>\n<p>Ilmaisin asennetaan normaalisti kattoon ja se toimii paristoilla. Sis\u00e4\u00e4nrakennettu pietsos\u00e4hk\u00f6inen sireeni antaa paikallisen h\u00e4lytyksen tulipalon sattuessa.<\/p>\n<hr \/>\n<h2>P\u00e4\u00e4ominaisuudet<\/h2>\n<ul>\n<li>Langaton savu- ja l\u00e4mp\u00f6ilmaisin<\/li>\n<li>Optinen savuilmaisin<\/li>\n<li>Kiinte\u00e4n l\u00e4mp\u00f6tilan tunnistus<\/li>\n<li>Nopean l\u00e4mp\u00f6tilan nousun havaitseminen<\/li>\n<li>PowerG langaton tekniikka<\/li>\n<li>Sis\u00e4\u00e4nrakennettu sireeni<\/li>\n<li>Reaaliaikainen akun varaustason raportointi<\/li>\n<li>Savukammion p\u00f6lynvalvonta<\/li>\n<li>Korvaa aiemman mallin SMD-429<\/li>\n<\/ul>\n<hr \/>\n<h2>Ilmaisimen lis\u00e4\u00e4minen PowerMasteriin<\/h2>\n<ol>\n<li>Siirry PowerMasterin ohjauspaneelin asennusvalikkoon.<\/li>\n<li>Valita <strong>Rekister\u00f6i laite \/ Lis\u00e4\u00e4 laite<\/strong>.<\/li>\n<li>Aktivoi ilmaisin asettamalla paristo sis\u00e4\u00e4n tai poistamalla pariston suojakansi.<\/li>\n<li>Ohjauspaneeli l\u00f6yt\u00e4\u00e4 laitteen automaattisesti ja voit tallentaa sen.<\/li>\n<\/ol>","protected":false},"excerpt":{"rendered":"<p><strong>Visonic SMD-976 PGP<\/strong> on langaton <strong>PowerG-savu- ja l\u00e4mp\u00f6ilmaisin<\/strong> Visonic PowerMaster -j\u00e4rjestelmiin. Se havaitsee sek\u00e4 savun, kiinte\u00e4n l\u00e4mp\u00f6tilan ett\u00e4 nopean l\u00e4mp\u00f6tilan nousun ja siin\u00e4 on sis\u00e4\u00e4nrakennettu sireeni paikallista h\u00e4lytyst\u00e4 varten.<\/p>\n<p>Ilmaisin on yhteensopiva <strong>\u00c4lykkyysosam\u00e4\u00e4r\u00e4 ja<\/strong>\u00a0<strong>PowerMaster-paneelit laiteohjelmistoversiosta 20.xxx alkaen<\/strong> ja uudemmat. Sit\u00e4 voidaan k\u00e4ytt\u00e4\u00e4 korvaamaan aiempia malleja, kuten <strong>SMD-429<\/strong>.<\/p>","protected":false},"featured_media":162405,"template":"","meta":{"_acf_changed":false},"product_brand":[],"product_cat":[3383],"product_tag":[],"class_list":{"0":"post-162406","1":"product","2":"type-product","3":"status-publish","4":"has-post-thumbnail","6":"product_cat-visonic-brandvarnare-vattendetektor-temperatur","7":"pa_brands-5visonic","8":"tm-no-options","10":"first","11":"instock","12":"sale","13":"taxable","14":"shipping-taxable","15":"purchasable","16":"product-type-simple"},"acf":[],"_links":{"self":[{"href":"https:\/\/secureus.se\/fi\/wp-json\/wp\/v2\/product\/162406","targetHints":{"allow":["GET"]}}],"collection":[{"href":"https:\/\/secureus.se\/fi\/wp-json\/wp\/v2\/product"}],"about":[{"href":"https:\/\/secureus.se\/fi\/wp-json\/wp\/v2\/types\/product"}],"wp:featuredmedia":[{"embeddable":true,"href":"https:\/\/secureus.se\/fi\/wp-json\/wp\/v2\/media\/162405"}],"wp:attachment":[{"href":"https:\/\/secureus.se\/fi\/wp-json\/wp\/v2\/media?parent=162406"}],"wp:term":[{"taxonomy":"product_brand","embeddable":true,"href":"https:\/\/secureus.se\/fi\/wp-json\/wp\/v2\/product_brand?post=162406"},{"taxonomy":"product_cat","embeddable":true,"href":"https:\/\/secureus.se\/fi\/wp-json\/wp\/v2\/product_cat?post=162406"},{"taxonomy":"product_tag","embeddable":true,"href":"https:\/\/secureus.se\/fi\/wp-json\/wp\/v2\/product_tag?post=162406"}],"curies":[{"name":"wp","href":"https:\/\/api.w.org\/{rel}","templated":true}]}}