{"id":162487,"date":"2026-02-19T16:01:28","date_gmt":"2026-02-19T15:01:28","guid":{"rendered":"https:\/\/secureus.se\/ajax-curtain-outdoor-jeweller-vit\/"},"modified":"2026-03-09T20:38:10","modified_gmt":"2026-03-09T19:38:10","slug":"ajax-curtain-outdoor-jeweller-vit","status":"publish","type":"product","link":"https:\/\/secureus.se\/fi\/ajax-curtain-outdoor-jeweller-vit\/","title":{"rendered":"Ajax-ulkoverho, valkoinen"},"content":{"rendered":"<h1>Ajax Curtain Outdoor Jewellery Valkoinen<\/h1>\n<p data-start=\"256\" data-end=\"584\">Ajax Curtain Outdoor Jeweller on ammattimainen langaton verholiiketunnistin, joka on kehitetty tarkkaan ulko- ja sis\u00e4valvontaan.<\/p>\n<p data-start=\"256\" data-end=\"584\">Se on suunniteltu suojaamaan kiinteist\u00f6n haavoittuvimpia alueita \u2013 ikkunoita, ovia, portteja, aitoja, k\u00e4yt\u00e4vi\u00e4 ja muita aukkoja \u2013 joissa tunkeutumisen varhainen havaitseminen on ratkaisevan t\u00e4rke\u00e4\u00e4.<\/p>\n<p data-start=\"586\" data-end=\"964\">Toisin kuin perinteiset liiketunnistimet, Curtain Outdoor Jeweller toimii kapealla ja suunnatulla tunnistusalueella, mik\u00e4 mahdollistaa tehokkaan suojauksen rakennuksen rajalle rajoittamatta liikkumista alueella.<\/p>\n<p data-start=\"586\" data-end=\"964\">T\u00e4m\u00e4 tekee siit\u00e4 ihanteellisen koteihin, liikekiinteist\u00f6ihin, varastoihin, toimistoihin ja muihin turvallisuuden kannalta kriittisiin ymp\u00e4rist\u00f6ihin, joissa tarvitaan keh\u00e4h\u00e4lyttimi\u00e4.<\/p>\n<h3 data-section-id=\"wllvvg\" data-start=\"971\" data-end=\"1015\">Tarkka verhon tunnistus keh\u00e4h\u00e4lytyst\u00e4 varten<\/h3>\n<p data-start=\"1016\" data-end=\"1323\">Curtain Outdoor Jeweller k\u00e4ytt\u00e4\u00e4 kapeaa, vain noin 8\u00b0:n tunnistuskulmaa, mik\u00e4 luo tarkan ja hallitun valvonta-alueen seinien, ikkunoiden tai k\u00e4yt\u00e4vien vierelle.<\/p>\n<p data-start=\"1016\" data-end=\"1323\">T\u00e4m\u00e4 mahdollistaa tunkeutumisten havaitsemisen jo ennen kuin joku ehtii astella rakennukseen, mik\u00e4 tarjoaa tehokkaan suojan omaisuudelle.<\/p>\n<p data-start=\"1325\" data-end=\"1567\">Liikett\u00e4 voidaan havaita jopa 12 metrin et\u00e4isyydelt\u00e4 asennuskorkeudesta ja asetuksista riippuen.<\/p>\n<p data-start=\"1325\" data-end=\"1567\">Anturia voidaan s\u00e4\u00e4t\u00e4\u00e4 eri alueille ja ymp\u00e4rist\u00f6ihin, mik\u00e4 tarjoaa suurta joustavuutta asennuksen aikana.<\/p>\n<p data-start=\"1569\" data-end=\"1602\">T\u00e4m\u00e4 tekee siit\u00e4 erityisen sopivan:<\/p>\n<ul data-start=\"1604\" data-end=\"1752\">\n<li data-section-id=\"1xft39\" data-start=\"1604\" data-end=\"1631\">\n<p data-start=\"1606\" data-end=\"1631\">Julkisivut ja ulkosein\u00e4t<\/p>\n<\/li>\n<li data-section-id=\"1cgn0ty\" data-start=\"1632\" data-end=\"1657\">\n<p data-start=\"1634\" data-end=\"1657\">Sis\u00e4\u00e4nk\u00e4ynnit ja takaovet<\/p>\n<\/li>\n<li data-section-id=\"1o408z9\" data-start=\"1658\" data-end=\"1674\">\n<p data-start=\"1660\" data-end=\"1674\">Autotallin ovet<\/p>\n<\/li>\n<li data-section-id=\"1g65czz\" data-start=\"1675\" data-end=\"1693\">\n<p data-start=\"1677\" data-end=\"1693\">Ikkunaosat<\/p>\n<\/li>\n<li data-section-id=\"9ybatx\" data-start=\"1694\" data-end=\"1716\">\n<p data-start=\"1696\" data-end=\"1716\">Portit ja aidat<\/p>\n<\/li>\n<li data-section-id=\"w2qid0\" data-start=\"1717\" data-end=\"1752\">\n<p data-start=\"1719\" data-end=\"1752\">K\u00e4yt\u00e4v\u00e4t ja kapeat tilat<\/p>\n<\/li>\n<\/ul>\n<h3 data-start=\"1719\" data-end=\"1752\">Kaksoisteknologia maksimaalisen luotettavuuden takaamiseksi<\/h3>\n<p data-start=\"1803\" data-end=\"2042\">Ajax Curtain Outdoor Jeweller k\u00e4ytt\u00e4\u00e4 edistynytt\u00e4 kaksoisliiketunnistusta parhaan mahdollisen k\u00e4ytt\u00f6luotettavuuden varmistamiseksi.<\/p>\n<p data-start=\"1803\" data-end=\"2042\">Laite yhdist\u00e4\u00e4 kaksi PIR-anturia K-kaistan mikroaaltoanturiin, jotka toimivat yhdess\u00e4 analysoidakseen liikett\u00e4.<\/p>\n<p data-start=\"2044\" data-end=\"2225\">Kun PIR-anturit rekister\u00f6iv\u00e4t l\u00e4mp\u00f6tilan muutoksia, mikroaaltoanturi analysoi signaalia edelleen.<\/p>\n<p data-start=\"2044\" data-end=\"2225\">N\u00e4in j\u00e4rjestelm\u00e4 pystyy erottamaan todelliset tunkeutumiset ymp\u00e4rist\u00f6vaikutuksista, kuten:<\/p>\n<ul data-start=\"2227\" data-end=\"2364\">\n<li data-section-id=\"1g0hmau\" data-start=\"2227\" data-end=\"2243\">\n<p data-start=\"2229\" data-end=\"2243\">Tuulen liikkeet<\/p>\n<\/li>\n<li data-section-id=\"7d6fv2\" data-start=\"2244\" data-end=\"2284\">\n<p data-start=\"2246\" data-end=\"2284\">Ilmavirrat ilmanvaihdosta tai ilmastointilaitteesta<\/p>\n<\/li>\n<li data-section-id=\"1gm22ep\" data-start=\"2285\" data-end=\"2318\">\n<p data-start=\"2287\" data-end=\"2318\">Nopeat l\u00e4mp\u00f6tilan muutokset<\/p>\n<\/li>\n<li data-section-id=\"nr5uo0\" data-start=\"2319\" data-end=\"2342\">\n<p data-start=\"2321\" data-end=\"2342\">Auringonvalon heijastukset<\/p>\n<\/li>\n<li data-section-id=\"uf3obh\" data-start=\"2343\" data-end=\"2364\">\n<p data-start=\"2345\" data-end=\"2364\">Liikkuvat kasvinosat<\/p>\n<\/li>\n<\/ul>\n<p data-start=\"2366\" data-end=\"2634\">Sis\u00e4\u00e4nrakennettu SmartDetect-algoritmi analysoi my\u00f6s l\u00e4mp\u00f6tunnistimen, kohteen koon ja liikemallit ennen h\u00e4lytyksen aktivoimista.<\/p>\n<p data-start=\"2366\" data-end=\"2634\">Tuloksena on eritt\u00e4in korkea tarkkuus ja minimaaliset v\u00e4\u00e4r\u00e4t h\u00e4lytykset jopa haastavissa ulko-olosuhteissa.<\/p>\n<h3 data-section-id=\"sjcg9y\" data-start=\"2641\" data-end=\"2679\">\u00c4lyk\u00e4s v\u00e4\u00e4rien h\u00e4lytysten suodatus<\/h3>\n<p data-start=\"2680\" data-end=\"2938\">Curtain Outdoor Jeweller k\u00e4ytt\u00e4\u00e4 antureiden v\u00e4list\u00e4 korrelaatioanalyysi\u00e4 liikkeen vahvistamiseen ennen h\u00e4lytyksen l\u00e4hett\u00e4mist\u00e4.<\/p>\n<p data-start=\"2680\" data-end=\"2938\">J\u00e4rjestelm\u00e4 aktivoi mikroaaltoanturin vain, kun PIR-anturit rekister\u00f6iv\u00e4t vastaavia signaaleja, mik\u00e4 parantaa tarkkuutta entisest\u00e4\u00e4n.<\/p>\n<p data-start=\"2940\" data-end=\"3149\">Lis\u00e4ksi siin\u00e4 on l\u00e4mp\u00f6tilakompensaatio, joka varmistaa oikean toiminnan, vaikka ymp\u00e4rist\u00f6n l\u00e4mp\u00f6tila olisi l\u00e4hell\u00e4 kehon l\u00e4mp\u00f6tilaa, esimerkiksi kuumina kes\u00e4p\u00e4ivin\u00e4.<\/p>\n<h3 data-section-id=\"cv1b6d\" data-start=\"3156\" data-end=\"3193\">Lemmikkien immuniteetti turvalliseen arkeen<\/h3>\n<p data-start=\"3194\" data-end=\"3410\">Oikein asennettuna ja konfiguroituna ilmaisin ei reagoi noin metrin korkuisiin lemmikkeihin.<\/p>\n<p data-start=\"3194\" data-end=\"3410\">T\u00e4m\u00e4 tekee siit\u00e4 ihanteellisen koteihin ja kiinteist\u00f6ihin, joissa el\u00e4imet liikkuvat vapaasti suojeltujen alueiden l\u00e4hell\u00e4.<\/p>\n<p data-start=\"3412\" data-end=\"3615\">S\u00e4\u00e4t\u00e4m\u00e4ll\u00e4 asennuskorkeutta ja tunnistusasentoa anturi voidaan optimoida j\u00e4tt\u00e4m\u00e4\u00e4n huomiotta pienemm\u00e4t el\u00e4imet ja s\u00e4ilytt\u00e4m\u00e4\u00e4n samalla korkea herkkyys ihmisille.<\/p>","protected":false},"excerpt":{"rendered":"<p>Ajax Curtain Outdoor Jeweller on edistyksellinen langaton verholiiketunnistin sek\u00e4 ulko- ett\u00e4 sis\u00e4k\u00e4ytt\u00f6\u00f6n.<\/p>\n<p>Se on kehitetty suojaamaan ikkunoita, ovia, portteja ja muita k\u00e4yt\u00e4vi\u00e4 tarkalla keh\u00e4valvonnalla.<\/p>\n<p>Kaksoistunnistustekniikan, jopa 12 metrin kantaman ja \u00e4lykk\u00e4\u00e4n v\u00e4\u00e4rien h\u00e4lytysten suodatuksen ansiosta se tarjoaa luotettavaa turvallisuutta kaikissa ymp\u00e4rist\u00f6iss\u00e4.<\/p>\n<p>Laite on s\u00e4\u00e4nkest\u00e4v\u00e4, lemmikkiel\u00e4inten immuuni ja sen paristonkesto on jopa 3 vuotta, joten se sopii erinomaisesti ammattimaisiin h\u00e4lytysasennuksiin.<\/p>","protected":false},"featured_media":162485,"template":"","meta":{"_acf_changed":false},"product_brand":[],"product_cat":[3156,3157],"product_tag":[],"class_list":{"0":"post-162487","1":"product","2":"type-product","3":"status-publish","4":"has-post-thumbnail","6":"product_cat-rorelse-och-kamera","7":"product_cat-utomhussakerhet","8":"pa_brands-ajax-systems","9":"pa_farg-vit","10":"tm-no-options","12":"first","13":"instock","14":"taxable","15":"shipping-taxable","16":"purchasable","17":"product-type-simple"},"acf":[],"_links":{"self":[{"href":"https:\/\/secureus.se\/fi\/wp-json\/wp\/v2\/product\/162487","targetHints":{"allow":["GET"]}}],"collection":[{"href":"https:\/\/secureus.se\/fi\/wp-json\/wp\/v2\/product"}],"about":[{"href":"https:\/\/secureus.se\/fi\/wp-json\/wp\/v2\/types\/product"}],"wp:featuredmedia":[{"embeddable":true,"href":"https:\/\/secureus.se\/fi\/wp-json\/wp\/v2\/media\/162485"}],"wp:attachment":[{"href":"https:\/\/secureus.se\/fi\/wp-json\/wp\/v2\/media?parent=162487"}],"wp:term":[{"taxonomy":"product_brand","embeddable":true,"href":"https:\/\/secureus.se\/fi\/wp-json\/wp\/v2\/product_brand?post=162487"},{"taxonomy":"product_cat","embeddable":true,"href":"https:\/\/secureus.se\/fi\/wp-json\/wp\/v2\/product_cat?post=162487"},{"taxonomy":"product_tag","embeddable":true,"href":"https:\/\/secureus.se\/fi\/wp-json\/wp\/v2\/product_tag?post=162487"}],"curies":[{"name":"wp","href":"https:\/\/api.w.org\/{rel}","templated":true}]}}