{"id":162542,"date":"2026-02-12T12:10:09","date_gmt":"2026-02-12T11:10:09","guid":{"rendered":"https:\/\/secureus.se\/?post_type=product&#038;p=162542"},"modified":"2026-04-09T15:33:43","modified_gmt":"2026-04-09T13:33:43","slug":"magnetfasta-for-motion-eye-pro-och-andra-tillampningar","status":"publish","type":"product","link":"https:\/\/secureus.se\/fi\/magnetfasta-for-motion-eye-pro-och-andra-tillampningar\/","title":{"rendered":"Magneettinen kiinnike Motion Eye Prolle ja muille sovelluksille"},"content":{"rendered":"<h2 data-start=\"148\" data-end=\"208\">Magneettinen sein\u00e4kiinnike \u2013 MotionEye Prolle ja muille laitteille<\/h2>\n<p data-start=\"210\" data-end=\"452\">K\u00e4yt\u00e4nn\u00f6llinen ja vakaa magneettikiinnike, jonka avulla laite on helppo kiinnitt\u00e4\u00e4 ja sijoittaa juuri haluamaasi paikkaan. T\u00e4ydellinen lis\u00e4varuste <strong data-start=\"350\" data-end=\"375\">SecureX MotionEye Pro<\/strong>, mutta toimii yht\u00e4 hyvin monien muidenkin kodin tai toimiston tuotteiden kanssa.<\/p>\n<hr data-start=\"454\" data-end=\"457\" \/>\n<h2 data-start=\"459\" data-end=\"492\">Eritt\u00e4in vahva kaksoismagneettitekniikka<\/h2>\n<p data-start=\"494\" data-end=\"675\">Jalustassa on tehokkaat N52-magneetit, joissa on suora magneettinen kontakti maksimaalisen pidon takaamiseksi.<br data-start=\"578\" data-end=\"581\" \/>Yksi magneetti pystyy k\u00e4sittelem\u00e4\u00e4n jopa 250 grammaa \u2013 ja kaksoismagneettiratkaisu tarjoaa viel\u00e4kin paremman vakauden.<\/p>\n<p data-start=\"677\" data-end=\"787\">Tuloksena on turvallinen ja luotettava kiinnike, joka pit\u00e4\u00e4 laitteen tukevasti paikallaan lipsumatta tai l\u00f6ystym\u00e4tt\u00e4.<\/p>\n<hr data-start=\"789\" data-end=\"792\" \/>\n<h2 data-start=\"794\" data-end=\"835\">Suojaava silikoni turvalliseen k\u00e4ytt\u00f6\u00f6n<\/h2>\n<p data-start=\"837\" data-end=\"892\">Magneetit on pehme\u00e4sti upotettu kest\u00e4v\u00e4\u00e4n silikoniin, joka:<\/p>\n<ul data-start=\"894\" data-end=\"1017\">\n<li data-start=\"894\" data-end=\"935\">\n<p data-start=\"896\" data-end=\"935\">Suojaa seini\u00e4 ja laitteita naarmuilta<\/p>\n<\/li>\n<li data-start=\"936\" data-end=\"974\">\n<p data-start=\"938\" data-end=\"974\">Tarjoaa vakaan ja hell\u00e4varaisen otteen<\/p>\n<\/li>\n<li data-start=\"975\" data-end=\"1017\">\n<p data-start=\"977\" data-end=\"1017\">Est\u00e4\u00e4 laitteen vahingossa putoamisen<\/p>\n<\/li>\n<\/ul>\n<p data-start=\"1019\" data-end=\"1098\">\u00c4lyk\u00e4s muotoilu pit\u00e4\u00e4 kaiken tukevasti paikoillaan my\u00f6s p\u00e4ivitt\u00e4isess\u00e4 k\u00e4yt\u00f6ss\u00e4.<\/p>\n<hr data-start=\"1100\" data-end=\"1103\" \/>\n<h2 data-start=\"1105\" data-end=\"1147\">Nopea asennus \u2013 ei vaadi poraamista<\/h2>\n<p data-start=\"1149\" data-end=\"1189\">Kokoaminen tapahtuu sekunneissa ilman ty\u00f6kaluja.<\/p>\n<ol data-start=\"1191\" data-end=\"1262\">\n<li data-start=\"1191\" data-end=\"1216\">\n<p data-start=\"1194\" data-end=\"1216\">Poista suojakalvo<\/p>\n<\/li>\n<li data-start=\"1217\" data-end=\"1251\">\n<p data-start=\"1220\" data-end=\"1251\">Aseta teline tasaiselle pinnalle<\/p>\n<\/li>\n<li data-start=\"1252\" data-end=\"1262\">\n<p data-start=\"1255\" data-end=\"1262\">Tyhjenn\u00e4<\/p>\n<\/li>\n<\/ol>\n<p data-start=\"1264\" data-end=\"1367\">Vahva akryyliliima tarjoaa eritt\u00e4in hyv\u00e4n tarttuvuuden ja on irrotettavissa j\u00e4tt\u00e4m\u00e4tt\u00e4 j\u00e4lki\u00e4.<\/p>\n<hr data-start=\"1369\" data-end=\"1372\" \/>\n<h2 data-start=\"1374\" data-end=\"1397\">Monipuolinen k\u00e4ytt\u00f6<\/h2>\n<p data-start=\"1399\" data-end=\"1490\">Telinett\u00e4 voidaan k\u00e4ytt\u00e4\u00e4 useimmilla sileill\u00e4 pinnoilla, ja se sopii paljon muuhunkin kuin vain antureihin.<\/p>\n<p data-start=\"1492\" data-end=\"1514\">K\u00e4ytt\u00f6esimerkki:<\/p>\n<ul data-start=\"1515\" data-end=\"1703\">\n<li data-start=\"1515\" data-end=\"1549\">\n<p data-start=\"1517\" data-end=\"1549\">Liiketunnistimet ja anturit<\/p>\n<\/li>\n<li data-start=\"1550\" data-end=\"1569\">\n<p data-start=\"1552\" data-end=\"1569\">Kaukos\u00e4\u00e4timet<\/p>\n<\/li>\n<li data-start=\"1570\" data-end=\"1592\">\n<p data-start=\"1572\" data-end=\"1592\">\u00c4lykodin laitteet<\/p>\n<\/li>\n<li data-start=\"1593\" data-end=\"1617\">\n<p data-start=\"1595\" data-end=\"1617\">Laturit ja adapterit<\/p>\n<\/li>\n<li data-start=\"1618\" data-end=\"1649\">\n<p data-start=\"1620\" data-end=\"1649\">Avaimet tai pienet lis\u00e4varusteet<\/p>\n<\/li>\n<li data-start=\"1650\" data-end=\"1703\">\n<p data-start=\"1652\" data-end=\"1703\">Muut kevyet laitteet, jotka tarvitsevat kiinte\u00e4n sijainnin<\/p>\n<\/li>\n<\/ul>\n<hr data-start=\"1705\" data-end=\"1708\" \/>\n<h2 data-start=\"1710\" data-end=\"1751\">Helppo sijoitus \u2013 joustava k\u00e4ytt\u00f6<\/h2>\n<p data-start=\"1753\" data-end=\"1918\">Helppo tapa asentaa, siirt\u00e4\u00e4 tai s\u00e4\u00e4t\u00e4\u00e4 laitteita ilman ruuveja tai pysyvi\u00e4 toimenpiteit\u00e4. T\u00e4ydellinen, kun haluat siistin asennuksen ja maksimaalisen joustavuuden.<\/p>","protected":false},"excerpt":{"rendered":"<p><strong>Magneettinen sein\u00e4kiinnike, jossa on vahva kaksoismagneettitekniikka turvalliseen ja joustavaan asennukseen. <\/strong><\/p>\n<p><strong>T\u00e4ydellinen lis\u00e4varuste SecureX MotionEye Prolle, mutta sit\u00e4 voidaan k\u00e4ytt\u00e4\u00e4 my\u00f6s muiden antureiden, kaukos\u00e4\u00e4timien tai pienten laitteiden kanssa. <\/strong><\/p>\n<p><strong>Kiinnitet\u00e4\u00e4n nopeasti ilman poraamista vahvan itseliimautuvan pinnan ansiosta.<\/strong><\/p>","protected":false},"featured_media":162541,"template":"","meta":{"_acf_changed":false},"product_brand":[],"product_cat":[5065],"product_tag":[],"class_list":{"0":"post-162542","1":"product","2":"type-product","3":"status-publish","4":"has-post-thumbnail","6":"product_cat-securex-tillbehor","7":"pa_brands-securex","8":"tm-no-options","10":"first","11":"instock","12":"sale","13":"taxable","14":"shipping-taxable","15":"purchasable","16":"product-type-simple"},"acf":[],"_links":{"self":[{"href":"https:\/\/secureus.se\/fi\/wp-json\/wp\/v2\/product\/162542","targetHints":{"allow":["GET"]}}],"collection":[{"href":"https:\/\/secureus.se\/fi\/wp-json\/wp\/v2\/product"}],"about":[{"href":"https:\/\/secureus.se\/fi\/wp-json\/wp\/v2\/types\/product"}],"wp:featuredmedia":[{"embeddable":true,"href":"https:\/\/secureus.se\/fi\/wp-json\/wp\/v2\/media\/162541"}],"wp:attachment":[{"href":"https:\/\/secureus.se\/fi\/wp-json\/wp\/v2\/media?parent=162542"}],"wp:term":[{"taxonomy":"product_brand","embeddable":true,"href":"https:\/\/secureus.se\/fi\/wp-json\/wp\/v2\/product_brand?post=162542"},{"taxonomy":"product_cat","embeddable":true,"href":"https:\/\/secureus.se\/fi\/wp-json\/wp\/v2\/product_cat?post=162542"},{"taxonomy":"product_tag","embeddable":true,"href":"https:\/\/secureus.se\/fi\/wp-json\/wp\/v2\/product_tag?post=162542"}],"curies":[{"name":"wp","href":"https:\/\/api.w.org\/{rel}","templated":true}]}}